{"id":1024,"date":"2014-10-30T17:23:30","date_gmt":"2014-10-30T16:23:30","guid":{"rendered":"https:\/\/fujifilmxmount.com\/comparison\/about-fujinon-x-mount-lenses-2\/"},"modified":"2015-03-04T14:21:37","modified_gmt":"2015-03-04T13:21:37","slug":"about-fujinon-x-mount-lenses","status":"publish","type":"page","link":"https:\/\/fujifilmxmount.com\/comparison\/cs\/about-fujinon-x-mount-lenses\/","title":{"rendered":"Fujinon X mount objektivy"},"content":{"rendered":"<p><iframe loading=\"lazy\" class=\"xmount_movie\" src=\"\/\/www.youtube.com\/embed\/oY1PbQsh1zM\" width=\"470\" height=\"264\" frameborder=\"0\" allowfullscreen=\"allowfullscreen\"><\/iframe><\/p>\n<p>\u0158ada Fujifilm X mount dosahuje nejvy\u0161\u0161\u00ed kvality obrazu v cel\u00e9m spektru nejr\u016fzn\u011bj\u0161\u00edch sc\u00e9n. Objektivy byly vytvo\u0159eny v tandemu se s\u00e9ri\u00ed fotoapar\u00e1t\u016f \u0159ady X, simult\u00e1nn\u00ed v\u00fdvoj senzoru a objektiv\u016f dod\u00e1v\u00e1 Fujifilm XF a XC model\u016fm perfektn\u00ed kombinaci kvality a ovl\u00e1d\u00e1n\u00ed. \u0158ada Fujifilm X mount objektiv\u016f se v sou\u010dasn\u00e9 dob\u011b skl\u00e1d\u00e1 ze \u010dtrn\u00e1cti skel; od verz\u00ed s pevnou ohniskovou vzd\u00e1lenost\u00ed, zam\u011b\u0159enou na specifick\u00e9 p\u0159edm\u011bty,a\u017e po univerz\u00e1ln\u00ed a mobiln\u00ed zoomy. V\u00edce objektiv\u016f bude p\u0159edstaveno v p\u0159\u00ed\u0161t\u00edm roce. Tyto novinky nab\u00eddnou je\u0161t\u011b v\u011bt\u0161\u00ed \u0161k\u00e1lu mo\u017enost\u00ed fotografov\u00e1n\u00ed. V\u0161echny objektivy \u0159ady X nab\u00edz\u00ed vysok\u00e9 rozli\u0161en\u00ed a ostrost od okraje k okraji sn\u00edmku, zat\u00edmco jejich \u0161iroce otev\u0159en\u00e1 clona umo\u017e\u0148uje po\u0159izovat expresivn\u00ed z\u00e1b\u011bry p\u0159i zachov\u00e1n\u00ed kompaktn\u00ed velikosti.<\/p>\n","protected":false},"excerpt":{"rendered":"<p>\u0158ada Fujifilm X mount dosahuje nejvy\u0161\u0161\u00ed kvality obrazu v cel\u00e9m spektru nejr\u016fzn\u011bj\u0161\u00edch sc\u00e9n. Objektivy byly vytvo\u0159eny v tandemu se s\u00e9ri\u00ed fotoapar\u00e1t\u016f \u0159ady X, simult\u00e1nn\u00ed v\u00fdvoj senzoru a objektiv\u016f dod\u00e1v\u00e1 Fujifilm XF a XC model\u016fm perfektn\u00ed kombinaci kvality a ovl\u00e1d\u00e1n\u00ed. \u0158ada Fujifilm X mount objektiv\u016f se v sou\u010dasn\u00e9 dob\u011b skl\u00e1d\u00e1 ze \u010dtrn\u00e1cti skel; od verz\u00ed s [&hellip;]<\/p>\n","protected":false},"author":1,"featured_media":0,"parent":0,"menu_order":0,"comment_status":"open","ping_status":"open","template":"tmpl-lenses.php","meta":[],"acf":[],"_links":{"self":[{"href":"https:\/\/fujifilmxmount.com\/comparison\/cs\/wp-json\/wp\/v2\/pages\/1024"}],"collection":[{"href":"https:\/\/fujifilmxmount.com\/comparison\/cs\/wp-json\/wp\/v2\/pages"}],"about":[{"href":"https:\/\/fujifilmxmount.com\/comparison\/cs\/wp-json\/wp\/v2\/types\/page"}],"author":[{"embeddable":true,"href":"https:\/\/fujifilmxmount.com\/comparison\/cs\/wp-json\/wp\/v2\/users\/1"}],"replies":[{"embeddable":true,"href":"https:\/\/fujifilmxmount.com\/comparison\/cs\/wp-json\/wp\/v2\/comments?post=1024"}],"version-history":[{"count":0,"href":"https:\/\/fujifilmxmount.com\/comparison\/cs\/wp-json\/wp\/v2\/pages\/1024\/revisions"}],"wp:attachment":[{"href":"https:\/\/fujifilmxmount.com\/comparison\/cs\/wp-json\/wp\/v2\/media?parent=1024"}],"curies":[{"name":"wp","href":"https:\/\/api.w.org\/{rel}","templated":true}]}}