{"id":1028,"date":"2014-10-30T17:23:19","date_gmt":"2014-10-30T16:23:19","guid":{"rendered":"https:\/\/fujifilmxmount.com\/comparison\/how-we-did-the-test-2\/"},"modified":"2016-02-15T17:36:44","modified_gmt":"2016-02-15T16:36:44","slug":"how-we-did-the-test","status":"publish","type":"page","link":"https:\/\/fujifilmxmount.com\/comparison\/cs\/how-we-did-the-test\/","title":{"rendered":"Jak jsme provedli test"},"content":{"rendered":"<div class=\"xmount_movie\"><img decoding=\"async\" loading=\"lazy\" class=\"alignnone size-full wp-image-1729\" src=\"https:\/\/fujifilmxmount.com\/comparison\/wp\/wp-content\/uploads\/2016\/02\/hurvigjorde.png\" alt=\"hurvigjorde\" width=\"700\" height=\"525\" \/><\/div>\n<p>V\u0161echny fotky v testu byly po\u0159\u00edzeny fotoapar\u00e1tem Fujifilm X -T1 se v\u0161emi dostupn\u00fdmi modely objektiv\u016f \u0159ady X. Test prob\u011bhl v listopadu 2015. Fotky byly po\u0159\u00edzeny pro v\u0161echny stupn\u011b clony a ka\u017ed\u00e9 ohniskov\u00e9 vzd\u00e1lenosti. U zoomovac\u00edch objektiv\u016f jsme pou\u017eili 3-4 r\u016fzn\u00e9 ohniskov\u00e9 vzd\u00e1lenosti.<\/p>\n<p>&nbsp;<\/p>\n<p>Fotoapar\u00e1t byl nastaven na: JPEG (Fine), Provia\/Velvia\/Classic Chrome (Film Simulation Bracketing)<br \/>\nVyv\u00e1\u017een\u00ed b\u00edl\u00e9: manu\u00e1ln\u00ed<br \/>\nM\u011b\u0159en\u00ed: Multi, ISO: 200<br \/>\nRychlost z\u00e1v\u011brky: Auto<br \/>\nOst\u0159en\u00ed: AF-S \/ MF<br \/>\nRedukce \u0161umu pro dlouh\u00e9 expozice: Zapnut\u00e1<br \/>\nLMO: zapnut\u00fd<\/p>\n<p>&nbsp;<\/p>\n<p>Fotografie byly po\u0159\u00edzeny na tripodu bez u\u017eit\u00ed optick\u00e9 stabilizace. Fotografie jsou needitovan\u00e9 JPEGy, pou\u017eit\u00e9 tak, jak je zachytil fotoapar\u00e1t. Zredukov\u00e1na byla pouze velikost, a to na: 2500&#215;1167.<\/p>\n","protected":false},"excerpt":{"rendered":"<p>V\u0161echny fotky v testu byly po\u0159\u00edzeny fotoapar\u00e1tem Fujifilm X -T1 se v\u0161emi dostupn\u00fdmi modely objektiv\u016f \u0159ady X. Test prob\u011bhl v listopadu 2015. Fotky byly po\u0159\u00edzeny pro v\u0161echny stupn\u011b clony a ka\u017ed\u00e9 ohniskov\u00e9 vzd\u00e1lenosti. U zoomovac\u00edch objektiv\u016f jsme pou\u017eili 3-4 r\u016fzn\u00e9 ohniskov\u00e9 vzd\u00e1lenosti. &nbsp; Fotoapar\u00e1t byl nastaven na: JPEG (Fine), Provia\/Velvia\/Classic Chrome (Film Simulation Bracketing) Vyv\u00e1\u017een\u00ed [&hellip;]<\/p>\n","protected":false},"author":1,"featured_media":328,"parent":0,"menu_order":0,"comment_status":"open","ping_status":"open","template":"","meta":[],"acf":[],"_links":{"self":[{"href":"https:\/\/fujifilmxmount.com\/comparison\/cs\/wp-json\/wp\/v2\/pages\/1028"}],"collection":[{"href":"https:\/\/fujifilmxmount.com\/comparison\/cs\/wp-json\/wp\/v2\/pages"}],"about":[{"href":"https:\/\/fujifilmxmount.com\/comparison\/cs\/wp-json\/wp\/v2\/types\/page"}],"author":[{"embeddable":true,"href":"https:\/\/fujifilmxmount.com\/comparison\/cs\/wp-json\/wp\/v2\/users\/1"}],"replies":[{"embeddable":true,"href":"https:\/\/fujifilmxmount.com\/comparison\/cs\/wp-json\/wp\/v2\/comments?post=1028"}],"version-history":[{"count":0,"href":"https:\/\/fujifilmxmount.com\/comparison\/cs\/wp-json\/wp\/v2\/pages\/1028\/revisions"}],"wp:featuredmedia":[{"embeddable":true,"href":"https:\/\/fujifilmxmount.com\/comparison\/cs\/wp-json\/wp\/v2\/media\/328"}],"wp:attachment":[{"href":"https:\/\/fujifilmxmount.com\/comparison\/cs\/wp-json\/wp\/v2\/media?parent=1028"}],"curies":[{"name":"wp","href":"https:\/\/api.w.org\/{rel}","templated":true}]}}