{"id":1030,"date":"2014-10-30T17:24:10","date_gmt":"2014-10-30T16:24:10","guid":{"rendered":"https:\/\/fujifilmxmount.com\/comparison\/test-our-lenses-2\/"},"modified":"2015-03-04T14:24:05","modified_gmt":"2015-03-04T13:24:05","slug":"test-our-lenses","status":"publish","type":"page","link":"https:\/\/fujifilmxmount.com\/comparison\/cs\/test-our-lenses\/","title":{"rendered":"Otestujte na\u0161e objektivy"},"content":{"rendered":"<p>Vyzkou\u0161ejte na\u0161i \u0159adu objektiv\u016f a uvid\u00edte, jak r\u016fzn\u00e9 objektivy a clona ovliv\u0148uj\u00ed obraz.<\/p>\n<p>&nbsp;<\/p>\n<p>1. Vyberte si objektiv<br \/>\n2. Zvolte hodnotu clony (a zoom je-li k dispozici)<br \/>\n3. Klikn\u011bte na tla\u010d\u00edtko &#8222;vyfotit&#8220;<\/p>\n<p>&nbsp;<\/p>\n<p>Chcete-li zobrazit a porovnat sv\u00e9 sn\u00edmky, klikn\u011bte na tla\u010d\u00edtko &#8222;Zobrazit Lightbox&#8220;.<\/p>\n","protected":false},"excerpt":{"rendered":"<p>Vyzkou\u0161ejte na\u0161i \u0159adu objektiv\u016f a uvid\u00edte, jak r\u016fzn\u00e9 objektivy a clona ovliv\u0148uj\u00ed obraz. &nbsp; 1. Vyberte si objektiv 2. Zvolte hodnotu clony (a zoom je-li k dispozici) 3. Klikn\u011bte na tla\u010d\u00edtko &#8222;vyfotit&#8220; &nbsp; Chcete-li zobrazit a porovnat sv\u00e9 sn\u00edmky, klikn\u011bte na tla\u010d\u00edtko &#8222;Zobrazit Lightbox&#8220;.<\/p>\n","protected":false},"author":1,"featured_media":0,"parent":0,"menu_order":0,"comment_status":"open","ping_status":"open","template":"tmpl-choose-lens.php","meta":[],"acf":[],"_links":{"self":[{"href":"https:\/\/fujifilmxmount.com\/comparison\/cs\/wp-json\/wp\/v2\/pages\/1030"}],"collection":[{"href":"https:\/\/fujifilmxmount.com\/comparison\/cs\/wp-json\/wp\/v2\/pages"}],"about":[{"href":"https:\/\/fujifilmxmount.com\/comparison\/cs\/wp-json\/wp\/v2\/types\/page"}],"author":[{"embeddable":true,"href":"https:\/\/fujifilmxmount.com\/comparison\/cs\/wp-json\/wp\/v2\/users\/1"}],"replies":[{"embeddable":true,"href":"https:\/\/fujifilmxmount.com\/comparison\/cs\/wp-json\/wp\/v2\/comments?post=1030"}],"version-history":[{"count":0,"href":"https:\/\/fujifilmxmount.com\/comparison\/cs\/wp-json\/wp\/v2\/pages\/1030\/revisions"}],"wp:attachment":[{"href":"https:\/\/fujifilmxmount.com\/comparison\/cs\/wp-json\/wp\/v2\/media?parent=1030"}],"curies":[{"name":"wp","href":"https:\/\/api.w.org\/{rel}","templated":true}]}}