{"id":2561,"date":"2021-08-25T15:34:24","date_gmt":"2021-08-25T13:34:24","guid":{"rendered":"https:\/\/fujifilmxmount.com\/comparison\/?page_id=2561"},"modified":"2021-08-25T15:34:24","modified_gmt":"2021-08-25T13:34:24","slug":"podminky-pouzivani","status":"publish","type":"page","link":"https:\/\/fujifilmxmount.com\/comparison\/cs\/podminky-pouzivani\/","title":{"rendered":"Podm\u00ednky pou\u017e\u00edv\u00e1n\u00ed"},"content":{"rendered":"<p>D\u011bkujeme v\u00e1m za n\u00e1v\u0161t\u011bvu t\u011bchto webov\u00fdch str\u00e1nek. Tyto Webov\u00e9 str\u00e1nky, v\u010detn\u011b v\u0161ech str\u00e1nek v m\u00edstn\u00edch jazyc\u00edch jednotliv\u00fdch zem\u00ed a v\u0161ech ostatn\u00edch str\u00e1nek, jsou majetkem spole\u010dnosti FUJIFILM Europe a jsou spravov\u00e1ny a zp\u0159\u00edstup\u0148ov\u00e1ny ve\u0159ejnosti v\u00fdhradn\u011b spole\u010dnost\u00ed FUJIFILM s c\u00edlem nab\u00eddnout z\u00e1jemc\u016fm o spole\u010dnost FUJIFILM Corporation v Evrop\u011b a o jej\u00ed produkty a slu\u017eby pohodln\u00fd zp\u016fsob, jak naj\u00edt relevantn\u00ed informace, jako jsou nejnov\u011bj\u0161\u00ed tiskov\u00e9 zpr\u00e1vy, finan\u010dn\u00ed informace, sortiment produkt\u016f, m\u00edstn\u00ed kontaktn\u00ed informace a webov\u00e9 str\u00e1nky vlastn\u011bn\u00e9 dce\u0159in\u00fdmi spole\u010dnostmi spole\u010dnosti FUJIFILM nebo jej\u00edmi distributory.<\/p>\n<p>V\u00e1\u0161 p\u0159\u00edstup na tyto webov\u00e9 str\u00e1nky, jejich prohl\u00ed\u017een\u00ed a pou\u017e\u00edv\u00e1n\u00ed se \u0159\u00edd\u00ed t\u011bmito podm\u00ednkami a jak\u00fdmikoli dal\u0161\u00edmi podm\u00ednkami a pokyny uveden\u00fdmi na jin\u00fdch m\u00edstech t\u011bchto webov\u00fdch str\u00e1nek, jako\u017e i v\u0161emi platn\u00fdmi z\u00e1kony, pravidly a p\u0159edpisy, mimo jin\u00e9 v\u010detn\u011b z\u00e1kon\u016f t\u00fdkaj\u00edc\u00edch se ochrann\u00fdch zn\u00e1mek, autorsk\u00fdch pr\u00e1v, pr\u00e1va na soukrom\u00ed a pomluvy.<\/p>\n<p>Spole\u010dnost FUJIFILM v\u00e1s proto \u017e\u00e1d\u00e1, abyste si pozorn\u011b p\u0159e\u010detli tyto podm\u00ednky.<\/p>\n<h2>1.\u00a0\u00a0 Pou\u017e\u00edv\u00e1n\u00ed t\u011bchto webov\u00fdch str\u00e1nek<\/h2>\n<p>Tyto smluvn\u00ed podm\u00ednky se vztahuj\u00ed na tuto webovou str\u00e1nku a na v\u0161echny dal\u0161\u00ed webov\u00e9 str\u00e1nky, kter\u00e9 na tyto smluvn\u00ed podm\u00ednky odkazuj\u00ed. Na t\u011bchto webov\u00fdch str\u00e1nk\u00e1ch m\u016f\u017eete naj\u00edt dal\u0161\u00ed podm\u00ednky vztahuj\u00edc\u00ed se ke konkr\u00e9tn\u00edm str\u00e1nk\u00e1m. Pou\u017e\u00edv\u00e1n\u00ed t\u011bchto str\u00e1nek v r\u00e1mci t\u00e9to Webov\u00e9 str\u00e1nky se \u0159\u00edd\u00ed podm\u00ednkami t\u011bchto str\u00e1nek. Pokud dojde k rozpor\u016fm mezi podm\u00ednkami uveden\u00fdmi v tomto dokumentu a dodate\u010dn\u00fdmi podm\u00ednkami uveden\u00fdmi na jin\u00fdch m\u00edstech t\u00e9to Webov\u00e9 str\u00e1nky, maj\u00ed p\u0159ednost dodate\u010dn\u00e9 podm\u00ednky.<\/p>\n<p>S v\u00fdhradou t\u011bchto Podm\u00ednek v\u00e1m spole\u010dnost FUJIFILM t\u00edmto ud\u011bluje v r\u00e1mci pr\u00e1v du\u0161evn\u00edho vlastnictv\u00ed spole\u010dnosti FUJIFILM nev\u00fdhradn\u00ed, celosv\u011btov\u00e9 a nep\u0159enosn\u00e9 pr\u00e1vo pou\u017e\u00edvat tyto Webov\u00e9 str\u00e1nky a obsah na nich obsa\u017een\u00fd pouze pro osobn\u00ed, nekomer\u010dn\u00ed pou\u017eit\u00ed s v\u00fdhradou omezen\u00ed a povinnost\u00ed stanoven\u00fdch v t\u011bchto Podm\u00ednk\u00e1ch. Dal\u0161\u00ed pr\u00e1va na dosa\u017een\u00ed nejsou ud\u011blena.<\/p>\n<h2>2.\u00a0\u00a0 Pr\u00e1va du\u0161evn\u00edho vlastnictv\u00ed<\/h2>\n<p>Pokud nen\u00ed uvedeno jinak, ve\u0161ker\u00fd text, softwarov\u00e9 programy dostupn\u00e9 na t\u011bchto webov\u00fdch str\u00e1nk\u00e1ch nebo jejich prost\u0159ednictv\u00edm a dal\u0161\u00ed obsah obsa\u017een\u00fd na t\u011bchto webov\u00fdch str\u00e1nk\u00e1ch (d\u00e1le jen &#8222;obsah&#8220;), v\u010detn\u011b ochrann\u00fdch zn\u00e1mek (registrovan\u00fdch i neregistrovan\u00fdch), grafiky, fotografi\u00ed, obr\u00e1zk\u016f, log a zna\u010dek slu\u017eeb (souhrnn\u011b &#8222;zna\u010dky&#8220;) a v\u00fdb\u011br, uspo\u0159\u00e1d\u00e1n\u00ed a &#8222;vzhled&#8220; zna\u010dek a dal\u0161\u00edho obsahu je majetkem spole\u010dnosti FUJIFILM nebo majetkem t\u0159et\u00edch stran, kter\u00e9 spole\u010dnosti FUJIFILM ud\u011blily povolen\u00ed k pou\u017eit\u00ed takov\u00e9ho obsahu na t\u011bchto webov\u00fdch str\u00e1nk\u00e1ch. Ve\u0161ker\u00fd Obsah je chr\u00e1n\u011bn mezin\u00e1rodn\u00edmi z\u00e1kony o autorsk\u00fdch pr\u00e1vech a ochrann\u00fdch zn\u00e1mk\u00e1ch.<\/p>\n<h2>3.\u00a0\u00a0 Omezen\u00ed pou\u017e\u00edv\u00e1n\u00ed obsahu t\u011bchto webov\u00fdch str\u00e1nek<\/h2>\n<p>S v\u00fdjimkou p\u0159\u00edpad\u016f, kdy je to v\u00fdslovn\u011b povoleno platn\u00fdmi pr\u00e1vn\u00edmi p\u0159edpisy nebo kdy je to povoleno v tomto dokumentu nebo jinde na t\u011bchto Webov\u00fdch str\u00e1nk\u00e1ch, nebo po z\u00edsk\u00e1n\u00ed p\u0159edchoz\u00edho p\u00edsemn\u00e9ho povolen\u00ed od spole\u010dnosti FUJIFILM nebo jak\u00e9koli t\u0159et\u00ed strany, kter\u00e1 m\u00e1 takovou pravomoc, opr\u00e1vn\u011bn\u00ed, tituly nebo z\u00e1jmy, kter\u00e9 jsou nezbytn\u00e9 k ud\u011blen\u00ed takov\u00e9ho z\u00e1konn\u00e9ho povolen\u00ed, je zak\u00e1z\u00e1no upravovat, kop\u00edrovat, stahovat, distribuovat, p\u0159en\u00e1\u0161et, zobrazovat, publikovat, prod\u00e1vat, licencovat, vytv\u00e1\u0159et odvozen\u00e1 d\u00edla nebo jinak pou\u017e\u00edvat jak\u00e9koli Zna\u010dky nebo jin\u00fd Obsah dostupn\u00fd na t\u011bchto Webov\u00fdch str\u00e1nk\u00e1ch nebo jejich prost\u0159ednictv\u00edm pro komer\u010dn\u00ed nebo ve\u0159ejn\u00e9 \u00fa\u010dely, mimo jin\u00e9 v\u010detn\u011b pou\u017eit\u00ed jako meta tagy na jin\u00fdch str\u00e1nk\u00e1ch nebo webov\u00fdch str\u00e1nk\u00e1ch na World Wide Webu. \u017d\u00e1dn\u00e9 ustanoven\u00ed t\u011bchto Podm\u00ednek v\u00e1m nep\u0159izn\u00e1v\u00e1 \u017e\u00e1dn\u00e1 pr\u00e1va ke Zna\u010dk\u00e1m nebo jin\u00e9mu Obsahu, kter\u00e1 zde nejsou v\u00fdslovn\u011b uvedena.<\/p>\n<h2>4.\u00a0\u00a0 Obsah t\u0159et\u00edch stran<\/h2>\n<p>Tyto webov\u00e9 str\u00e1nky mohou obsahovat odkazy na webov\u00e9 str\u00e1nky a obsah t\u0159et\u00edch stran (d\u00e1le jen &#8222;obsah t\u0159et\u00edch stran&#8220;) jako slu\u017ebu pro v\u00e1s. Ve\u0161ker\u00fd obsah t\u0159et\u00edch stran nebo webov\u00e9 str\u00e1nky t\u0159et\u00edch stran p\u0159\u00edstupn\u00e9 prost\u0159ednictv\u00edm odkaz\u016f obsa\u017een\u00fdch na t\u011bchto webov\u00fdch str\u00e1nk\u00e1ch jsou extern\u00edmi informacemi. Spole\u010dnost FUJIFILM nesleduje, nep\u0159ezkoum\u00e1v\u00e1 ani neaktualizuje obsah t\u0159et\u00edch stran nebo webov\u00e9 str\u00e1nky t\u0159et\u00edch stran a nem\u00e1 nad nimi \u017e\u00e1dnou kontrolu. Pokud nen\u00ed v\u00fdslovn\u011b uvedeno jinak, spole\u010dnost FUJIFILM neschvaluje ani nep\u0159ij\u00edm\u00e1 \u017e\u00e1dn\u00fd obsah t\u0159et\u00edch stran a spole\u010dnost FUJIFILM neposkytuje \u017e\u00e1dn\u00e9 prohl\u00e1\u0161en\u00ed, z\u00e1ruku ani garanci ohledn\u011b p\u0159esnosti, \u00faplnosti, aktu\u00e1lnosti nebo spolehlivosti jak\u00e9hokoli obsahu t\u0159et\u00edch stran. Pokud tyto odkazy a Obsah t\u0159et\u00edch stran pou\u017e\u00edv\u00e1te, \u010din\u00edte tak v\u00fdhradn\u011b na vlastn\u00ed riziko. Krom\u011b toho odkaz na jak\u00e9koli produkty, slu\u017eby, postupy nebo jin\u00e9 informace prost\u0159ednictv\u00edm obchodn\u00edho n\u00e1zvu, ochrann\u00e9 zn\u00e1mky, v\u00fdrobce, dodavatele nebo jin\u00fdm zp\u016fsobem nep\u0159edstavuje ani neznamen\u00e1 jak\u00e9koli schv\u00e1len\u00ed, sponzorov\u00e1n\u00ed nebo doporu\u010den\u00ed ze strany spole\u010dnosti FUJIFILM.<\/p>\n<h2>5.\u00a0\u00a0 Aktualizace a revize<\/h2>\n<p>Obsah t\u011bchto webov\u00fdch str\u00e1nek poskytuje spole\u010dnost FUJIFILM pro va\u0161e pohodl\u00ed a m\u016f\u017ee se m\u011bnit bez p\u0159edchoz\u00edho upozorn\u011bn\u00ed. Spole\u010dnost FUJIFILM m\u016f\u017ee kdykoli a p\u0159\u00edle\u017eitostn\u011b revidovat a aktualizovat smluvn\u00ed podm\u00ednky a obsah. Doporu\u010dujeme v\u00e1m pravideln\u011b nav\u0161t\u011bvovat tuto str\u00e1nku, abyste si zkontrolovali a sezn\u00e1mili se se v\u0161emi aktu\u00e1ln\u00edmi podm\u00ednkami a obecn\u011b si prohl\u00e9dli tyto Webov\u00e9 str\u00e1nky a sezn\u00e1mili se s p\u0159\u00edpadn\u00fdmi aktualizacemi a revizemi.<\/p>\n<h2>6.\u00a0\u00a0 \u017d\u00e1dn\u00e9 z\u00e1ruky<\/h2>\n<p>Tyto webov\u00e9 str\u00e1nky, jejich obsah a slu\u017eby jsou poskytov\u00e1ny &#8222;tak, jak jsou&#8220;, bez jak\u00e9koli v\u00fdslovn\u00e9 \u010di p\u0159edpokl\u00e1dan\u00e9 z\u00e1ruky. Spole\u010dnost FUJIFILM se z\u0159\u00edk\u00e1 v\u0161ech z\u00e1ruk, mimo jin\u00e9 v\u010detn\u011b p\u0159edpokl\u00e1dan\u00fdch z\u00e1ruk prodejnosti a vhodnosti pro ur\u010dit\u00fd \u00fa\u010del, informa\u010dn\u00edho obsahu, syst\u00e9mov\u00e9 integrace nebo p\u0159esnosti.<\/p>\n<h2>7.\u00a0\u00a0 Kontakt<\/h2>\n<p>Na\u0161e kontaktn\u00ed \u00fadaje naleznete pod odkazem Webov\u00e9 str\u00e1nky.<\/p>\n","protected":false},"excerpt":{"rendered":"<p>D\u011bkujeme v\u00e1m za n\u00e1v\u0161t\u011bvu t\u011bchto webov\u00fdch str\u00e1nek. Tyto Webov\u00e9 str\u00e1nky, v\u010detn\u011b v\u0161ech str\u00e1nek v m\u00edstn\u00edch jazyc\u00edch jednotliv\u00fdch zem\u00ed a v\u0161ech ostatn\u00edch str\u00e1nek, jsou majetkem spole\u010dnosti FUJIFILM Europe a jsou spravov\u00e1ny a zp\u0159\u00edstup\u0148ov\u00e1ny ve\u0159ejnosti v\u00fdhradn\u011b spole\u010dnost\u00ed FUJIFILM s c\u00edlem nab\u00eddnout z\u00e1jemc\u016fm o spole\u010dnost FUJIFILM Corporation v Evrop\u011b a o jej\u00ed produkty a slu\u017eby pohodln\u00fd zp\u016fsob, jak [&hellip;]<\/p>\n","protected":false},"author":1,"featured_media":0,"parent":0,"menu_order":0,"comment_status":"closed","ping_status":"closed","template":"tmpl_privacy.php","meta":[],"acf":[],"_links":{"self":[{"href":"https:\/\/fujifilmxmount.com\/comparison\/cs\/wp-json\/wp\/v2\/pages\/2561"}],"collection":[{"href":"https:\/\/fujifilmxmount.com\/comparison\/cs\/wp-json\/wp\/v2\/pages"}],"about":[{"href":"https:\/\/fujifilmxmount.com\/comparison\/cs\/wp-json\/wp\/v2\/types\/page"}],"author":[{"embeddable":true,"href":"https:\/\/fujifilmxmount.com\/comparison\/cs\/wp-json\/wp\/v2\/users\/1"}],"replies":[{"embeddable":true,"href":"https:\/\/fujifilmxmount.com\/comparison\/cs\/wp-json\/wp\/v2\/comments?post=2561"}],"version-history":[{"count":0,"href":"https:\/\/fujifilmxmount.com\/comparison\/cs\/wp-json\/wp\/v2\/pages\/2561\/revisions"}],"wp:attachment":[{"href":"https:\/\/fujifilmxmount.com\/comparison\/cs\/wp-json\/wp\/v2\/media?parent=2561"}],"curies":[{"name":"wp","href":"https:\/\/api.w.org\/{rel}","templated":true}]}}