{"id":2588,"date":"2021-08-31T09:37:32","date_gmt":"2021-08-31T07:37:32","guid":{"rendered":"https:\/\/fujifilmxmount.com\/comparison\/?page_id=2588"},"modified":"2021-09-13T09:55:13","modified_gmt":"2021-09-13T07:55:13","slug":"otisk","status":"publish","type":"page","link":"https:\/\/fujifilmxmount.com\/comparison\/cs\/otisk\/","title":{"rendered":"Otisk"},"content":{"rendered":"<table>\n<tbody>\n<tr>\n<td width=\"288\">Jm\u00e9no spole\u010dnosti<\/td>\n<td width=\"317\">FUJIFILM Nordic AB<\/td>\n<\/tr>\n<tr>\n<td width=\"288\">Adresa<\/td>\n<td width=\"317\">Hantverkargatan 25, SE-112 21 Stockholm, \u0160v\u00e9dsko<\/td>\n<\/tr>\n<tr>\n<td width=\"288\">Telefon<\/td>\n<td width=\"317\">+46 (0)8 525 237 00<\/td>\n<\/tr>\n<tr>\n<td width=\"288\">Fax<\/td>\n<td width=\"317\">n\/a<\/td>\n<\/tr>\n<tr>\n<td width=\"288\">E-mail<\/td>\n<td width=\"317\">info@fujifilmnordic.eu<\/td>\n<\/tr>\n<tr>\n<td width=\"288\">V\u00fdkonn\u00fd \u0159editel<\/td>\n<td width=\"317\">Patrik Wigholm<\/td>\n<\/tr>\n<tr>\n<td width=\"288\">Registra\u010dn\u00ed soud<\/td>\n<td width=\"317\">Stockholms Tingsr\u00e4tt<\/td>\n<\/tr>\n<tr>\n<td width=\"288\">Registra\u010dn\u00ed \u010d\u00edslo<\/td>\n<td width=\"317\">556887-3011<\/td>\n<\/tr>\n<tr>\n<td width=\"288\">Identifika\u010dn\u00ed \u010d\u00edslo pro da\u0148 z prodeje<\/td>\n<td width=\"317\">SE556887301101<\/td>\n<\/tr>\n<tr>\n<td width=\"288\">Registra\u010dn\u00ed \u010d\u00edslo WEEE<\/td>\n<td width=\"317\">556887-3011<\/td>\n<\/tr>\n<tr>\n<td width=\"288\">Informace o online \u0159e\u0161en\u00ed spor\u016f<\/p>\n<p>&nbsp;<\/td>\n<td width=\"317\">Evropsk\u00e1 komise poskytuje platformu pro online \u0159e\u0161en\u00ed spor\u016f (OS). Platformu najdete na adrese https:\/\/ec.europa.eu\/consumers\/odr. Nejsme ochotni ani povinni \u00fa\u010dastnit se \u0159\u00edzen\u00ed o \u0159e\u0161en\u00ed spor\u016f p\u0159ed spot\u0159ebitelskou rozhod\u010d\u00ed komis\u00ed.<\/td>\n<\/tr>\n<\/tbody>\n<\/table>\n","protected":false},"excerpt":{"rendered":"<p>Jm\u00e9no spole\u010dnosti FUJIFILM Nordic AB Adresa Hantverkargatan 25, SE-112 21 Stockholm, \u0160v\u00e9dsko Telefon +46 (0)8 525 237 00 Fax n\/a E-mail info@fujifilmnordic.eu V\u00fdkonn\u00fd \u0159editel Patrik Wigholm Registra\u010dn\u00ed soud Stockholms Tingsr\u00e4tt Registra\u010dn\u00ed \u010d\u00edslo 556887-3011 Identifika\u010dn\u00ed \u010d\u00edslo pro da\u0148 z prodeje SE556887301101 Registra\u010dn\u00ed \u010d\u00edslo WEEE 556887-3011 Informace o online \u0159e\u0161en\u00ed spor\u016f &nbsp; Evropsk\u00e1 komise poskytuje platformu pro [&hellip;]<\/p>\n","protected":false},"author":1,"featured_media":0,"parent":0,"menu_order":0,"comment_status":"closed","ping_status":"closed","template":"tmpl_privacy.php","meta":[],"acf":[],"_links":{"self":[{"href":"https:\/\/fujifilmxmount.com\/comparison\/cs\/wp-json\/wp\/v2\/pages\/2588"}],"collection":[{"href":"https:\/\/fujifilmxmount.com\/comparison\/cs\/wp-json\/wp\/v2\/pages"}],"about":[{"href":"https:\/\/fujifilmxmount.com\/comparison\/cs\/wp-json\/wp\/v2\/types\/page"}],"author":[{"embeddable":true,"href":"https:\/\/fujifilmxmount.com\/comparison\/cs\/wp-json\/wp\/v2\/users\/1"}],"replies":[{"embeddable":true,"href":"https:\/\/fujifilmxmount.com\/comparison\/cs\/wp-json\/wp\/v2\/comments?post=2588"}],"version-history":[{"count":0,"href":"https:\/\/fujifilmxmount.com\/comparison\/cs\/wp-json\/wp\/v2\/pages\/2588\/revisions"}],"wp:attachment":[{"href":"https:\/\/fujifilmxmount.com\/comparison\/cs\/wp-json\/wp\/v2\/media?parent=2588"}],"curies":[{"name":"wp","href":"https:\/\/api.w.org\/{rel}","templated":true}]}}