{"id":1763,"date":"2018-05-24T10:29:35","date_gmt":"2018-05-24T08:29:35","guid":{"rendered":"https:\/\/fujifilmxmount.com\/comparison\/privacy-policy\/"},"modified":"2021-08-31T10:34:42","modified_gmt":"2021-08-31T08:34:42","slug":"privacy-policy-2021","status":"publish","type":"page","link":"https:\/\/fujifilmxmount.com\/comparison\/da\/privacy-policy-2021\/","title":{"rendered":"Privacy policy &#8211; 2021"},"content":{"rendered":"\r\n<h1>Politik om beskyttelse af personlige oplysninger<\/h1>\r\n<h2>1.\u00a0\u00a0 Anvendelsesomr\u00e5de for denne politik om beskyttelse af personlige oplysninger<\/h2>\r\n<h3>1.1.\u00a0\u00a0\u00a0\u00a0 Anvendelsesomr\u00e5de<\/h3>\r\n<p>Denne fortrolighedspolitik beskriver vores forpligtelse til at beskytte databeskyttelse, og hvordan vi behandler de personlige oplysninger, som vi modtager fra bes\u00f8gende p\u00e5 dette websted (&#8220;websted(er)&#8221;) og brugere af softwareapplikationer (&#8220;app(er)&#8221;), der (i) forvaltes og drives af FUJIFILM Europe eller et af dets datterselskaber som angivet i afsnittet &#8220;Data Controller&#8221; (&#8220;FUJIFILM&#8221; eller &#8220;vi&#8221;) og (ii) har et link til denne fortrolighedspolitik.<\/p>\r\n<p>Denne fortrolighedspolitik kan ogs\u00e5 g\u00e6lde, n\u00e5r der henvises til den i en offline-sammenh\u00e6ng, f.eks. i forbindelse med workshops og andre arrangementer og markedsf\u00f8ringsaktiviteter.<\/p>\r\n<p>I tilf\u00e6lde af at bestemmelser, der afviger fra denne privatlivspolitik, er tydeligt angivet, har de relevante afvigende bestemmelser forrang.<\/p>\r\n<h3>1.2.\u00a0\u00a0\u00a0\u00a0 Dataansvarlig og databeskyttelsesansvarlig<\/h3>\r\n<p>Den dataansvarlige i forhold til alle personoplysninger, der indsamles inden for rammerne af denne privatlivspolitik, er FUJIFILM Nordic AB, Hantverkargatan 25, SE-112 21 Stockholm, Sverige. For yderligere oplysninger henvises til webstedets aftryk.<\/p>\r\n<p>Vores databeskyttelsesansvarlige \/ databeskyttelsesteam kan kontaktes pr. post eller via e-mail p\u00e5 privacyoffice_eu@fujifilm.com.<\/p>\r\n<h3>1.3.\u00a0\u00a0\u00a0\u00a0 Eksterne links<\/h3>\r\n<p>Denne fortrolighedspolitik g\u00e6lder ikke for de websteder, der har offentliggjort deres egen fortrolighedserkl\u00e6ring, og for tredjepartswebsteder, selv om der er links til deres websteder p\u00e5 vores websted(er) og app(s). V\u00e6r opm\u00e6rksom p\u00e5, at vi ikke er ansvarlige for s\u00e5danne andre hjemmesiders fortrolighedspraksis. Vi opfordrer vores brugere til at v\u00e6re opm\u00e6rksomme, n\u00e5r de forlader et af vores websteder, og til at l\u00e6se erkl\u00e6ringerne om beskyttelse af personlige oplysninger p\u00e5 hvert enkelt websted, der indsamler personlige oplysninger.<\/p>\r\n<h2>2.\u00a0\u00a0 Forvaltning af personlige oplysninger<\/h2>\r\n<h3>2.1.\u00a0\u00a0\u00a0\u00a0 Indsamling af personlige oplysninger<\/h3>\r\n<p>I princippet kan du se webstedet\/webstederne uden at videregive personlige oplysninger. Webstedet\/webstederne og app&#8217;en\/app&#8217;erne kan indsamle visse tekniske oplysninger, f.eks. hvilket indhold du har set p\u00e5 webstedet\/webstederne, eller hvilket websted du har henvist til for at f\u00e5 adgang til webstedet\/webstederne. I forbindelse med indsamlingen af s\u00e5danne oplysninger, som har til form\u00e5l at forbedre anvendeligheden af webstedet\/webstederne eller appen\/appene, m\u00e5 oplysningerne ikke indsamles p\u00e5 en m\u00e5de, hvor du kan identificeres, og du m\u00e5 heller ikke identificeres under informationsanalysen.<\/p>\r\n<p>Du kan blive bedt om eller p\u00e5kr\u00e6vet at give personligt identificerbare oplysninger (&#8220;Personlige oplysninger&#8221;) for at f\u00e5 adgang til visse omr\u00e5der af webstedet. Vi kan ogs\u00e5 bede om visse personlige oplysninger, n\u00e5r du bestiller et produkt, anmoder om tjenester, deltager i salgsfremmende aktiviteter eller forskningsunders\u00f8gelser eller korresponderer med os. Personlige oplysninger, som vi indsamler, kan omfatte navn, postadresse, telefonnummer, e-mailadresse, betalingsoplysninger og andre oplysninger, som du giver os f.eks. i en kontaktformular, registrering til en konto eller abonnement p\u00e5 et nyhedsbrev eller anden markedsf\u00f8ringskommunikation.<\/p>\r\n<p>Vi behandler dine personlige oplysninger p\u00e5 grundlag af dit samtykke, til opfyldelse af en kontrakt eller som n\u00f8dvendigt for at varetage vores legitime interesser, herunder for at besvare dine foresp\u00f8rgsler og for at tilpasse og forbedre vores webtilbud, produkter og tjenester i overensstemmelse med dine pr\u00e6ferencer (art. 6 (1) (a), (b) og (f) GDPR).<\/p>\r\n<h3>2.2.\u00a0\u00a0\u00a0\u00a0 Form\u00e5l med brug af personlige oplysninger<\/h3>\r\n<p>Form\u00e5let med brugen af dine personlige oplysninger skal v\u00e6re klart angivet i denne privatlivspolitik eller p\u00e5 anden m\u00e5de ved indsamlingen af oplysningerne, undtagen i tilf\u00e6lde, hvor form\u00e5let med brugen er indlysende for dig. Brugen af personlige oplysninger, som du har givet os, skal v\u00e6re begr\u00e6nset til det form\u00e5l, som du p\u00e5 forh\u00e5nd er blevet informeret om. Vi forbeholder os dog retten til at foretage yderligere behandling i det omfang, det er tilladt eller p\u00e5kr\u00e6vet i henhold til relevante love og bestemmelser.<\/p>\r\n<p>Desuden kan vi v\u00e6re forpligtet til at bruge og opbevare personoplysninger af juridiske \u00e5rsager og af hensyn til overholdelse af lovgivningen, f.eks. til forebyggelse, afsl\u00f8ring eller efterforskning af kriminalitet, forebyggelse af tab eller bek\u00e6mpelse af svig. Vi kan ogs\u00e5 bruge personoplysninger til at opfylde vores interne og eksterne revisionskrav, til informationssikkerhedsform\u00e5l, og n\u00e5r vi p\u00e5 anden m\u00e5de mener, at det er n\u00f8dvendigt eller hensigtsm\u00e6ssigt: (a) i henhold til g\u00e6ldende lovgivning, hvilket kan omfatte love uden for dit bop\u00e6lsland; (b) for at besvare anmodninger fra domstole, retsh\u00e5ndh\u00e6vende myndigheder, tilsynsmyndigheder og andre offentlige og statslige myndigheder, hvilket kan omfatte s\u00e5danne myndigheder uden for dit bop\u00e6lsland; (c) for at h\u00e5ndh\u00e6ve vilk\u00e5r og betingelser; og (d) for at beskytte vores rettigheder, privatliv, sikkerhed eller ejendom eller andre personers rettigheder, privatlivets fred, sikkerhed eller ejendom.<\/p>\r\n<p>F\u00f8lgende eksempler illustrerer mulige scenarier, hvor vi indsamler og bruger dine personlige oplysninger:<\/p>\r\n<h4>2.2.1.\u00a0\u00a0\u00a0\u00a0\u00a0\u00a0\u00a0 Brugerkonti<\/h4>\r\n<p>N\u00e5r du registrerer dig for en kundekonto, indsamler vi normalt navn, e-mailadresse og adgangskode. Derudover kan du angive din adresse, herunder fakturerings- og leveringsadresse p\u00e5 din kundekonto. N\u00e5r du afgiver en ordre, indsamler vi data om de varer, du har valgt, de tilh\u00f8rende prisoplysninger, eventuelle kuponer, du m\u00e5tte bruge, din fakturerings- og leveringsadresse samt den valgte betalings- og forsendelsesmetode. I forbindelse med opfyldelsen af ordrer indsamler vi is\u00e6r oplysninger om betaling, levering og returnering.<\/p>\r\n<p>Vi kan bruge dine personlige oplysninger til at vedligeholde din brugerkonto, til at bekr\u00e6fte, at du er en legitim bruger, til at give dig de \u00f8nskede oplysninger om FUJIFILM-produkter og -tjenester, herunder eventuelle nyhedsbreve, som du abonnerer p\u00e5, og til at besvare support og andre foresp\u00f8rgsler, du m\u00e5tte have. I forbindelse med din brugerkonto kan vi analysere din brug af vores websted og vores nyhedsbrev for bedre at forst\u00e5 dine pr\u00e6ferencer og for at forbedre vores webtjenester. Vi gemmer s\u00e5danne oplysninger i forbindelse med din brugerkonto. Hvis du har givet dit samtykke til markedsf\u00f8ring, kan vi ogs\u00e5 kontakte dig under dine erhvervskontaktoplysninger til markedsf\u00f8ringsform\u00e5l i forbindelse med vores produkter og tjenester, som kan v\u00e6re af interesse for dig.<\/p>\r\n<p>Hvis du har oprettet en brugerkonto, gemmer vi dine data, s\u00e5 l\u00e6nge du opretholder din brugerkonto. I tilf\u00e6lde af sletning af din brugerkonto gemmer vi kun de relevante data i det omfang, det er tilladt eller p\u00e5kr\u00e6vet i henhold til loven.<\/p>\r\n<p>Via din brugerkonto kan du administrere og opdatere dine kontaktoplysninger og dine pr\u00e6ferencer. Du bedes behandle dine adgangsoplysninger fortroligt og m\u00e5 ikke dele din adgangskode med tredjepart. Hvis du f\u00e5r kendskab til, eller hvis du har mistanke om, at en tredjepart har f\u00e5et uautoriseret adgang til dine adgangsdata eller bruger din konto, bedes du \u00e6ndre din adgangskode uden un\u00f8dig forsinkelse.<\/p>\r\n<h4>2.2.2.\u00a0\u00a0\u00a0\u00a0\u00a0\u00a0\u00a0 Personaliserede tjenester<\/h4>\r\n<p>I forbindelse med de personlige tjenester kan vi behandle og bruge dine oplysninger til reklame- og markedsunders\u00f8gelser eller til personlig levering af tjenester, hvis du har givet dit samtykke. Hvis du giver dit samtykke, kan de oplysninger, som du f\u00e5r adgang til, mens du bes\u00f8ger hjemmesiden(e) og apps, blive gemt i en brugerprofil for at kunne tilbyde dig oplysninger, der er specifikt tilpasset dig (f.eks. i form af et nyhedsbrev). Du kan til enhver tid tilbagekalde dit samtykke med virkning for fremtiden.<\/p>\r\n<p>Hvis du bruger personlige tjenester, vil vi bruge dine personlige oplysninger, der er n\u00f8dvendige for at levere tjenesterne, s\u00e5 l\u00e6nge du er registreret og derefter s\u00e5 l\u00e6nge som kr\u00e6vet eller tilladt i henhold til g\u00e6ldende lovgivning. Vi kan dele dine oplysninger med tilknyttede FUJIFILM-virksomheder, hvis det er n\u00f8dvendigt for at besvare dine henvendelser eller hvis det er n\u00f8dvendigt for at levere tjenesterne. Vi kan ogs\u00e5 videresende foresp\u00f8rgsler vedr\u00f8rende vores produkter og tjenester til en distribut\u00f8r, der er ansvarlig for den relevante produkt- eller tjenestekategori og region.<\/p>\r\n<h4>2.2.3.\u00a0\u00a0\u00a0\u00a0\u00a0\u00a0\u00a0 Blog \/ fora<\/h4>\r\n<p>Nogle af vores websteder tilbyder offentligt tilg\u00e6ngelige blogs eller f\u00e6llesskabsfora. Du skal v\u00e6re opm\u00e6rksom p\u00e5, at alle oplysninger, du giver i disse omr\u00e5der, kan blive l\u00e6st, indsamlet og brugt af andre, der har adgang til dem. Hvis du vil anmode om at f\u00e5 fjernet dine personlige oplysninger fra vores blog eller f\u00e6llesskabsforum, skal du kontakte os via de kontaktoplysninger, der er angivet i afsnittet &#8220;Kontakt os&#8221;. I nogle tilf\u00e6lde kan vi muligvis ikke fjerne dine personlige oplysninger, og i s\u00e5 fald giver vi dig besked, hvis vi ikke kan g\u00f8re det, og hvorfor vi ikke kan g\u00f8re det.<\/p>\r\n<h4>2.2.4.\u00a0\u00a0\u00a0\u00a0\u00a0\u00a0\u00a0 Nyhedsbreve pr. e-mail<\/h4>\r\n<p>Hvis du abonnerer p\u00e5 vores nyhedsbrev, bruger vi de personlige oplysninger, som du har givet os, til at sende dig vores nyhedsbrev som aftalt. Nyhedsbrevs-e-mails kan indeholde web beacons, sporingspixels eller links, der g\u00f8r det muligt for os at analysere din brug af nyhedsbrevet, herunder oplysninger om, hvorvidt du har modtaget og \u00e5bnet vores nyhedsbrev. Du kan til enhver tid tr\u00e6kke dit samtykke tilbage og afmelde dig nyhedsbrevet enten ved at sende en besked til os eller via et dedikeret afmeldingslink i nyhedsbrevet.<\/p>\r\n<h4>2.2.5.\u00a0\u00a0\u00a0\u00a0\u00a0\u00a0\u00a0 E-mail-reklame uden abonnement<\/h4>\r\n<p>Hvis vi modtager din e-mailadresse i forbindelse med salg af varer eller tjenester, og du ikke har gjort indsigelse mod dette, er vi berettiget til regelm\u00e6ssigt at tilbyde dig lignende varer og tjenester, som f.eks. dem, du har k\u00f8bt ved hj\u00e6lp af din e-mail. Du kan til enhver tid i fremtiden tr\u00e6kke dit samtykke til en s\u00e5dan brug af din e-mailadresse tilbage ved at sende en besked til os eller via afmeldingslinket i vores e-mails.<\/p>\r\n<h4>2.2.6.\u00a0\u00a0\u00a0\u00a0\u00a0\u00a0\u00a0 Postreklamer<\/h4>\r\n<p>Vi kan i henhold til g\u00e6ldende lovgivning v\u00e6re berettiget til at gemme dit for- og efternavn, din postadresse og eventuelt din titel og akademiske grad og bruge dem til vores egne reklameform\u00e5l, is\u00e6r til at sende tilbud og oplysninger om vores varer og tjenester via post. Du kan til enhver tid for fremtiden g\u00f8re indsigelse mod denne brug af dine oplysninger ved at sende en meddelelse til os.<\/p>\r\n<h3>2.3.\u00a0\u00a0\u00a0\u00a0 Deling og videregivelse af data<\/h3>\r\n<p>Vi vil ikke videregive eller levere, dele eller p\u00e5 anden m\u00e5de distribuere dine personlige oplysninger til tredjeparter, undtagen som beskrevet i denne privatlivspolitik. Vi deler personlige oplysninger n\u00e5r:<\/p>\r\n<p>(a) dit samtykke er givet p\u00e5 forh\u00e5nd;<\/p>\r\n<p>(b) det er n\u00f8dvendigt for at kunne levere vores tjenester til dig, herunder is\u00e6r at sende markedsf\u00f8ringskommunikation, yde kundeservice, st\u00f8tte vores markedsf\u00f8ring og produktdistribution eller drive vores systemer eller applikationer. Disse virksomheder har kun tilladelse til at bruge dine personlige oplysninger i det omfang, det er n\u00f8dvendigt for at levere disse tjenester.<\/p>\r\n<p>(c) Personlige oplysninger kan deles med FUJIFILM-koncernen, hvis det er n\u00f8dvendigt for at levere tjenester eller opfylde produktbestillinger, til kontoadministration, for at lette salg og markedsf\u00f8ring, til kunde- og teknisk support og til at fremme forretnings- og produktudvikling. Klik her http:\/\/www.fujifilm.com\/about\/office\/ for at se en liste over de steder i FUJIFILM-koncernen, som vi kan dele personlige oplysninger med. Vi kan ogs\u00e5 videresende foresp\u00f8rgsler vedr\u00f8rende vores produkter og tjenester til en tredjepartsdistribut\u00f8r, der er ansvarlig for den relevante produkt- eller tjenestekategori og region;<\/p>\r\n<p>(d) du bestiller produkter eller bruger andre tjenester, som kr\u00e6ver et gebyr, dit navn, din adresse, dit kreditkortnummer og andre oplysninger videregives til finansielle institutioner eller andre parter med henblik p\u00e5 betalingsafvikling;<\/p>\r\n<p>(e) vores virksomhed overdrages eller overf\u00f8res enten ved lov eller p\u00e5 anden m\u00e5de, herunder fusioner, konsolideringer og opl\u00f8sning eller overf\u00f8rsel af aktiviteter;<\/p>\r\n<p>(f) hvis videregivelse af dine personlige oplysninger er p\u00e5kr\u00e6vet i henhold til g\u00e6ldende love og regler, eller hvis en s\u00e5dan videregivelse p\u00e5 anden vis er n\u00f8dvendig til st\u00f8tte for en strafferetlig eller anden retlig efterforskning eller procedure, der gennemf\u00f8res af relevante myndigheder; eller<\/p>\r\n<ol>\r\n<li>g) der er et umiddelbart behov for videregivelse for at beskytte menneskeliv eller menneskerettigheder.<\/li>\r\n<\/ol>\r\n<h3>2.4.\u00a0\u00a0\u00a0\u00a0 Internationale dataoverf\u00f8rsler<\/h3>\r\n<p>Vi kan overf\u00f8re de personlige oplysninger, som vi indsamler, til og opbevare s\u00e5danne oplysninger i andre lande, som kan have andre love om beskyttelse af privatlivets fred eller databeskyttelse end det land, hvor oplysningerne blev givet.<\/p>\r\n<p>Det betyder, at dine personlige oplysninger ogs\u00e5 kan blive overf\u00f8rt til og\/eller behandlet af FUJIFILM-enheder eller (p\u00e5 deres vegne) af tredjepartstjenesteudbydere uden for Den Europ\u00e6iske Union (&#8220;EU&#8221;) eller Det Europ\u00e6iske \u00d8konomiske Samarbejdsomr\u00e5de (&#8220;E\u00d8S&#8221;). Databeskyttelsesbestemmelserne i de relevante lande, hvor dine personlige oplysninger indsamles eller behandles, kan afvige fra det beskyttelsesniveau, som lovgivningen i EU\/E\u00d8S giver. FUJIFILM vil dog sikre en passende beskyttelse af dine personlige oplysninger i overensstemmelse med de g\u00e6ldende love og de principper, der er fastsat heri. Ved at bruge vores websted(er) og app(s) accepterer du indsamling og overf\u00f8rsel af dine personlige oplysninger uden for EU\/E\u00d8S som beskrevet heri.<\/p>\r\n<h3>2.5.\u00a0\u00a0\u00a0\u00a0 Datasikkerhed<\/h3>\r\n<p>FUJIFILM tr\u00e6ffer passende tekniske og organisatoriske sikkerhedsforanstaltninger for at beskytte dine personlige oplysninger mod misbrug og for at forhindre tab af dine oplysninger. Dine personlige oplysninger gemmes i et sikkert driftsmilj\u00f8, som ikke er tilg\u00e6ngeligt for offentligheden. Alle personlige oplysninger, som du giver i forbindelse med registrering eller brug af personlige tjenester, overf\u00f8res i krypteret form for at forhindre misbrug af oplysningerne af tredjepart.<\/p>\r\n<h2>3.\u00a0\u00a0 Brug af cookies, sporingsteknologi og plug-ins til sociale medier<\/h2>\r\n<h3>3.1.\u00a0\u00a0\u00a0\u00a0 Brug af cookies og sporingsteknologi<\/h3>\r\n<p>Vores websted(er) og app(s) kan bruge &#8220;cookies&#8221; eller lignende teknologier (analyseprogrammer og sociale medietjenester). Cookies er tekstfiler, der sendes af et eller flere websteder til brugerens browser for at gemme oplysninger p\u00e5 brugerens enheder. N\u00e5r der er adgang til webstedet\/webstederne, l\u00e6ser webstedet\/webstederne de oplysninger, der er indeholdt i cookien.<\/p>\r\n<h4>3.1.1.\u00a0\u00a0\u00a0\u00a0\u00a0\u00a0\u00a0 Dit samtykke til brugen af cookies<\/h4>\r\n<p>Vi skelner mellem strengt n\u00f8dvendige cookies, som er n\u00f8dvendige for, at vores websted(er) kan fungere korrekt, og andre cookies. Strengt n\u00f8dvendige cookies kr\u00e6ver ikke dit samtykke. For andre cookies anmoder vi om dit samtykke, f\u00f8r vi placerer dem p\u00e5 din enhed. Du kan f\u00f8rst bruge vores websted, n\u00e5r du har bekr\u00e6ftet dine cookieindstillinger.<\/p>\r\n<p>N\u00e5r du bes\u00f8ger vores websted(er) f\u00f8rste gang, vises et pop-up-vindue med vores Cookie Consent Manager. Hvis du klikker p\u00e5 knappen &#8220;Cookie Settings&#8221; (Cookie-indstillinger), vil du blive sendt til Privacy Preference Center. Privacy Preference Center viser ogs\u00e5 en cookie-liste, hvor du kan finde oplysninger om cookies og de form\u00e5l, de bruges til. I Privacy Preference Center kan du aktivere eller deaktivere brugen af cookies med vippeknappen. Bem\u00e6rk venligst, at hvis du ikke accepterer cookies, kan du muligvis ikke bruge visse funktioner p\u00e5 vores websted efter hensigten.<\/p>\r\n<h4>3.1.2.\u00a0\u00a0\u00a0\u00a0\u00a0\u00a0\u00a0 \u00c6ndring af dine cookie-pr\u00e6ferencer \/ tilbagekaldelse af dit samtykke<\/h4>\r\n<p>Du kan \u00e6ndre dine cookiepr\u00e6ferencer n\u00e5r som helst i cookieindstillingerne.<\/p>\r\n<!-- OneTrust Cookies Settings button start -->\r\n<button id=\"ot-sdk-btn\" class=\"ot-sdk-show-settings\">Cookie Settings<\/button>\r\n<!-- OneTrust Cookies Settings button end -->\r\n\r\n<p>&nbsp;<\/p>\r\n<p>&nbsp;<\/p>\r\n<p>Du kan ogs\u00e5 til enhver tid deaktivere brugen af\/slette cookies via dine browserindstillinger. Bem\u00e6rk venligst, at du i dette tilf\u00e6lde muligvis ikke kan g\u00f8re fuld brug af alle de funktioner, som tilbydes p\u00e5 webstedet\/webstederne.<\/p>\r\n<h4>3.1.3.\u00a0\u00a0\u00a0\u00a0\u00a0\u00a0\u00a0 Liste over cookies<\/h4>\r\n<!-- OneTrust Cookies List start -->\r\n<div id=\"ot-sdk-cookie-policy\"><\/div>\r\n<!-- OneTrust Cookies List end -->\r\n\r\n<p>&nbsp;<\/p>\r\n<p>&nbsp;<\/p>\r\n<h3>3.2.\u00a0\u00a0\u00a0\u00a0 Plug-ins til sociale netv\u00e6rk<\/h3>\r\n<p>Vores websted(er) og app(s) kan tilbyde plug-ins til sociale netv\u00e6rk (&#8220;netv\u00e6rk&#8221;). Plugins til sociale netv\u00e6rk er nemme m\u00e5der at dele indhold med andre mennesker via netv\u00e6rk. N\u00e5r du f\u00e5r adgang til webstedet\/webstederne, kan disse plugins potentielt skabe en direkte forbindelse mellem din browser og de respektive netv\u00e6rk. Hvis du interagerer med plugins, f.eks. i forbindelse med Twitter ved at klikke p\u00e5 &#8220;Tweet This&#8221; eller med Facebook ved at klikke p\u00e5 &#8220;Jeg synes godt om&#8221;-knappen eller lave en kommentar, vil de tilsvarende oplysninger blive overf\u00f8rt direkte fra din browser til netv\u00e6rket. I nogle tilf\u00e6lde udveksles der allerede oplysninger med et netv\u00e6rk, n\u00e5r du bes\u00f8ger webstedet\/webstederne, uanset om du interagerer med plugins eller ej.<\/p>\r\n<p>Du kan forhindre, at oplysninger deles med et netv\u00e6rk ved ikke at tillade de tilsvarende cookies og\/eller ved at logge af fra netv\u00e6rket, f\u00f8r du bruger webstedet\/webstederne.<\/p>\r\n<h2>4.\u00a0\u00a0 Opbevaring af data<\/h2>\r\n<p>Vi opbevarer dine personlige oplysninger, s\u00e5 l\u00e6nge din konto er aktiv, eller s\u00e5 l\u00e6nge det er n\u00f8dvendigt for at give dig tjenester. Vi opbevarer og bruger dine personlige oplysninger, hvis det er n\u00f8dvendigt for at overholde vores juridiske forpligtelser, l\u00f8se tvister og h\u00e5ndh\u00e6ve vores aftaler.<\/p>\r\n<h2>5.\u00a0\u00a0 Dine rettigheder i forbindelse med dine personlige oplysninger i henhold til GDPR<\/h2>\r\n<p>Du har ret til at anmode os om adgang til og berigtigelse eller sletning af personoplysninger, til at begr\u00e6nse behandlingen af dine personoplysninger, til at g\u00f8re indsigelse mod en s\u00e5dan behandling og til at ud\u00f8ve din ret til dataportabilitet i overensstemmelse med GDPR og g\u00e6ldende lovgivning.<\/p>\r\n<p>Du har ret til at indgive en klage til en kompetent tilsynsmyndighed i overensstemmelse med GDPR og g\u00e6ldende lovgivning, hvis du mener, at behandlingen af personoplysninger vedr\u00f8rende dig er i strid med GDPR. Til dette form\u00e5l kan du is\u00e6r kontakte tilsynsmyndigheden i den EU-medlemsstat, hvor du har dit s\u00e6dvanlige opholdssted eller det sted, hvor den p\u00e5st\u00e5ede overtr\u00e6delse finder sted. En liste over de nationale databeskyttelsesmyndigheder kan findes her https:\/\/edpb.europa.eu\/about-edpb\/about-edpb\/members_en<\/p>\r\n<h2>6.\u00a0\u00a0 \u00c6ndringer i privatlivspolitikken<\/h2>\r\n<p>FUJIFILM forbeholder sig ret til at \u00e6ndre, \u00e6ndre eller opdatere denne fortrolighedspolitik. Hvis vi beslutter os for at \u00e6ndre vores privatlivspolitik, vil vi offentligg\u00f8re den reviderede privatlivspolitik og angive datoen for offentligg\u00f8relsen. Husk venligst at gennemg\u00e5 fortrolighedspolitikken for eventuelle \u00e6ndringer ved tilbagevendende bes\u00f8g, da fortsat brug af webstedet\/webstederne eller app&#8217;en\/app&#8217;erne efter en offentliggjort revision angiver dit samtykke til, at vi m\u00e5 bruge dine oplysninger i overensstemmelse med den \u00e6ndrede, \u00e6ndrede eller opdaterede fortrolighedspolitik.<\/p>\r\n<p>&nbsp;<\/p>\r\n<p>&nbsp;<\/p>\r\n","protected":false},"excerpt":{"rendered":"<p>Politik om beskyttelse af personlige oplysninger 1.\u00a0\u00a0 Anvendelsesomr\u00e5de for denne politik om beskyttelse af personlige oplysninger 1.1.\u00a0\u00a0\u00a0\u00a0 Anvendelsesomr\u00e5de Denne fortrolighedspolitik beskriver vores forpligtelse til at beskytte databeskyttelse, og hvordan vi behandler de personlige oplysninger, som vi modtager fra bes\u00f8gende p\u00e5 dette websted (&#8220;websted(er)&#8221;) og brugere af softwareapplikationer (&#8220;app(er)&#8221;), der (i) forvaltes og drives af FUJIFILM [&hellip;]<\/p>\n","protected":false},"author":1,"featured_media":0,"parent":0,"menu_order":0,"comment_status":"closed","ping_status":"closed","template":"tmpl_privacy.php","meta":[],"acf":[],"_links":{"self":[{"href":"https:\/\/fujifilmxmount.com\/comparison\/da\/wp-json\/wp\/v2\/pages\/1763"}],"collection":[{"href":"https:\/\/fujifilmxmount.com\/comparison\/da\/wp-json\/wp\/v2\/pages"}],"about":[{"href":"https:\/\/fujifilmxmount.com\/comparison\/da\/wp-json\/wp\/v2\/types\/page"}],"author":[{"embeddable":true,"href":"https:\/\/fujifilmxmount.com\/comparison\/da\/wp-json\/wp\/v2\/users\/1"}],"replies":[{"embeddable":true,"href":"https:\/\/fujifilmxmount.com\/comparison\/da\/wp-json\/wp\/v2\/comments?post=1763"}],"version-history":[{"count":0,"href":"https:\/\/fujifilmxmount.com\/comparison\/da\/wp-json\/wp\/v2\/pages\/1763\/revisions"}],"wp:attachment":[{"href":"https:\/\/fujifilmxmount.com\/comparison\/da\/wp-json\/wp\/v2\/media?parent=1763"}],"curies":[{"name":"wp","href":"https:\/\/api.w.org\/{rel}","templated":true}]}}