{"id":2563,"date":"2021-08-25T15:34:45","date_gmt":"2021-08-25T13:34:45","guid":{"rendered":"https:\/\/fujifilmxmount.com\/comparison\/?page_id=2563"},"modified":"2021-08-25T15:34:45","modified_gmt":"2021-08-25T13:34:45","slug":"vilkaar-og-betingelser-for-brug","status":"publish","type":"page","link":"https:\/\/fujifilmxmount.com\/comparison\/da\/vilkaar-og-betingelser-for-brug\/","title":{"rendered":"Vilk\u00e5r og betingelser for brug"},"content":{"rendered":"<p>Tak for dit bes\u00f8g p\u00e5 dette websted. Dette websted, herunder alle landespecifikke sider p\u00e5 lokale sprog og alle andre sider, tilh\u00f8rer FUJIFILM Europe og vedligeholdes og stilles til r\u00e5dighed for offentligheden udelukkende af FUJIFILM med det form\u00e5l at tilbyde dem, der er interesseret i FUJIFILM Corporation i Europa og FUJIFILM&#8217;s produkter og tjenester, en bekvem m\u00e5de at finde relevante oplysninger p\u00e5, f.eks. de seneste pressemeddelelser, finansielle oplysninger, produktsortiment, lokale kontaktoplysninger og websteder, der ejes af FUJIFILM&#8217;s datterselskaber eller dets distribut\u00f8rer.<\/p>\n<p>Din adgang til, browsing og brug af dette websted er underlagt f\u00f8lgende vilk\u00e5r og betingelser og alle andre vilk\u00e5r, betingelser eller retningslinjer, der er fastsat andetsteds p\u00e5 dette websted, samt alle g\u00e6ldende love, regler og bestemmelser, herunder, men ikke begr\u00e6nset til, love vedr\u00f8rende varem\u00e6rker, ophavsrettigheder, retten til privatlivets fred og \u00e6rekr\u00e6nkelse.<\/p>\n<p>FUJIFILM beder dig derfor om at l\u00e6se vilk\u00e5r og betingelser omhyggeligt.<\/p>\n<h2>1.\u00a0\u00a0 Brug af dette websted<\/h2>\n<p>Disse vilk\u00e5r og betingelser g\u00e6lder for dette websted og for alle andre websteder, der linker til vilk\u00e5r og betingelser. Du kan finde yderligere vilk\u00e5r og betingelser vedr\u00f8rende specifikke sider p\u00e5 dette websted. Din brug af s\u00e5danne sider p\u00e5 dette websted er underlagt de p\u00e5g\u00e6ldende siders vilk\u00e5r og betingelser. Hvis der er uoverensstemmelser mellem de vilk\u00e5r og betingelser, der er anf\u00f8rt heri, og yderligere vilk\u00e5r og betingelser, der er anf\u00f8rt andre steder p\u00e5 dette websted, har de yderligere vilk\u00e5r og betingelser forrang.<\/p>\n<p>Med forbehold af disse vilk\u00e5r og betingelser giver FUJIFILM dig hermed i henhold til FUJIFILMs intellektuelle ejendomsrettigheder en ikke-eksklusiv, verdensomsp\u00e6ndende, ikke-overdragelig ret til at bruge dette websted og indholdet p\u00e5 dette udelukkende til personlig, ikke-kommerciel brug underlagt de begr\u00e6nsninger og forpligtelser, der er fastsat i disse vilk\u00e5r og betingelser. Der gives ikke yderligere rettigheder til at n\u00e5 ud til andre.<\/p>\n<h2>2.\u00a0\u00a0 Intellektuel ejendomsret<\/h2>\n<p>Medmindre andet er angivet eller anf\u00f8rt, tilh\u00f8rer al tekst, softwareprogrammer, der er tilg\u00e6ngelige p\u00e5 eller via dette websted, og andet indhold p\u00e5 dette websted (&#8220;indhold&#8221;), herunder varem\u00e6rker (registrerede og uregistrerede), grafik, fotografier, billeder, logoer og servicem\u00e6rker (samlet ben\u00e6vnt &#8220;m\u00e6rker&#8221;), samt udv\u00e6lgelse, opstilling og &#8220;look and feel&#8221; af m\u00e6rkerne og andet indhold FUJIFILM eller tredjeparter, der har givet FUJIFILM tilladelse til at bruge s\u00e5dant indhold p\u00e5 dette websted. Alt indhold er beskyttet af international ophavsret og varem\u00e6rkelovgivning.<\/p>\n<h2>3.\u00a0\u00a0 Begr\u00e6nsninger i brugen af indholdet p\u00e5 dette websted<\/h2>\n<p>Medmindre det udtrykkeligt er tilladt i henhold til g\u00e6ldende lovgivning eller som tilladt heri eller andetsteds p\u00e5 dette websted eller ved at opn\u00e5 forudg\u00e5ende skriftlig tilladelse fra FUJIFILM eller en tredjepart, der har den magt, myndighed, titel eller interesse, som er n\u00f8dvendig for at give en s\u00e5dan lovlig tilladelse, er det forbudt at \u00e6ndre, kopiere, downloade, distribuere, overf\u00f8re, vise, offentligg\u00f8re, s\u00e6lge, licensere, skabe afledte v\u00e6rker eller p\u00e5 anden m\u00e5de bruge m\u00e6rker eller andet indhold, der er tilg\u00e6ngeligt p\u00e5 eller via dette websted, til kommercielle eller offentlige form\u00e5l, herunder, men ikke begr\u00e6nset til, brug som metatags p\u00e5 andre sider eller websteder p\u00e5 World Wide Web. Intet i disse vilk\u00e5r og betingelser giver dig nogen rettigheder til m\u00e6rkerne eller andet indhold, som ikke specifikt er n\u00e6vnt heri.<\/p>\n<h2>4.\u00a0\u00a0 Indhold fra tredjeparter<\/h2>\n<p>Dette websted kan indeholde links til websteder og indhold fra tredjeparter (&#8220;Tredjepartsindhold&#8221;) som en service til dig. Ethvert indhold fra tredjeparter eller websteder fra tredjeparter, der er tilg\u00e6ngelige via links p\u00e5 webstedet, er ekstern information. FUJIFILM overv\u00e5ger, gennemg\u00e5r eller opdaterer ikke og har ingen kontrol over indhold fra tredjeparter eller websteder fra tredjeparter og har ingen kontrol over disse. Medmindre andet udtrykkeligt er anf\u00f8rt, st\u00f8tter eller godkender FUJIFILM ikke noget tredjepartsindhold, og FUJIFILM giver ingen erkl\u00e6ring, garanti eller garanti med hensyn til n\u00f8jagtigheden, fuldst\u00e6ndigheden, aktualiteten eller p\u00e5lideligheden af tredjepartsindholdet. Hvis du bruger disse links og indholdet fra tredjeparter, g\u00f8r du det udelukkende p\u00e5 eget ansvar. Desuden udg\u00f8r eller indeb\u00e6rer henvisninger til produkter, tjenester, processer eller andre oplysninger ved handelsnavn, varem\u00e6rke, producent, leverand\u00f8r eller p\u00e5 anden m\u00e5de ikke nogen godkendelse, sponsorering eller anbefaling fra FUJIFILM.<\/p>\n<h2>5.\u00a0\u00a0 Opdateringer og revisioner<\/h2>\n<p>Indholdet p\u00e5 dette websted leveres af FUJIFILM som en bekvemmelighed for dig og kan \u00e6ndres uden varsel. FUJIFILM kan til enhver tid og fra tid til anden revidere og opdatere vilk\u00e5r og betingelser og indholdet. Vi anbefaler, at du med j\u00e6vne mellemrum bes\u00f8ger denne side for at gennemg\u00e5 og g\u00f8re dig bekendt med alle g\u00e6ldende vilk\u00e5r og betingelser og gennemg\u00e5r dette websted generelt for at g\u00f8re dig bekendt med eventuelle opdateringer og revisioner.<\/p>\n<h2>6.\u00a0\u00a0 Ingen garantier<\/h2>\n<p>Dette websted, dets indhold og dets tjenester leveres &#8220;som de er&#8221; uden nogen form for garanti, hverken udtrykkelig eller stiltiende. FUJIFILM fraskriver sig alle garantier, herunder, men ikke begr\u00e6nset til, de underforst\u00e5ede garantier for salgbarhed og egnethed til et bestemt form\u00e5l, informationsindhold, systemintegration eller n\u00f8jagtighed.<\/p>\n<h2>7.\u00a0\u00a0 Kontakt<\/h2>\n<p>Du kan finde vores kontaktoplysninger under webstedsoplysningerne.<\/p>\n","protected":false},"excerpt":{"rendered":"<p>Tak for dit bes\u00f8g p\u00e5 dette websted. Dette websted, herunder alle landespecifikke sider p\u00e5 lokale sprog og alle andre sider, tilh\u00f8rer FUJIFILM Europe og vedligeholdes og stilles til r\u00e5dighed for offentligheden udelukkende af FUJIFILM med det form\u00e5l at tilbyde dem, der er interesseret i FUJIFILM Corporation i Europa og FUJIFILM&#8217;s produkter og tjenester, en bekvem [&hellip;]<\/p>\n","protected":false},"author":1,"featured_media":0,"parent":0,"menu_order":0,"comment_status":"closed","ping_status":"closed","template":"tmpl_privacy.php","meta":[],"acf":[],"_links":{"self":[{"href":"https:\/\/fujifilmxmount.com\/comparison\/da\/wp-json\/wp\/v2\/pages\/2563"}],"collection":[{"href":"https:\/\/fujifilmxmount.com\/comparison\/da\/wp-json\/wp\/v2\/pages"}],"about":[{"href":"https:\/\/fujifilmxmount.com\/comparison\/da\/wp-json\/wp\/v2\/types\/page"}],"author":[{"embeddable":true,"href":"https:\/\/fujifilmxmount.com\/comparison\/da\/wp-json\/wp\/v2\/users\/1"}],"replies":[{"embeddable":true,"href":"https:\/\/fujifilmxmount.com\/comparison\/da\/wp-json\/wp\/v2\/comments?post=2563"}],"version-history":[{"count":0,"href":"https:\/\/fujifilmxmount.com\/comparison\/da\/wp-json\/wp\/v2\/pages\/2563\/revisions"}],"wp:attachment":[{"href":"https:\/\/fujifilmxmount.com\/comparison\/da\/wp-json\/wp\/v2\/media?parent=2563"}],"curies":[{"name":"wp","href":"https:\/\/api.w.org\/{rel}","templated":true}]}}