{"id":2590,"date":"2021-08-31T09:37:58","date_gmt":"2021-08-31T07:37:58","guid":{"rendered":"https:\/\/fujifilmxmount.com\/comparison\/?page_id=2590"},"modified":"2021-09-13T09:55:18","modified_gmt":"2021-09-13T07:55:18","slug":"tryk","status":"publish","type":"page","link":"https:\/\/fujifilmxmount.com\/comparison\/da\/tryk\/","title":{"rendered":"Tryk"},"content":{"rendered":"<table>\n<tbody>\n<tr>\n<td width=\"288\">firmanavn<\/td>\n<td width=\"317\">FUJIFILM Nordic AB<\/td>\n<\/tr>\n<tr>\n<td width=\"288\">Adresse<\/td>\n<td width=\"317\">Hantverkargatan 25, SE-112 21 Stockholm, Sverige<\/td>\n<\/tr>\n<tr>\n<td width=\"288\">Telefon<\/td>\n<td width=\"317\">+46 (0)8 525 237 00<\/td>\n<\/tr>\n<tr>\n<td width=\"288\">Fax<\/td>\n<td width=\"317\">n\/a<\/td>\n<\/tr>\n<tr>\n<td width=\"288\">E-mail<\/td>\n<td width=\"317\">info@fujifilmnordic.eu<\/td>\n<\/tr>\n<tr>\n<td width=\"288\">Administrerende direkt\u00f8r<\/td>\n<td width=\"317\">Patrik Wigholm<\/td>\n<\/tr>\n<tr>\n<td width=\"288\">Register domstol<\/td>\n<td width=\"317\">Stockholms Tingsr\u00e4tt<\/td>\n<\/tr>\n<tr>\n<td width=\"288\">Registreringsnummer<\/td>\n<td width=\"317\">556887-3011<\/td>\n<\/tr>\n<tr>\n<td width=\"288\">Identifikationsnummer for oms\u00e6tningsafgift<\/td>\n<td width=\"317\">SE556887301101<\/td>\n<\/tr>\n<tr>\n<td width=\"288\">WEEE-registreringsnummer<\/td>\n<td width=\"317\">556887-3011<\/td>\n<\/tr>\n<tr>\n<td width=\"288\">Oplysninger om online tvistbil\u00e6ggelse<\/p>\n<p>&nbsp;<\/td>\n<td width=\"317\">Europa-Kommissionen stiller en platform til r\u00e5dighed for online tvistbil\u00e6ggelse (OS). Du kan finde platformen p\u00e5 https:\/\/ec.europa.eu\/consumers\/odr. Vi er hverken villige eller forpligtede til at deltage i en tvistbil\u00e6ggelsesprocedure ved et forbrugervoldgiftsn\u00e6vn.<\/td>\n<\/tr>\n<\/tbody>\n<\/table>\n","protected":false},"excerpt":{"rendered":"<p>firmanavn FUJIFILM Nordic AB Adresse Hantverkargatan 25, SE-112 21 Stockholm, Sverige Telefon +46 (0)8 525 237 00 Fax n\/a E-mail info@fujifilmnordic.eu Administrerende direkt\u00f8r Patrik Wigholm Register domstol Stockholms Tingsr\u00e4tt Registreringsnummer 556887-3011 Identifikationsnummer for oms\u00e6tningsafgift SE556887301101 WEEE-registreringsnummer 556887-3011 Oplysninger om online tvistbil\u00e6ggelse &nbsp; Europa-Kommissionen stiller en platform til r\u00e5dighed for online tvistbil\u00e6ggelse (OS). Du kan finde [&hellip;]<\/p>\n","protected":false},"author":1,"featured_media":0,"parent":0,"menu_order":0,"comment_status":"closed","ping_status":"closed","template":"tmpl_privacy.php","meta":[],"acf":[],"_links":{"self":[{"href":"https:\/\/fujifilmxmount.com\/comparison\/da\/wp-json\/wp\/v2\/pages\/2590"}],"collection":[{"href":"https:\/\/fujifilmxmount.com\/comparison\/da\/wp-json\/wp\/v2\/pages"}],"about":[{"href":"https:\/\/fujifilmxmount.com\/comparison\/da\/wp-json\/wp\/v2\/types\/page"}],"author":[{"embeddable":true,"href":"https:\/\/fujifilmxmount.com\/comparison\/da\/wp-json\/wp\/v2\/users\/1"}],"replies":[{"embeddable":true,"href":"https:\/\/fujifilmxmount.com\/comparison\/da\/wp-json\/wp\/v2\/comments?post=2590"}],"version-history":[{"count":0,"href":"https:\/\/fujifilmxmount.com\/comparison\/da\/wp-json\/wp\/v2\/pages\/2590\/revisions"}],"wp:attachment":[{"href":"https:\/\/fujifilmxmount.com\/comparison\/da\/wp-json\/wp\/v2\/media?parent=2590"}],"curies":[{"name":"wp","href":"https:\/\/api.w.org\/{rel}","templated":true}]}}