{"id":362,"date":"2014-10-30T17:23:30","date_gmt":"2014-10-30T16:23:30","guid":{"rendered":"https:\/\/fujifilmxmount.com\/comparison\/wp\/about-fujinon-x-mount-lenses-2\/"},"modified":"2016-02-09T13:19:53","modified_gmt":"2016-02-09T12:19:53","slug":"about-fujinon-x-mount-lenses","status":"publish","type":"page","link":"https:\/\/fujifilmxmount.com\/comparison\/da\/about-fujinon-x-mount-lenses\/","title":{"rendered":"Om vores objektiver"},"content":{"rendered":"<p><iframe loading=\"lazy\" class=\"xmount_movie\" src=\"\/\/www.youtube.com\/embed\/oY1PbQsh1zM\" width=\"470\" height=\"264\" frameborder=\"0\" allowfullscreen=\"allowfullscreen\"><\/iframe><\/p>\n<p>Med Fujinons objektiver til X Mount f\u00e5r du bedst mulige billedkvalitet ved alle t\u00e6nkbare motiver og i alle situationer. Objektiverne er specielt udformet &amp; tilpasset kamerahusene i X-serien og er fremstillet specifikt til kameraernes billede sensor for at opn\u00e5 bedst mulige resultat.<\/p>\n<p>&nbsp;<\/p>\n<p>Udvalget af objektiver til X-Serien er p\u00e5 kort tid vokset, til i dag at sp\u00e6nde over alt fra objektiver med fast br\u00e6ndvidde til specielle motiver, og til de alsidigeog smidigezoomobjektive. Fotomulighederne vil fremover blive endnu flere takke v\u00e6re plannerne om at lancere yderligere objektiver hen over 2016. Alle objektiverne i X-Serien tilbyder h\u00f8j opl\u00f8sning og skarphed fra kant til kant, og de store bl\u00e6nde\u00e5bninger giver fotografen uanede af muligheder for at tage fantastiske billeder i et kompakt format med lav v\u00e6gt.<\/p>\n","protected":false},"excerpt":{"rendered":"<p>Med Fujinons objektiver til X Mount f\u00e5r du bedst mulige billedkvalitet ved alle t\u00e6nkbare motiver og i alle situationer. Objektiverne er specielt udformet &amp; tilpasset kamerahusene i X-serien og er fremstillet specifikt til kameraernes billede sensor for at opn\u00e5 bedst mulige resultat. &nbsp; Udvalget af objektiver til X-Serien er p\u00e5 kort tid vokset, til i [&hellip;]<\/p>\n","protected":false},"author":1,"featured_media":0,"parent":0,"menu_order":0,"comment_status":"open","ping_status":"open","template":"tmpl-lenses.php","meta":[],"acf":[],"_links":{"self":[{"href":"https:\/\/fujifilmxmount.com\/comparison\/da\/wp-json\/wp\/v2\/pages\/362"}],"collection":[{"href":"https:\/\/fujifilmxmount.com\/comparison\/da\/wp-json\/wp\/v2\/pages"}],"about":[{"href":"https:\/\/fujifilmxmount.com\/comparison\/da\/wp-json\/wp\/v2\/types\/page"}],"author":[{"embeddable":true,"href":"https:\/\/fujifilmxmount.com\/comparison\/da\/wp-json\/wp\/v2\/users\/1"}],"replies":[{"embeddable":true,"href":"https:\/\/fujifilmxmount.com\/comparison\/da\/wp-json\/wp\/v2\/comments?post=362"}],"version-history":[{"count":0,"href":"https:\/\/fujifilmxmount.com\/comparison\/da\/wp-json\/wp\/v2\/pages\/362\/revisions"}],"wp:attachment":[{"href":"https:\/\/fujifilmxmount.com\/comparison\/da\/wp-json\/wp\/v2\/media?parent=362"}],"curies":[{"name":"wp","href":"https:\/\/api.w.org\/{rel}","templated":true}]}}