{"id":366,"date":"2014-10-30T17:23:19","date_gmt":"2014-10-30T16:23:19","guid":{"rendered":"https:\/\/fujifilmxmount.com\/comparison\/wp\/how-we-did-the-test-2\/"},"modified":"2016-02-03T14:36:52","modified_gmt":"2016-02-03T13:36:52","slug":"how-we-did-the-test","status":"publish","type":"page","link":"https:\/\/fujifilmxmount.com\/comparison\/da\/how-we-did-the-test\/","title":{"rendered":"S\u00e5dan foretog vi testen"},"content":{"rendered":"<div class=\"xmount_movie\"><iframe loading=\"lazy\" src=\"\/\/www.youtube.com\/embed\/_by7VrMRb7s\" width=\"470\" height=\"264\" frameborder=\"0\" allowfullscreen=\"allowfullscreen\"><\/iframe><\/div>\n<p>Alle billeder er taget med FUJIFILM X-T1 og de objektiver i X-serien der var tilg\u00e6ngelige i vores line up p\u00e5 dagen ved fotosessionen (november 2015). Objektiverne er testede p\u00e5 samtlige bl\u00e6ndetrin (og ved st\u00f8rste mulige bl\u00e6nde ved hvert br\u00e6ndvidde) og p\u00e5 zoom objektiverne har vi benyttet os af 3-4 forskellige br\u00e6ndvidder. Kameraet ops\u00e6tning er som f\u00f8lgende:<\/p>\n<p>&nbsp;<\/p>\n<p>JPEG (Fine)<br \/>\nProvia\/Velvia\/Classic Chrome (Film Simulation Bracketing)<br \/>\nHvidbalance: Manuel<br \/>\nLys m\u00e5ling: Multi<br \/>\nISO 200<br \/>\nFokus: AF-S \/ MF<br \/>\nSt\u00f8jreduktion ved lang eksponering: On<br \/>\nLens modulation optimizer: On<\/p>\n<p>&nbsp;<\/p>\n<p>Billederne er taget p\u00e5 stativ og med objektivets billedstabilisator deaktiveret (hvis muligt). Billederne er uredigerede JPEG-filer direkte fra kameraet men er formindsket i st\u00f8rrelse (2500\u00d71667) for at fungere mest optimal i testen p\u00e5 websiden.<\/p>\n","protected":false},"excerpt":{"rendered":"<p>Alle billeder er taget med FUJIFILM X-T1 og de objektiver i X-serien der var tilg\u00e6ngelige i vores line up p\u00e5 dagen ved fotosessionen (november 2015). Objektiverne er testede p\u00e5 samtlige bl\u00e6ndetrin (og ved st\u00f8rste mulige bl\u00e6nde ved hvert br\u00e6ndvidde) og p\u00e5 zoom objektiverne har vi benyttet os af 3-4 forskellige br\u00e6ndvidder. Kameraet ops\u00e6tning er som [&hellip;]<\/p>\n","protected":false},"author":1,"featured_media":328,"parent":0,"menu_order":0,"comment_status":"open","ping_status":"open","template":"","meta":[],"acf":[],"_links":{"self":[{"href":"https:\/\/fujifilmxmount.com\/comparison\/da\/wp-json\/wp\/v2\/pages\/366"}],"collection":[{"href":"https:\/\/fujifilmxmount.com\/comparison\/da\/wp-json\/wp\/v2\/pages"}],"about":[{"href":"https:\/\/fujifilmxmount.com\/comparison\/da\/wp-json\/wp\/v2\/types\/page"}],"author":[{"embeddable":true,"href":"https:\/\/fujifilmxmount.com\/comparison\/da\/wp-json\/wp\/v2\/users\/1"}],"replies":[{"embeddable":true,"href":"https:\/\/fujifilmxmount.com\/comparison\/da\/wp-json\/wp\/v2\/comments?post=366"}],"version-history":[{"count":0,"href":"https:\/\/fujifilmxmount.com\/comparison\/da\/wp-json\/wp\/v2\/pages\/366\/revisions"}],"wp:featuredmedia":[{"embeddable":true,"href":"https:\/\/fujifilmxmount.com\/comparison\/da\/wp-json\/wp\/v2\/media\/328"}],"wp:attachment":[{"href":"https:\/\/fujifilmxmount.com\/comparison\/da\/wp-json\/wp\/v2\/media?parent=366"}],"curies":[{"name":"wp","href":"https:\/\/api.w.org\/{rel}","templated":true}]}}