{"id":369,"date":"2014-10-30T17:24:10","date_gmt":"2014-10-30T16:24:10","guid":{"rendered":"https:\/\/fujifilmxmount.com\/comparison\/wp\/test-our-lenses-2\/"},"modified":"2014-12-03T15:16:28","modified_gmt":"2014-12-03T14:16:28","slug":"test-our-lenses","status":"publish","type":"page","link":"https:\/\/fujifilmxmount.com\/comparison\/da\/test-our-lenses\/","title":{"rendered":"Test vores objektiver"},"content":{"rendered":"<p>Test alle vores objektiver og oplev hvordan forskellige br\u00e6ndvidder og bl\u00e6ndev\u00e6rdier p\u00e5virker billedet.<\/p>\n<p>&nbsp;<\/p>\n<p>1. V\u00e6lg objektiv<br \/>\n2. V\u00e6lg bl\u00e6nde (og zoom hvis tilg\u00e6ngeligt)<br \/>\n3. Tryk p\u00e5 \u201dTag foto\u201d<\/p>\n<p>&nbsp;<\/p>\n<p>Preview og sammenlign dine billeder ved at klikke p\u00e5: \u201dSe i lightbox\u201d<\/p>\n","protected":false},"excerpt":{"rendered":"<p>Test alle vores objektiver og oplev hvordan forskellige br\u00e6ndvidder og bl\u00e6ndev\u00e6rdier p\u00e5virker billedet. &nbsp; 1. V\u00e6lg objektiv 2. V\u00e6lg bl\u00e6nde (og zoom hvis tilg\u00e6ngeligt) 3. Tryk p\u00e5 \u201dTag foto\u201d &nbsp; Preview og sammenlign dine billeder ved at klikke p\u00e5: \u201dSe i lightbox\u201d<\/p>\n","protected":false},"author":1,"featured_media":0,"parent":0,"menu_order":0,"comment_status":"open","ping_status":"open","template":"tmpl-choose-lens.php","meta":[],"acf":[],"_links":{"self":[{"href":"https:\/\/fujifilmxmount.com\/comparison\/da\/wp-json\/wp\/v2\/pages\/369"}],"collection":[{"href":"https:\/\/fujifilmxmount.com\/comparison\/da\/wp-json\/wp\/v2\/pages"}],"about":[{"href":"https:\/\/fujifilmxmount.com\/comparison\/da\/wp-json\/wp\/v2\/types\/page"}],"author":[{"embeddable":true,"href":"https:\/\/fujifilmxmount.com\/comparison\/da\/wp-json\/wp\/v2\/users\/1"}],"replies":[{"embeddable":true,"href":"https:\/\/fujifilmxmount.com\/comparison\/da\/wp-json\/wp\/v2\/comments?post=369"}],"version-history":[{"count":0,"href":"https:\/\/fujifilmxmount.com\/comparison\/da\/wp-json\/wp\/v2\/pages\/369\/revisions"}],"wp:attachment":[{"href":"https:\/\/fujifilmxmount.com\/comparison\/da\/wp-json\/wp\/v2\/media?parent=369"}],"curies":[{"name":"wp","href":"https:\/\/api.w.org\/{rel}","templated":true}]}}