{"id":1154,"date":"2014-10-30T17:23:30","date_gmt":"2014-10-30T16:23:30","guid":{"rendered":"https:\/\/fujifilmxmount.com\/comparison\/about-fujinon-x-mount-lenses-2\/"},"modified":"2015-03-13T09:00:31","modified_gmt":"2015-03-13T08:00:31","slug":"about-fujinon-x-mount-lenses","status":"publish","type":"page","link":"https:\/\/fujifilmxmount.com\/comparison\/de\/about-fujinon-x-mount-lenses\/","title":{"rendered":"Fujinon X-Mount Objektive"},"content":{"rendered":"<p><iframe loading=\"lazy\" class=\"xmount_movie\" src=\"\/\/www.youtube.com\/embed\/oY1PbQsh1zM\" width=\"470\" height=\"264\" frameborder=\"0\" allowfullscreen=\"allowfullscreen\"><\/iframe><\/p>\n<p>Die Fujifilm X-Mount Palette bietet h\u00f6chste Bildqualit\u00e4t \u00fcber den gesamten Bildbereich. In Verbindung mit den Kameras der X-Serie und der eigenen Entwicklung von Sensoren und Objektiven bieten die Fujifilm-Modelle XF und XC eine perfekte Mischung aus Qualit\u00e4t und Handhabung.<\/p>\n<p>&nbsp;<\/p>\n<p>Aktuell gibt es vierzehn Objektive; von Ausf\u00fchrungen mit fester Brennweite f\u00fcr spezifische Motive bis hin zu vielseitigen und mobilen Tele-Objektiven. Weitere Objektive werden im kommenden Jahr auf den Markt kommen und eine noch gr\u00f6\u00dfere Palette an Aufnahmem\u00f6glichkeiten bieten. Alle Objektive der X-Serie bieten eine hohe Aufl\u00f6sung und Rand-zu-Rand-Bildsch\u00e4rfe und die hohen Lichtst\u00e4rken erm\u00f6glichen ausdrucksstarke Aufnahmen bei kompakter Gr\u00f6\u00dfe.<\/p>\n","protected":false},"excerpt":{"rendered":"<p>Die Fujifilm X-Mount Palette bietet h\u00f6chste Bildqualit\u00e4t \u00fcber den gesamten Bildbereich. In Verbindung mit den Kameras der X-Serie und der eigenen Entwicklung von Sensoren und Objektiven bieten die Fujifilm-Modelle XF und XC eine perfekte Mischung aus Qualit\u00e4t und Handhabung. &nbsp; Aktuell gibt es vierzehn Objektive; von Ausf\u00fchrungen mit fester Brennweite f\u00fcr spezifische Motive bis hin [&hellip;]<\/p>\n","protected":false},"author":1,"featured_media":0,"parent":0,"menu_order":0,"comment_status":"open","ping_status":"open","template":"tmpl-lenses.php","meta":[],"acf":[],"_links":{"self":[{"href":"https:\/\/fujifilmxmount.com\/comparison\/de\/wp-json\/wp\/v2\/pages\/1154"}],"collection":[{"href":"https:\/\/fujifilmxmount.com\/comparison\/de\/wp-json\/wp\/v2\/pages"}],"about":[{"href":"https:\/\/fujifilmxmount.com\/comparison\/de\/wp-json\/wp\/v2\/types\/page"}],"author":[{"embeddable":true,"href":"https:\/\/fujifilmxmount.com\/comparison\/de\/wp-json\/wp\/v2\/users\/1"}],"replies":[{"embeddable":true,"href":"https:\/\/fujifilmxmount.com\/comparison\/de\/wp-json\/wp\/v2\/comments?post=1154"}],"version-history":[{"count":0,"href":"https:\/\/fujifilmxmount.com\/comparison\/de\/wp-json\/wp\/v2\/pages\/1154\/revisions"}],"wp:attachment":[{"href":"https:\/\/fujifilmxmount.com\/comparison\/de\/wp-json\/wp\/v2\/media?parent=1154"}],"curies":[{"name":"wp","href":"https:\/\/api.w.org\/{rel}","templated":true}]}}