{"id":1162,"date":"2014-10-30T17:23:19","date_gmt":"2014-10-30T16:23:19","guid":{"rendered":"https:\/\/fujifilmxmount.com\/comparison\/how-we-did-the-test-2\/"},"modified":"2016-02-15T17:36:21","modified_gmt":"2016-02-15T16:36:21","slug":"how-we-did-the-test","status":"publish","type":"page","link":"https:\/\/fujifilmxmount.com\/comparison\/de\/how-we-did-the-test\/","title":{"rendered":"Wie haben wir getestet?"},"content":{"rendered":"<div class=\"xmount_movie\"><img decoding=\"async\" loading=\"lazy\" class=\"alignnone size-full wp-image-1729\" src=\"https:\/\/fujifilmxmount.com\/comparison\/wp\/wp-content\/uploads\/2016\/02\/hurvigjorde.png\" alt=\"hurvigjorde\" width=\"700\" height=\"525\" \/><\/div>\n<p>Alle Fotos im Test wurden mit der FUJIFILM X-T1 und allen X-Mount-Objektiven aufgenommen wurden, die zum Zeitpunkt des Foto-Shootings (November 2015) verf\u00fcgbar waren. Die Objektive wurden mit allen vollen Blendenwerten und ihrer maximalen Blenden\u00f6ffnung bei jeder Brennweite getestet. F\u00fcr die Tele-Objektive haben wir 3-4 verschiedene Brennweiten verwendet.<\/p>\n<p>&nbsp;<\/p>\n<p>Die Kamera wurde wie folgt eingestellt:<br \/>\nJPEG (fein)<br \/>\nProvia\/Velvia\/Classic Chrome (Film Simulation Bracketing)<br \/>\nWei\u00dfabgleich: Manuell<br \/>\nBelichtung: Multi<br \/>\nISO: 200<br \/>\nVerschlusszeit: Auto<br \/>\nFocus: AF-S \/ MF<br \/>\nRauschunterdr\u00fcckung f\u00fcr Langzeitbelichtungen: An<br \/>\nLens Modulation Optimizer (LMO): An<\/p>\n<p>&nbsp;<\/p>\n<p>Die Fotos wurden mit Stativ und ausgeschalteter optischer Bildstabilisierung (sofern vorhanden) aufgenommen. Alle Fotos sind unbearbeitete JPEG-Dateien direkt aus der Kamera, und wurden auf eine Gr\u00f6sse von 2500&#215;1667 reduziert.<\/p>\n","protected":false},"excerpt":{"rendered":"<p>Alle Fotos im Test wurden mit der FUJIFILM X-T1 und allen X-Mount-Objektiven aufgenommen wurden, die zum Zeitpunkt des Foto-Shootings (November 2015) verf\u00fcgbar waren. Die Objektive wurden mit allen vollen Blendenwerten und ihrer maximalen Blenden\u00f6ffnung bei jeder Brennweite getestet. F\u00fcr die Tele-Objektive haben wir 3-4 verschiedene Brennweiten verwendet. &nbsp; Die Kamera wurde wie folgt eingestellt: JPEG [&hellip;]<\/p>\n","protected":false},"author":1,"featured_media":328,"parent":0,"menu_order":0,"comment_status":"open","ping_status":"open","template":"","meta":[],"acf":[],"_links":{"self":[{"href":"https:\/\/fujifilmxmount.com\/comparison\/de\/wp-json\/wp\/v2\/pages\/1162"}],"collection":[{"href":"https:\/\/fujifilmxmount.com\/comparison\/de\/wp-json\/wp\/v2\/pages"}],"about":[{"href":"https:\/\/fujifilmxmount.com\/comparison\/de\/wp-json\/wp\/v2\/types\/page"}],"author":[{"embeddable":true,"href":"https:\/\/fujifilmxmount.com\/comparison\/de\/wp-json\/wp\/v2\/users\/1"}],"replies":[{"embeddable":true,"href":"https:\/\/fujifilmxmount.com\/comparison\/de\/wp-json\/wp\/v2\/comments?post=1162"}],"version-history":[{"count":0,"href":"https:\/\/fujifilmxmount.com\/comparison\/de\/wp-json\/wp\/v2\/pages\/1162\/revisions"}],"wp:featuredmedia":[{"embeddable":true,"href":"https:\/\/fujifilmxmount.com\/comparison\/de\/wp-json\/wp\/v2\/media\/328"}],"wp:attachment":[{"href":"https:\/\/fujifilmxmount.com\/comparison\/de\/wp-json\/wp\/v2\/media?parent=1162"}],"curies":[{"name":"wp","href":"https:\/\/api.w.org\/{rel}","templated":true}]}}