{"id":1166,"date":"2014-10-30T17:24:10","date_gmt":"2014-10-30T16:24:10","guid":{"rendered":"https:\/\/fujifilmxmount.com\/comparison\/test-our-lenses-2\/"},"modified":"2015-03-12T09:35:12","modified_gmt":"2015-03-12T08:35:12","slug":"test-our-lenses","status":"publish","type":"page","link":"https:\/\/fujifilmxmount.com\/comparison\/de\/test-our-lenses\/","title":{"rendered":"Testen Sie unsere Objektive"},"content":{"rendered":"<p>Testen Sie unser Objektivensortiment, um auszuprobieren, wie verschiedene Objektive und Blendenwerte das Bild beeinflussen.<\/p>\n<p>&nbsp;<\/p>\n<p>1. W\u00e4hlen Sie ein Objektiv aus<br \/>\n2. W\u00e4hlen Sie den Blendenwert (und Zoom, falls verf\u00fcgbar)<br \/>\n3. Klicken Sie auf &#8222;Foto machen&#8220;.<\/p>\n<p>&nbsp;<\/p>\n<p>Um Ihre Bilder anzuzeigen und zu vergleichen, klicken Sie auf &#8222;Lightbox ansehen&#8220;.<\/p>\n","protected":false},"excerpt":{"rendered":"<p>Testen Sie unser Objektivensortiment, um auszuprobieren, wie verschiedene Objektive und Blendenwerte das Bild beeinflussen. &nbsp; 1. W\u00e4hlen Sie ein Objektiv aus 2. W\u00e4hlen Sie den Blendenwert (und Zoom, falls verf\u00fcgbar) 3. Klicken Sie auf &#8222;Foto machen&#8220;. &nbsp; Um Ihre Bilder anzuzeigen und zu vergleichen, klicken Sie auf &#8222;Lightbox ansehen&#8220;.<\/p>\n","protected":false},"author":1,"featured_media":0,"parent":0,"menu_order":0,"comment_status":"open","ping_status":"open","template":"tmpl-choose-lens.php","meta":[],"acf":[],"_links":{"self":[{"href":"https:\/\/fujifilmxmount.com\/comparison\/de\/wp-json\/wp\/v2\/pages\/1166"}],"collection":[{"href":"https:\/\/fujifilmxmount.com\/comparison\/de\/wp-json\/wp\/v2\/pages"}],"about":[{"href":"https:\/\/fujifilmxmount.com\/comparison\/de\/wp-json\/wp\/v2\/types\/page"}],"author":[{"embeddable":true,"href":"https:\/\/fujifilmxmount.com\/comparison\/de\/wp-json\/wp\/v2\/users\/1"}],"replies":[{"embeddable":true,"href":"https:\/\/fujifilmxmount.com\/comparison\/de\/wp-json\/wp\/v2\/comments?post=1166"}],"version-history":[{"count":0,"href":"https:\/\/fujifilmxmount.com\/comparison\/de\/wp-json\/wp\/v2\/pages\/1166\/revisions"}],"wp:attachment":[{"href":"https:\/\/fujifilmxmount.com\/comparison\/de\/wp-json\/wp\/v2\/media?parent=1166"}],"curies":[{"name":"wp","href":"https:\/\/api.w.org\/{rel}","templated":true}]}}