{"id":2565,"date":"2021-08-25T15:35:10","date_gmt":"2021-08-25T13:35:10","guid":{"rendered":"https:\/\/fujifilmxmount.com\/comparison\/?page_id=2565"},"modified":"2021-08-25T15:35:10","modified_gmt":"2021-08-25T13:35:10","slug":"nutzungsbedingungen-und-konditionen","status":"publish","type":"page","link":"https:\/\/fujifilmxmount.com\/comparison\/de\/nutzungsbedingungen-und-konditionen\/","title":{"rendered":"Nutzungsbedingungen und Konditionen"},"content":{"rendered":"<p>Vielen Dank f\u00fcr Ihren Besuch auf dieser Website. Diese Website, einschlie\u00dflich aller l\u00e4nderspezifischen Seiten in der jeweiligen Landessprache und aller anderen Seiten, ist Eigentum von FUJIFILM Europe und wird ausschlie\u00dflich von FUJIFILM gepflegt und der \u00d6ffentlichkeit zur Verf\u00fcgung gestellt, um allen, die an der FUJIFILM Corporation in Europa und an den Produkten und Dienstleistungen von FUJIFILM interessiert sind, eine bequeme M\u00f6glichkeit zu bieten, relevante Informationen zu finden, wie z.B. die neuesten Pressemitteilungen, Finanzinformationen, das Produktangebot, lokale Kontaktinformationen und Websites, die den Tochtergesellschaften von FUJIFILM oder seinen Vertriebspartnern geh\u00f6ren.<\/p>\n<p>Ihr Zugriff auf diese Website, Ihr Browsen und Ihre Nutzung dieser Website unterliegt den folgenden Nutzungsbedingungen und an anderer Stelle auf dieser Website genannten sonstigen Bestimmungen sowie den anwendbaren Vorschriften und Gesetzen.<\/p>\n<p>FUJIFILM bittet Sie daher, die Nutzungsbedingungen sorgf\u00e4ltig zu lesen.<\/p>\n<h2>1.\u00a0\u00a0 Nutzung dieser Website<\/h2>\n<p>Diese Nutzungsbedingungen gelten f\u00fcr diese Website und f\u00fcr alle anderen Websites, die auf die Nutzungsbedingungen verweisen. M\u00f6glicherweise finden Sie zus\u00e4tzliche Bedingungen, die sich auf bestimmte Seiten dieser Website beziehen. Ihre Nutzung solcher Seiten innerhalb dieser Website wird durch die Bedingungen dieser Seiten geregelt. Bei Widerspr\u00fcchen zwischen den hier aufgef\u00fchrten Bedingungen und zus\u00e4tzlichen Bedingungen, die an anderer Stelle auf dieser Website aufgef\u00fchrt sind, haben die zus\u00e4tzlichen Bedingungen Vorrang.<\/p>\n<p>Vorbehaltlich dieser Nutzungsbedingungen gew\u00e4hrt Ihnen FUJIFILM hiermit im Rahmen der geistigen Schutzrechte von FUJIFILM ein nicht-ausschlie\u00dfliches, weltweites, nicht \u00fcbertragbares Recht, diese Website und die darin enthaltenen Inhalte ausschlie\u00dflich f\u00fcr den pers\u00f6nlichen, nicht-kommerziellen Gebrauch vorbehaltlich der in diesen Nutzungsbedingungen dargelegten Einschr\u00e4nkungen und Verpflichtungen zu nutzen. Weitergehende Rechte werden nicht gew\u00e4hrt.<\/p>\n<h2>2.\u00a0\u00a0 Geistige Eigentumsrechte<\/h2>\n<p>Sofern nicht anders angegeben oder angegeben, sind alle Texte, Softwareprogramme, die auf oder \u00fcber diese Website zug\u00e4nglich sind, und andere auf dieser Website enthaltene Inhalte (&#8222;Inhalte&#8220;), einschlie\u00dflich (eingetragener und nicht eingetragener) Marken, Grafiken, Fotos, Bilder, Logos und Dienstleistungsmarken (zusammen die &#8222;Marken&#8220;) sowie die Auswahl, Anordnung und das &#8222;Look and Feel&#8220; der Marken und anderer Inhalte das Eigentum von FUJIFILM oder das Eigentum Dritter, die FUJIFILM die Erlaubnis zur Nutzung dieser Inhalte auf dieser Website erteilt haben. Der gesamte Inhalt ist durch internationale Urheberrechts- und Markengesetze gesch\u00fctzt.<\/p>\n<h2>3.\u00a0\u00a0 Einschr\u00e4nkungen f\u00fcr die Nutzung der Inhalte dieser Website<\/h2>\n<p>Es ist Ihnen untersagt, Marken oder andere Inhalte, die auf oder \u00fcber diese Website zug\u00e4nglich sind, zu kommerziellen oder \u00f6ffentlichen Zwecken zu ver\u00e4ndern, zu kopieren, herunterzuladen, zu verteilen, zu \u00fcbertragen, anzuzeigen, zu ver\u00f6ffentlichen, zu verkaufen, zu lizenzieren, abgeleitete Werke zu erstellen oder anderweitig zu nutzen, einschlie\u00dflich, aber nicht beschr\u00e4nkt auf die Nutzung als Meta-Tags auf anderen Seiten oder Websites im World Wide Web, es sei denn, dies ist nach geltendem Recht ausdr\u00fccklich erlaubt oder hier oder an anderer Stelle auf dieser Website erlaubt, oder Sie haben zuvor eine schriftliche Genehmigung von FUJIFILM oder einer dritten Partei erhalten, die \u00fcber die zur Erteilung dieser gesetzlichen Genehmigung erforderlichen Befugnisse, Autorit\u00e4ten, Titel oder Interessen verf\u00fcgt. Nichts in diesen Nutzungsbedingungen \u00fcbertr\u00e4gt Ihnen irgendwelche Rechte an den Marken oder anderen Inhalten, die hier nicht ausdr\u00fccklich erw\u00e4hnt werden.<\/p>\n<h2>4.\u00a0\u00a0 Inhalte Dritter<\/h2>\n<p>Diese Website kann Links zu Websites und Inhalten Dritter (&#8222;Inhalte Dritter&#8220;) als Dienstleistung f\u00fcr Sie enthalten. Alle Inhalte Dritter oder Websites Dritter, die \u00fcber die auf der Website enthaltenen Links zug\u00e4nglich sind, sind externe Informationen. FUJIFILM \u00fcberwacht, \u00fcberpr\u00fcft oder aktualisiert die Inhalte Dritter oder die Websites Dritter nicht und hat keine Kontrolle \u00fcber diese. Sofern nicht ausdr\u00fccklich anders angegeben, bef\u00fcrwortet oder \u00fcbernimmt FUJIFILM keine Inhalte Dritter, und FUJIFILM gibt keine Zusicherungen, Garantien oder Gew\u00e4hrleistungen hinsichtlich der Genauigkeit, Vollst\u00e4ndigkeit, Aktualit\u00e4t oder Zuverl\u00e4ssigkeit von Inhalten Dritter ab. Wenn Sie diese Links und die Inhalte Dritter verwenden, tun Sie dies vollst\u00e4ndig auf eigenes Risiko. Dar\u00fcber hinaus stellt die Bezugnahme auf Produkte, Dienstleistungen, Prozesse oder andere Informationen durch Handelsnamen, Warenzeichen, Hersteller, Lieferanten oder anderweitig keine Bef\u00fcrwortung, F\u00f6rderung oder Empfehlung durch FUJIFILM dar oder impliziert diese.<\/p>\n<h2>5.\u00a0\u00a0 Aktualisierungen und \u00dcberarbeitungen<\/h2>\n<p>Der Inhalt dieser Website wird von FUJIFILM als Service f\u00fcr Sie bereitgestellt und kann ohne vorherige Ank\u00fcndigung ge\u00e4ndert werden. FUJIFILM kann die Nutzungsbedingungen und den Inhalt jederzeit und von Zeit zu Zeit \u00fcberarbeiten und aktualisieren. Wir empfehlen Ihnen, diese Seite regelm\u00e4\u00dfig zu besuchen, um sich mit allen aktuellen Bedingungen und Konditionen vertraut zu machen, und diese Website generell zu \u00fcberpr\u00fcfen, um sich mit allen Aktualisierungen und \u00dcberarbeitungen vertraut zu machen.<\/p>\n<h2>6.\u00a0\u00a0 Keine Gew\u00e4hrleistungen<\/h2>\n<p>Diese Website, ihr Inhalt und ihre Dienstleistungen werden ohne M\u00e4ngelgew\u00e4hr und ohne jegliche ausdr\u00fcckliche oder stillschweigende Garantie zur Verf\u00fcgung gestellt. FUJIFILM lehnt jede Gew\u00e4hrleistung ab, einschlie\u00dflich, aber nicht beschr\u00e4nkt auf die implizite Gew\u00e4hrleistung der Marktg\u00e4ngigkeit und Eignung f\u00fcr einen bestimmten Zweck, des Informationsgehalts, der Systemintegration oder der Genauigkeit.<\/p>\n<h2>7.\u00a0\u00a0 Kontakt<\/h2>\n<p>Unsere Kontaktdaten finden Sie unter dem Impressum der Website.<\/p>\n<p>&nbsp;<\/p>\n","protected":false},"excerpt":{"rendered":"<p>Vielen Dank f\u00fcr Ihren Besuch auf dieser Website. Diese Website, einschlie\u00dflich aller l\u00e4nderspezifischen Seiten in der jeweiligen Landessprache und aller anderen Seiten, ist Eigentum von FUJIFILM Europe und wird ausschlie\u00dflich von FUJIFILM gepflegt und der \u00d6ffentlichkeit zur Verf\u00fcgung gestellt, um allen, die an der FUJIFILM Corporation in Europa und an den Produkten und Dienstleistungen von [&hellip;]<\/p>\n","protected":false},"author":1,"featured_media":0,"parent":0,"menu_order":0,"comment_status":"closed","ping_status":"closed","template":"tmpl_privacy.php","meta":[],"acf":[],"_links":{"self":[{"href":"https:\/\/fujifilmxmount.com\/comparison\/de\/wp-json\/wp\/v2\/pages\/2565"}],"collection":[{"href":"https:\/\/fujifilmxmount.com\/comparison\/de\/wp-json\/wp\/v2\/pages"}],"about":[{"href":"https:\/\/fujifilmxmount.com\/comparison\/de\/wp-json\/wp\/v2\/types\/page"}],"author":[{"embeddable":true,"href":"https:\/\/fujifilmxmount.com\/comparison\/de\/wp-json\/wp\/v2\/users\/1"}],"replies":[{"embeddable":true,"href":"https:\/\/fujifilmxmount.com\/comparison\/de\/wp-json\/wp\/v2\/comments?post=2565"}],"version-history":[{"count":0,"href":"https:\/\/fujifilmxmount.com\/comparison\/de\/wp-json\/wp\/v2\/pages\/2565\/revisions"}],"wp:attachment":[{"href":"https:\/\/fujifilmxmount.com\/comparison\/de\/wp-json\/wp\/v2\/media?parent=2565"}],"curies":[{"name":"wp","href":"https:\/\/api.w.org\/{rel}","templated":true}]}}