{"id":2596,"date":"2021-08-31T09:40:34","date_gmt":"2021-08-31T07:40:34","guid":{"rendered":"https:\/\/fujifilmxmount.com\/comparison\/?page_id=2596"},"modified":"2021-09-13T09:55:31","modified_gmt":"2021-09-13T07:55:31","slug":"impressum","status":"publish","type":"page","link":"https:\/\/fujifilmxmount.com\/comparison\/de\/impressum\/","title":{"rendered":"Impressum"},"content":{"rendered":"<table>\n<tbody>\n<tr>\n<td width=\"288\">Name der Firma<\/td>\n<td width=\"317\">FUJIFILM Nordic AB<\/td>\n<\/tr>\n<tr>\n<td width=\"288\">Adresse<\/td>\n<td width=\"317\">Hantverkargatan 25, SE-112 21 Stockholm, Schweden<\/td>\n<\/tr>\n<tr>\n<td width=\"288\">Telefon<\/td>\n<td width=\"317\">+46 (0)8 525 237 00<\/td>\n<\/tr>\n<tr>\n<td width=\"288\">Fax<\/td>\n<td width=\"317\">n\/a<\/td>\n<\/tr>\n<tr>\n<td width=\"288\">E-Mail<\/td>\n<td width=\"317\">info@fujifilmnordic.eu<\/td>\n<\/tr>\n<tr>\n<td width=\"288\">Gesch\u00e4ftsf\u00fchrer<\/td>\n<td width=\"317\">Patrik Wigholm<\/td>\n<\/tr>\n<tr>\n<td width=\"288\">Registergericht<\/td>\n<td width=\"317\">Stockholms Tingsr\u00e4tt<\/td>\n<\/tr>\n<tr>\n<td width=\"288\">Registernummer<\/td>\n<td width=\"317\">556887-3011<\/td>\n<\/tr>\n<tr>\n<td width=\"288\">Umsatzsteuer-Identifikationsnummer<\/td>\n<td width=\"317\">SE556887301101<\/td>\n<\/tr>\n<tr>\n<td width=\"288\">WEEE Registrierungsnummer<\/td>\n<td width=\"317\">556887-3011<\/td>\n<\/tr>\n<tr>\n<td width=\"288\">Informationen zur Online-Streitbeilegung<\/p>\n<p>&nbsp;<\/td>\n<td width=\"317\">Die Europ\u00e4ische Kommission stellt eine Plattform zur Online-Streitbeilegung (OS) bereit. Die Plattform finden Sie unter https:\/\/ec.europa.eu\/consumers\/odr. Wir sind weder bereit noch verpflichtet, an einem Streitbeilegungsverfahren vor einer Verbraucherschlichtungsstelle teilzunehmen.<\/td>\n<\/tr>\n<\/tbody>\n<\/table>\n","protected":false},"excerpt":{"rendered":"<p>Name der Firma FUJIFILM Nordic AB Adresse Hantverkargatan 25, SE-112 21 Stockholm, Schweden Telefon +46 (0)8 525 237 00 Fax n\/a E-Mail info@fujifilmnordic.eu Gesch\u00e4ftsf\u00fchrer Patrik Wigholm Registergericht Stockholms Tingsr\u00e4tt Registernummer 556887-3011 Umsatzsteuer-Identifikationsnummer SE556887301101 WEEE Registrierungsnummer 556887-3011 Informationen zur Online-Streitbeilegung &nbsp; Die Europ\u00e4ische Kommission stellt eine Plattform zur Online-Streitbeilegung (OS) bereit. Die Plattform finden Sie unter [&hellip;]<\/p>\n","protected":false},"author":1,"featured_media":0,"parent":0,"menu_order":0,"comment_status":"closed","ping_status":"closed","template":"tmpl_privacy.php","meta":[],"acf":[],"_links":{"self":[{"href":"https:\/\/fujifilmxmount.com\/comparison\/de\/wp-json\/wp\/v2\/pages\/2596"}],"collection":[{"href":"https:\/\/fujifilmxmount.com\/comparison\/de\/wp-json\/wp\/v2\/pages"}],"about":[{"href":"https:\/\/fujifilmxmount.com\/comparison\/de\/wp-json\/wp\/v2\/types\/page"}],"author":[{"embeddable":true,"href":"https:\/\/fujifilmxmount.com\/comparison\/de\/wp-json\/wp\/v2\/users\/1"}],"replies":[{"embeddable":true,"href":"https:\/\/fujifilmxmount.com\/comparison\/de\/wp-json\/wp\/v2\/comments?post=2596"}],"version-history":[{"count":0,"href":"https:\/\/fujifilmxmount.com\/comparison\/de\/wp-json\/wp\/v2\/pages\/2596\/revisions"}],"wp:attachment":[{"href":"https:\/\/fujifilmxmount.com\/comparison\/de\/wp-json\/wp\/v2\/media?parent=2596"}],"curies":[{"name":"wp","href":"https:\/\/api.w.org\/{rel}","templated":true}]}}