{"id":2567,"date":"2021-08-25T15:35:32","date_gmt":"2021-08-25T13:35:32","guid":{"rendered":"https:\/\/fujifilmxmount.com\/comparison\/?page_id=2567"},"modified":"2021-08-25T15:35:32","modified_gmt":"2021-08-25T13:35:32","slug":"terminos-y-condiciones-de-uso","status":"publish","type":"page","link":"https:\/\/fujifilmxmount.com\/comparison\/es\/terminos-y-condiciones-de-uso\/","title":{"rendered":"T\u00e9rminos y condiciones de uso"},"content":{"rendered":"<p>Gracias por visitar esta p\u00e1gina web. Esta p\u00e1gina web, incluyendo todas las p\u00e1ginas en idiomas locales espec\u00edficos de cada pa\u00eds y todas las dem\u00e1s p\u00e1ginas, es propiedad de FUJIFILM Europa y es mantenida y puesta a disposici\u00f3n del p\u00fablico \u00fanicamente por FUJIFILM con el prop\u00f3sito de ofrecer a aquellos que est\u00e1n interesados en la Corporaci\u00f3n FUJIFILM en Europa y en los productos y servicios de FUJIFILM una forma conveniente de encontrar informaci\u00f3n relevante, como las \u00faltimas noticias, informaci\u00f3n financiera, l\u00ednea de productos, informaci\u00f3n de contacto local y p\u00e1ginas web propiedad de las filiales de FUJIFILM o de sus distribuidores.<\/p>\n<p>Su acceso, navegaci\u00f3n y uso de este sitio web se rige por los siguientes t\u00e9rminos y condiciones y cualquier otro t\u00e9rmino, condici\u00f3n o directriz establecidos en otra parte de este sitio web, as\u00ed como todas las leyes, reglas y regulaciones aplicables, incluyendo pero no limit\u00e1ndose a las leyes relativas a marcas comerciales, derechos de autor, derechos de privacidad y difamaci\u00f3n.<\/p>\n<p>Por lo tanto, FUJIFILM le pide amablemente que lea los T\u00e9rminos y Condiciones cuidadosamente.<\/p>\n<h2>1.\u00a0\u00a0\u00a0\u00a0 El uso de este sitio web<\/h2>\n<p>Estos T\u00e9rminos y Condiciones se aplican a este sitio web y a cualquier otro sitio web que tenga un enlace con los T\u00e9rminos y Condiciones. Puede encontrar t\u00e9rminos y condiciones adicionales pertenecientes a p\u00e1ginas espec\u00edficas de este sitio web. El uso de dichas p\u00e1ginas dentro de este sitio web se rige por los t\u00e9rminos y condiciones de las mismas. Si existe alg\u00fan conflicto entre los T\u00e9rminos y Condiciones aqu\u00ed estipulados y los t\u00e9rminos y condiciones adicionales estipulados en otras partes de este sitio web, prevalecer\u00e1n los t\u00e9rminos y condiciones adicionales.<\/p>\n<p>Con sujeci\u00f3n a estos T\u00e9rminos y Condiciones, FUJIFILM le concede, en virtud de los derechos de propiedad intelectual de FUJIFILM, un derecho no exclusivo, mundial e intransferible para utilizar esta p\u00e1gina web y el Contenido incluido en ella s\u00f3lo para uso personal y no comercial, sujeto a las restricciones y obligaciones establecidas en estos T\u00e9rminos y Condiciones. No se conceden derechos de mayor alcance.<\/p>\n<h2>2.\u00a0\u00a0\u00a0\u00a0 Derechos de propiedad intelectual<\/h2>\n<p>A menos que se indique lo contrario, todos los textos, programas de software disponibles en o a trav\u00e9s de esta p\u00e1gina web, y otros contenidos incluidos en esta p\u00e1gina web (\u00abContenido\u00bb), incluyendo marcas comerciales (registradas y no registradas), gr\u00e1ficos, fotograf\u00edas, im\u00e1genes, logotipos y marcas de servicio (colectivamente, las \u00abMarcas\u00bb) y la selecci\u00f3n, disposici\u00f3n y \u00abaspecto\u00bb de las Marcas y otros Contenidos son propiedad de FUJIFILM o de terceros que han concedido a FUJIFILM permiso para utilizar dichos Contenidos en esta p\u00e1gina web. Todo el Contenido est\u00e1 protegido por las leyes internacionales de derechos de autor y marcas registradas.<\/p>\n<h2>3.\u00a0\u00a0\u00a0\u00a0 Restricciones en el uso del contenido de este sitio web<\/h2>\n<p>Excepto en los casos expresamente permitidos por la ley aplicable o por lo permitido aqu\u00ed o en cualquier otro lugar de este sitio web, o mediante la obtenci\u00f3n de un permiso previo por escrito de FUJIFILM, o de cualquier tercero que tenga el poder, la autoridad, los t\u00edtulos o el inter\u00e9s necesarios para conceder dicho permiso legal, se le proh\u00edbe modificar, copiar, descargar, distribuir, transmitir, exhibir, publicar, vender, licenciar, crear trabajos derivados o utilizar de otro modo cualquier Marca u otro Contenido disponible en o a trav\u00e9s de este sitio web para fines comerciales o p\u00fablicos, incluyendo, pero no limit\u00e1ndose a, el uso como meta etiquetas meta en otras p\u00e1ginas o sitios web de la World Wide Web. Nada en estos T\u00e9rminos y Condiciones confiere a usted ning\u00fan derecho sobre las Marcas u otro Contenido que no se mencione espec\u00edficamente en el presente documento.<\/p>\n<h2>4.\u00a0\u00a0\u00a0\u00a0 Contenido de terceros<\/h2>\n<p>Este sitio web puede contener enlaces a sitios web y al contenido de terceros (\u00abContenido de terceros\u00bb) como un servicio para usted. Cualquier Contenido de Terceros o sitios web de terceros a los que se pueda acceder a trav\u00e9s de los enlaces contenidos en el Sitio Web son informaci\u00f3n externa. FUJIFILM no supervisa, revisa ni actualiza, y no tiene ning\u00fan control sobre el Contenido de Terceros o los sitios web de terceros. A menos que se indique expresamente lo contrario, FUJIFILM no aprueba ni adopta ning\u00fan Contenido de Terceros, y FUJIFILM no representa, garantiza o asegura la exactitud, integridad, puntualidad o fiabilidad de ning\u00fan Contenido de Terceros. Si usted utiliza estos enlaces y el Contenido de Terceros, lo hace bajo su propio riesgo. Adem\u00e1s, la referencia a cualquier producto, servicio, proceso u otra informaci\u00f3n por nombre comercial, marca registrada, fabricante, proveedor o de otra manera no constituye o implica ning\u00fan respaldo, patrocinio o recomendaci\u00f3n por parte de FUJIFILM.<\/p>\n<h2>5.\u00a0\u00a0\u00a0\u00a0 Actualizaciones y revisi\u00f3n<\/h2>\n<p>El contenido de este sitio web es proporcionado por FUJIFILM para su conveniencia y est\u00e1 sujeto a cambios sin previo aviso. FUJIFILM puede, en cualquier momento y de vez en cuando, revisar y actualizar los T\u00e9rminos y Condiciones y el Contenido. Le recomendamos que visite peri\u00f3dicamente esta p\u00e1gina para revisar y familiarizarse con todos los t\u00e9rminos y condiciones actuales y revisar este sitio web en general para familiarizarse con cualquier actualizaci\u00f3n y revisi\u00f3n.<\/p>\n<h2>6.\u00a0\u00a0\u00a0\u00a0 No hay garant\u00edas<\/h2>\n<p>Este sitio web, su contenido y sus servicios se proporcionan \u00abtal cual\u00bb, sin garant\u00eda de ning\u00fan tipo, ni expresa ni impl\u00edcita. FUJIFILM renuncia a todas las garant\u00edas, incluyendo, pero no limit\u00e1ndose a, las garant\u00edas impl\u00edcitas de comerciabilidad y adecuaci\u00f3n para un prop\u00f3sito particular, contenido informativo, integraci\u00f3n de sistemas o exactitud.<\/p>\n<h2>7.\u00a0\u00a0\u00a0\u00a0 Contacte con<\/h2>\n<p>Por favor, encuentre nuestros datos de contacto en el pie de imprenta de la p\u00e1gina web.<\/p>\n","protected":false},"excerpt":{"rendered":"<p>Gracias por visitar esta p\u00e1gina web. Esta p\u00e1gina web, incluyendo todas las p\u00e1ginas en idiomas locales espec\u00edficos de cada pa\u00eds y todas las dem\u00e1s p\u00e1ginas, es propiedad de FUJIFILM Europa y es mantenida y puesta a disposici\u00f3n del p\u00fablico \u00fanicamente por FUJIFILM con el prop\u00f3sito de ofrecer a aquellos que est\u00e1n interesados en la Corporaci\u00f3n [&hellip;]<\/p>\n","protected":false},"author":1,"featured_media":0,"parent":0,"menu_order":0,"comment_status":"closed","ping_status":"closed","template":"tmpl_privacy.php","meta":[],"acf":[],"_links":{"self":[{"href":"https:\/\/fujifilmxmount.com\/comparison\/es\/wp-json\/wp\/v2\/pages\/2567"}],"collection":[{"href":"https:\/\/fujifilmxmount.com\/comparison\/es\/wp-json\/wp\/v2\/pages"}],"about":[{"href":"https:\/\/fujifilmxmount.com\/comparison\/es\/wp-json\/wp\/v2\/types\/page"}],"author":[{"embeddable":true,"href":"https:\/\/fujifilmxmount.com\/comparison\/es\/wp-json\/wp\/v2\/users\/1"}],"replies":[{"embeddable":true,"href":"https:\/\/fujifilmxmount.com\/comparison\/es\/wp-json\/wp\/v2\/comments?post=2567"}],"version-history":[{"count":0,"href":"https:\/\/fujifilmxmount.com\/comparison\/es\/wp-json\/wp\/v2\/pages\/2567\/revisions"}],"wp:attachment":[{"href":"https:\/\/fujifilmxmount.com\/comparison\/es\/wp-json\/wp\/v2\/media?parent=2567"}],"curies":[{"name":"wp","href":"https:\/\/api.w.org\/{rel}","templated":true}]}}