{"id":2610,"date":"2021-08-31T09:43:24","date_gmt":"2021-08-31T07:43:24","guid":{"rendered":"https:\/\/fujifilmxmount.com\/comparison\/?page_id=2610"},"modified":"2021-09-13T09:55:50","modified_gmt":"2021-09-13T07:55:50","slug":"impresion","status":"publish","type":"page","link":"https:\/\/fujifilmxmount.com\/comparison\/es\/impresion\/","title":{"rendered":"Impresi\u00f3n"},"content":{"rendered":"<table>\n<tbody>\n<tr>\n<td width=\"288\">nombre de empresa<\/td>\n<td width=\"317\">FUJIFILM Nordic AB<\/td>\n<\/tr>\n<tr>\n<td width=\"288\">Direcci\u00f3n<\/td>\n<td width=\"317\">Hantverkargatan 25, SE-112 21 Stockholm, Suecia<\/td>\n<\/tr>\n<tr>\n<td width=\"288\">Tel\u00e9fono<\/td>\n<td width=\"317\">+46 (0)8 525 237 00<\/td>\n<\/tr>\n<tr>\n<td width=\"288\">Fax<\/td>\n<td width=\"317\">n\/a<\/td>\n<\/tr>\n<tr>\n<td width=\"288\">Correo electr\u00f3nico<\/td>\n<td width=\"317\">info@fujifilmnordic.eu<\/td>\n<\/tr>\n<tr>\n<td width=\"288\">Director General<\/td>\n<td width=\"317\">Patrik Wigholm<\/td>\n<\/tr>\n<tr>\n<td width=\"288\">Registro del tribunal<\/td>\n<td width=\"317\">Stockholms Tingsr\u00e4tt<\/td>\n<\/tr>\n<tr>\n<td width=\"288\">N\u00famero de registro<\/td>\n<td width=\"317\">556887-3011<\/td>\n<\/tr>\n<tr>\n<td width=\"288\">N\u00famero de identificaci\u00f3n del impuesto sobre las ventas<\/td>\n<td width=\"317\">SE556887301101<\/td>\n<\/tr>\n<tr>\n<td width=\"288\">N\u00famero de registro WEEE<\/td>\n<td width=\"317\">556887-3011<\/td>\n<\/tr>\n<tr>\n<td width=\"288\">Informaci\u00f3n sobre la resoluci\u00f3n de conflictos en l\u00ednea<\/p>\n<p>&nbsp;<\/td>\n<td width=\"317\">La Comisi\u00f3n Europea ofrece una plataforma para la resoluci\u00f3n de litigios en l\u00ednea (OS). Puede encontrar la plataforma en https:\/\/ec.europa.eu\/consumers\/odr. No estamos dispuestos ni obligados a participar en un procedimiento de resoluci\u00f3n de conflictos ante una junta de arbitraje de consumidores.<\/td>\n<\/tr>\n<\/tbody>\n<\/table>\n","protected":false},"excerpt":{"rendered":"<p>nombre de empresa FUJIFILM Nordic AB Direcci\u00f3n Hantverkargatan 25, SE-112 21 Stockholm, Suecia Tel\u00e9fono +46 (0)8 525 237 00 Fax n\/a Correo electr\u00f3nico info@fujifilmnordic.eu Director General Patrik Wigholm Registro del tribunal Stockholms Tingsr\u00e4tt N\u00famero de registro 556887-3011 N\u00famero de identificaci\u00f3n del impuesto sobre las ventas SE556887301101 N\u00famero de registro WEEE 556887-3011 Informaci\u00f3n sobre la resoluci\u00f3n [&hellip;]<\/p>\n","protected":false},"author":1,"featured_media":0,"parent":0,"menu_order":0,"comment_status":"closed","ping_status":"closed","template":"tmpl_privacy.php","meta":[],"acf":[],"_links":{"self":[{"href":"https:\/\/fujifilmxmount.com\/comparison\/es\/wp-json\/wp\/v2\/pages\/2610"}],"collection":[{"href":"https:\/\/fujifilmxmount.com\/comparison\/es\/wp-json\/wp\/v2\/pages"}],"about":[{"href":"https:\/\/fujifilmxmount.com\/comparison\/es\/wp-json\/wp\/v2\/types\/page"}],"author":[{"embeddable":true,"href":"https:\/\/fujifilmxmount.com\/comparison\/es\/wp-json\/wp\/v2\/users\/1"}],"replies":[{"embeddable":true,"href":"https:\/\/fujifilmxmount.com\/comparison\/es\/wp-json\/wp\/v2\/comments?post=2610"}],"version-history":[{"count":0,"href":"https:\/\/fujifilmxmount.com\/comparison\/es\/wp-json\/wp\/v2\/pages\/2610\/revisions"}],"wp:attachment":[{"href":"https:\/\/fujifilmxmount.com\/comparison\/es\/wp-json\/wp\/v2\/media?parent=2610"}],"curies":[{"name":"wp","href":"https:\/\/api.w.org\/{rel}","templated":true}]}}