{"id":810,"date":"2014-10-30T17:23:30","date_gmt":"2014-10-30T16:23:30","guid":{"rendered":"https:\/\/fujifilmxmount.com\/comparison\/about-fujinon-x-mount-lenses-2\/"},"modified":"2016-02-09T13:25:25","modified_gmt":"2016-02-09T12:25:25","slug":"about-fujinon-x-mount-lenses","status":"publish","type":"page","link":"https:\/\/fujifilmxmount.com\/comparison\/es\/about-fujinon-x-mount-lenses\/","title":{"rendered":"Acerca de nuestras \u00f3pticas"},"content":{"rendered":"<p><iframe loading=\"lazy\" class=\"xmount_movie\" src=\"\/\/www.youtube.com\/embed\/oY1PbQsh1zM\" width=\"470\" height=\"264\" frameborder=\"0\" allowfullscreen=\"allowfullscreen\"><\/iframe><\/p>\n<p>La gama de montura X de Fujifilm logra la m\u00e1xima calidad de imagen en la m\u00e1s amplia variedad de escenas. Creada en combinaci\u00f3n con las c\u00e1maras de la serie X, el desarrollo simult\u00e1neo del sensor y los objetivos permite a los modelos XF y XC de Fujifilm ofrecer la mezcla perfecta de calidad y manipulaci\u00f3n.<\/p>\n<p>&nbsp;<\/p>\n<p>La gama est\u00e1 compuesta en la actualidad por diecinueve objetivos, desde versiones de longitud focal fija, dirigidas a sujetos espec\u00edficos, hasta zooms vers\u00e1tiles y m\u00f3viles. Est\u00e1 previsto que a lo largo del a\u00f1o pr\u00f3ximo se lancen m\u00e1s objetivos, que ofrecer\u00e1n un rango de opciones de disparo a\u00fan mayor. Todos los objetivos de la serie X ofrecen alta resoluci\u00f3n y nitidez de borde a borde, mientras conservan un tama\u00f1o compacto.<\/p>\n","protected":false},"excerpt":{"rendered":"<p>La gama de montura X de Fujifilm logra la m\u00e1xima calidad de imagen en la m\u00e1s amplia variedad de escenas. Creada en combinaci\u00f3n con las c\u00e1maras de la serie X, el desarrollo simult\u00e1neo del sensor y los objetivos permite a los modelos XF y XC de Fujifilm ofrecer la mezcla perfecta de calidad y manipulaci\u00f3n. [&hellip;]<\/p>\n","protected":false},"author":1,"featured_media":0,"parent":0,"menu_order":0,"comment_status":"open","ping_status":"open","template":"tmpl-lenses.php","meta":[],"acf":[],"_links":{"self":[{"href":"https:\/\/fujifilmxmount.com\/comparison\/es\/wp-json\/wp\/v2\/pages\/810"}],"collection":[{"href":"https:\/\/fujifilmxmount.com\/comparison\/es\/wp-json\/wp\/v2\/pages"}],"about":[{"href":"https:\/\/fujifilmxmount.com\/comparison\/es\/wp-json\/wp\/v2\/types\/page"}],"author":[{"embeddable":true,"href":"https:\/\/fujifilmxmount.com\/comparison\/es\/wp-json\/wp\/v2\/users\/1"}],"replies":[{"embeddable":true,"href":"https:\/\/fujifilmxmount.com\/comparison\/es\/wp-json\/wp\/v2\/comments?post=810"}],"version-history":[{"count":0,"href":"https:\/\/fujifilmxmount.com\/comparison\/es\/wp-json\/wp\/v2\/pages\/810\/revisions"}],"wp:attachment":[{"href":"https:\/\/fujifilmxmount.com\/comparison\/es\/wp-json\/wp\/v2\/media?parent=810"}],"curies":[{"name":"wp","href":"https:\/\/api.w.org\/{rel}","templated":true}]}}