{"id":814,"date":"2014-10-30T17:23:19","date_gmt":"2014-10-30T16:23:19","guid":{"rendered":"https:\/\/fujifilmxmount.com\/comparison\/how-we-did-the-test-2\/"},"modified":"2016-02-15T17:36:39","modified_gmt":"2016-02-15T16:36:39","slug":"how-we-did-the-test","status":"publish","type":"page","link":"https:\/\/fujifilmxmount.com\/comparison\/es\/how-we-did-the-test\/","title":{"rendered":"C\u00f3mo hemos hecho la prueba"},"content":{"rendered":"<div class=\"xmount_movie\"><img decoding=\"async\" loading=\"lazy\" class=\"alignnone size-full wp-image-1729\" src=\"https:\/\/fujifilmxmount.com\/comparison\/wp\/wp-content\/uploads\/2016\/02\/hurvigjorde.png\" alt=\"hurvigjorde\" width=\"700\" height=\"525\" \/><\/div>\n<p>Todas las fotos de la prueba se tomaron con la FUJIFILM X-T1 y todos los objetivos de montura X disponibles en el momento de la sesi\u00f3n fotogr\u00e1fica (noviembre de 2015). Los objetivos se fotografiaron en todos los pasos F completos y su m\u00e1xima abertura en cada longitud focal. Para los objetivos zoom hemos usado 3-4 longitudes focales distintas.<\/p>\n<p>&nbsp;<\/p>\n<p>La c\u00e1mara se ajust\u00f3 de la siguiente manera:<br \/>\nJPEG (Fine)<br \/>\nProvia\/Velvia\/Classic Chrome (Film Simulation Bracketing)<br \/>\nEquilibrio de blancos: Manual<br \/>\nMedici\u00f3n: M\u00faltiple<br \/>\nISO: 200<br \/>\nVelocidad de obturaci\u00f3n: Autom\u00e1tica<br \/>\nEnfoque: AF-S \/ MF<br \/>\nReducci\u00f3n de ruido para exposiciones largas: Activada<br \/>\nOptimizador de modulaci\u00f3n del objetivo: Activado<\/p>\n<p>&nbsp;<\/p>\n<p>Las fotos se tomaron con un tr\u00edpode con estabilizaci\u00f3n de imagen \u00f3ptica (si est\u00e1 disponible) desactivada. Las fotos son archivos JPEG sin editar seg\u00fan se obtienen de la c\u00e1mara que se han reducido de tama\u00f1o hasta: 2500&#215;1667.<\/p>\n","protected":false},"excerpt":{"rendered":"<p>Todas las fotos de la prueba se tomaron con la FUJIFILM X-T1 y todos los objetivos de montura X disponibles en el momento de la sesi\u00f3n fotogr\u00e1fica (noviembre de 2015). Los objetivos se fotografiaron en todos los pasos F completos y su m\u00e1xima abertura en cada longitud focal. Para los objetivos zoom hemos usado 3-4 [&hellip;]<\/p>\n","protected":false},"author":1,"featured_media":328,"parent":0,"menu_order":0,"comment_status":"open","ping_status":"open","template":"","meta":[],"acf":[],"_links":{"self":[{"href":"https:\/\/fujifilmxmount.com\/comparison\/es\/wp-json\/wp\/v2\/pages\/814"}],"collection":[{"href":"https:\/\/fujifilmxmount.com\/comparison\/es\/wp-json\/wp\/v2\/pages"}],"about":[{"href":"https:\/\/fujifilmxmount.com\/comparison\/es\/wp-json\/wp\/v2\/types\/page"}],"author":[{"embeddable":true,"href":"https:\/\/fujifilmxmount.com\/comparison\/es\/wp-json\/wp\/v2\/users\/1"}],"replies":[{"embeddable":true,"href":"https:\/\/fujifilmxmount.com\/comparison\/es\/wp-json\/wp\/v2\/comments?post=814"}],"version-history":[{"count":0,"href":"https:\/\/fujifilmxmount.com\/comparison\/es\/wp-json\/wp\/v2\/pages\/814\/revisions"}],"wp:featuredmedia":[{"embeddable":true,"href":"https:\/\/fujifilmxmount.com\/comparison\/es\/wp-json\/wp\/v2\/media\/328"}],"wp:attachment":[{"href":"https:\/\/fujifilmxmount.com\/comparison\/es\/wp-json\/wp\/v2\/media?parent=814"}],"curies":[{"name":"wp","href":"https:\/\/api.w.org\/{rel}","templated":true}]}}