{"id":1764,"date":"2018-05-24T10:29:35","date_gmt":"2018-05-24T08:29:35","guid":{"rendered":"https:\/\/fujifilmxmount.com\/comparison\/privacy-policy\/"},"modified":"2021-08-31T10:37:31","modified_gmt":"2021-08-31T08:37:31","slug":"privacy-policy-2021","status":"publish","type":"page","link":"https:\/\/fujifilmxmount.com\/comparison\/fi\/privacy-policy-2021\/","title":{"rendered":"Privacy policy &#8211; 2021"},"content":{"rendered":"\r\n<h1>Tietosuojak\u00e4yt\u00e4nt\u00f6<\/h1>\r\n<h2>1.\u00a0\u00a0 T\u00e4m\u00e4n tietosuojak\u00e4yt\u00e4nn\u00f6n soveltamisala<\/h2>\r\n<h3>1.1.\u00a0\u00a0\u00a0\u00a0 Soveltamisala<\/h3>\r\n<p>T\u00e4ss\u00e4 tietosuojak\u00e4yt\u00e4nn\u00f6ss\u00e4 kuvataan sitoutumisemme tietosuojan suojeluun ja siihen, miten k\u00e4sittelemme henkil\u00f6tietoja, joita saamme t\u00e4m\u00e4n verkkosivuston (&#8221;Verkkosivusto(t)&#8221;) k\u00e4vij\u00f6ilt\u00e4 ja sellaisten ohjelmistosovellusten (&#8221;Sovellus(t)&#8221;) k\u00e4ytt\u00e4jilt\u00e4, joita (i) hallinnoi ja yll\u00e4pit\u00e4\u00e4 FUJIFILM Europe tai jokin sen tyt\u00e4ryhti\u00f6ist\u00e4, kuten kohdassa &#8221;Rekisterinpit\u00e4j\u00e4&#8221; (&#8221;FUJIFILM&#8221; tai &#8221;me&#8221;) on mainittu, ja (ii) joissa on linkki t\u00e4h\u00e4n tietosuojak\u00e4yt\u00e4nt\u00f6\u00f6n.<\/p>\r\n<p>T\u00e4t\u00e4 tietosuojak\u00e4yt\u00e4nt\u00f6\u00e4 voidaan soveltaa my\u00f6s silloin, kun siihen viitataan offline-yhteyksiss\u00e4, esimerkiksi ty\u00f6pajoissa ja muissa tapahtumissa ja markkinointitoimissa.<\/p>\r\n<p>Jos t\u00e4st\u00e4 tietosuojak\u00e4yt\u00e4nn\u00f6st\u00e4 poikkeavat m\u00e4\u00e4r\u00e4ykset ilmoitetaan selv\u00e4sti, sovelletaan kyseisi\u00e4 poikkeavia m\u00e4\u00e4r\u00e4yksi\u00e4.<\/p>\r\n<h3>1.2.\u00a0\u00a0\u00a0\u00a0 Rekisterinpit\u00e4j\u00e4 ja tietosuojavastaava<\/h3>\r\n<p>Rekisterinpit\u00e4j\u00e4 t\u00e4m\u00e4n tietosuojak\u00e4yt\u00e4nn\u00f6n piiriss\u00e4 ker\u00e4ttyjen henkil\u00f6tietojen osalta on FUJIFILM Nordic AB, Hantverkargatan 25, SE-112 21 Stockholm, Ruotsi. Lis\u00e4tietoja on verkkosivujen painatuksessa.<\/p>\r\n<p>Tietosuojavastaavaan \/ tietosuojaryhm\u00e4\u00e4n voi ottaa yhteytt\u00e4 postitse tai s\u00e4hk\u00f6postitse osoitteeseen privacyoffice_eu@fujifilm.com.<\/p>\r\n<h3>1.3.\u00a0\u00a0\u00a0\u00a0 Ulkoiset linkit<\/h3>\r\n<p>T\u00e4t\u00e4 tietosuojak\u00e4yt\u00e4nt\u00f6\u00e4 ei sovelleta sivustoihin, jotka ovat julkaisseet oman tietosuojak\u00e4yt\u00e4nt\u00f6ns\u00e4, eik\u00e4 kolmansien osapuolten sivustoihin, vaikka sivustomme ja sovelluksemme sis\u00e4lt\u00e4 l\u00f6ytyisikin linkkej\u00e4 niiden sivustoille. Huomaa, ett\u00e4 emme ole vastuussa t\u00e4llaisten muiden sivustojen tietosuojak\u00e4yt\u00e4nn\u00f6ist\u00e4. Kehotamme k\u00e4ytt\u00e4ji\u00e4mme olemaan tietoisia, kun he poistuvat verkkosivustoiltamme, ja lukemaan jokaisen henkil\u00f6kohtaisia tietoja ker\u00e4\u00e4v\u00e4n verkkosivuston tietosuojaselosteet.<\/p>\r\n<h2>2.\u00a0\u00a0 Henkil\u00f6tietojen hallinta<\/h2>\r\n<h3>2.1.\u00a0\u00a0\u00a0\u00a0 Henkil\u00f6kohtaisten tietojen ker\u00e4\u00e4minen<\/h3>\r\n<p>Periaatteessa voit tarkastella verkkosivusto(i)a luovuttamatta henkil\u00f6kohtaisia tietoja. Verkkosivusto(t) ja sovellus(t) voivat ker\u00e4t\u00e4 tiettyj\u00e4 teknisi\u00e4 tietoja, esim. mit\u00e4 sis\u00e4lt\u00f6\u00e4 olet katsonut Verkkosivusto(i)lla tai mink\u00e4 verkkosivuston kautta olet siirtynyt Verkkosivustolle(iin). T\u00e4llaisia tietoja ker\u00e4tt\u00e4ess\u00e4, joiden tarkoituksena on parantaa verkkosivuston (sivustojen) tai sovelluksen (sovellusten) k\u00e4ytett\u00e4vyytt\u00e4, tietoja ei ker\u00e4t\u00e4 tavalla, jolla sinut voitaisiin tunnistaa, eik\u00e4 sinua tunnisteta tietojen analysointiprosessin aikana.<\/p>\r\n<p>Sinua saatetaan pyyt\u00e4\u00e4 tai vaatia antamaan henkil\u00f6kohtaisesti tunnistettavia tietoja (&#8221;Henkil\u00f6kohtaiset tiedot&#8221;) p\u00e4\u00e4st\u00e4ksesi verkkosivuston tietyille alueille. Saatamme my\u00f6s pyyt\u00e4\u00e4 tiettyj\u00e4 henkil\u00f6kohtaisia tietoja, kun tilaat tuotteen, pyyd\u00e4t palveluita, osallistut myynninedist\u00e4mistoimiin tai tutkimuksiin tai olet yhteydess\u00e4 meihin. Ker\u00e4\u00e4miimme henkil\u00f6kohtaisiin tietoihin voivat kuulua nimi, postiosoite, puhelinnumero, s\u00e4hk\u00f6postiosoite, maksutiedot ja muut tiedot, jotka annat meille esimerkiksi yhteydenottolomakkeella, rekister\u00f6itym\u00e4ll\u00e4 tilille tai tilaamalla uutiskirjeen tai muun markkinointiviestinn\u00e4n.<\/p>\r\n<p>K\u00e4sittelemme henkil\u00f6tietojasi suostumuksesi perusteella, sopimuksen t\u00e4ytt\u00e4miseksi tai oikeutettujen etujemme vuoksi, mukaan lukien kyselyihisi vastaaminen sek\u00e4 verkkotarjontamme, tuotteitamme ja palveluitamme r\u00e4\u00e4t\u00e4l\u00f6im\u00e4\u00e4n ja parantamaan niit\u00e4 mieltymystesi mukaisesti (yleisen tietosuoja-asetuksen 6 artiklan 1 kohdan a, b ja f alakohdat).<\/p>\r\n<h3>2.2.\u00a0\u00a0\u00a0\u00a0 Henkil\u00f6tietojen k\u00e4ytt\u00f6tarkoitus<\/h3>\r\n<p>Henkil\u00f6kohtaisten tietojesi k\u00e4ytt\u00f6tarkoitus on ilmoitettava selke\u00e4sti t\u00e4ss\u00e4 tietosuojak\u00e4yt\u00e4nn\u00f6ss\u00e4 tai muulla tavoin tietoja ker\u00e4tt\u00e4ess\u00e4, lukuun ottamatta tapauksia, joissa k\u00e4ytt\u00f6tarkoitus on sinulle itsest\u00e4\u00e4n selv\u00e4. Antamiesi henkil\u00f6tietojen k\u00e4ytt\u00f6 on rajoitettu sinulle etuk\u00e4teen ilmoitettuun k\u00e4ytt\u00f6tarkoitukseen. Pid\u00e4t\u00e4mme kuitenkin oikeuden suorittaa lis\u00e4k\u00e4sittely\u00e4 asiaankuuluvien lakien ja asetusten sallimissa tai edellytt\u00e4miss\u00e4 rajoissa.<\/p>\r\n<p>Lis\u00e4ksi meit\u00e4 saatetaan vaatia k\u00e4ytt\u00e4m\u00e4\u00e4n ja s\u00e4ilytt\u00e4m\u00e4\u00e4n henkil\u00f6tietoja oikeudellisista ja s\u00e4\u00e4nt\u00f6jen noudattamiseen liittyvist\u00e4 syist\u00e4, kuten rikosten est\u00e4miseksi, havaitsemiseksi tai tutkimiseksi, menetysten est\u00e4miseksi tai petosten torjumiseksi. Voimme my\u00f6s k\u00e4ytt\u00e4\u00e4 henkil\u00f6tietoja sis\u00e4isten ja ulkoisten tarkastusvaatimusten t\u00e4ytt\u00e4miseksi, tietoturvatarkoituksiin ja muulla tavoin tarpeelliseksi tai asianmukaiseksi katsomallamme tavalla: (a) sovellettavan lain nojalla, johon voi sis\u00e4lty\u00e4 my\u00f6s asuinmaasi ulkopuolisia lakeja; (b) vastataksemme tuomioistuinten, lainvalvontaviranomaisten, s\u00e4\u00e4ntelyviranomaisten ja muiden julkisten ja valtiollisten viranomaisten pyynt\u00f6ihin, joihin voi sis\u00e4lty\u00e4 my\u00f6s asuinmaasi ulkopuolisia viranomaisia; (c) pannaksemme t\u00e4yt\u00e4nt\u00f6\u00f6n ehtoja; ja (d) suojellaksemme oikeuksiamme, yksityisyytt\u00e4mme, turvallisuuttamme tai omaisuuttamme tai muiden henkil\u00f6iden oikeuksia.<\/p>\r\n<p>Seuraavat esimerkit havainnollistavat mahdollisia tilanteita, joissa ker\u00e4\u00e4mme ja k\u00e4yt\u00e4mme henkil\u00f6tietojasi:<\/p>\r\n<h4>2.2.1.\u00a0\u00a0\u00a0\u00a0\u00a0\u00a0\u00a0 K\u00e4ytt\u00e4j\u00e4tilit<\/h4>\r\n<p>Kun rekister\u00f6idyt asiakastilille, ker\u00e4\u00e4mme yleens\u00e4 nimen, s\u00e4hk\u00f6postiosoitteen ja salasanan. Lis\u00e4ksi voit antaa osoitteesi, mukaan lukien laskutus- ja toimitusosoitteen, asiakastilill\u00e4si. Tilausta tehdess\u00e4si ker\u00e4\u00e4mme tietoja valitsemistasi tavaroista, niihin liittyvi\u00e4 hintatietoja, mahdollisesti k\u00e4ytt\u00e4mi\u00e4si kuponkeja, laskutus- ja toimitusosoitteesi sek\u00e4 valitsemasi maksu- ja toimitustavan. Tilausten t\u00e4ytt\u00e4misen yhteydess\u00e4 ker\u00e4\u00e4mme erityisesti maksua, toimitusta ja palautuksia koskevia tietoja.<\/p>\r\n<p>Voimme k\u00e4ytt\u00e4\u00e4 henkil\u00f6kohtaisia tietojasi yll\u00e4pit\u00e4\u00e4ksemme k\u00e4ytt\u00e4j\u00e4tili\u00e4si, varmistaaksemme, ett\u00e4 olet oikeutettu k\u00e4ytt\u00e4j\u00e4, antaaksemme sinulle pyydettyj\u00e4 tietoja FUJIFILM-tuotteista ja -palveluista, mukaan lukien mahdolliset uutiskirjeet, joita voit tilata, ja vastataksemme tuki- ja muihin tiedusteluihisi. K\u00e4ytt\u00e4j\u00e4tilisi yhteydess\u00e4 voimme analysoida verkkosivuston ja uutiskirjeen k\u00e4ytt\u00f6\u00e4si, jotta voimme ymm\u00e4rt\u00e4\u00e4 paremmin mieltymyksi\u00e4si ja parantaa verkkopalvelujamme. Tallennamme n\u00e4m\u00e4 tiedot k\u00e4ytt\u00e4j\u00e4tilisi yhteydess\u00e4. Jos olet antanut markkinointisuostumuksesi, saatamme my\u00f6s ottaa sinuun yhteytt\u00e4 yritystietojesi avulla markkinointitarkoituksiin liittyen tuotteisiimme ja palveluihimme, jotka saattavat kiinnostaa sinua.<\/p>\r\n<p>Jos olet luonut k\u00e4ytt\u00e4j\u00e4tilin, s\u00e4ilyt\u00e4mme tietojasi niin kauan kuin yll\u00e4pid\u00e4t k\u00e4ytt\u00e4j\u00e4tili\u00e4si. Jos k\u00e4ytt\u00e4j\u00e4tilisi poistetaan, s\u00e4ilyt\u00e4mme tiedot vain lain sallimissa tai edellytt\u00e4miss\u00e4 rajoissa.<\/p>\r\n<p>K\u00e4ytt\u00e4j\u00e4tilisi kautta voit hallinnoida ja p\u00e4ivitt\u00e4\u00e4 yhteystietojasi ja asetuksiasi. K\u00e4sittele k\u00e4ytt\u00f6tietojasi luottamuksellisesti \u00e4l\u00e4k\u00e4 jaa salasanaasi kolmansille osapuolille. Jos saat tiet\u00e4\u00e4 tai ep\u00e4ilet, ett\u00e4 kolmas osapuoli on saanut luvattoman p\u00e4\u00e4syn k\u00e4ytt\u00f6tietoihisi tai k\u00e4ytt\u00e4\u00e4 tili\u00e4si, vaihda salasanasi viipym\u00e4tt\u00e4.<\/p>\r\n<h4>2.2.2.\u00a0\u00a0\u00a0\u00a0\u00a0\u00a0\u00a0 Henkil\u00f6kohtaiset palvelut<\/h4>\r\n<p>Henkil\u00f6kohtaisten palveluiden yhteydess\u00e4 voimme k\u00e4sitell\u00e4 ja k\u00e4ytt\u00e4\u00e4 tietojasi mainonta- ja markkinatutkimustarkoituksiin tai henkil\u00f6kohtaisten palveluiden tarjoamiseen, jos olet antanut siihen suostumuksesi. Jos annat suostumuksesi, tiedot, joihin olet tutustunut vieraillessasi verkkosivusto(i)ssa ja sovelluksissa, voidaan tallentaa k\u00e4ytt\u00e4j\u00e4profiiliin, jotta voimme tarjota sinulle erityisesti sinulle r\u00e4\u00e4t\u00e4l\u00f6ityj\u00e4 tietoja (esimerkiksi uutiskirjeen muodossa). Voit peruuttaa suostumuksesi milloin tahansa tulevaisuutta varten.<\/p>\r\n<p>Jos k\u00e4yt\u00e4t henkil\u00f6kohtaisia palveluja, k\u00e4yt\u00e4mme palvelujen tarjoamiseen tarvittavia henkil\u00f6tietojasi rekister\u00f6innin ajan ja sen j\u00e4lkeen niin kauan kuin sovellettavat lait edellytt\u00e4v\u00e4t tai sallivat. Voimme jakaa tietojasi FUJIFILMin sidosyrityksille, jos se on tarpeen kyselyihisi vastaamiseksi tai jos se on tarpeen palvelujen tarjoamiseksi. Voimme v\u00e4litt\u00e4\u00e4 tuotteitamme ja palveluitamme koskevat tiedustelut my\u00f6s jakelijalle, joka vastaa kyseisest\u00e4 tuote- tai palveluluokasta ja alueesta.<\/p>\r\n<h4>2.2.3.\u00a0\u00a0\u00a0\u00a0\u00a0\u00a0\u00a0 Blogi \/ Foorumit<\/h4>\r\n<p>Joillakin verkkosivustoillamme on julkisesti saatavilla olevia blogeja tai yhteis\u00f6foorumeita. Sinun on syyt\u00e4 olla tietoinen siit\u00e4, ett\u00e4 kaikki n\u00e4ill\u00e4 alueilla antamasi tiedot voivat olla muiden niit\u00e4 k\u00e4ytt\u00e4vien henkil\u00f6iden luettavissa, ker\u00e4tt\u00e4viss\u00e4 ja k\u00e4ytett\u00e4viss\u00e4. Jos haluat pyyt\u00e4\u00e4 henkil\u00f6tietojesi poistamista blogistamme tai yhteis\u00f6foorumiltamme, ota meihin yhteytt\u00e4 kohdassa &#8221;Ota yhteytt\u00e4&#8221; annettujen yhteystietojen avulla. Joissakin tapauksissa emme ehk\u00e4 pysty poistamaan henkil\u00f6kohtaisia tietojasi, jolloin ilmoitamme sinulle, jos emme pysty tekem\u00e4\u00e4n sit\u00e4 ja miksi.<\/p>\r\n<h4>2.2.4.\u00a0\u00a0\u00a0\u00a0\u00a0\u00a0\u00a0 S\u00e4hk\u00f6postitiedotteet<\/h4>\r\n<p>Jos tilaat uutiskirjeemme (uutiskirjeemme), k\u00e4yt\u00e4mme tarpeellisia tai erikseen antamiasi henkil\u00f6tietoja l\u00e4hett\u00e4\u00e4kseen sinulle s\u00e4hk\u00f6postitse uutiskirjeemme (uutiskirjeemme) sovitulla tavalla. Uutiskirjes\u00e4hk\u00f6postiviestit voivat sis\u00e4lt\u00e4\u00e4 verkkomajakoita, seurantapikseli\u00e4 tai linkkej\u00e4, joiden avulla voimme analysoida uutiskirjeen k\u00e4ytt\u00f6\u00e4si, mukaan lukien tiedot siit\u00e4, oletko vastaanottanut ja avannut uutiskirjeemme. Voit peruuttaa suostumuksesi ja peruuttaa uutiskirjeen tilauksen milloin tahansa joko l\u00e4hett\u00e4m\u00e4ll\u00e4 meille viestin tai uutiskirjeess\u00e4 olevan peruutuslinkin kautta.<\/p>\r\n<h4>2.2.5.\u00a0\u00a0\u00a0\u00a0\u00a0\u00a0\u00a0 S\u00e4hk\u00f6postimainonta ilman tilausta<\/h4>\r\n<p>Jos saamme s\u00e4hk\u00f6postiosoitteesi tavaroiden tai palveluiden myynnin yhteydess\u00e4 etk\u00e4 ole vastustanut sit\u00e4, meill\u00e4 on oikeus tarjota sinulle s\u00e4\u00e4nn\u00f6llisesti samankaltaisia tavaroita ja palveluita, joita olet ostanut s\u00e4hk\u00f6postiosoitteesi avulla. Voit peruuttaa suostumuksesi s\u00e4hk\u00f6postiosoitteesi t\u00e4llaiseen k\u00e4ytt\u00f6\u00f6n milloin tahansa tulevaisuudessa l\u00e4hett\u00e4m\u00e4ll\u00e4 meille viestin tai s\u00e4hk\u00f6postiviestiss\u00e4mme olevan tilauksen peruutuslinkin kautta.<\/p>\r\n<h4>2.2.6.\u00a0\u00a0\u00a0\u00a0\u00a0\u00a0\u00a0 Postimainonta<\/h4>\r\n<p>Sovellettava lains\u00e4\u00e4d\u00e4nt\u00f6 voi oikeuttaa meid\u00e4t tallentamaan etu- ja sukunimesi, postiosoitteesi ja tarvittaessa tittelisi ja akateemisen tutkintosi ja k\u00e4ytt\u00e4m\u00e4\u00e4n niit\u00e4 omiin mainostarkoituksiimme, erityisesti l\u00e4hett\u00e4m\u00e4\u00e4n postitse tarjouksia ja tietoja tavaroistamme ja palveluistamme. Voit milloin tahansa vastustaa t\u00e4t\u00e4 tietojesi k\u00e4ytt\u00f6\u00e4 tulevaisuudessa l\u00e4hett\u00e4m\u00e4ll\u00e4 meille viestin.<\/p>\r\n<h3>2.3.\u00a0\u00a0\u00a0\u00a0 Tietojen jakaminen ja luovuttaminen<\/h3>\r\n<p>Emme luovuta tai toimita, jaa tai muulla tavoin jaa henkil\u00f6kohtaisia tietojasi kolmansille osapuolille muuten kuin t\u00e4ss\u00e4 tietosuojak\u00e4yt\u00e4nn\u00f6ss\u00e4 kuvatulla tavalla. Jakaamme henkil\u00f6kohtaisia tietoja, kun:<\/p>\r\n<p>(a) suostumuksesi on annettu etuk\u00e4teen;<\/p>\r\n<p>(b) se on tarpeen, jotta voimme tarjota sinulle palveluitamme, mukaan lukien erityisesti markkinointiviestinn\u00e4n l\u00e4hett\u00e4minen, asiakaspalvelun tarjoaminen, markkinointimme ja tuotteidemme jakelun tukeminen tai j\u00e4rjestelmiemme tai sovellustemme k\u00e4ytt\u00e4minen. N\u00e4ill\u00e4 yrityksill\u00e4 on oikeus k\u00e4ytt\u00e4\u00e4 henkil\u00f6kohtaisia tietojasi vain n\u00e4iden palvelujen tarjoamisen edellytt\u00e4m\u00e4ll\u00e4 tavalla.<\/p>\r\n<p>(c) Henkil\u00f6tietoja voidaan jakaa FUJIFILM-konsernin kanssa, jos se on tarpeen palvelujen tarjoamiseksi tai tuotetilausten t\u00e4ytt\u00e4miseksi, tilien hallinnoimiseksi, myynnin ja markkinoinnin helpottamiseksi, asiakastukea ja teknist\u00e4 tukea varten sek\u00e4 liiketoiminnan ja tuotekehityksen edist\u00e4miseksi. Klikkaa t\u00e4st\u00e4 http:\/\/www.fujifilm.com\/about\/office\/ n\u00e4hd\u00e4ksesi luettelon FUJIFILM-konsernin toimipisteist\u00e4, joiden kanssa voimme jakaa henkil\u00f6kohtaisia tietoja. Voimme my\u00f6s v\u00e4litt\u00e4\u00e4 tuotteitamme ja palveluitamme koskevat tiedustelut kolmannelle osapuolelle, joka on vastuussa kyseisest\u00e4 tuote- tai palveluluokasta ja alueesta;<\/p>\r\n<p>(d) tilaat tuotteita tai k\u00e4yt\u00e4t muita maksullisia palveluja, nimesi, osoitteesi, luottokorttinumerosi ja muut tietosi luovutetaan rahoituslaitoksille tai muille osapuolille maksujen suorittamista varten;<\/p>\r\n<p>(e) liiketoimintamme luovutetaan tai siirret\u00e4\u00e4n joko lain nojalla tai muulla tavoin, mukaan lukien sulautumiset, yhdistymiset, lakkauttamiset tai toimintojen siirrot;<\/p>\r\n<p>(f) sovellettavat lait ja asetukset edellytt\u00e4v\u00e4t henkil\u00f6tietojesi luovuttamista tai luovuttaminen on muutoin tarpeen asiaankuuluvien viranomaisten suorittaman rikosoikeudellisen tai muun oikeudellisen tutkimuksen tai menettelyn tukemiseksi; tai<\/p>\r\n<p>(g) tietojen luovuttaminen on v\u00e4litt\u00f6m\u00e4sti tarpeen ihmishengen tai ihmisoikeuksien suojelemiseksi.<\/p>\r\n<h3>2.4.\u00a0\u00a0\u00a0\u00a0 Kansainv\u00e4liset tiedonsiirrot<\/h3>\r\n<p>Saatamme siirt\u00e4\u00e4 ker\u00e4\u00e4mi\u00e4mme henkil\u00f6tietoja muihin maihin ja s\u00e4ilytt\u00e4\u00e4 niit\u00e4 muissa maissa, joissa saattaa olla erilainen yksityisyyden suojaa tai tietosuojaa koskeva lains\u00e4\u00e4d\u00e4nt\u00f6 kuin siin\u00e4 maassa, jossa tiedot annettiin.<\/p>\r\n<p>T\u00e4m\u00e4 tarkoittaa, ett\u00e4 FUJIFILM-yksik\u00f6t tai (niiden puolesta) kolmannen osapuolen palveluntarjoajat voivat siirt\u00e4\u00e4 ja\/tai k\u00e4sitell\u00e4 henkil\u00f6tietojasi my\u00f6s Euroopan unionin (&#8221;EU&#8221;) tai Euroopan talousalueen (&#8221;ETA&#8221;) ulkopuolella. Niiden maiden tietosuojas\u00e4\u00e4nn\u00f6kset, joissa henkil\u00f6tietojasi ker\u00e4t\u00e4\u00e4n tai k\u00e4sitell\u00e4\u00e4n, saattavat poiketa EU:n\/ETA:n lains\u00e4\u00e4d\u00e4nn\u00f6n tarjoamasta suojan tasosta. FUJIFILM varmistaa kuitenkin henkil\u00f6tietojesi riitt\u00e4v\u00e4n suojan sovellettavien lakien ja t\u00e4ss\u00e4 esitettyjen periaatteiden mukaisesti. K\u00e4ytt\u00e4m\u00e4ll\u00e4 verkkosivustoamme (verkkosivustojamme) ja sovelluksiamme (sovelluksiamme) hyv\u00e4ksyt henkil\u00f6tietojesi ker\u00e4\u00e4misen ja siirt\u00e4misen EU:n\/ETA:n ulkopuolelle t\u00e4ss\u00e4 kuvatulla tavalla.<\/p>\r\n<h3>2.5.\u00a0\u00a0\u00a0\u00a0 Tietoturva<\/h3>\r\n<p>FUJIFILM toteuttaa asianmukaisia teknisi\u00e4 ja organisatorisia turvatoimia suojellakseen henkil\u00f6tietojasi v\u00e4\u00e4rink\u00e4yt\u00f6lt\u00e4 ja est\u00e4\u00e4kseen tietojesi katoamisen. Henkil\u00f6kohtaiset tietosi tallennetaan turvalliseen toimintaymp\u00e4rist\u00f6\u00f6n, johon yleis\u00f6ll\u00e4 ei ole p\u00e4\u00e4sy\u00e4. Kaikki henkil\u00f6kohtaiset tiedot, jotka annat rekister\u00f6itymisen tai henkil\u00f6kohtaisten palvelujen k\u00e4yt\u00f6n yhteydess\u00e4, siirret\u00e4\u00e4n salatussa muodossa, jotta kolmas osapuoli ei voi k\u00e4ytt\u00e4\u00e4 tietoja v\u00e4\u00e4rin.<\/p>\r\n<h2>3.\u00a0\u00a0 Ev\u00e4steiden, seurantateknologian ja sosiaalisen median lis\u00e4osien k\u00e4ytt\u00f6<\/h2>\r\n<h3>3.1.\u00a0\u00a0\u00a0\u00a0 Ev\u00e4steiden ja seurantateknologian k\u00e4ytt\u00f6<\/h3>\r\n<p>Verkkosivustomme ja sovelluksemme voivat k\u00e4ytt\u00e4\u00e4 &#8221;ev\u00e4steit\u00e4&#8221; tai vastaavia tekniikoita (analyysiohjelmat ja sosiaalisen median palvelut). Ev\u00e4steet ovat tekstitiedostoja, jotka verkkosivusto(t) l\u00e4hett\u00e4\u00e4 k\u00e4ytt\u00e4j\u00e4n selaimelle tietojen tallentamiseksi k\u00e4ytt\u00e4j\u00e4n laitteisiin. Aina kun verkkosivusto(t) k\u00e4ytet\u00e4\u00e4n, verkkosivusto(t) lukee ev\u00e4steen sis\u00e4lt\u00e4m\u00e4t tiedot.<\/p>\r\n<h4>3.1.1.\u00a0\u00a0\u00a0\u00a0\u00a0\u00a0\u00a0 Suostumuksesi ev\u00e4steiden k\u00e4ytt\u00f6\u00f6n<\/h4>\r\n<p>Erottelemme toisistaan ehdottoman v\u00e4ltt\u00e4m\u00e4tt\u00f6m\u00e4t ev\u00e4steet, jotka ovat v\u00e4ltt\u00e4m\u00e4tt\u00f6mi\u00e4 verkkosivujemme moitteettoman toiminnan kannalta, ja muut ev\u00e4steet. Ehdottoman v\u00e4ltt\u00e4m\u00e4tt\u00f6m\u00e4t ev\u00e4steet eiv\u00e4t vaadi suostumustasi. Muiden ev\u00e4steiden osalta pyyd\u00e4mme suostumustasi ennen niiden sijoittamista laitteellesi. Voit k\u00e4ytt\u00e4\u00e4 verkkosivustoamme vasta, kun olet vahvistanut ev\u00e4steasetukset.<\/p>\r\n<p>Kun vierailet verkkosivusto(i)lla ensimm\u00e4ist\u00e4 kertaa, n\u00e4ytt\u00f6\u00f6n tulee ponnahdusikkuna, jossa on ev\u00e4steiden suostumuksenhallinta. Jos napsautat painiketta &#8221;Ev\u00e4steasetukset&#8221;, sinut ohjataan tietosuoja-asetuskeskukseen. Tietosuoja-asetuskeskuksessa n\u00e4kyy my\u00f6s ev\u00e4steluettelo, josta l\u00f6yd\u00e4t tietoja ev\u00e4steist\u00e4 ja niiden k\u00e4ytt\u00f6tarkoituksista. Tietosuoja-asetuskeskuksessa voit ottaa ev\u00e4steiden k\u00e4yt\u00f6n k\u00e4ytt\u00f6\u00f6n tai poistaa sen k\u00e4yt\u00f6st\u00e4 vaihtokytkimell\u00e4. Huomaa, ett\u00e4 jos et hyv\u00e4ksy ev\u00e4steit\u00e4, et ehk\u00e4 pysty k\u00e4ytt\u00e4m\u00e4\u00e4n tiettyj\u00e4 verkkosivustomme ominaisuuksia tarkoitetulla tavalla.<\/p>\r\n<h4>3.1.2.\u00a0\u00a0\u00a0\u00a0\u00a0\u00a0\u00a0 Ev\u00e4steasetusten muuttaminen \/ suostumuksen peruuttaminen<\/h4>\r\n<p>Voit muuttaa ev\u00e4steasetuksiasi milloin tahansa ev\u00e4steasetuksissa.<\/p>\r\n<!-- OneTrust Cookies Settings button start -->\r\n<button id=\"ot-sdk-btn\" class=\"ot-sdk-show-settings\">Cookie Settings<\/button>\r\n<!-- OneTrust Cookies Settings button end -->\r\n\r\n<p>Voit my\u00f6s poistaa ev\u00e4steiden k\u00e4yt\u00f6n \/ poistaa ev\u00e4steet selaimesi asetuksista milloin tahansa. Huomaa, ett\u00e4 t\u00e4ss\u00e4 tapauksessa et ehk\u00e4 pysty k\u00e4ytt\u00e4m\u00e4\u00e4n kaikkia verkkosivuston (sivustojen) tarjoamia toimintoja.<\/p>\r\n<h4>3.1.3.\u00a0\u00a0\u00a0\u00a0\u00a0\u00a0\u00a0 Ev\u00e4steluettelo<\/h4>\r\n<!-- OneTrust Cookies List start -->\r\n<div id=\"ot-sdk-cookie-policy\"><\/div>\r\n<!-- OneTrust Cookies List end -->\r\n\r\n<h3>3.2.\u00a0\u00a0\u00a0\u00a0 Sosiaalisen verkoston lis\u00e4osat<\/h3>\r\n<p>Verkkosivustomme ja sovelluksemme voivat tarjota liit\u00e4nn\u00e4isi\u00e4 sosiaalisia verkostoja (&#8221;Verkostot&#8221;) varten. Sosiaalisten verkostojen liit\u00e4nn\u00e4iset ovat helppoja tapoja jakaa sis\u00e4lt\u00f6\u00e4 muiden ihmisten kanssa verkostojen kautta. Kun k\u00e4yt\u00e4t Verkkosivustoa (Verkkosivustoja), n\u00e4m\u00e4 lis\u00e4osat voivat mahdollisesti luoda suoran yhteyden selaimesi ja kyseisten verkostojen v\u00e4lille. Jos olet vuorovaikutuksessa liit\u00e4nn\u00e4isten kanssa, esimerkiksi Twitteriss\u00e4 klikkaamalla &#8221;Tweet This&#8221; tai Facebookissa klikkaamalla &#8221;Tykk\u00e4\u00e4n&#8221; -painiketta tai tekem\u00e4ll\u00e4 kommentin, vastaavat tiedot siirtyv\u00e4t suoraan selaimestasi verkostoon. Joissakin tapauksissa tietoja vaihdetaan verkoston kanssa jo silloin, kun vierailet verkkosivusto(i)lla, riippumatta siit\u00e4, oletko vuorovaikutuksessa lis\u00e4osien kanssa vai et.<\/p>\r\n<p>Voit est\u00e4\u00e4 tietojen jakamisen verkoston kanssa est\u00e4m\u00e4ll\u00e4 vastaavien ev\u00e4steiden k\u00e4yt\u00f6n ja\/tai kirjautumalla ulos verkostosta ennen verkkosivuston (sivustojen) k\u00e4ytt\u00f6\u00e4.<\/p>\r\n<h2>4.\u00a0\u00a0 Tietojen s\u00e4ilytt\u00e4minen<\/h2>\r\n<p>S\u00e4ilyt\u00e4mme henkil\u00f6kohtaisia tietojasi niin kauan kuin tilisi on aktiivinen tai niin kauan kuin se on tarpeen palvelujen tarjoamiseksi sinulle. S\u00e4ilyt\u00e4mme ja k\u00e4yt\u00e4mme henkil\u00f6kohtaisia tietojasi tarpeen mukaan lakis\u00e4\u00e4teisten velvoitteidemme noudattamiseksi, riitojen ratkaisemiseksi ja sopimustemme noudattamisen valvomiseksi.<\/p>\r\n<h2>5.\u00a0\u00a0 GDPR:n mukaiset henkil\u00f6tietoihin liittyv\u00e4t oikeutesi<\/h2>\r\n<p>Sinulla on oikeus pyyt\u00e4\u00e4 meilt\u00e4 p\u00e4\u00e4sy\u00e4 henkil\u00f6tietoihin ja niiden oikaisemista tai poistamista, rajoittaa henkil\u00f6tietojesi k\u00e4sittely\u00e4, vastustaa t\u00e4llaista k\u00e4sittely\u00e4 ja k\u00e4ytt\u00e4\u00e4 oikeutta tietojen siirrett\u00e4vyyteen yleisen tietosuoja-asetuksen ja sovellettavien lakien mukaisesti.<\/p>\r\n<p>Sinulla on oikeus tehd\u00e4 valitus toimivaltaiselle valvontaviranomaiselle yleisen tietosuoja-asetuksen ja sovellettavien lakien mukaisesti, jos katsot, ett\u00e4 sinua koskevien henkil\u00f6tietojen k\u00e4sittelyss\u00e4 rikotaan yleist\u00e4 tietosuoja-asetusta. T\u00e4t\u00e4 varten voit ottaa yhteytt\u00e4 erityisesti sen EU:n j\u00e4senvaltion valvontaviranomaiseen, jossa sinulla on vakinainen asuinpaikka tai jossa v\u00e4itetty rikkomus tapahtuu. Luettelo kansallisista tietosuojaviranomaisista l\u00f6ytyy osoitteesta https:\/\/edpb.europa.eu\/about-edpb\/about-edpb\/members_fi.<\/p>\r\n<h2>6.\u00a0\u00a0 Muutokset tietosuojak\u00e4yt\u00e4nt\u00f6\u00f6n<\/h2>\r\n<p>FUJIFILM pid\u00e4tt\u00e4\u00e4 oikeuden muuttaa, t\u00e4ydent\u00e4\u00e4 tai p\u00e4ivitt\u00e4\u00e4 t\u00e4t\u00e4 tietosuojak\u00e4yt\u00e4nt\u00f6\u00e4. Jos p\u00e4\u00e4t\u00e4mme muuttaa tietosuojak\u00e4yt\u00e4nt\u00f6\u00e4mme, julkaisemme tarkistetun tietosuojak\u00e4yt\u00e4nn\u00f6n ja ilmoitamme julkaisup\u00e4iv\u00e4n. Muistathan tarkistaa tietosuojaselosteen muutokset, kun vierailet siell\u00e4 uudelleen, sill\u00e4 verkkosivuston tai sovellusten k\u00e4yt\u00f6n jatkaminen julkaistun tarkistuksen j\u00e4lkeen merkitsee suostumustasi siihen, ett\u00e4 k\u00e4yt\u00e4mme tietojasi muutetun, t\u00e4ydennetyn tai p\u00e4ivitetyn tietosuojak\u00e4yt\u00e4nn\u00f6n mukaisesti.<\/p>\r\n<p>&nbsp;<\/p>\r\n<p>&nbsp;<\/p>\r\n","protected":false},"excerpt":{"rendered":"<p>Tietosuojak\u00e4yt\u00e4nt\u00f6 1.\u00a0\u00a0 T\u00e4m\u00e4n tietosuojak\u00e4yt\u00e4nn\u00f6n soveltamisala 1.1.\u00a0\u00a0\u00a0\u00a0 Soveltamisala T\u00e4ss\u00e4 tietosuojak\u00e4yt\u00e4nn\u00f6ss\u00e4 kuvataan sitoutumisemme tietosuojan suojeluun ja siihen, miten k\u00e4sittelemme henkil\u00f6tietoja, joita saamme t\u00e4m\u00e4n verkkosivuston (&#8221;Verkkosivusto(t)&#8221;) k\u00e4vij\u00f6ilt\u00e4 ja sellaisten ohjelmistosovellusten (&#8221;Sovellus(t)&#8221;) k\u00e4ytt\u00e4jilt\u00e4, joita (i) hallinnoi ja yll\u00e4pit\u00e4\u00e4 FUJIFILM Europe tai jokin sen tyt\u00e4ryhti\u00f6ist\u00e4, kuten kohdassa &#8221;Rekisterinpit\u00e4j\u00e4&#8221; (&#8221;FUJIFILM&#8221; tai &#8221;me&#8221;) on mainittu, ja (ii) joissa on linkki t\u00e4h\u00e4n tietosuojak\u00e4yt\u00e4nt\u00f6\u00f6n. [&hellip;]<\/p>\n","protected":false},"author":1,"featured_media":0,"parent":0,"menu_order":0,"comment_status":"closed","ping_status":"closed","template":"tmpl_privacy.php","meta":[],"acf":[],"_links":{"self":[{"href":"https:\/\/fujifilmxmount.com\/comparison\/fi\/wp-json\/wp\/v2\/pages\/1764"}],"collection":[{"href":"https:\/\/fujifilmxmount.com\/comparison\/fi\/wp-json\/wp\/v2\/pages"}],"about":[{"href":"https:\/\/fujifilmxmount.com\/comparison\/fi\/wp-json\/wp\/v2\/types\/page"}],"author":[{"embeddable":true,"href":"https:\/\/fujifilmxmount.com\/comparison\/fi\/wp-json\/wp\/v2\/users\/1"}],"replies":[{"embeddable":true,"href":"https:\/\/fujifilmxmount.com\/comparison\/fi\/wp-json\/wp\/v2\/comments?post=1764"}],"version-history":[{"count":0,"href":"https:\/\/fujifilmxmount.com\/comparison\/fi\/wp-json\/wp\/v2\/pages\/1764\/revisions"}],"wp:attachment":[{"href":"https:\/\/fujifilmxmount.com\/comparison\/fi\/wp-json\/wp\/v2\/media?parent=1764"}],"curies":[{"name":"wp","href":"https:\/\/api.w.org\/{rel}","templated":true}]}}