{"id":2569,"date":"2021-08-25T15:35:55","date_gmt":"2021-08-25T13:35:55","guid":{"rendered":"https:\/\/fujifilmxmount.com\/comparison\/?page_id=2569"},"modified":"2021-08-25T15:35:55","modified_gmt":"2021-08-25T13:35:55","slug":"kayttoehdot-ja-ehdot","status":"publish","type":"page","link":"https:\/\/fujifilmxmount.com\/comparison\/fi\/kayttoehdot-ja-ehdot\/","title":{"rendered":"K\u00e4ytt\u00f6ehdot ja -ehdot"},"content":{"rendered":"<p>Kiitos, ett\u00e4 vierailit t\u00e4ll\u00e4 verkkosivustolla. T\u00e4m\u00e4 verkkosivusto, mukaan lukien kaikki maakohtaiset paikalliskieliset sivut ja kaikki muut sivut, on FUJIFILM Europen omaisuutta, ja FUJIFILM yll\u00e4pit\u00e4\u00e4 sit\u00e4 ja asettaa sen yleis\u00f6n saataville yksinomaan FUJIFILM:n toimesta tarjotakseen niille, jotka ovat kiinnostuneita FUJIFILM Corporationista Euroopassa ja FUJIFILM:n tuotteista ja palveluista, k\u00e4tev\u00e4n tavan l\u00f6yt\u00e4\u00e4 asiaankuuluvaa tietoa, kuten viimeisimm\u00e4t uutisjulkaisut, taloudelliset tiedot, tuotevalikoima, paikalliset yhteystiedot ja FUJIFILM:n tyt\u00e4ryhti\u00f6iden tai jakelijoiden omistamat verkkosivustot.<\/p>\n<p>Seuraavat k\u00e4ytt\u00f6ehdot ja muut muualla t\u00e4ll\u00e4 verkkosivustolla esitetyt ehdot ja ohjeet sek\u00e4 kaikki sovellettavat lait, s\u00e4\u00e4nn\u00f6t ja m\u00e4\u00e4r\u00e4ykset, mukaan lukien mutta ei rajoittuen tavaramerkkej\u00e4, tekij\u00e4noikeuksia, yksityisyydensuojaa ja kunnianloukkausta koskeviin lakeihin, ohjaavat p\u00e4\u00e4sy\u00e4si t\u00e4lle verkkosivustolle, sen selaamista ja k\u00e4ytt\u00f6\u00e4.<\/p>\n<p>Siksi FUJIFILM pyyt\u00e4\u00e4 sinua yst\u00e4v\u00e4llisesti lukemaan k\u00e4ytt\u00f6ehdot huolellisesti.<\/p>\n<h2>1.\u00a0\u00a0 T\u00e4m\u00e4n verkkosivuston k\u00e4ytt\u00f6<\/h2>\n<p>N\u00e4it\u00e4 k\u00e4ytt\u00f6ehtoja sovelletaan t\u00e4h\u00e4n verkkosivustoon ja kaikkiin muihin verkkosivustoihin, jotka ovat linkitettyin\u00e4 n\u00e4ihin k\u00e4ytt\u00f6ehtoihin. Saatat l\u00f6yt\u00e4\u00e4 lis\u00e4ehtoja, jotka liittyv\u00e4t t\u00e4m\u00e4n verkkosivuston tiettyihin sivuihin. T\u00e4llaisten sivujen k\u00e4ytt\u00f6\u00e4 t\u00e4ll\u00e4 verkkosivustolla s\u00e4\u00e4telev\u00e4t kyseisten sivujen ehdot ja edellytykset. Jos t\u00e4ss\u00e4 esitettyjen k\u00e4ytt\u00f6ehtojen ja muualla t\u00e4ll\u00e4 verkkosivustolla esitettyjen lis\u00e4ehtojen v\u00e4lill\u00e4 on ristiriitoja, lis\u00e4ehdot ovat ensisijaisia.<\/p>\n<p>N\u00e4iden k\u00e4ytt\u00f6ehtojen mukaisesti FUJIFILM my\u00f6nt\u00e4\u00e4 t\u00e4ten sinulle FUJIFILMin immateriaalioikeuksien nojalla ei-yksinomaisen, maailmanlaajuisen, ei-siirrett\u00e4viss\u00e4 olevan oikeuden k\u00e4ytt\u00e4\u00e4 t\u00e4t\u00e4 verkkosivustoa ja siihen sis\u00e4ltyv\u00e4\u00e4 sis\u00e4lt\u00f6\u00e4 vain henkil\u00f6kohtaiseen, ei-kaupalliseen k\u00e4ytt\u00f6\u00f6n n\u00e4iss\u00e4 k\u00e4ytt\u00f6ehdoissa esitettyjen rajoitusten ja velvoitteiden mukaisesti. Muita laajempia oikeuksia ei my\u00f6nnet\u00e4.<\/p>\n<h2>2.\u00a0\u00a0 Immateriaalioikeudet<\/h2>\n<p>Ellei toisin mainita tai osoiteta, kaikki teksti, t\u00e4ll\u00e4 verkkosivustolla tai sen kautta saatavilla olevat ohjelmistot ja muu t\u00e4h\u00e4n verkkosivustoon sis\u00e4ltyv\u00e4 sis\u00e4lt\u00f6 (&#8221;Sis\u00e4lt\u00f6&#8221;), mukaan lukien tavaramerkit (rekister\u00f6idyt ja rekister\u00f6im\u00e4tt\u00f6m\u00e4t), grafiikat, valokuvat, kuvat, logot ja palvelumerkit (yhdess\u00e4 &#8221;Merkit&#8221;) sek\u00e4 merkkien ja muun Sis\u00e4ll\u00f6n valinta, j\u00e4rjest\u00e4minen ja &#8221;ulkoasu&#8221; ovat FUJIFILMin omaisuutta tai sellaisten kolmansien osapuolten omaisuutta, jotka ovat antaneet FUJIFILMille luvan k\u00e4ytt\u00e4\u00e4 kyseist\u00e4 Sis\u00e4lt\u00f6\u00e4 t\u00e4ll\u00e4 verkkosivustolla. Kaikki sis\u00e4lt\u00f6 on suojattu kansainv\u00e4lisill\u00e4 tekij\u00e4noikeus- ja tavaramerkkilailla.<\/p>\n<h2>3.\u00a0\u00a0 T\u00e4m\u00e4n verkkosivuston sis\u00e4ll\u00f6n k\u00e4ytt\u00f6\u00e4 koskevat rajoitukset<\/h2>\n<p>Ellei sovellettavan lain mukaan ole nimenomaisesti sallittua tai t\u00e4ss\u00e4 tai muualla t\u00e4ll\u00e4 verkkosivustolla sallittua tai ellei ole hankittu etuk\u00e4teen kirjallista lupaa FUJIFILMilt\u00e4 tai kolmannelta osapuolelta, jolla on tarvittavat valtuudet, valtuudet, oikeudet tai intressit t\u00e4llaisen laillisen luvan my\u00f6nt\u00e4miseksi, k\u00e4ytt\u00e4j\u00e4\u00e4 kiellet\u00e4\u00e4n muokkaamasta, kopioimasta, lataamasta, jakamasta, l\u00e4hett\u00e4m\u00e4st\u00e4, n\u00e4ytt\u00e4m\u00e4st\u00e4, julkaisemasta, myym\u00e4st\u00e4, lisensoimasta, luomasta johdannaisteoksia tai muulla tavoin k\u00e4ytt\u00e4m\u00e4st\u00e4 merkkej\u00e4 tai muuta t\u00e4ll\u00e4 verkkosivustolla tai sen kautta saatavissa olevaa sis\u00e4lt\u00f6\u00e4 kaupallisiin tai julkisiin tarkoituksiin, mukaan lukien, mutta ei rajoitetusti, metatunnisteiden k\u00e4ytt\u00e4minen muilla sivuilla tai verkkosivustoilla WWW:ss\u00e4. Mik\u00e4\u00e4n n\u00e4iss\u00e4 k\u00e4ytt\u00f6ehdoissa ei anna sinulle mit\u00e4\u00e4n oikeuksia merkkeihin tai muuhun sis\u00e4lt\u00f6\u00f6n, joita ei ole erikseen mainittu n\u00e4iss\u00e4 k\u00e4ytt\u00f6ehdoissa.<\/p>\n<h2>4.\u00a0\u00a0 Kolmannen osapuolen sis\u00e4lt\u00f6<\/h2>\n<p>T\u00e4m\u00e4 verkkosivusto voi sis\u00e4lt\u00e4\u00e4 linkkej\u00e4 kolmansien osapuolten verkkosivustoihin ja sis\u00e4lt\u00f6\u00f6n (&#8221;kolmansien osapuolten sis\u00e4lt\u00f6&#8221;) palveluna sinulle. Kaikki kolmannen osapuolen sis\u00e4lt\u00f6 tai kolmansien osapuolten verkkosivustot, joihin p\u00e4\u00e4see verkkosivuston sis\u00e4lt\u00e4mien linkkien kautta, ovat ulkoista tietoa. FUJIFILM ei valvo, tarkista tai p\u00e4ivit\u00e4, eik\u00e4 sill\u00e4 ole mit\u00e4\u00e4n m\u00e4\u00e4r\u00e4ysvaltaa kolmannen osapuolen sis\u00e4lt\u00f6\u00f6n tai kolmannen osapuolen verkkosivustoihin. Ellei nimenomaisesti toisin mainita, FUJIFILM ei tue tai hyv\u00e4ksy mit\u00e4\u00e4n kolmannen osapuolen sis\u00e4lt\u00f6\u00e4, eik\u00e4 FUJIFILM anna mit\u00e4\u00e4n vakuutusta, takuuta tai takuuta kolmannen osapuolen sis\u00e4ll\u00f6n tarkkuudesta, t\u00e4ydellisyydest\u00e4, ajantasaisuudesta tai luotettavuudesta. Jos k\u00e4yt\u00e4t n\u00e4it\u00e4 linkkej\u00e4 ja kolmannen osapuolen sis\u00e4lt\u00f6\u00e4, teet sen t\u00e4ysin omalla vastuullasi. Lis\u00e4ksi viittaukset tuotteisiin, palveluihin, prosesseihin tai muihin tietoihin kauppanimell\u00e4, tavaramerkill\u00e4, valmistajalla, toimittajalla tai muulla tavoin eiv\u00e4t muodosta tai tarkoita FUJIFILM:n hyv\u00e4ksynt\u00e4\u00e4, sponsorointia tai suositusta.<\/p>\n<h2>5.\u00a0\u00a0 P\u00e4ivitykset ja tarkistukset<\/h2>\n<p>FUJIFILM tarjoaa t\u00e4m\u00e4n verkkosivuston sis\u00e4ll\u00f6n palveluna sinulle, ja sit\u00e4 voidaan muuttaa ilman ennakkoilmoitusta. FUJIFILM voi milloin tahansa ja aika ajoin tarkistaa ja p\u00e4ivitt\u00e4\u00e4 k\u00e4ytt\u00f6ehtoja ja sis\u00e4lt\u00f6\u00e4. Suosittelemme, ett\u00e4 k\u00e4yt s\u00e4\u00e4nn\u00f6llisesti t\u00e4ll\u00e4 sivulla tarkastelemassa ja tutustumassa kaikkiin voimassa oleviin ehtoihin ja edellytyksiin ja tarkastelet t\u00e4t\u00e4 verkkosivustoa yleisesti tutustuaksesi kaikkiin p\u00e4ivityksiin ja tarkistuksiin.<\/p>\n<h2>6.\u00a0\u00a0 Ei takuita<\/h2>\n<p>T\u00e4m\u00e4 verkkosivusto, sen sis\u00e4lt\u00f6 ja palvelut tarjotaan sellaisenaan ilman mink\u00e4\u00e4nlaista takuuta, ei nimenomaista eik\u00e4 hiljaista. FUJIFILM kielt\u00e4ytyy kaikista takuista, mukaan lukien, mutta ei rajoittuen, implisiittiset takuut kaupallisuudesta ja soveltuvuudesta tiettyyn tarkoitukseen, tietosis\u00e4ll\u00f6st\u00e4, j\u00e4rjestelm\u00e4integraatiosta tai tarkkuudesta.<\/p>\n<h2>7.\u00a0\u00a0 Ota yhteytt\u00e4<\/h2>\n<p>L\u00f6yd\u00e4t yhteystietomme verkkosivuj\u00e4ljen alta.<\/p>\n","protected":false},"excerpt":{"rendered":"<p>Kiitos, ett\u00e4 vierailit t\u00e4ll\u00e4 verkkosivustolla. T\u00e4m\u00e4 verkkosivusto, mukaan lukien kaikki maakohtaiset paikalliskieliset sivut ja kaikki muut sivut, on FUJIFILM Europen omaisuutta, ja FUJIFILM yll\u00e4pit\u00e4\u00e4 sit\u00e4 ja asettaa sen yleis\u00f6n saataville yksinomaan FUJIFILM:n toimesta tarjotakseen niille, jotka ovat kiinnostuneita FUJIFILM Corporationista Euroopassa ja FUJIFILM:n tuotteista ja palveluista, k\u00e4tev\u00e4n tavan l\u00f6yt\u00e4\u00e4 asiaankuuluvaa tietoa, kuten viimeisimm\u00e4t uutisjulkaisut, taloudelliset [&hellip;]<\/p>\n","protected":false},"author":1,"featured_media":0,"parent":0,"menu_order":0,"comment_status":"closed","ping_status":"closed","template":"tmpl_privacy.php","meta":[],"acf":[],"_links":{"self":[{"href":"https:\/\/fujifilmxmount.com\/comparison\/fi\/wp-json\/wp\/v2\/pages\/2569"}],"collection":[{"href":"https:\/\/fujifilmxmount.com\/comparison\/fi\/wp-json\/wp\/v2\/pages"}],"about":[{"href":"https:\/\/fujifilmxmount.com\/comparison\/fi\/wp-json\/wp\/v2\/types\/page"}],"author":[{"embeddable":true,"href":"https:\/\/fujifilmxmount.com\/comparison\/fi\/wp-json\/wp\/v2\/users\/1"}],"replies":[{"embeddable":true,"href":"https:\/\/fujifilmxmount.com\/comparison\/fi\/wp-json\/wp\/v2\/comments?post=2569"}],"version-history":[{"count":0,"href":"https:\/\/fujifilmxmount.com\/comparison\/fi\/wp-json\/wp\/v2\/pages\/2569\/revisions"}],"wp:attachment":[{"href":"https:\/\/fujifilmxmount.com\/comparison\/fi\/wp-json\/wp\/v2\/media?parent=2569"}],"curies":[{"name":"wp","href":"https:\/\/api.w.org\/{rel}","templated":true}]}}