{"id":2592,"date":"2021-08-31T09:38:34","date_gmt":"2021-08-31T07:38:34","guid":{"rendered":"https:\/\/fujifilmxmount.com\/comparison\/?page_id=2592"},"modified":"2021-09-13T09:55:22","modified_gmt":"2021-09-13T07:55:22","slug":"jalki","status":"publish","type":"page","link":"https:\/\/fujifilmxmount.com\/comparison\/fi\/jalki\/","title":{"rendered":"J\u00e4lki"},"content":{"rendered":"<table>\n<tbody>\n<tr>\n<td width=\"288\">Yrityksen nimi<\/td>\n<td width=\"317\">FUJIFILM Nordic AB<\/td>\n<\/tr>\n<tr>\n<td width=\"288\">Osoite<\/td>\n<td width=\"317\">Hantverkargatan 25, SE-112 21 Stockholm, Ruotsi<\/td>\n<\/tr>\n<tr>\n<td width=\"288\">Puhelin<\/td>\n<td width=\"317\">+46 (0)8 525 237 00<\/td>\n<\/tr>\n<tr>\n<td width=\"288\">Faksi<\/td>\n<td width=\"317\">n\/a<\/td>\n<\/tr>\n<tr>\n<td width=\"288\">S\u00e4hk\u00f6posti<\/td>\n<td width=\"317\">info@fujifilmnordic.eu<\/td>\n<\/tr>\n<tr>\n<td width=\"288\">Toimitusjohtaja<\/td>\n<td width=\"317\">Patrik Wigholm<\/td>\n<\/tr>\n<tr>\n<td width=\"288\">Rekister\u00f6i tuomioistuin<\/td>\n<td width=\"317\">Stockholms Tingsr\u00e4tt<\/td>\n<\/tr>\n<tr>\n<td width=\"288\">Rekister\u00f6intinumero<\/td>\n<td width=\"317\">556887-3011<\/td>\n<\/tr>\n<tr>\n<td width=\"288\">Myyntiveron tunnistenumero<\/td>\n<td width=\"317\">SE556887301101<\/td>\n<\/tr>\n<tr>\n<td width=\"288\">WEEE-rekister\u00f6intinumero<\/td>\n<td width=\"317\">556887-3011<\/td>\n<\/tr>\n<tr>\n<td width=\"288\">Tietoa verkkov\u00e4litteisest\u00e4 riidanratkaisusta<\/p>\n<p>&nbsp;<\/td>\n<td width=\"317\">Euroopan komissio tarjoaa foorumin verkkov\u00e4litteist\u00e4 riidanratkaisua varten. L\u00f6yd\u00e4t alustan osoitteesta https:\/\/ec.europa.eu\/consumers\/odr. Emme ole halukkaita emmek\u00e4 velvollisia osallistumaan riidanratkaisumenettelyyn kuluttajasovittelulautakunnassa.<\/td>\n<\/tr>\n<\/tbody>\n<\/table>\n","protected":false},"excerpt":{"rendered":"<p>Yrityksen nimi FUJIFILM Nordic AB Osoite Hantverkargatan 25, SE-112 21 Stockholm, Ruotsi Puhelin +46 (0)8 525 237 00 Faksi n\/a S\u00e4hk\u00f6posti info@fujifilmnordic.eu Toimitusjohtaja Patrik Wigholm Rekister\u00f6i tuomioistuin Stockholms Tingsr\u00e4tt Rekister\u00f6intinumero 556887-3011 Myyntiveron tunnistenumero SE556887301101 WEEE-rekister\u00f6intinumero 556887-3011 Tietoa verkkov\u00e4litteisest\u00e4 riidanratkaisusta &nbsp; Euroopan komissio tarjoaa foorumin verkkov\u00e4litteist\u00e4 riidanratkaisua varten. L\u00f6yd\u00e4t alustan osoitteesta https:\/\/ec.europa.eu\/consumers\/odr. Emme ole halukkaita emmek\u00e4 [&hellip;]<\/p>\n","protected":false},"author":1,"featured_media":0,"parent":0,"menu_order":0,"comment_status":"closed","ping_status":"closed","template":"tmpl_privacy.php","meta":[],"acf":[],"_links":{"self":[{"href":"https:\/\/fujifilmxmount.com\/comparison\/fi\/wp-json\/wp\/v2\/pages\/2592"}],"collection":[{"href":"https:\/\/fujifilmxmount.com\/comparison\/fi\/wp-json\/wp\/v2\/pages"}],"about":[{"href":"https:\/\/fujifilmxmount.com\/comparison\/fi\/wp-json\/wp\/v2\/types\/page"}],"author":[{"embeddable":true,"href":"https:\/\/fujifilmxmount.com\/comparison\/fi\/wp-json\/wp\/v2\/users\/1"}],"replies":[{"embeddable":true,"href":"https:\/\/fujifilmxmount.com\/comparison\/fi\/wp-json\/wp\/v2\/comments?post=2592"}],"version-history":[{"count":0,"href":"https:\/\/fujifilmxmount.com\/comparison\/fi\/wp-json\/wp\/v2\/pages\/2592\/revisions"}],"wp:attachment":[{"href":"https:\/\/fujifilmxmount.com\/comparison\/fi\/wp-json\/wp\/v2\/media?parent=2592"}],"curies":[{"name":"wp","href":"https:\/\/api.w.org\/{rel}","templated":true}]}}