{"id":463,"date":"2014-10-30T17:23:30","date_gmt":"2014-10-30T16:23:30","guid":{"rendered":"https:\/\/fujifilmxmount.com\/comparison\/wp\/about-fujinon-x-mount-lenses-2\/"},"modified":"2016-02-09T13:25:39","modified_gmt":"2016-02-09T12:25:39","slug":"about-fujinon-x-mount-lenses","status":"publish","type":"page","link":"https:\/\/fujifilmxmount.com\/comparison\/fi\/about-fujinon-x-mount-lenses\/","title":{"rendered":"Tietoa objektiiveistamme"},"content":{"rendered":"<p><iframe loading=\"lazy\" class=\"xmount_movie\" src=\"\/\/www.youtube.com\/embed\/oY1PbQsh1zM\" width=\"470\" height=\"264\" frameborder=\"0\" allowfullscreen=\"allowfullscreen\"><\/iframe><\/p>\n<p>X Mount -kiinnitykseen sopivat Fujinon-objektiivit varmistavat parhaan mahdollisen kuvalaadun eri kuvauskohteilla ja erilaisissa tilanteissa. Objektiivit on muotoiltu erityisesti X-sarjan runkoihin sopiviksi. Ne on valmistettu kameroiden kennon pohjalta, jotta p\u00e4\u00e4st\u00e4isiin parhaisiin mahdollisiin tuloksiin.<\/p>\n<p>&nbsp;<\/p>\n<p>X-sarjan objektiivivalikoima on kasvanut nopeasti ja siihen sis\u00e4ltyy t\u00e4ll\u00e4 hetkell\u00e4 kiinte\u00e4n polttov\u00e4lin objektiiveja tietynlaisille kuvauskohteille sek\u00e4 monipuolisia ja helppok\u00e4ytt\u00f6isi\u00e4 zoomobjektiiveja. Kuvausmahdollisuuksia on luvassa viel\u00e4kin enemm\u00e4n, sill\u00e4 vuoden 2016 aikana on tulossa lis\u00e4\u00e4 objektiiveja. Kaikki X-sarjan objektiivit tarjoavat korkeaa tarkkuutta ja ter\u00e4vyytt\u00e4 kuvan reunasta reunaan. <span style=\"text-decoration: underline;\"><a href=\"http:\/\/www.fujifilm.com\/products\/digital_cameras\/xf_lens\/roadmap\/\" target=\"_blank\">Suuret aukot<\/a><\/span> antavat kuvaajille hyv\u00e4t mahdollisuudet ottaa uskomattoman hienoja kuvia kompaktilla ja kevyell\u00e4 kameralla.<\/p>\n","protected":false},"excerpt":{"rendered":"<p>X Mount -kiinnitykseen sopivat Fujinon-objektiivit varmistavat parhaan mahdollisen kuvalaadun eri kuvauskohteilla ja erilaisissa tilanteissa. Objektiivit on muotoiltu erityisesti X-sarjan runkoihin sopiviksi. Ne on valmistettu kameroiden kennon pohjalta, jotta p\u00e4\u00e4st\u00e4isiin parhaisiin mahdollisiin tuloksiin. &nbsp; X-sarjan objektiivivalikoima on kasvanut nopeasti ja siihen sis\u00e4ltyy t\u00e4ll\u00e4 hetkell\u00e4 kiinte\u00e4n polttov\u00e4lin objektiiveja tietynlaisille kuvauskohteille sek\u00e4 monipuolisia ja helppok\u00e4ytt\u00f6isi\u00e4 zoomobjektiiveja. Kuvausmahdollisuuksia on [&hellip;]<\/p>\n","protected":false},"author":1,"featured_media":0,"parent":0,"menu_order":0,"comment_status":"open","ping_status":"open","template":"tmpl-lenses.php","meta":[],"acf":[],"_links":{"self":[{"href":"https:\/\/fujifilmxmount.com\/comparison\/fi\/wp-json\/wp\/v2\/pages\/463"}],"collection":[{"href":"https:\/\/fujifilmxmount.com\/comparison\/fi\/wp-json\/wp\/v2\/pages"}],"about":[{"href":"https:\/\/fujifilmxmount.com\/comparison\/fi\/wp-json\/wp\/v2\/types\/page"}],"author":[{"embeddable":true,"href":"https:\/\/fujifilmxmount.com\/comparison\/fi\/wp-json\/wp\/v2\/users\/1"}],"replies":[{"embeddable":true,"href":"https:\/\/fujifilmxmount.com\/comparison\/fi\/wp-json\/wp\/v2\/comments?post=463"}],"version-history":[{"count":0,"href":"https:\/\/fujifilmxmount.com\/comparison\/fi\/wp-json\/wp\/v2\/pages\/463\/revisions"}],"wp:attachment":[{"href":"https:\/\/fujifilmxmount.com\/comparison\/fi\/wp-json\/wp\/v2\/media?parent=463"}],"curies":[{"name":"wp","href":"https:\/\/api.w.org\/{rel}","templated":true}]}}