{"id":467,"date":"2014-10-30T17:24:10","date_gmt":"2014-10-30T16:24:10","guid":{"rendered":"https:\/\/fujifilmxmount.com\/comparison\/wp\/test-our-lenses-2\/"},"modified":"2014-12-08T15:42:24","modified_gmt":"2014-12-08T14:42:24","slug":"test-our-lenses","status":"publish","type":"page","link":"https:\/\/fujifilmxmount.com\/comparison\/fi\/test-our-lenses\/","title":{"rendered":"Objektiivitesti"},"content":{"rendered":"<p>Testaa kaikkia objektiivejamme ja koe, miten eri polttov\u00e4lit ja aukkosuhteet vaikuttavat kuvaan.<\/p>\n<p>&nbsp;<\/p>\n<p>1. Valitse objektiivi<br \/>\n2. Valitse aukko (ja zoomaus, jos se on k\u00e4ytett\u00e4viss\u00e4)<br \/>\n3. Paina &#8221;Ota kuva&#8221;<\/p>\n<p>&nbsp;<\/p>\n<p>Esikatsele ja vertaa kuvia painamalla: &#8221;Tarkastele valop\u00f6yd\u00e4ll\u00e4&#8221;.<\/p>\n","protected":false},"excerpt":{"rendered":"<p>Testaa kaikkia objektiivejamme ja koe, miten eri polttov\u00e4lit ja aukkosuhteet vaikuttavat kuvaan. &nbsp; 1. Valitse objektiivi 2. Valitse aukko (ja zoomaus, jos se on k\u00e4ytett\u00e4viss\u00e4) 3. Paina &#8221;Ota kuva&#8221; &nbsp; Esikatsele ja vertaa kuvia painamalla: &#8221;Tarkastele valop\u00f6yd\u00e4ll\u00e4&#8221;.<\/p>\n","protected":false},"author":1,"featured_media":0,"parent":0,"menu_order":0,"comment_status":"open","ping_status":"open","template":"tmpl-choose-lens.php","meta":[],"acf":[],"_links":{"self":[{"href":"https:\/\/fujifilmxmount.com\/comparison\/fi\/wp-json\/wp\/v2\/pages\/467"}],"collection":[{"href":"https:\/\/fujifilmxmount.com\/comparison\/fi\/wp-json\/wp\/v2\/pages"}],"about":[{"href":"https:\/\/fujifilmxmount.com\/comparison\/fi\/wp-json\/wp\/v2\/types\/page"}],"author":[{"embeddable":true,"href":"https:\/\/fujifilmxmount.com\/comparison\/fi\/wp-json\/wp\/v2\/users\/1"}],"replies":[{"embeddable":true,"href":"https:\/\/fujifilmxmount.com\/comparison\/fi\/wp-json\/wp\/v2\/comments?post=467"}],"version-history":[{"count":0,"href":"https:\/\/fujifilmxmount.com\/comparison\/fi\/wp-json\/wp\/v2\/pages\/467\/revisions"}],"wp:attachment":[{"href":"https:\/\/fujifilmxmount.com\/comparison\/fi\/wp-json\/wp\/v2\/media?parent=467"}],"curies":[{"name":"wp","href":"https:\/\/api.w.org\/{rel}","templated":true}]}}