{"id":470,"date":"2014-10-30T17:23:19","date_gmt":"2014-10-30T16:23:19","guid":{"rendered":"https:\/\/fujifilmxmount.com\/comparison\/wp\/how-we-did-the-test-2\/"},"modified":"2016-02-15T17:36:49","modified_gmt":"2016-02-15T16:36:49","slug":"how-we-did-the-test","status":"publish","type":"page","link":"https:\/\/fujifilmxmount.com\/comparison\/fi\/how-we-did-the-test\/","title":{"rendered":"N\u00e4in teimme testin"},"content":{"rendered":"<div class=\"xmount_movie\"><img decoding=\"async\" loading=\"lazy\" class=\"alignnone size-full wp-image-1729\" src=\"https:\/\/fujifilmxmount.com\/comparison\/wp\/wp-content\/uploads\/2016\/02\/hurvigjorde.png\" alt=\"hurvigjorde\" width=\"700\" height=\"525\" \/><\/div>\n<p>Testiss\u00e4 oli k\u00e4yt\u00f6ss\u00e4 FUJIFILM X-T1 sek\u00e4 X-sarjan objektiivit, jotka olivat saatavilla kuvausajankohtana (marraskuu 2015). Objektiiveilla kuvattiin kaikilla aukkosuhteen kokonaisluvuilla (sek\u00e4 aukkosuhteen \u00e4\u00e4riarvoilla kummassakin p\u00e4\u00e4ss\u00e4). Lis\u00e4ksi zoom-objektiiveilla k\u00e4ytettiin 3-4 eri polttov\u00e4li\u00e4.<\/p>\n<p>&nbsp;<\/p>\n<p>Kameran asetukset olivat seuraavat:<br \/>\nJPEG (Fine)<br \/>\nProvia\/Velvia\/Classic Chrome (Film Simulation Bracketing)<br \/>\nValkotasapaino: Manuaalinen<br \/>\nValonmittaus: Multi<br \/>\nSuljinaika: Auto<br \/>\nISO 200<br \/>\nTarkennus: AF-S \/ MF<br \/>\nKohinan v\u00e4hennys pitk\u00e4ll\u00e4 valotusajalla: K\u00e4yt\u00f6ss\u00e4<br \/>\nLens modulation optimizer: K\u00e4yt\u00f6ss\u00e4<\/p>\n<p>&nbsp;<\/p>\n<p>Kuvia otettaessa on k\u00e4ytetty jalustaa ja objektiivin kuvanvakautus (jos siin\u00e4 sellainen on) on ollut poissa p\u00e4\u00e4lt\u00e4. Kuvat ovat muokkaamattomia JPEG-tiedostoja suoraan kamerasta, mutta niiden kokoa on pienennetty (2500&#215;1667), jotta ne toimisivat mahdollisimman hyvin sivun testiss\u00e4.<\/p>\n","protected":false},"excerpt":{"rendered":"<p>Testiss\u00e4 oli k\u00e4yt\u00f6ss\u00e4 FUJIFILM X-T1 sek\u00e4 X-sarjan objektiivit, jotka olivat saatavilla kuvausajankohtana (marraskuu 2015). Objektiiveilla kuvattiin kaikilla aukkosuhteen kokonaisluvuilla (sek\u00e4 aukkosuhteen \u00e4\u00e4riarvoilla kummassakin p\u00e4\u00e4ss\u00e4). Lis\u00e4ksi zoom-objektiiveilla k\u00e4ytettiin 3-4 eri polttov\u00e4li\u00e4. &nbsp; Kameran asetukset olivat seuraavat: JPEG (Fine) Provia\/Velvia\/Classic Chrome (Film Simulation Bracketing) Valkotasapaino: Manuaalinen Valonmittaus: Multi Suljinaika: Auto ISO 200 Tarkennus: AF-S \/ MF Kohinan [&hellip;]<\/p>\n","protected":false},"author":1,"featured_media":328,"parent":0,"menu_order":0,"comment_status":"open","ping_status":"open","template":"","meta":[],"acf":[],"_links":{"self":[{"href":"https:\/\/fujifilmxmount.com\/comparison\/fi\/wp-json\/wp\/v2\/pages\/470"}],"collection":[{"href":"https:\/\/fujifilmxmount.com\/comparison\/fi\/wp-json\/wp\/v2\/pages"}],"about":[{"href":"https:\/\/fujifilmxmount.com\/comparison\/fi\/wp-json\/wp\/v2\/types\/page"}],"author":[{"embeddable":true,"href":"https:\/\/fujifilmxmount.com\/comparison\/fi\/wp-json\/wp\/v2\/users\/1"}],"replies":[{"embeddable":true,"href":"https:\/\/fujifilmxmount.com\/comparison\/fi\/wp-json\/wp\/v2\/comments?post=470"}],"version-history":[{"count":0,"href":"https:\/\/fujifilmxmount.com\/comparison\/fi\/wp-json\/wp\/v2\/pages\/470\/revisions"}],"wp:featuredmedia":[{"embeddable":true,"href":"https:\/\/fujifilmxmount.com\/comparison\/fi\/wp-json\/wp\/v2\/media\/328"}],"wp:attachment":[{"href":"https:\/\/fujifilmxmount.com\/comparison\/fi\/wp-json\/wp\/v2\/media?parent=470"}],"curies":[{"name":"wp","href":"https:\/\/api.w.org\/{rel}","templated":true}]}}