{"id":2571,"date":"2021-08-25T15:36:14","date_gmt":"2021-08-25T13:36:14","guid":{"rendered":"https:\/\/fujifilmxmount.com\/comparison\/?page_id=2571"},"modified":"2021-08-25T15:36:14","modified_gmt":"2021-08-25T13:36:14","slug":"felhasznalasi-feltetelek","status":"publish","type":"page","link":"https:\/\/fujifilmxmount.com\/comparison\/hu\/felhasznalasi-feltetelek\/","title":{"rendered":"Felhaszn\u00e1l\u00e1si felt\u00e9telek"},"content":{"rendered":"<p>K\u00f6sz\u00f6nj\u00fck, hogy megl\u00e1togatta ezt a weboldalt. Ez a weboldal, bele\u00e9rtve az \u00f6sszes orsz\u00e1gspecifikus helyi nyelv\u0171 oldalt \u00e9s minden m\u00e1s oldalt, a FUJIFILM Europe tulajdona, \u00e9s kiz\u00e1r\u00f3lag a FUJIFILM tartja fenn \u00e9s teszi el\u00e9rhet\u0151v\u00e9 a nyilv\u00e1noss\u00e1g sz\u00e1m\u00e1ra azzal a c\u00e9llal, hogy a FUJIFILM Corporation Eur\u00f3p\u00e1ban \u00e9s a FUJIFILM term\u00e9kei \u00e9s szolg\u00e1ltat\u00e1sai ir\u00e1nt \u00e9rdekl\u0151d\u0151k sz\u00e1m\u00e1ra k\u00e9nyelmes m\u00f3dot k\u00edn\u00e1ljon a vonatkoz\u00f3 inform\u00e1ci\u00f3k, p\u00e9ld\u00e1ul a leg\u00fajabb h\u00edrek, p\u00e9nz\u00fcgyi inform\u00e1ci\u00f3k, term\u00e9kk\u00edn\u00e1lat, helyi el\u00e9rhet\u0151s\u00e9gek \u00e9s a FUJIFILM le\u00e1nyv\u00e1llalatainak vagy forgalmaz\u00f3inak weboldalai megtal\u00e1l\u00e1s\u00e1ra.<\/p>\n<p>A jelen Webhelyhez val\u00f3 hozz\u00e1f\u00e9r\u00e9sre, annak b\u00f6ng\u00e9sz\u00e9s\u00e9re \u00e9s haszn\u00e1lat\u00e1ra az al\u00e1bbi \u00c1ltal\u00e1nos Szerz\u0151d\u00e9si Felt\u00e9telek, valamint a Webhelyen m\u00e1shol meghat\u00e1rozott egy\u00e9b felt\u00e9telek \u00e9s ir\u00e1nyelvek, tov\u00e1bb\u00e1 az \u00f6sszes vonatkoz\u00f3 t\u00f6rv\u00e9ny, szab\u00e1ly \u00e9s rendelkez\u00e9s vonatkozik, bele\u00e9rtve, de nem kiz\u00e1r\u00f3lagosan a v\u00e9djegyekre, a szerz\u0151i jogokra, a mag\u00e1n\u00e9lethez val\u00f3 jogra \u00e9s a r\u00e1galmaz\u00e1sra vonatkoz\u00f3 t\u00f6rv\u00e9nyeket.<\/p>\n<p>Ez\u00e9rt a FUJIFILM arra k\u00e9ri \u00d6nt, hogy figyelmesen olvassa el a Felhaszn\u00e1l\u00e1si felt\u00e9teleket.<\/p>\n<h2>1.\u00a0\u00a0 A weboldal haszn\u00e1lata<\/h2>\n<p>A jelen \u00c1ltal\u00e1nos Szerz\u0151d\u00e9si Felt\u00e9telek a jelen Weboldalra \u00e9s b\u00e1rmely m\u00e1s, a jelen \u00c1ltal\u00e1nos Szerz\u0151d\u00e9si Felt\u00e9telekre hivatkoz\u00f3 weboldalra vonatkoznak. A jelen Webhelyen tov\u00e1bbi, a Webhely egyes oldalaihoz kapcsol\u00f3d\u00f3 felt\u00e9teleket tal\u00e1lhat. A jelen Webhelyen bel\u00fcli ilyen oldalak haszn\u00e1lat\u00e1ra az adott oldalak felt\u00e9telei vonatkoznak. Amennyiben az itt megadott \u00c1ltal\u00e1nos Szerz\u0151d\u00e9si Felt\u00e9telek \u00e9s a Weboldalon m\u00e1shol megadott kieg\u00e9sz\u00edt\u0151 felt\u00e9telek k\u00f6z\u00f6tt b\u00e1rmilyen ellentmond\u00e1s \u00e1ll fenn, a kieg\u00e9sz\u00edt\u0151 felt\u00e9telek az ir\u00e1nyad\u00f3ak.<\/p>\n<p>A jelen \u00c1ltal\u00e1nos Szerz\u0151d\u00e9si Felt\u00e9telekre is figyelemmel a FUJIFILM ezennel a FUJIFILM szellemi tulajdonjogai alapj\u00e1n nem kiz\u00e1r\u00f3lagos, vil\u00e1gm\u00e9ret\u0171, nem \u00e1truh\u00e1zhat\u00f3 jogot biztos\u00edt \u00d6nnek a jelen Weboldal \u00e9s az azon tal\u00e1lhat\u00f3 Tartalom kiz\u00e1r\u00f3lag szem\u00e9lyes, nem kereskedelmi c\u00e9l\u00fa haszn\u00e1lat\u00e1ra, a jelen \u00c1ltal\u00e1nos Szerz\u0151d\u00e9si Felt\u00e9telekben meghat\u00e1rozott korl\u00e1toz\u00e1sok \u00e9s k\u00f6telezetts\u00e9gek mellett. Tov\u00e1bbi el\u00e9r\u00e9si jogok nem biztos\u00edtottak.<\/p>\n<h2>2.\u00a0\u00a0 Szellemi tulajdonjogok<\/h2>\n<p>Elt\u00e9r\u0151 rendelkez\u00e9s vagy jelz\u00e9s hi\u00e1ny\u00e1ban minden sz\u00f6veg, a jelen Webhelyen vagy azon kereszt\u00fcl el\u00e9rhet\u0151 szoftverprogramok \u00e9s a jelen Webhelyen tal\u00e1lhat\u00f3 egy\u00e9b tartalom (&#8222;Tartalom&#8221;), bele\u00e9rtve a (bejegyzett \u00e9s nem bejegyzett) v\u00e9djegyeket, grafik\u00e1kat, f\u00e9nyk\u00e9peket, k\u00e9peket, log\u00f3kat \u00e9s szolg\u00e1ltat\u00e1si v\u00e9djegyeket (egy\u00fcttesen a &#8222;Jelek&#8221;), valamint a v\u00e9djegyek \u00e9s egy\u00e9b Tartalom kiv\u00e1laszt\u00e1sa, elrendez\u00e9se \u00e9s &#8222;megjelen\u00e9se&#8221; a FUJIFILM vagy olyan harmadik felek tulajdon\u00e1t k\u00e9pezi, akik enged\u00e9lyezt\u00e9k a FUJIFILM sz\u00e1m\u00e1ra az ilyen Tartalom jelen Webhelyen val\u00f3 haszn\u00e1lat\u00e1t. Minden Tartalom a nemzetk\u00f6zi szerz\u0151i jogi \u00e9s v\u00e9djegyjogok v\u00e9delme alatt \u00e1ll.<\/p>\n<h2>3.\u00a0\u00a0 A weboldal tartalm\u00e1nak felhaszn\u00e1l\u00e1s\u00e1ra vonatkoz\u00f3 korl\u00e1toz\u00e1sok<\/h2>\n<p>Az alkalmazand\u00f3 jogszab\u00e1lyok \u00e1ltal kifejezetten megengedett, illetve a jelen Webhelyen vagy m\u00e1shol megengedett m\u00f3don, vagy a FUJIFILM vagy b\u00e1rmely harmadik f\u00e9l el\u0151zetes \u00edr\u00e1sbeli enged\u00e9ly\u00e9nek megszerz\u00e9s\u00e9vel, aki az ilyen jogi enged\u00e9ly megad\u00e1s\u00e1hoz sz\u00fcks\u00e9ges jogk\u00f6rrel, felhatalmaz\u00e1ssal, jogc\u00edmmel vagy \u00e9rdekelts\u00e9ggel rendelkezik, tilos b\u00e1rmilyen v\u00e9djegyet vagy m\u00e1s, a Webhelyen vagy azon kereszt\u00fcl el\u00e9rhet\u0151 tartalmat kereskedelmi vagy nyilv\u00e1nos c\u00e9lokra m\u00f3dos\u00edtani, m\u00e1solni, let\u00f6lteni, terjeszteni, tov\u00e1bb\u00edtani, megjelen\u00edteni, k\u00f6zz\u00e9tenni, \u00e9rt\u00e9kes\u00edteni, licencelni, sz\u00e1rmaz\u00e9kos m\u0171veket l\u00e9trehozni vagy m\u00e1s m\u00f3don felhaszn\u00e1lni, bele\u00e9rtve, de nem kiz\u00e1r\u00f3lagosan, a vil\u00e1gh\u00e1l\u00f3 m\u00e1s oldalain vagy weboldalain meta-tagk\u00e9nt val\u00f3 felhaszn\u00e1l\u00e1st. A jelen \u00c1ltal\u00e1nos Szerz\u0151d\u00e9si Felt\u00e9telek semmilyen olyan jogot nem biztos\u00edtanak \u00d6nnek a M\u00e1rk\u00e1khoz vagy egy\u00e9b Tartalmakhoz, amely itt k\u00fcl\u00f6n nem szerepel.<\/p>\n<h2>4.\u00a0\u00a0 Harmadik f\u00e9l tartalma<\/h2>\n<p>Ez a Weboldal az \u00d6n sz\u00e1m\u00e1ra ny\u00fajtott szolg\u00e1ltat\u00e1sk\u00e9nt harmadik felek weboldalaira \u00e9s tartalmaira mutat\u00f3 linkeket (&#8222;Harmadik f\u00e9l tartalma&#8221;) tartalmazhat. A Weboldalon tal\u00e1lhat\u00f3 linkeken kereszt\u00fcl el\u00e9rhet\u0151 b\u00e1rmely harmadik f\u00e9l tartalma vagy harmadik f\u00e9l weboldala k\u00fcls\u0151 inform\u00e1ci\u00f3nak min\u0151s\u00fcl. A FUJIFILM nem ellen\u0151rzi, nem vizsg\u00e1lja vagy friss\u00edti, \u00e9s nem gyakorol semmilyen ellen\u0151rz\u00e9st a Harmadik f\u00e9l tartalma vagy harmadik f\u00e9l weboldalai felett. Hacsak kifejezetten m\u00e1sk\u00e9nt nem jelezz\u00fck, a FUJIFILM nem t\u00e1mogatja \u00e9s nem fogadja el a harmadik f\u00e9lt\u0151l sz\u00e1rmaz\u00f3 tartalmakat, \u00e9s a FUJIFILM nem v\u00e1llal semmilyen k\u00e9pviseletet, szavatoss\u00e1got vagy garanci\u00e1t a harmadik f\u00e9lt\u0151l sz\u00e1rmaz\u00f3 tartalmak pontoss\u00e1g\u00e1ra, teljess\u00e9g\u00e9re, id\u0151szer\u0171s\u00e9g\u00e9re vagy megb\u00edzhat\u00f3s\u00e1g\u00e1ra vonatkoz\u00f3an. Ha \u00d6n ezeket a linkeket \u00e9s a Harmadik f\u00e9l tartalm\u00e1t haszn\u00e1lja, azt kiz\u00e1r\u00f3lag saj\u00e1t felel\u0151ss\u00e9g\u00e9re teszi. Ezen t\u00falmen\u0151en a term\u00e9kekre, szolg\u00e1ltat\u00e1sokra, elj\u00e1r\u00e1sokra vagy egy\u00e9b inform\u00e1ci\u00f3kra val\u00f3 hivatkoz\u00e1s kereskedelmi n\u00e9v, v\u00e9djegy, gy\u00e1rt\u00f3, besz\u00e1ll\u00edt\u00f3 vagy m\u00e1s m\u00f3don nem jelenti a FUJIFILM \u00e1ltali j\u00f3v\u00e1hagy\u00e1st, szponzor\u00e1l\u00e1st vagy aj\u00e1nl\u00e1st.<\/p>\n<h2>5.\u00a0\u00a0 Friss\u00edt\u00e9sek \u00e9s fel\u00fclvizsg\u00e1latok<\/h2>\n<p>A FUJIFILM a jelen Weboldalon tal\u00e1lhat\u00f3 Tartalmat az \u00d6n k\u00e9nyelm\u00e9t szolg\u00e1lj\u00e1k, \u00e9s az el\u0151zetes \u00e9rtes\u00edt\u00e9s n\u00e9lk\u00fcl v\u00e1ltozhat. A FUJIFILM b\u00e1rmikor \u00e9s id\u0151r\u0151l id\u0151re fel\u00fclvizsg\u00e1lhatja \u00e9s friss\u00edtheti a Felhaszn\u00e1l\u00e1si felt\u00e9teleket \u00e9s a Tartalmat. Javasoljuk, hogy rendszeresen l\u00e1togasson el erre az oldalra, hogy \u00e1ttekintse \u00e9s megismerje az \u00f6sszes aktu\u00e1lis felt\u00e9telt, \u00e9s \u00e1ltal\u00e1ban is tekintse \u00e1t a Weboldalt, hogy megismerje a friss\u00edt\u00e9seket \u00e9s m\u00f3dos\u00edt\u00e1sokat.<\/p>\n<h2>6.\u00a0\u00a0 Nincs garancia<\/h2>\n<p>Ezt a weboldalt, annak tartalm\u00e1t \u00e9s szolg\u00e1ltat\u00e1sait &#8222;\u00fagy, ahogy van&#8221;, b\u00e1rmilyen kifejezett vagy hallgat\u00f3lagos garancia n\u00e9lk\u00fcl ny\u00fajtjuk. A FUJIFILM kiz\u00e1r minden garanci\u00e1t, bele\u00e9rtve, de nem kiz\u00e1r\u00f3lagosan, az eladhat\u00f3s\u00e1gra \u00e9s a meghat\u00e1rozott c\u00e9lra val\u00f3 alkalmass\u00e1gra, az inform\u00e1ci\u00f3s tartalomra, a rendszerintegr\u00e1ci\u00f3ra vagy a pontoss\u00e1gra vonatkoz\u00f3 hallgat\u00f3lagos garanci\u00e1kat.<\/p>\n<h2>7.\u00a0\u00a0 Kapcsolat<\/h2>\n<p>El\u00e9rhet\u0151s\u00e9geinket a honlap impresszum\u00e1ban tal\u00e1lja.<\/p>\n","protected":false},"excerpt":{"rendered":"<p>K\u00f6sz\u00f6nj\u00fck, hogy megl\u00e1togatta ezt a weboldalt. Ez a weboldal, bele\u00e9rtve az \u00f6sszes orsz\u00e1gspecifikus helyi nyelv\u0171 oldalt \u00e9s minden m\u00e1s oldalt, a FUJIFILM Europe tulajdona, \u00e9s kiz\u00e1r\u00f3lag a FUJIFILM tartja fenn \u00e9s teszi el\u00e9rhet\u0151v\u00e9 a nyilv\u00e1noss\u00e1g sz\u00e1m\u00e1ra azzal a c\u00e9llal, hogy a FUJIFILM Corporation Eur\u00f3p\u00e1ban \u00e9s a FUJIFILM term\u00e9kei \u00e9s szolg\u00e1ltat\u00e1sai ir\u00e1nt \u00e9rdekl\u0151d\u0151k sz\u00e1m\u00e1ra k\u00e9nyelmes m\u00f3dot [&hellip;]<\/p>\n","protected":false},"author":1,"featured_media":0,"parent":0,"menu_order":0,"comment_status":"closed","ping_status":"closed","template":"tmpl_privacy.php","meta":[],"acf":[],"_links":{"self":[{"href":"https:\/\/fujifilmxmount.com\/comparison\/hu\/wp-json\/wp\/v2\/pages\/2571"}],"collection":[{"href":"https:\/\/fujifilmxmount.com\/comparison\/hu\/wp-json\/wp\/v2\/pages"}],"about":[{"href":"https:\/\/fujifilmxmount.com\/comparison\/hu\/wp-json\/wp\/v2\/types\/page"}],"author":[{"embeddable":true,"href":"https:\/\/fujifilmxmount.com\/comparison\/hu\/wp-json\/wp\/v2\/users\/1"}],"replies":[{"embeddable":true,"href":"https:\/\/fujifilmxmount.com\/comparison\/hu\/wp-json\/wp\/v2\/comments?post=2571"}],"version-history":[{"count":0,"href":"https:\/\/fujifilmxmount.com\/comparison\/hu\/wp-json\/wp\/v2\/pages\/2571\/revisions"}],"wp:attachment":[{"href":"https:\/\/fujifilmxmount.com\/comparison\/hu\/wp-json\/wp\/v2\/media?parent=2571"}],"curies":[{"name":"wp","href":"https:\/\/api.w.org\/{rel}","templated":true}]}}