{"id":2598,"date":"2021-08-31T09:40:54","date_gmt":"2021-08-31T07:40:54","guid":{"rendered":"https:\/\/fujifilmxmount.com\/comparison\/?page_id=2598"},"modified":"2021-09-13T09:55:34","modified_gmt":"2021-09-13T07:55:34","slug":"impresszum","status":"publish","type":"page","link":"https:\/\/fujifilmxmount.com\/comparison\/hu\/impresszum\/","title":{"rendered":"Impresszum"},"content":{"rendered":"<table>\n<tbody>\n<tr>\n<td width=\"288\">C\u00e9gn\u00e9v<\/td>\n<td width=\"317\">FUJIFILM Nordic AB<\/td>\n<\/tr>\n<tr>\n<td width=\"288\">C\u00edm<\/td>\n<td width=\"317\">Hantverkargatan 25, SE-112 21 Stockholm, Sv\u00e9dorsz\u00e1g<\/td>\n<\/tr>\n<tr>\n<td width=\"288\">Telefon<\/td>\n<td width=\"317\">+46 (0)8 525 237 00<\/td>\n<\/tr>\n<tr>\n<td width=\"288\">Fax<\/td>\n<td width=\"317\">n\/a<\/td>\n<\/tr>\n<tr>\n<td width=\"288\">E-mail<\/td>\n<td width=\"317\">info@fujifilmnordic.eu<\/td>\n<\/tr>\n<tr>\n<td width=\"288\">\u00dcgyvezet\u0151 igazgat\u00f3<\/td>\n<td width=\"317\">Patrik Wigholm<\/td>\n<\/tr>\n<tr>\n<td width=\"288\">Regisztr\u00e1ci\u00f3s b\u00edr\u00f3s\u00e1g<\/td>\n<td width=\"317\">Stockholms Tingsr\u00e4tt<\/td>\n<\/tr>\n<tr>\n<td width=\"288\">Nyilv\u00e1ntart\u00e1si sz\u00e1m<\/td>\n<td width=\"317\">556887-3011<\/td>\n<\/tr>\n<tr>\n<td width=\"288\">Forgalmiad\u00f3-azonos\u00edt\u00f3sz\u00e1m<\/td>\n<td width=\"317\">SE556887301101<\/td>\n<\/tr>\n<tr>\n<td width=\"288\">WEEE-nyilv\u00e1ntart\u00e1si sz\u00e1m<\/td>\n<td width=\"317\">556887-3011<\/td>\n<\/tr>\n<tr>\n<td width=\"288\">Az online vitarendez\u00e9ssel kapcsolatos inform\u00e1ci\u00f3k<\/p>\n<p>&nbsp;<\/td>\n<td width=\"317\">Az Eur\u00f3pai Bizotts\u00e1g online vitarendez\u00e9si platformot biztos\u00edt. A platform a k\u00f6vetkez\u0151 c\u00edmen \u00e9rhet\u0151 el https:\/\/ec.europa.eu\/consumers\/odr. Nem vagyunk hajland\u00f3ak \u00e9s nem is vagyunk k\u00f6telesek r\u00e9szt venni egy fogyaszt\u00f3i d\u00f6nt\u0151bizotts\u00e1g el\u0151tti vitarendez\u00e9si elj\u00e1r\u00e1sban.<\/td>\n<\/tr>\n<\/tbody>\n<\/table>\n","protected":false},"excerpt":{"rendered":"<p>C\u00e9gn\u00e9v FUJIFILM Nordic AB C\u00edm Hantverkargatan 25, SE-112 21 Stockholm, Sv\u00e9dorsz\u00e1g Telefon +46 (0)8 525 237 00 Fax n\/a E-mail info@fujifilmnordic.eu \u00dcgyvezet\u0151 igazgat\u00f3 Patrik Wigholm Regisztr\u00e1ci\u00f3s b\u00edr\u00f3s\u00e1g Stockholms Tingsr\u00e4tt Nyilv\u00e1ntart\u00e1si sz\u00e1m 556887-3011 Forgalmiad\u00f3-azonos\u00edt\u00f3sz\u00e1m SE556887301101 WEEE-nyilv\u00e1ntart\u00e1si sz\u00e1m 556887-3011 Az online vitarendez\u00e9ssel kapcsolatos inform\u00e1ci\u00f3k &nbsp; Az Eur\u00f3pai Bizotts\u00e1g online vitarendez\u00e9si platformot biztos\u00edt. A platform a k\u00f6vetkez\u0151 c\u00edmen [&hellip;]<\/p>\n","protected":false},"author":1,"featured_media":0,"parent":0,"menu_order":0,"comment_status":"closed","ping_status":"closed","template":"tmpl_privacy.php","meta":[],"acf":[],"_links":{"self":[{"href":"https:\/\/fujifilmxmount.com\/comparison\/hu\/wp-json\/wp\/v2\/pages\/2598"}],"collection":[{"href":"https:\/\/fujifilmxmount.com\/comparison\/hu\/wp-json\/wp\/v2\/pages"}],"about":[{"href":"https:\/\/fujifilmxmount.com\/comparison\/hu\/wp-json\/wp\/v2\/types\/page"}],"author":[{"embeddable":true,"href":"https:\/\/fujifilmxmount.com\/comparison\/hu\/wp-json\/wp\/v2\/users\/1"}],"replies":[{"embeddable":true,"href":"https:\/\/fujifilmxmount.com\/comparison\/hu\/wp-json\/wp\/v2\/comments?post=2598"}],"version-history":[{"count":0,"href":"https:\/\/fujifilmxmount.com\/comparison\/hu\/wp-json\/wp\/v2\/pages\/2598\/revisions"}],"wp:attachment":[{"href":"https:\/\/fujifilmxmount.com\/comparison\/hu\/wp-json\/wp\/v2\/media?parent=2598"}],"curies":[{"name":"wp","href":"https:\/\/api.w.org\/{rel}","templated":true}]}}