{"id":948,"date":"2014-10-30T17:24:10","date_gmt":"2014-10-30T16:24:10","guid":{"rendered":"https:\/\/fujifilmxmount.com\/comparison\/test-our-lenses-2\/"},"modified":"2015-02-26T15:44:19","modified_gmt":"2015-02-26T14:44:19","slug":"test-our-lenses","status":"publish","type":"page","link":"https:\/\/fujifilmxmount.com\/comparison\/hu\/test-our-lenses\/","title":{"rendered":"Tesztelje Objekt\u00edvjeinket"},"content":{"rendered":"<p>Tesztelje objekt\u00edvjeink sz\u00e9les sk\u00e1l\u00e1j\u00e1t \u00e9s n\u00e9zze meg hogyan befoly\u00e1solhatj\u00e1k a k\u00e9pet a k\u00fcl\u00f6nb\u00f6z\u0151 objekt\u00edvek \u00e9s a rekesz\u00e9rt\u00e9k .<\/p>\n<p>&nbsp;<\/p>\n<p>1. V\u00e1lasszon egy objekt\u00edvet<br \/>\n2. V\u00e1lasszon rekesz\u00e9rt\u00e9ket (\u00e9s ha el\u00e9rhet\u0151 zoomot)<br \/>\n3. Kattintson a &#8221; K\u00e9pk\u00e9sz\u00edt\u00e9s &#8221; gombra<\/p>\n<p>&nbsp;<\/p>\n<p>A k\u00e9pek megtekint\u00e9s\u00e9hez \u00e9s \u00f6sszehasonl\u00edt\u00e1s\u00e1hoz kattintson a &#8221; N\u00e9zze meg az albumot &#8221; gombra.<\/p>\n","protected":false},"excerpt":{"rendered":"<p>Tesztelje objekt\u00edvjeink sz\u00e9les sk\u00e1l\u00e1j\u00e1t \u00e9s n\u00e9zze meg hogyan befoly\u00e1solhatj\u00e1k a k\u00e9pet a k\u00fcl\u00f6nb\u00f6z\u0151 objekt\u00edvek \u00e9s a rekesz\u00e9rt\u00e9k . &nbsp; 1. V\u00e1lasszon egy objekt\u00edvet 2. V\u00e1lasszon rekesz\u00e9rt\u00e9ket (\u00e9s ha el\u00e9rhet\u0151 zoomot) 3. Kattintson a &#8221; K\u00e9pk\u00e9sz\u00edt\u00e9s &#8221; gombra &nbsp; A k\u00e9pek megtekint\u00e9s\u00e9hez \u00e9s \u00f6sszehasonl\u00edt\u00e1s\u00e1hoz kattintson a &#8221; N\u00e9zze meg az albumot &#8221; gombra.<\/p>\n","protected":false},"author":1,"featured_media":0,"parent":0,"menu_order":0,"comment_status":"open","ping_status":"open","template":"tmpl-choose-lens.php","meta":[],"acf":[],"_links":{"self":[{"href":"https:\/\/fujifilmxmount.com\/comparison\/hu\/wp-json\/wp\/v2\/pages\/948"}],"collection":[{"href":"https:\/\/fujifilmxmount.com\/comparison\/hu\/wp-json\/wp\/v2\/pages"}],"about":[{"href":"https:\/\/fujifilmxmount.com\/comparison\/hu\/wp-json\/wp\/v2\/types\/page"}],"author":[{"embeddable":true,"href":"https:\/\/fujifilmxmount.com\/comparison\/hu\/wp-json\/wp\/v2\/users\/1"}],"replies":[{"embeddable":true,"href":"https:\/\/fujifilmxmount.com\/comparison\/hu\/wp-json\/wp\/v2\/comments?post=948"}],"version-history":[{"count":0,"href":"https:\/\/fujifilmxmount.com\/comparison\/hu\/wp-json\/wp\/v2\/pages\/948\/revisions"}],"wp:attachment":[{"href":"https:\/\/fujifilmxmount.com\/comparison\/hu\/wp-json\/wp\/v2\/media?parent=948"}],"curies":[{"name":"wp","href":"https:\/\/api.w.org\/{rel}","templated":true}]}}