{"id":949,"date":"2014-10-30T17:23:19","date_gmt":"2014-10-30T16:23:19","guid":{"rendered":"https:\/\/fujifilmxmount.com\/comparison\/how-we-did-the-test-2\/"},"modified":"2016-02-15T17:36:54","modified_gmt":"2016-02-15T16:36:54","slug":"how-we-did-the-test","status":"publish","type":"page","link":"https:\/\/fujifilmxmount.com\/comparison\/hu\/how-we-did-the-test\/","title":{"rendered":"Hogyan Tesztelt\u00fcnk"},"content":{"rendered":"<div class=\"xmount_movie\"><img decoding=\"async\" loading=\"lazy\" class=\"alignnone size-full wp-image-1729\" src=\"https:\/\/fujifilmxmount.com\/comparison\/wp\/wp-content\/uploads\/2016\/02\/hurvigjorde.png\" alt=\"hurvigjorde\" width=\"700\" height=\"525\" \/><\/div>\n<p>Minden f\u00e9nyk\u00e9p a FUJIFILM X-T1 kamer\u00e1j\u00e1val, \u00e9s minden a fot\u00f3z\u00e1s idej\u00e9n (2015.november) rendelkez\u00e9sre \u00e1ll\u00f3 X bajonettes objekt\u00edvekkel k\u00e9sz\u00fclt. A lencs\u00e9ket minden F \u00e1ll\u00e1sban tesztelt\u00fck, maxim\u00e1lis rekesz\u00e9rt\u00e9kkel minden gy\u00fajt\u00f3t\u00e1vols\u00e1gn\u00e1l. A zoom objekt\u00edvekn\u00e9l 3-4 k\u00fcl\u00f6nb\u00f6z\u0151 gy\u00fajt\u00f3t\u00e1vols\u00e1got haszn\u00e1ltunk.<\/p>\n<p>&nbsp;<\/p>\n<p>A kamera be\u00e1ll\u00edt\u00e1sai:<br \/>\nJPEG (Fine)<br \/>\nProvia\/Velvia\/Classic Chrome (Film Simulation Bracketing)<br \/>\nFeh\u00e9regyens\u00faly: Manu\u00e1lis<br \/>\nM\u00e9r\u00e9s: Multi<br \/>\nISO: 200<br \/>\nZ\u00e1rsebess\u00e9g: Auto<br \/>\nF\u00f3kusz: AF-S \/ MF<\/p>\n<p>Zajcs\u00f6kkent\u00e9s hossz\u00fa expoz\u00edci\u00f3: Be<br \/>\nLencse modul\u00e1ci\u00f3s Optimaliz\u00e1l\u00f3: Be<\/p>\n<p>&nbsp;<\/p>\n<p>A fot\u00f3k \u00e1llv\u00e1nnyal k\u00e9sz\u00fcltek az optikai k\u00e9pstabiliz\u00e1tor (ha rendelkez\u00e9sre \u00e1ll) ki volt kapcsolva. A fot\u00f3k nem szerkesztett JPEG f\u00e1jlok egyenesen a kamer\u00e1b\u00f3l, cs\u00f6kkentett: 2500&#215;1667 m\u00e9retben.<\/p>\n","protected":false},"excerpt":{"rendered":"<p>Minden f\u00e9nyk\u00e9p a FUJIFILM X-T1 kamer\u00e1j\u00e1val, \u00e9s minden a fot\u00f3z\u00e1s idej\u00e9n (2015.november) rendelkez\u00e9sre \u00e1ll\u00f3 X bajonettes objekt\u00edvekkel k\u00e9sz\u00fclt. A lencs\u00e9ket minden F \u00e1ll\u00e1sban tesztelt\u00fck, maxim\u00e1lis rekesz\u00e9rt\u00e9kkel minden gy\u00fajt\u00f3t\u00e1vols\u00e1gn\u00e1l. A zoom objekt\u00edvekn\u00e9l 3-4 k\u00fcl\u00f6nb\u00f6z\u0151 gy\u00fajt\u00f3t\u00e1vols\u00e1got haszn\u00e1ltunk. &nbsp; A kamera be\u00e1ll\u00edt\u00e1sai: JPEG (Fine) Provia\/Velvia\/Classic Chrome (Film Simulation Bracketing) Feh\u00e9regyens\u00faly: Manu\u00e1lis M\u00e9r\u00e9s: Multi ISO: 200 Z\u00e1rsebess\u00e9g: Auto F\u00f3kusz: [&hellip;]<\/p>\n","protected":false},"author":1,"featured_media":328,"parent":0,"menu_order":0,"comment_status":"open","ping_status":"open","template":"","meta":[],"acf":[],"_links":{"self":[{"href":"https:\/\/fujifilmxmount.com\/comparison\/hu\/wp-json\/wp\/v2\/pages\/949"}],"collection":[{"href":"https:\/\/fujifilmxmount.com\/comparison\/hu\/wp-json\/wp\/v2\/pages"}],"about":[{"href":"https:\/\/fujifilmxmount.com\/comparison\/hu\/wp-json\/wp\/v2\/types\/page"}],"author":[{"embeddable":true,"href":"https:\/\/fujifilmxmount.com\/comparison\/hu\/wp-json\/wp\/v2\/users\/1"}],"replies":[{"embeddable":true,"href":"https:\/\/fujifilmxmount.com\/comparison\/hu\/wp-json\/wp\/v2\/comments?post=949"}],"version-history":[{"count":0,"href":"https:\/\/fujifilmxmount.com\/comparison\/hu\/wp-json\/wp\/v2\/pages\/949\/revisions"}],"wp:featuredmedia":[{"embeddable":true,"href":"https:\/\/fujifilmxmount.com\/comparison\/hu\/wp-json\/wp\/v2\/media\/328"}],"wp:attachment":[{"href":"https:\/\/fujifilmxmount.com\/comparison\/hu\/wp-json\/wp\/v2\/media?parent=949"}],"curies":[{"name":"wp","href":"https:\/\/api.w.org\/{rel}","templated":true}]}}