{"id":951,"date":"2014-10-30T17:23:30","date_gmt":"2014-10-30T16:23:30","guid":{"rendered":"https:\/\/fujifilmxmount.com\/comparison\/about-fujinon-x-mount-lenses-2\/"},"modified":"2015-02-26T15:46:27","modified_gmt":"2015-02-26T14:46:27","slug":"about-fujinon-x-mount-lenses","status":"publish","type":"page","link":"https:\/\/fujifilmxmount.com\/comparison\/hu\/about-fujinon-x-mount-lenses\/","title":{"rendered":"Fujinon X Objekt\u00edvek"},"content":{"rendered":"<p><iframe loading=\"lazy\" class=\"xmount_movie\" src=\"\/\/www.youtube.com\/embed\/oY1PbQsh1zM\" width=\"470\" height=\"264\" frameborder=\"0\" allowfullscreen=\"allowfullscreen\"><\/iframe><\/p>\n<p>A Fujifilm X bajonettes objekt\u00edvek a legmagasabb k\u00e9pmin\u0151s\u00e9get biztos\u00edtj\u00e1k a legk\u00fcl\u00f6nf\u00e9l\u00e9bb jelenetek r\u00f6gz\u00edt\u00e9s\u00e9hez. Az X sz\u00e9ri\u00e1s f\u00e9nyk\u00e9pez\u0151g\u00e9pek illetve a szenzor \u00e9s az objekt\u00edvek egy\u00fcttes fejleszt\u00e9vel a Fujifilm XF \u00e9s XC modelljei t\u00f6k\u00e9letes min\u0151s\u00e9get \u00e9s kezelhet\u0151s\u00e9get k\u00edn\u00e1lnak.<\/p>\n<p>\u00a0<\/p>\n<p>\u00a0<\/p>\n<p>A sorozat jelenleg negyven k\u00fcl\u00f6nb\u00f6z\u0151 lencs\u00e9t k\u00edn\u00e1l; A speci\u00e1lis t\u00e9m\u00e1khoz fejlesztett fix gy\u00fajt\u00f3t\u00e1vols\u00e1g\u00fa verzi\u00f3kt\u00f3l, a sokoldal\u00fa \u00e9s mobil zoom objekt\u00edvekig. Az elk\u00f6vetkez\u0151 \u00e9vben t\u00f6bb objekt\u00edv megjelen\u00e9se v\u00e1rhat\u00f3, m\u00e9g sz\u00e9lesebb f\u00e9nyk\u00e9pez\u00e9si lehet\u0151s\u00e9get k\u00edn\u00e1lva. Minden X sz\u00e9ri\u00e1s objekt\u00edv kompakt m\u00e9rete ellen\u00e9re, nagy felbont\u00e1st \u00e9s \u00e9lt\u0151l-\u00e9lig \u00e9less\u00e9g\u00e9t garant\u00e1l, m\u00edg nagyl\u00e1t\u00f3sz\u00f6g\u00fck lehet\u0151v\u00e9 teszi kifejez\u0151 felv\u00e9telek elk\u00e9sz\u00edt\u00e9s\u00e9t. <\/p>\n","protected":false},"excerpt":{"rendered":"<p>A Fujifilm X bajonettes objekt\u00edvek a legmagasabb k\u00e9pmin\u0151s\u00e9get biztos\u00edtj\u00e1k a legk\u00fcl\u00f6nf\u00e9l\u00e9bb jelenetek r\u00f6gz\u00edt\u00e9s\u00e9hez. Az X sz\u00e9ri\u00e1s f\u00e9nyk\u00e9pez\u0151g\u00e9pek illetve a szenzor \u00e9s az objekt\u00edvek egy\u00fcttes fejleszt\u00e9vel a Fujifilm XF \u00e9s XC modelljei t\u00f6k\u00e9letes min\u0151s\u00e9get \u00e9s kezelhet\u0151s\u00e9get k\u00edn\u00e1lnak. \u00a0 \u00a0 A sorozat jelenleg negyven k\u00fcl\u00f6nb\u00f6z\u0151 lencs\u00e9t k\u00edn\u00e1l; A speci\u00e1lis t\u00e9m\u00e1khoz fejlesztett fix gy\u00fajt\u00f3t\u00e1vols\u00e1g\u00fa verzi\u00f3kt\u00f3l, a sokoldal\u00fa \u00e9s [&hellip;]<\/p>\n","protected":false},"author":1,"featured_media":0,"parent":0,"menu_order":0,"comment_status":"open","ping_status":"open","template":"tmpl-lenses.php","meta":[],"acf":[],"_links":{"self":[{"href":"https:\/\/fujifilmxmount.com\/comparison\/hu\/wp-json\/wp\/v2\/pages\/951"}],"collection":[{"href":"https:\/\/fujifilmxmount.com\/comparison\/hu\/wp-json\/wp\/v2\/pages"}],"about":[{"href":"https:\/\/fujifilmxmount.com\/comparison\/hu\/wp-json\/wp\/v2\/types\/page"}],"author":[{"embeddable":true,"href":"https:\/\/fujifilmxmount.com\/comparison\/hu\/wp-json\/wp\/v2\/users\/1"}],"replies":[{"embeddable":true,"href":"https:\/\/fujifilmxmount.com\/comparison\/hu\/wp-json\/wp\/v2\/comments?post=951"}],"version-history":[{"count":0,"href":"https:\/\/fujifilmxmount.com\/comparison\/hu\/wp-json\/wp\/v2\/pages\/951\/revisions"}],"wp:attachment":[{"href":"https:\/\/fujifilmxmount.com\/comparison\/hu\/wp-json\/wp\/v2\/media?parent=951"}],"curies":[{"name":"wp","href":"https:\/\/api.w.org\/{rel}","templated":true}]}}