{"id":1155,"date":"2014-10-30T17:23:30","date_gmt":"2014-10-30T16:23:30","guid":{"rendered":"https:\/\/fujifilmxmount.com\/comparison\/about-fujinon-x-mount-lenses-2\/"},"modified":"2015-04-16T14:29:54","modified_gmt":"2015-04-16T12:29:54","slug":"about-fujinon-x-mount-lenses","status":"publish","type":"page","link":"https:\/\/fujifilmxmount.com\/comparison\/it\/about-fujinon-x-mount-lenses\/","title":{"rendered":"Obiettivi Fujinon X mount"},"content":{"rendered":"<p><iframe loading=\"lazy\" class=\"xmount_movie\" src=\"\/\/www.youtube.com\/embed\/oY1PbQsh1zM\" width=\"470\" height=\"264\" frameborder=\"0\" allowfullscreen=\"allowfullscreen\"><\/iframe><\/p>\n<p>La gamma Fujifilm X Mount raggiunge la pi\u00f9 alta qualit\u00e0 di immagine in un&#8217;ampia variet\u00e0 di scene. Lo sviluppo simultaneo della gamma con i sensori delle fotocamere della serie X, ha permesso alle ottiche Fujifilm XF e XC di offrire la perfetta combinazione di qualit\u00e0 e ergonomia.<\/p>\n<p>&nbsp;<\/p>\n<p>La gamma si compone di ottiche a focale fissa, adatte a soggetti specifici, e di zoom versatili e leggeri. Ulteriori modelli sono in fase di sviluppo, per offrire una gamma di scelta ancora pi\u00f9 ampia. Tutti gli obiettivi della serie X offrono alta risoluzione e nitidezza da bordo a bordo, mentre le loro ampie aperture consentono scatti espressivi, pur mantenendo una dimensione compatta.<\/p>\n","protected":false},"excerpt":{"rendered":"<p>La gamma Fujifilm X Mount raggiunge la pi\u00f9 alta qualit\u00e0 di immagine in un&#8217;ampia variet\u00e0 di scene. Lo sviluppo simultaneo della gamma con i sensori delle fotocamere della serie X, ha permesso alle ottiche Fujifilm XF e XC di offrire la perfetta combinazione di qualit\u00e0 e ergonomia. &nbsp; La gamma si compone di ottiche a [&hellip;]<\/p>\n","protected":false},"author":1,"featured_media":0,"parent":0,"menu_order":0,"comment_status":"open","ping_status":"open","template":"tmpl-lenses.php","meta":[],"acf":[],"_links":{"self":[{"href":"https:\/\/fujifilmxmount.com\/comparison\/it\/wp-json\/wp\/v2\/pages\/1155"}],"collection":[{"href":"https:\/\/fujifilmxmount.com\/comparison\/it\/wp-json\/wp\/v2\/pages"}],"about":[{"href":"https:\/\/fujifilmxmount.com\/comparison\/it\/wp-json\/wp\/v2\/types\/page"}],"author":[{"embeddable":true,"href":"https:\/\/fujifilmxmount.com\/comparison\/it\/wp-json\/wp\/v2\/users\/1"}],"replies":[{"embeddable":true,"href":"https:\/\/fujifilmxmount.com\/comparison\/it\/wp-json\/wp\/v2\/comments?post=1155"}],"version-history":[{"count":0,"href":"https:\/\/fujifilmxmount.com\/comparison\/it\/wp-json\/wp\/v2\/pages\/1155\/revisions"}],"wp:attachment":[{"href":"https:\/\/fujifilmxmount.com\/comparison\/it\/wp-json\/wp\/v2\/media?parent=1155"}],"curies":[{"name":"wp","href":"https:\/\/api.w.org\/{rel}","templated":true}]}}