{"id":1768,"date":"2018-05-24T10:29:35","date_gmt":"2018-05-24T08:29:35","guid":{"rendered":"https:\/\/fujifilmxmount.com\/comparison\/privacy-policy\/"},"modified":"2021-08-31T10:39:12","modified_gmt":"2021-08-31T08:39:12","slug":"privacy-policy-2021","status":"publish","type":"page","link":"https:\/\/fujifilmxmount.com\/comparison\/it\/privacy-policy-2021\/","title":{"rendered":"Privacy policy &#8211; 2021"},"content":{"rendered":"\r\n<h1>Informativa sulla privacy<\/h1>\r\n<h2>1.\u00a0\u00a0 Ambito di applicazione della presente informativa sulla privacy<\/h2>\r\n<h3>1.1.\u00a0\u00a0\u00a0\u00a0 Ambito di applicazione<\/h3>\r\n<p>La presente Informativa sulla Privacy descrive il nostro impegno per la protezione della privacy dei dati e il modo in cui trattiamo le Informazioni Personali che riceviamo dai visitatori di questo sito web (&#8220;Sito(i)&#8221;) e dagli utenti di applicazioni software (&#8220;App&#8221;) che (i) sono amministrati e gestiti da FUJIFILM Europe o da una delle sue affiliate come indicato nella sezione &#8220;Titolare del trattamento dei dati&#8221; (&#8220;FUJIFILM&#8221; o &#8220;noi&#8221;) e (ii) hanno un link alla presente Informativa sulla Privacy.<\/p>\r\n<p>La presente Informativa sulla privacy pu\u00f2 applicarsi anche in un contesto offline, ad esempio per workshop e altri eventi e attivit\u00e0 di marketing.<\/p>\r\n<p>Nel caso in cui siano chiaramente indicate clausole diverse dalla presente Informativa sulla privacy, prevarranno tali diverse clausole.<\/p>\r\n<h3>1.2.\u00a0\u00a0\u00a0\u00a0 Titolare del trattamento e Responsabile della protezione dei dati<\/h3>\r\n<p>Il Titolare del trattamento dei dati personali raccolti nell&#8217;ambito della presente Informativa sulla privacy \u00e8 FUJIFILM Nordic AB, Hantverkargatan 25, SE-112 21 Stockholm, Svezia. Per ulteriori informazioni si prega di consultare le Informazioni Legali.<\/p>\r\n<p>Il nostro responsabile della protezione dei dati \/ team per la protezione dei dati pu\u00f2 essere contattato per posta o via e-mail a privacyoffice_eu@fujifilm.com.<\/p>\r\n<h3>1.3.\u00a0\u00a0\u00a0\u00a0 Collegamenti esterni<\/h3>\r\n<p>La presente Informativa sulla privacy non si applica a quei siti web che hanno pubblicato la propria dichiarazione sulla privacy e a siti di terze parti, anche se i link a tali siti web sono presenti sul nostro Sito web(o sui nostri Siti web) e sulle nostre App. Si prega di essere consapevoli del fatto che non siamo responsabili per le pratiche sulla privacy di tali altri siti. Incoraggiamo i nostri utenti ad essere consapevoli quando lasciano uno dei nostri Siti web e a leggere le dichiarazioni sulla privacy di ogni sito web che raccoglie informazioni personali.<\/p>\r\n<h2>2.\u00a0\u00a0 Gestione delle Informazioni Personali<\/h2>\r\n<h3>2.1.\u00a0\u00a0\u00a0\u00a0 Raccolta di Informazioni Personali<\/h3>\r\n<p>In linea di principio, \u00e8 possibile visualizzare il\/i Sito\/i senza divulgare informazioni personali. Il\/i Sito\/i web e le App possono raccogliere determinate informazioni tecniche, ad esempio quali contenuti avete visualizzato all&#8217;interno del\/dei Sito\/i web o a quale sito web avete fatto riferimento per accedere al\/i Sito\/i web. Nel processo di raccolta di tali informazioni, il cui scopo \u00e8 quello di migliorare l&#8217;usabilit\u00e0 del\/i Sito\/i web o delle App, le informazioni non saranno raccolte in modo tale da potervi identificare, n\u00e9 sarete identificati durante il processo di analisi delle informazioni.<\/p>\r\n<p>Vi potrebbe essere richiesto di fornire informazioni di identificazione personale (&#8220;Informazioni Personali&#8221;) per accedere ad alcune aree del Sito web. Inoltre, potremmo richiedere alcune Informazioni Personali quando ordinate un prodotto, richiedete servizi, partecipate ad attivit\u00e0 promozionali o a studi di ricerca o intrattenete corrispondenza con noi. Le Informazioni Personali che raccogliamo possono includere il nome, l&#8217;indirizzo postale, il numero di telefono, l&#8217;indirizzo e-mail, i dettagli di pagamento e altri dettagli che ci fornite, ad esempio in un modulo di contatto, in una registrazione per un account, nell&#8217;iscrizione a una newsletter via e-mail o in altre comunicazioni di marketing.<\/p>\r\n<p>Trattiamo i vostri dati personali sulla base del vostro consenso, per l&#8217;esecuzione di un contratto o per quanto necessario per il perseguimento dei nostri legittimi interessi, anche per rispondere alle vostre richieste e per personalizzare e migliorare le nostre offerte web, prodotti e servizi in base alle vostre preferenze (Art. 6 (1) (a), (b) e (f) GDPR).<\/p>\r\n<h3>2.2.\u00a0\u00a0\u00a0\u00a0 Finalit\u00e0 di utilizzo delle Informazioni Personali<\/h3>\r\n<p>Le finalit\u00e0 di utilizzo dei vostri dati personali saranno chiaramente indicate nella presente Informativa sulla privacy o in altro modo quando si raccolgono le informazioni, tranne nei casi in cui le finalit\u00e0 di utilizzo sono evidenti per voi. L&#8217;utilizzo delle Informazioni Personali da voi fornite sar\u00e0 limitato alle finalit\u00e0 di utilizzo indicate in anticipo. Tuttavia, ci riserviamo il diritto di effettuare ulteriori trattamenti nei limiti consentiti o richiesti dalle leggi e dai regolamenti applicabili.<\/p>\r\n<p>Inoltre, ci potrebbe essere richiesto di utilizzare e conservare i dati personali per motivi legali e di compliance, come la prevenzione, l&#8217;individuazione o l&#8217;investigazione di un reato; la prevenzione di perdite; o per combattere frodi. Potremmo anche utilizzare i dati personali per soddisfare i nostri requisiti per le ispezioni interne ed esterne, per scopi di sicurezza delle informazioni, e come altrimenti riteniamo necessario o appropriato: (a) in base alla legge applicabile, che pu\u00f2 includere leggi al di fuori del vostro paese di residenza; (b) per rispondere a richieste da parte di tribunali, forze dell&#8217;ordine, enti regolatori e altre autorit\u00e0 pubbliche e governative, che possono includere autorit\u00e0 al di fuori del vostro paese di residenza; (c) per far rispettare termini e condizioni; e (d) per proteggere i nostri diritti, privacy, sicurezza, o propriet\u00e0, o quelli di altre persone.<\/p>\r\n<p>Gli esempi seguenti illustrano i possibili scenari in cui raccogliamo e utilizziamo le vostre Informazioni Personali:<\/p>\r\n<h4>2.2.1.\u00a0\u00a0\u00a0\u00a0\u00a0\u00a0\u00a0 Account utente<\/h4>\r\n<p>Quando ti registri per un account cliente, di solito raccogliamo nome, indirizzo e-mail e password. Inoltre, puoi fornire il tuo indirizzo, compreso l&#8217;indirizzo di fatturazione e di consegna nel tuo account cliente. Quando si effettua un ordine, raccogliamo i dati relativi alla merce selezionata, le corrispondenti informazioni sui prezzi, i voucher che potresti utilizzare, il tuo indirizzo di fatturazione e di consegna e il metodo di pagamento e di spedizione selezionato. In relazione all&#8217;evasione degli ordini raccogliamo in particolare informazioni relative al pagamento, alla consegna e ai resi.<\/p>\r\n<p>Possiamo utilizzare le vostre Informazioni Personali per mantenere il vostro account utente, per verificare che siate un utente legittimo, per fornirvi le informazioni richieste sui prodotti e servizi FUJIFILM, incluse le newsletter a cui potete iscrivervi e per rispondere alle richieste di supporto e ad altre richieste che potreste avere. In relazione al vostro account utente, possiamo analizzare il vostro utilizzo del nostro sito web e della nostra newsletter per comprendere meglio le vostre preferenze e per migliorare i nostri servizi web. Memorizziamo tali informazioni in relazione al vostro account utente. Se avete dato il vostro consenso al marketing, potremmo anche contattarvi sui dati di contatto relativi alla vostra attivit\u00e0 per scopi di marketing in relazione ai nostri prodotti e servizi che potrebbero essere di vostro interesse.<\/p>\r\n<p>Se avete creato un account utente, conserviamo i vostri dati per tutto il tempo in cui mantenete il vostro account utente. In caso di cancellazione del vostro account utente, conserviamo i dati rilevanti solo nella misura consentita o richiesta dalla legge.<\/p>\r\n<p>Attraverso il vostro account utente, potete amministrare e aggiornare i vostri dati di contatto e le vostre preferenze. Vi preghiamo di trattare i vostri dati di accesso in modo confidenziale e di non condividere la vostra password con terzi. Se venite a conoscenza o se sospettate che un terzo abbia ottenuto un accesso non autorizzato ai vostri dati di accesso o utilizzi il vostro account, vi preghiamo di modificare la vostra password senza alcun ritardo.<\/p>\r\n<h4>2.2.2.\u00a0\u00a0\u00a0\u00a0\u00a0\u00a0\u00a0 Servizi personalizzati<\/h4>\r\n<p>In relazione ai servizi personalizzati, possiamo elaborare e utilizzare i vostri dati per scopi pubblicitari e di ricerche di mercato o per la fornitura di servizi personalizzati, se avete dato il vostro consenso. Se date il vostro consenso, le informazioni a cui accedete durante la visita del(i) Sito(i) web e delle App possono essere memorizzate in un profilo utente al fine di potervi offrire informazioni specificamente personalizzate per voi (ad es. sotto forma di newsletter). Potete revocare il vostro consenso in qualsiasi momento con effetto per il futuro.<\/p>\r\n<p>Se utilizzate servizi personalizzati, utilizzeremo i vostri dati personali richiesti per la fornitura dei servizi per la durata della vostra registrazione e, successivamente, per tutto il tempo richiesto o consentito dalle leggi applicabili. Possiamo condividere i vostri dati personali con le societ\u00e0 affiliate di FUJIFILM se ci\u00f2 \u00e8 necessario per rispondere alle vostre richieste o per la fornitura dei servizi. Possiamo inoltrare le richieste relative ai nostri prodotti e servizi anche a un distributore terzo responsabile per la categoria di prodotto o servizio pertinente e per la relativa area geografica.<\/p>\r\n<h4>2.2.3.\u00a0\u00a0\u00a0\u00a0\u00a0\u00a0\u00a0 Blog \/ Forum<\/h4>\r\n<p>Alcuni dei nostri Siti web offrono blog o forum di comunit\u00e0 accessibili al pubblico. Dovete essere consapevoli che qualsiasi informazione fornita in queste aree pu\u00f2 essere letta, raccolta e utilizzata da altri che vi accedono. Per richiedere la rimozione delle vostre Informazioni Personali dal nostro blog o dai nostri forum di comunit\u00e0, contattateci ai dati di contatto forniti nella sezione &#8220;Contattaci&#8221;. In alcuni casi, potremmo non essere in grado di rimuovere le vostri Informazioni Personali, nel qual caso vi informeremo se non siamo in grado di farlo e perch\u00e9.<\/p>\r\n<h4>2.2.4.\u00a0\u00a0\u00a0\u00a0\u00a0\u00a0\u00a0 Newsletter via e-mail<\/h4>\r\n<p>Se vi iscrivete alla\/e nostra\/e newsletter\/s, utilizzeremo le informazioni personali necessarie o fornite separatamente da voi per inviarvi la\/e nostra\/e newsletter\/s via e-mail come concordato. Le e-mail delle newsletter possono contenere web beacon, pixel di tracciamento o link che ci consentono di analizzare il vostro utilizzo della newsletter, comprese le informazioni relative alla ricezione e all&#8217;apertura della nostra newsletter. Potete revocare il vostro consenso e annullare l&#8217;iscrizione alla newsletter in qualsiasi momento inviandoci un messaggio o tramite un link dedicato all\u2019annullamento dell&#8217;iscrizione nella newsletter.<\/p>\r\n<h4>2.2.5.\u00a0\u00a0\u00a0\u00a0\u00a0\u00a0\u00a0 Pubblicit\u00e0 via e-mail senza abbonamento<\/h4>\r\n<p>Se riceviamo il vostro indirizzo e-mail in relazione alla vendita di beni o servizi e non avete sollevato obiezioni in merito, siamo autorizzati ad offrirvi regolarmente beni e servizi simili, come quello che avete acquistato utilizzando la vostra e-mail. Potete revocare il vostro consenso a tale uso del vostro indirizzo e-mail in qualsiasi momento per il futuro, inviandoci un messaggio o tramite il link di cancellazione fornito nelle nostre e-mail.<\/p>\r\n<h4>2.2.6.\u00a0\u00a0\u00a0\u00a0\u00a0\u00a0\u00a0 Pubblicit\u00e0 postale<\/h4>\r\n<p>In base alle leggi vigenti, potremmo avere il diritto di memorizzare il vostro nome, cognome, indirizzo postale e, se del caso, titolo di studio e titolo accademico e di utilizzarli per i nostri scopi pubblicitari, in particolare per l&#8217;invio di offerte e informazioni sui nostri beni e servizi tramite i servizi postali. Potete opporvi a questo uso dei vostri dati in qualsiasi momento per il futuro inviandoci un messaggio.<\/p>\r\n<h3>2.3.\u00a0\u00a0\u00a0\u00a0 Condivisione e divulgazione dei dati<\/h3>\r\n<p>Non divulgheremo, forniremo, condivideremo o distribuiremo in altro modo le vostre Informazioni Personali a terzi, ad eccezione di quanto descritto nella presente Informativa sulla Privacy. Condividiamo le Informazioni Personali quando:<\/p>\r\n<ol>\r\n<li>a) il vostro consenso \u00e8 dato in anticipo;<\/li>\r\n<\/ol>\r\n<p>(b) \u00e8 necessario per fornirvi i nostri servizi, tra cui, in particolare, l&#8217;invio di comunicazioni di marketing, la fornitura di servizi di assistenza clienti, il supporto al nostro marketing e alla distribuzione dei prodotti, o il funzionamento dei nostri sistemi o applicazioni. Queste societ\u00e0 sono autorizzate a utilizzare i vostri dati personali solo nei limiti necessari per fornire questi servizi;<\/p>\r\n<p>(c) i dati personali possono essere condivisi con societ\u00e0 del gruppo FUJIFILM se necessario per fornire servizi o evadere ordini di prodotti, per l&#8217;amministrazione dell\u2019account, per facilitare le vendite e il marketing, per il supporto tecnico e ai clienti, e per promuovere lo sviluppo del business e dei prodotti. Fare clic qui http:\/\/www.fujifilm.com\/about\/office\/ per vedere un elenco delle societ\u00e0 e delle sedi del gruppo FUJIFILM con cui possiamo condividere le Informazioni Personali. Possiamo anche inoltrare le richieste relative ai nostri prodotti e servizi a un distributore terzo responsabile della categoria di prodotto o servizio e dell\u2019area geografica interessata;<\/p>\r\n<p>(d) ordinate prodotti o utilizzate altri servizi che richiedono una tariffa; in tal caso il vostro nome, indirizzo, numero di carta di credito e altre informazioni vengono comunicate agli istituti finanziari o ad altre parti per il regolamento dei pagamenti;<\/p>\r\n<p>(e) la nostra attivit\u00e0 viene ceduta o trasferita per disposizione di legge o in altro modo, inclusi fusione, consolidamento, scioglimento o trasferimento delle attivit\u00e0;<\/p>\r\n<p>(f) la divulgazione delle vostre Informazioni Personali \u00e8 richiesta dalle leggi o regolamenti applicabili o tale divulgazione \u00e8 altrimenti necessaria a sostegno di indagini o procedimenti penali o di altro tipo condotti dalle autorit\u00e0 competenti; o<\/p>\r\n<p>(g) vi \u00e8 un&#8217;immediata necessit\u00e0 di divulgazione per proteggere la vita umana o i diritti umani.<\/p>\r\n<h3>2.4.\u00a0\u00a0\u00a0\u00a0 Trasferimenti internazionali di dati<\/h3>\r\n<p>Possiamo trasferire le Informazioni Personali che raccogliamo e conservare tali informazioni in altri paesi che possono avere leggi sulla privacy o sulla protezione dei dati diverse da quelle del paese in cui le informazioni sono state fornite.<\/p>\r\n<p>Ci\u00f2 significa che i vostri dati personali possono anche essere trasferiti e\/o trattati da societ\u00e0 FUJIFILM o (per loro conto) da terzi fornitori di servizi al di fuori dell&#8217;Unione Europea (&#8220;UE&#8221;) o dello Spazio Economico Europeo (&#8220;SEE&#8221;). La normativa sulla protezione dei dati nei paesi in cui le vostre Informazioni Personali sono raccolte o elaborate potrebbe garantire un livello di protezione diverso dal livello di protezione garantito dalla legislazione dell&#8217;UE\/SEE. Tuttavia, FUJIFILM garantir\u00e0 un&#8217;adeguata protezione dei vostri dati personali in conformit\u00e0 alle leggi applicabili e ai principi qui enunciati. Utilizzando il\/i nostro\/i Sito\/i web e le App, accettate la raccolta e il trasferimento dei vostri dati personali al di fuori dell&#8217;UE\/SEE come descritto nel presente documento.<\/p>\r\n<h3>2.5.\u00a0\u00a0\u00a0\u00a0 Sicurezza dei dati<\/h3>\r\n<p>FUJIFILM adotta adeguate misure di sicurezza tecniche e organizzative per proteggere le vostre Informazioni Personali da un uso improprio e per prevenire la perdita delle vostre informazioni. Le vostre Informazioni Personali vengono salvate in un ambiente operativo sicuro che non \u00e8 accessibile al pubblico. Tutte le Informazioni Personali da voi fornite nel corso della registrazione o dell&#8217;utilizzo di servizi personalizzati saranno trasferite in forma criptata al fine di prevenire l&#8217;uso improprio delle informazioni da parte di terzi.<\/p>\r\n<h2>3.\u00a0\u00a0 Utilizzo di cookie, di tecnologia di tracciamento e di plug-ins per i social media<\/h2>\r\n<h3>3.1.\u00a0\u00a0\u00a0\u00a0 Utilizzo di cookie e di tecnologia di tracciamento<\/h3>\r\n<p>I nostri Siti web e le nostre App possono utilizzare &#8220;Cookies&#8221; o tecnologie simili (programmi di analisi e servizi di social media). I cookies sono file di testo che vengono inviati da un Sito\/i web al browser dell&#8217;utente per memorizzare informazioni sui dispositivi dell&#8217;utente. Ogni volta che si accede al\/ai Sito\/i web, le informazioni contenute nel cookie vengono lette dal\/dai Sito\/i web.<\/p>\r\n<h4>3.1.1.\u00a0\u00a0\u00a0\u00a0\u00a0\u00a0\u00a0 Il vostro consenso all&#8217;uso dei cookie<\/h4>\r\n<p>Distinguiamo tra i cookie strettamente necessari, che sono richiesti per il corretto funzionamento del\/i nostro\/i Sito\/i web, e altri cookie. I cookie strettamente necessari non richiedono il vostro consenso. Per gli altri cookie richiediamo il vostro consenso prima di inserirli sul vostro dispositivo. \u00c8 possibile utilizzare il nostro Sito web solo dopo aver confermato le impostazioni dei cookie.<\/p>\r\n<p>Quando si visita il\/i nostro\/i Sito\/i web per la prima volta, viene visualizzata una finestra pop-up con il nostro Cookie Consent Manager. Se si fa clic sul pulsante &#8220;Impostazioni cookie&#8221; si viene indirizzati al Centro Preferenze sulla Privacy. Il Centro Preferenze sulla Privacy mostra anche un elenco di cookie in cui \u00e8 possibile trovare dettagli sui cookie e sugli scopi per cui vengono utilizzati. Nel Centro Preferenze sulla Privacy \u00e8 possibile attivare o disattivare l&#8217;uso dei cookie con l&#8217;interruttore a levetta. Si prega di notare che se non accettate i cookie, potreste non essere in grado di utilizzare alcune funzioni del nostro Sito web come previsto.<\/p>\r\n<h4>3.1.2.\u00a0\u00a0\u00a0\u00a0\u00a0\u00a0\u00a0 Modifica delle preferenze dei cookie \/ revoca del consenso<\/h4>\r\n<p>\u00c8 possibile modificare le preferenze sui cookie in qualsiasi momento nelle impostazioni dei cookie.<\/p>\r\n<!-- OneTrust Cookies Settings button start -->\r\n<button id=\"ot-sdk-btn\" class=\"ot-sdk-show-settings\">Cookie Settings<\/button>\r\n<!-- OneTrust Cookies Settings button end -->\r\n\r\n<p>Potete anche disattivare l&#8217;uso \/ cancellare i cookie tramite le impostazioni del vostro browser in qualsiasi momento. Vi preghiamo di notare che in questo caso potreste non essere in grado di sfruttare appieno l&#8217;intera gamma di funzioni offerte dal\/i Sito\/i web.<\/p>\r\n<h4>3.1.3.\u00a0\u00a0\u00a0\u00a0\u00a0\u00a0\u00a0 Elenco dei cookie<\/h4>\r\n<!-- OneTrust Cookies List start -->\r\n<div id=\"ot-sdk-cookie-policy\"><\/div>\r\n<!-- OneTrust Cookies List end -->\r\n\r\n<h3>3.2.\u00a0\u00a0\u00a0\u00a0 Plug-in per i social network<\/h3>\r\n<p>Il\/i nostro\/i Sito\/i web e le nostre App possono offrire plug-in per i social network (i &#8220;Network&#8221;). I plug-in per i social network sono modi semplici per condividere contenuti con altre persone tramite \u00a0i Network. Quando accedete al\/ai Sito\/i web, questi plug-in possono potenzialmente creare una connessione diretta tra il vostro browser e i rispettivi Network. Se interagite con i plug-in, ad esempio nel caso di Twitter cliccando su &#8220;Tweet This&#8221; o nel caso di Facebook cliccando sul pulsante &#8220;Mi piace&#8221; o facendo un commento, le informazioni corrispondenti saranno trasmesse direttamente dal vostro browser al Network. In alcuni casi, le informazioni vengono gi\u00e0 scambiate con un Network quando si visita il\/i Sito\/i web, indipendentemente dal fatto che si interagisca o meno con i plug-in.<\/p>\r\n<p>L&#8217;utente pu\u00f2 impedire la condivisione di informazioni con un Network non consentendo i corrispondenti Cookies e\/o disconnettendosi dal Network prima di utilizzare il\/i Sito\/i web.<\/p>\r\n<h2>4.\u00a0\u00a0 Conservazione dei dati<\/h2>\r\n<p>Conserveremo i vostri dati personali per tutto il tempo in cui il vostro account \u00e8 attivo o per quanto necessario per fornirvi servizi. Conserveremo e utilizzeremo le vostre Informazioni Personali secondo quanto necessario per rispettare i nostri obblighi legali, risolvere controversie e far rispettare i nostri accordi.<\/p>\r\n<h2>5.\u00a0\u00a0 I vostri diritti relativi alle vostre Informazioni Personali ai sensi del GDPR<\/h2>\r\n<p>Avete il diritto di richiederci di accedere e di rettificare o di cancellare i dati personali, di limitare il trattamento dei vostri dati personali, di opporvi a tale trattamento e di esercitare il vostro diritto alla portabilit\u00e0 dei dati in conformit\u00e0 con il GDPR e le leggi applicabili.<\/p>\r\n<p>Avete il diritto di presentare un reclamo ad un&#8217;autorit\u00e0 di controllo competente in conformit\u00e0 al GDPR e alle leggi applicabili se ritenete che il trattamento dei dati personali che vi riguardano violi il GDPR. A tal fine, potete contattare in particolare l&#8217;autorit\u00e0 di controllo dello Stato membro dell&#8217;UE in cui risiedete abitualmente o del luogo della presunta violazione. L&#8217;elenco delle autorit\u00e0 nazionali per la protezione dei dati personali si trova qui: https:\/\/edpb.europa.eu\/about-edpb\/about-edpb\/members_it.<\/p>\r\n<h2>6.\u00a0\u00a0 Modifiche all&#8217;Informativa sulla Privacy<\/h2>\r\n<p>FUJIFILM si riserva il diritto di cambiare, modificare o aggiornare la presente Informativa sulla Privacy. Se decidiamo di modificare la nostra Informativa sulla Privacy, pubblicheremo l&#8217;Informativa sulla Privacy rivista e indicheremo la data di pubblicazione. In caso di nuove visite al nostro sito, vi preghiamo di ricordarvi di riesaminare l&#8217;Informativa sulla Privacy per eventuali modifiche, dal momento che l&#8217;uso del\/dei Sito\/i web o delle App successivo alla pubblicazione di qualsiasi revisione comporta il consenso all\u2019utilizzo da parte nostra delle informazioni in conformit\u00e0 con l&#8217;Informativa sulla Privacy cambiata, modificata o aggiornata.<\/p>\r\n<p>&nbsp;<\/p>\r\n<p>&nbsp;<\/p>\r\n","protected":false},"excerpt":{"rendered":"<p>Informativa sulla privacy 1.\u00a0\u00a0 Ambito di applicazione della presente informativa sulla privacy 1.1.\u00a0\u00a0\u00a0\u00a0 Ambito di applicazione La presente Informativa sulla Privacy descrive il nostro impegno per la protezione della privacy dei dati e il modo in cui trattiamo le Informazioni Personali che riceviamo dai visitatori di questo sito web (&#8220;Sito(i)&#8221;) e dagli utenti di applicazioni [&hellip;]<\/p>\n","protected":false},"author":1,"featured_media":0,"parent":0,"menu_order":0,"comment_status":"closed","ping_status":"closed","template":"tmpl_privacy.php","meta":[],"acf":[],"_links":{"self":[{"href":"https:\/\/fujifilmxmount.com\/comparison\/it\/wp-json\/wp\/v2\/pages\/1768"}],"collection":[{"href":"https:\/\/fujifilmxmount.com\/comparison\/it\/wp-json\/wp\/v2\/pages"}],"about":[{"href":"https:\/\/fujifilmxmount.com\/comparison\/it\/wp-json\/wp\/v2\/types\/page"}],"author":[{"embeddable":true,"href":"https:\/\/fujifilmxmount.com\/comparison\/it\/wp-json\/wp\/v2\/users\/1"}],"replies":[{"embeddable":true,"href":"https:\/\/fujifilmxmount.com\/comparison\/it\/wp-json\/wp\/v2\/comments?post=1768"}],"version-history":[{"count":0,"href":"https:\/\/fujifilmxmount.com\/comparison\/it\/wp-json\/wp\/v2\/pages\/1768\/revisions"}],"wp:attachment":[{"href":"https:\/\/fujifilmxmount.com\/comparison\/it\/wp-json\/wp\/v2\/media?parent=1768"}],"curies":[{"name":"wp","href":"https:\/\/api.w.org\/{rel}","templated":true}]}}