{"id":2573,"date":"2021-08-25T15:36:38","date_gmt":"2021-08-25T13:36:38","guid":{"rendered":"https:\/\/fujifilmxmount.com\/comparison\/?page_id=2573"},"modified":"2021-08-25T15:36:38","modified_gmt":"2021-08-25T13:36:38","slug":"termini-e-condizioni-di-utilizzo","status":"publish","type":"page","link":"https:\/\/fujifilmxmount.com\/comparison\/it\/termini-e-condizioni-di-utilizzo\/","title":{"rendered":"Termini e condizioni di utilizzo"},"content":{"rendered":"<p>Grazie per aver visitato questo Sito web. Il presente Sito web, comprese tutte le pagine in lingua locale specifiche del paese e tutte le altre pagine, \u00e8 di propriet\u00e0 di FUJIFILM Europe ed \u00e8 gestito e reso disponibile al pubblico esclusivamente da FUJIFILM allo scopo di offrire a coloro che sono interessati a FUJIFILM Corporation in Europa e ai prodotti e servizi di FUJIFILM un modo utile per trovare informazioni rilevanti, come gli ultimi comunicati stampa, informazioni finanziarie, linee di prodotti, informazioni di contatto locale e siti web di propriet\u00e0 delle controllate FUJIFILM o dei suoi distributori.<\/p>\n<p>L&#8217;accesso, la navigazione e l&#8217;uso di questo Sito web sono regolati dai seguenti Termini e Condizioni e da qualsiasi altro termine, condizione o linea guida indicati altrove in questo Sito web, nonch\u00e9 da tutte le leggi, le norme e i regolamenti applicabili, inclusi, a titolo esemplificativo ma non esaustivo, le leggi riguardanti i marchi, i diritti d&#8217;autore, i diritti di privacy e la diffamazione.<\/p>\n<p>Pertanto, FUJIFILM vi chiede gentilmente di leggere attentamente i Termini e Condizioni.<\/p>\n<h2>1.\u00a0\u00a0 Uso di questo Sito web<\/h2>\n<p>I presenti Termini e Condizioni si applicano a questo Sito web e a qualsiasi altro sito web che si collega ai Termini e Condizioni. Potete trovare ulteriori termini e condizioni relativi a pagine specifiche in questo Sito web. L&#8217;utilizzo di tali pagine all&#8217;interno di questo Sito web \u00e8 regolato dai termini e dalle condizioni di tali pagine. In caso di conflitti tra i Termini e Condizioni qui forniti e i termini e le condizioni supplementari forniti altrove in questo Sito web, prevarranno i termini e le condizioni supplementari.<\/p>\n<p>In base ai presenti Termini e Condizioni, FUJIFILM concede all&#8217;utente, in base ai diritti di propriet\u00e0 intellettuale di FUJIFILM, un diritto non esclusivo, mondiale, non trasferibile, di utilizzare questo Sito web e i Contenuti in esso inclusi solo per uso personale e non commerciale, subordinatamente alle restrizioni e gli obblighi stabiliti nei presenti Termini e Condizioni. Non sono concessi ulteriori diritti.<\/p>\n<h2>2.\u00a0\u00a0 Diritti di propriet\u00e0 intellettuale<\/h2>\n<p>Se non diversamente specificato o indicato, tutti i testi, i programmi software disponibili su o attraverso questo Sito web, e gli altri contenuti inclusi in questo Sito web (&#8220;Contenuti&#8221;), inclusi i marchi (registrati e non registrati), la grafica, le fotografie, le immagini, i loghi e i marchi di servizio (collettivamente, i &#8220;Marchi&#8221;) e la selezione, la disposizione e il &#8220;look and feel&#8221; dei Marchi e degli altri Contenuti sono di propriet\u00e0 di FUJIFILM o di terzi che hanno concesso a FUJIFILM il permesso di utilizzare tali Contenuti su questo Sito web. Tutti i Contenuti sono protetti dalle leggi internazionali sul diritto di autore e sui marchi.<\/p>\n<h2>3.\u00a0\u00a0 Restrizioni all&#8217;uso dei contenuti di questo Sito web<\/h2>\n<p>Ad eccezione di quanto espressamente consentito dalla legge applicabile o consentito qui o altrove nel presente Sito web, o ottenendo il previo consenso scritto da FUJIFILM, o da terzi che hanno il potere, l&#8217;autorit\u00e0, i titoli o i diritti necessari per concedere tale permesso legale, \u00e8 vietato modificare, copiare, scaricare, distribuire, trasmettere, visualizzare, pubblicare, vendere, concedere in licenza, creare opere derivate o altrimenti utilizzare qualsiasi Marchio o altro Contenuto disponibile su o attraverso questo Sito web per scopi commerciali o pubblici, incluso, ma non limitato a, l&#8217;uso come meta tag su altre pagine o siti web sul World Wide Web. Nulla in questi Termini e Condizioni conferisce all&#8217;utente alcun diritto sui Marchi o su altri Contenuti che non sia specificamente menzionato nel presente documento.<\/p>\n<h2>4.\u00a0\u00a0 Contenuti di terze parti<\/h2>\n<p>Questo Sito web pu\u00f2 contenere link a siti web e a contenuti di terze parti (&#8220;Contenuto di terze parti&#8221;) come servizio all&#8217;utente. Qualsiasi Contenuto di Terze Parti o sito web di terze parti accessibili tramite i link contenuti nel Sito web costituisce informazioni esterne. FUJIFILM non controlla, rivede o aggiorna e non ha alcun controllo sui Contenuti di Terzi o sui siti web di terzi. Salvo espressa indicazione contraria, FUJIFILM non approva o adotta alcun Contenuto di Terzi, e FUJIFILM non rilascia alcuna dichiarazione, garanzia o assicurazione per quanto riguarda l&#8217;accuratezza, la completezza, la tempestivit\u00e0 o l&#8217;affidabilit\u00e0 di qualsiasi Contenuto di Terzi. Se si utilizzano questi link e i Contenuti di Terzi, lo si fa a proprio rischio. Inoltre, il riferimento a prodotti, servizi, processi o altre informazioni con nome commerciale, marchio, produttore, fornitore o altro, non costituisce o implica alcun avallo, sponsorizzazione o raccomandazione da parte di FUJIFILM.<\/p>\n<h2>5.\u00a0\u00a0 Aggiornamenti e revisioni<\/h2>\n<p>Il Contenuto di questo Sito web \u00e8 fornito da FUJIFILM per comodit\u00e0 dell&#8217;utente ed \u00e8 soggetto a modifiche senza preavviso. FUJIFILM pu\u00f2, in qualsiasi momento e di volta in volta, rivedere e aggiornare i Termini e Condizioni e il Contenuto. Vi raccomandiamo di visitare periodicamente questa pagina per rivedere e familiarizzare con tutti i termini e le condizioni attuali e di rivedere questo Sito web in generale per familiarizzare con eventuali aggiornamenti e revisioni.<\/p>\n<h2>6.\u00a0\u00a0 Nessuna garanzia<\/h2>\n<p>Questo Sito web, il suo contenuto e i suoi servizi sono forniti &#8220;cos\u00ec come sono&#8221;, senza garanzie di alcun tipo, espresse o implicite. FUJIFILM declina ogni garanzia, incluse, ma non solo, le garanzie implicite di commerciabilit\u00e0 e idoneit\u00e0 per un particolare scopo, contenuto informativo, integrazione di sistema o accuratezza.<\/p>\n<h2>7.\u00a0\u00a0 Contatto<\/h2>\n<p>Trovate i nostri dati di contatto alla voce Informazioni Legali.<\/p>\n","protected":false},"excerpt":{"rendered":"<p>Grazie per aver visitato questo Sito web. Il presente Sito web, comprese tutte le pagine in lingua locale specifiche del paese e tutte le altre pagine, \u00e8 di propriet\u00e0 di FUJIFILM Europe ed \u00e8 gestito e reso disponibile al pubblico esclusivamente da FUJIFILM allo scopo di offrire a coloro che sono interessati a FUJIFILM Corporation [&hellip;]<\/p>\n","protected":false},"author":1,"featured_media":0,"parent":0,"menu_order":0,"comment_status":"closed","ping_status":"closed","template":"tmpl_privacy.php","meta":[],"acf":[],"_links":{"self":[{"href":"https:\/\/fujifilmxmount.com\/comparison\/it\/wp-json\/wp\/v2\/pages\/2573"}],"collection":[{"href":"https:\/\/fujifilmxmount.com\/comparison\/it\/wp-json\/wp\/v2\/pages"}],"about":[{"href":"https:\/\/fujifilmxmount.com\/comparison\/it\/wp-json\/wp\/v2\/types\/page"}],"author":[{"embeddable":true,"href":"https:\/\/fujifilmxmount.com\/comparison\/it\/wp-json\/wp\/v2\/users\/1"}],"replies":[{"embeddable":true,"href":"https:\/\/fujifilmxmount.com\/comparison\/it\/wp-json\/wp\/v2\/comments?post=2573"}],"version-history":[{"count":0,"href":"https:\/\/fujifilmxmount.com\/comparison\/it\/wp-json\/wp\/v2\/pages\/2573\/revisions"}],"wp:attachment":[{"href":"https:\/\/fujifilmxmount.com\/comparison\/it\/wp-json\/wp\/v2\/media?parent=2573"}],"curies":[{"name":"wp","href":"https:\/\/api.w.org\/{rel}","templated":true}]}}