{"id":1769,"date":"2018-05-24T10:29:35","date_gmt":"2018-05-24T08:29:35","guid":{"rendered":"https:\/\/fujifilmxmount.com\/comparison\/privacy-policy\/"},"modified":"2021-08-31T10:40:08","modified_gmt":"2021-08-31T08:40:08","slug":"privacy-policy-2021","status":"publish","type":"page","link":"https:\/\/fujifilmxmount.com\/comparison\/nb\/privacy-policy-2021\/","title":{"rendered":"Privacy policy &#8211; 2021"},"content":{"rendered":"\r\n<h1>Regler for personvern<\/h1>\r\n<h2>1.\u00a0\u00a0 Anvendelse av regler for personvern<\/h2>\r\n<h3>1.1.\u00a0\u00a0\u00a0\u00a0 Anvendelsesomr\u00e5de<\/h3>\r\n<p>Denne personvernerkl\u00e6ringen beskriver v\u00e5rt engasjement for \u00e5 beskytte personvernet og hvordan vi behandler den personlige informasjonen vi mottar fra bes\u00f8kende p\u00e5 dette nettstedet (\u201cNettsted (er)\u201d) og brukere av programvare (\u201cApp (er)\u201d) som ( i) administreres og drives av FUJIFILM Europe eller et av dets tilknyttede selskaper som angitt under seksjonen \u00abDatakontrolleren\u00bb (\u00abFUJIFILM\u00bb eller \u00abvi\u00bb) og (ii) har en lenke til denne personvernpolitikken.<\/p>\r\n<p>Denne personvernerkl\u00e6ringen kan ogs\u00e5 gjelde n\u00e5r det henvises til en offline-kontekst, f.eks. for workshops og andre arrangementer og markedsaktiviteter.<\/p>\r\n<p>I tilfelle bestemmelser som avviker fra denne personvernerkl\u00e6ringen er tydelig angitt, skal de relevante forskjellige bestemmelsene gjelde.<\/p>\r\n<h3>1.2.\u00a0\u00a0\u00a0\u00a0\u00a0 Datakontroll\u00f8r og databeskyttelsesansvarlig<\/h3>\r\n<p>Datakontroll\u00f8ren i forhold til personlige data som samles inn innenfor rammen av denne personvernerkl\u00e6ringen er FUJIFILM Nordic AB, Hantverkargatan 25, SE-112 21 Stockholm, Sverige. For ytterligere informasjon, se nettstedets avtrykk.<\/p>\r\n<p>V\u00e5r databeskyttelsesoffiser \/ databeskyttelsesteam kan kontaktes per post eller via e-post p\u00e5 privacyoffice_eu@fujifilm.com.<\/p>\r\n<h3>1.3.\u00a0\u00a0\u00a0\u00a0\u00a0 Eksterne linker<\/h3>\r\n<p>Denne personvernerkl\u00e6ringen gjelder ikke de nettsteder som har publisert sin egen personvernerkl\u00e6ring og tredjeparts nettsteder, selv om lenker til deres nettsteder er p\u00e5 v\u00e5re nettsteder og apper. V\u00e6r oppmerksom p\u00e5 at vi ikke er ansvarlige for personvernpraksisen til slike andre nettsteder. Vi oppfordrer brukerne til \u00e5 v\u00e6re oppmerksomme n\u00e5r de forlater en av v\u00e5re nettsteder og \u00e5 lese personvernerkl\u00e6ringene til hvert nettsted som samler inn personlig informasjon.<\/p>\r\n<h2>2.\u00a0\u00a0 Forvaltning av personlig informasjon<\/h2>\r\n<h3>2.1.\u00a0\u00a0\u00a0\u00a0 Innsamling av personlig informasjon<\/h3>\r\n<p>I prinsippet kan du bes\u00f8ke nettstedet (e) uten \u00e5 avsl\u00f8re personlig informasjon. Nettstedet (e) og appen (e) kan samle inn viss teknisk informasjon, f.eks. hvilket innhold du har sett p\u00e5 nettstedet (e), eller hvilket nettsted du har henvist til, f\u00e5r tilgang til nettstedet (e). I prosessen med \u00e5 samle inn slik informasjon, hvor form\u00e5let er \u00e5 forbedre brukervennligheten til nettstedet (e) eller appene (e), skal ikke informasjonen samles inn p\u00e5 en m\u00e5te som du kan bli identifisert p\u00e5, og du skal heller ikke bli identifisert under prosessen av informasjonsanalyse.<\/p>\r\n<p>Du kan bli bedt om eller p\u00e5krevd \u00e5 oppgi personlig identifiserbar informasjon (\u201cPersonlig informasjon\u201d) for \u00e5 f\u00e5 tilgang til bestemte omr\u00e5der p\u00e5 nettstedet. Vi kan ogs\u00e5 be om viss personlig informasjon n\u00e5r du bestiller et produkt, ber om tjenester, deltar i salgsfremmende aktiviteter eller forskningsstudier eller korresponderer med oss. Personlig informasjon vi samler inn, kan omfatte navn, postadresse, telefonnummer, e-postadresse, betalingsdetaljer og andre detaljer du gir oss, for eksempel i et kontaktskjema, registrering for en konto eller abonnement p\u00e5 et nyhetsbrev eller annen markedsf\u00f8ringskommunikasjon.<\/p>\r\n<p>Vi behandler din personlige informasjon basert p\u00e5 ditt samtykke, for gjennomf\u00f8ring av en kontrakt eller som n\u00f8dvendig for v\u00e5re legitime interesser, inkludert for \u00e5 svare p\u00e5 dine foresp\u00f8rsler og for \u00e5 tilpasse og forbedre v\u00e5re netttilbud, produkter og tjenester i samsvar med dine preferanser. (Art. 6 (1) (a), (b) og (f) GDPR).<\/p>\r\n<h3>2.2.\u00a0\u00a0\u00a0\u00a0\u00a0 Form\u00e5l med bruk av personlig informasjon<\/h3>\r\n<p>Form\u00e5let med bruk av din personlige informasjon skal v\u00e6re tydelig angitt i denne personvernerkl\u00e6ringen eller p\u00e5 annen m\u00e5te n\u00e5r det samles inn informasjon, bortsett fra i tilfeller der form\u00e5let med bruken er \u00e5penbar for deg. Bruken av personlig informasjon gitt av deg skal v\u00e6re begrenset til form\u00e5let med bruken som er angitt for deg p\u00e5 forh\u00e5nd. Vi forbeholder oss imidlertid retten til \u00e5 utf\u00f8re ytterligere behandling i den grad det er tillatt eller kreves av relevante lover og forskrifter.<\/p>\r\n<p>Videre kan det kreves at vi bruker og oppbevarer personopplysninger av juridiske \u00e5rsaker og samsvar, for eksempel forebygging, oppdagelse eller etterforskning av en forbrytelse; tapsforebygging; eller for \u00e5 bekjempe svindel. Vi kan ogs\u00e5 bruke personopplysninger for \u00e5 oppfylle v\u00e5re interne og eksterne revisjonskrav, informasjonssikkerhetsform\u00e5l, og som vi ellers mener er n\u00f8dvendige eller hensiktsmessige: (a) i henhold til gjeldende lov, som kan omfatte lover utenfor ditt hjemland; (b) \u00e5 svare p\u00e5 foresp\u00f8rsler fra domstoler, rettsh\u00e5ndhevelsesbyr\u00e5er, reguleringsbyr\u00e5er og andre offentlige og offentlige myndigheter, som kan omfatte slike myndigheter utenfor ditt hjemland; (c) \u00e5 h\u00e5ndheve vilk\u00e5rene; og (d) for \u00e5 beskytte v\u00e5re rettigheter, personvern, sikkerhet eller eiendom, eller andre personers.<\/p>\r\n<p>F\u00f8lgende eksempler illustrerer mulige scenarier der vi samler inn og bruker din personlige informasjon:<\/p>\r\n<h4>2.2.1.\u00a0\u00a0\u00a0\u00a0\u00a0\u00a0\u00a0\u00a0 Brukerkontoer<\/h4>\r\n<p>N\u00e5r du registrerer en kundekonto, samler vi vanligvis inn navn, e-postadresse og passord. I tillegg kan du oppgi adressen din, inkludert fakturerings- og leveringsadresse i kundekontoen din. N\u00e5r du bestiller, samler vi inn data om varene du har valgt, tilsvarende prisinformasjon, eventuelle bilag du m\u00e5tte bruke, fakturerings- og leveringsadressen din og den valgte betalings- og fraktmetoden. I forbindelse med oppfyllelsen av bestillinger samler vi s\u00e6rlig informasjon om betaling, levering og retur.<\/p>\r\n<p>Vi kan bruke din personlige informasjon for \u00e5 vedlikeholde brukerkontoen din, for \u00e5 bekrefte at du er en legitim bruker, for \u00e5 gi deg den forespurte informasjonen om FUJIFILM-produkter og tjenester, inkludert eventuelle nyhetsbrev du abonnerer p\u00e5, og for \u00e5 svare p\u00e5 st\u00f8tte og andre henvendelser kan ha. I forbindelse med brukerkontoen din kan vi analysere din bruk av nettstedet v\u00e5rt og v\u00e5rt nyhetsbrev for \u00e5 bedre forst\u00e5 dine preferanser og forbedre v\u00e5re nettjenester. Vi lagrer slik informasjon i forbindelse med brukerkontoen din. Hvis du har gitt markedsf\u00f8ringstillatelse, kan vi ogs\u00e5 kontakte deg under forretningskontaktinformasjonen din for markedsf\u00f8ringsform\u00e5l i forhold til v\u00e5re produkter og tjenester som kan v\u00e6re av interesse for deg.<\/p>\r\n<p>Hvis du har opprettet en brukerkonto, lagrer vi dataene dine s\u00e5 lenge du vedlikeholder brukerkontoen din. I tilfelle sletting av brukerkontoen din lagrer vi bare de relevante dataene i den forstand loven tillater eller krever det.<\/p>\r\n<p>Gjennom brukerkontoen din kan du administrere og oppdatere kontaktdata og preferanser. Vennligst behandle tilgangsdataene dine konfidensielt og ikke del passordet ditt med noen tredjepart. Hvis du blir kjent med, eller hvis du mistenker at en tredjepart har f\u00e5tt uautorisert tilgang til tilgangsdataene dine eller brukerkontoen din, m\u00e5 du endre passordet ditt uten un\u00f8dig forsinkelse.<\/p>\r\n<h4>2.2.2.\u00a0\u00a0\u00a0\u00a0\u00a0\u00a0\u00a0\u00a0 Personlige Tjenester<\/h4>\r\n<p>I forbindelse med personaliserte tjenester kan vi behandle og bruke informasjonen din til reklame- og markedsunders\u00f8kelsesform\u00e5l eller for personlig levering av tjenester hvis du har gitt ditt samtykke. Hvis du gir ditt samtykke, kan informasjonen du f\u00e5r tilgang til mens du bes\u00f8ker nettstedet (e) og appene (appene) lagres i en brukerprofil for \u00e5 kunne tilby deg informasjon som er spesielt tilpasset for deg (f.eks. i form av et nyhetsbrev). Du kan n\u00e5r som helst trekke tilbake samtykke med virkning for fremtiden.<\/p>\r\n<p>Hvis du bruker personlig tilpassede tjenester, vil vi bruke din personlige informasjon som kreves for \u00e5 levere tjenestene s\u00e5 lenge registreringen varer, og deretter s\u00e5 lenge det kreves eller tillates i henhold til gjeldende lover. Vi kan dele informasjonen din med tilknyttede FUJIFILM-selskaper hvis dette er n\u00f8dvendig for \u00e5 svare p\u00e5 dine henvendelser eller om n\u00f8dvendig for levering av tjenestene. Vi kan sende henvendelser ang\u00e5ende v\u00e5re produkter og tjenester ogs\u00e5 til en distribut\u00f8r som er ansvarlig for den aktuelle produkt- eller tjenestekategorien og regionen.<\/p>\r\n<h4>2.2.3.\u00a0\u00a0\u00a0\u00a0\u00a0\u00a0\u00a0\u00a0 Blogg \/ Fora<\/h4>\r\n<p>Noen av v\u00e5re nettsteder tilbyr offentlig tilgjengelige blogger eller fellesskapsfora. Du b\u00f8r v\u00e6re oppmerksom p\u00e5 at all informasjon du oppgir p\u00e5 disse stedene kan bli lest, samlet og brukt av andre som f\u00e5r tilgang til dem. For \u00e5 be om fjerning av personlig informasjon fra bloggen eller forumet v\u00e5rt, kontakt oss med kontaktinformasjonen gitt i seksjonen \u201cKontakt oss\u201d. I noen tilfeller kan det hende at vi ikke kan fjerne personlig informasjon, i s\u00e5 fall vil vi gi deg beskjed hvis vi ikke klarer \u00e5 gj\u00f8re det, og hvorfor.<\/p>\r\n<h4>2.2.4.\u00a0\u00a0\u00a0\u00a0\u00a0\u00a0\u00a0\u00a0 E-post nyhetsbrev<\/h4>\r\n<p>Hvis du abonnerer p\u00e5 v\u00e5rt nyhetsbrev, vil vi bruke den personlige informasjonen som er n\u00f8dvendig eller gitt separat av deg, for \u00e5 sende deg v\u00e5rt nyhetsbrev som avtalt. Nyhetsbrev e-post kan inneholde web beacons, sporingspiksler eller lenker som lar oss analysere din bruk av nyhetsbrevet, inkludert informasjon om du mottok og \u00e5pnet nyhetsbrevet v\u00e5rt. Du kan n\u00e5r som helst trekke tilbake ditt samtykke og avslutte abonnementet p\u00e5 nyhetsbrevet, enten ved \u00e5 sende en melding til oss eller via en dedikert avmeldingslink i nyhetsbrevet.<\/p>\r\n<h4>2.2.5.\u00a0\u00a0\u00a0\u00a0\u00a0\u00a0\u00a0\u00a0 E-post-annonsering uten tilmelding<\/h4>\r\n<p>Hvis vi mottar e-postadressen din i forbindelse med salg av varer eller tjenester og du ikke har motsatt deg dette, har vi rett til regelmessig \u00e5 tilby deg lignende varer og tjenester, som den du kj\u00f8pte ved \u00e5 bruke e-posten din. Du kan n\u00e5r som helst i fremtiden trekke tilbake ditt samtykke til slik bruk av e-postadressen din ved \u00e5 sende en melding til oss eller via lenken for avmelding i e-postene v\u00e5re.<\/p>\r\n<h4>2.2.6.\u00a0\u00a0\u00a0\u00a0\u00a0\u00a0\u00a0\u00a0 Post-annonsering<\/h4>\r\n<p>I henhold til gjeldende lover kan vi ha rett til \u00e5 lagre for- og etternavn, postadresse og, hvis aktuelt, tittel og akademisk grad og bruke det til egne reklameform\u00e5l, spesielt for \u00e5 sende tilbud og informasjon om v\u00e5re varer og tjenester med post-tjenester. Du kan motsette deg denne bruken av informasjonen din n\u00e5r som helst for fremtiden ved \u00e5 sende en melding til oss.<\/p>\r\n<h3>2.3.\u00a0\u00a0\u00a0\u00a0\u00a0 Datadeling og offentliggj\u00f8ring<\/h3>\r\n<p>Vi vil ikke avsl\u00f8re eller levere, dele eller p\u00e5 annen m\u00e5te distribuere din personlige informasjon til tredjeparter, bortsett fra som beskrevet i denne personvernerkl\u00e6ringen. Vi deler personlig informasjon n\u00e5r:<\/p>\r\n<p>(a) ditt samtykke er gitt p\u00e5 forh\u00e5nd;<\/p>\r\n<p>(b) det er n\u00f8dvendig \u00e5 gi deg v\u00e5re tjenester, inkludert spesielt sending av markedsf\u00f8ringskommunikasjon, levering av kundeservice, st\u00f8tte for markedsf\u00f8ring og produktdistribusjon, eller drift av v\u00e5re systemer eller applikasjoner. Disse selskapene er autorisert til \u00e5 bruke din personlige informasjon bare etter behov for \u00e5 tilby disse tjenestene.<\/p>\r\n<p>(c) Personlig informasjon kan deles med FUJIFILM-gruppen hvis det er n\u00f8dvendig for \u00e5 levere tjenester eller oppfylle produktordrer, for kontoadministrasjon, for \u00e5 lette salg og markedsf\u00f8ring, for kunde- og teknisk support og for \u00e5 fremme forretnings- og produktutvikling. Klikk her http:\/\/www.fujifilm.com\/about\/office\/ for \u00e5 se en liste over FUJIFILM Group-steder vi kan dele personlig informasjon med. Vi kan ogs\u00e5 sende henvendelser ang\u00e5ende v\u00e5re produkter og tjenester til en tredjepartsdistribut\u00f8r som er ansvarlig for den aktuelle produkt- eller tjenestekategorien og regionen;<\/p>\r\n<p>(d) du bestiller produkter eller bruker andre tjenester som krever et gebyr, navn, adresse, kredittkortnummer og annen informasjon blir gitt til finansinstitusjoner eller andre parter for betalingsoppgj\u00f8r;<\/p>\r\n<p>(e) v\u00e5r virksomhet tildeles eller overf\u00f8res enten ved lovdrift eller p\u00e5 annen m\u00e5te inkludert fusjoner, konsolideringer og oppl\u00f8sning eller overf\u00f8ring av virksomhet;<\/p>\r\n<p>(f) Personopplysningene dine er p\u00e5krevd av gjeldende lover og forskrifter, eller slik utlevering er ellers n\u00f8dvendig til st\u00f8tte for enhver kriminell eller annen juridisk etterforskning eller prosedyre utf\u00f8rt av relevante myndigheter; eller<\/p>\r\n<p>(g) det er et \u00f8yeblikkelig behov for utlevering for \u00e5 beskytte menneskeliv eller menneskerettigheter.<\/p>\r\n<h3>2.4.\u00a0\u00a0\u00a0\u00a0\u00a0 Internasjonal datadeling<\/h3>\r\n<p>Vi kan overf\u00f8re den personlige informasjonen vi samler inn til \u00e5 lagre slik informasjon i andre land som kan ha andre lover om personvern eller databeskyttelse enn landet der informasjonen ble gitt.<\/p>\r\n<p>Dette betyr at din personlige informasjon ogs\u00e5 kan overf\u00f8res til og \/ eller behandles av FUJIFILM-enheter eller (p\u00e5 deres vegne) av tredjeparts tjenesteleverand\u00f8rer utenfor EU (\u00abEU\u00bb) eller Det europeiske \u00f8konomiske samarbeidsomr\u00e5det (\u00abE\u00d8S\u00bb). Databeskyttelsesforordningen i de aktuelle landene der dine personlige opplysninger blir samlet inn eller behandlet, kan avvike fra beskyttelsesniv\u00e5et gitt i lovgivningen i EU \/ E\u00d8S. Imidlertid vil FUJIFILM sikre tilstrekkelig beskyttelse av din personlige informasjon i samsvar med gjeldende lover og prinsippene beskrevet her. Ved \u00e5 bruke nettstedet (e) og appene v\u00e5re, godtar du innsamling og overf\u00f8ring av din personlige informasjon utenfor EU \/ E\u00d8S som beskrevet her.<\/p>\r\n<h3>2.5.\u00a0\u00a0\u00a0\u00a0\u00a0 Datasikkerhet<\/h3>\r\n<p>FUJIFILM tar tilstrekkelige tekniske og organisatoriske sikkerhetstiltak for \u00e5 beskytte din personlige informasjon mot misbruk og for \u00e5 forhindre tap av informasjon. Din personlige informasjon lagres i et sikkert driftsmilj\u00f8 som ikke er tilgjengelig for publikum. All personlig informasjon gitt av deg i l\u00f8pet av registrering eller bruk av personaliserte tjenester vil bli overf\u00f8rt i kryptert form for \u00e5 forhindre misbruk av informasjonen fra tredjepart.<\/p>\r\n<h2>3.\u00a0\u00a0 Bruk av informasjonskapsler, sporingsteknologi og sosiale medier<\/h2>\r\n<h3>3.1.\u00a0\u00a0\u00a0\u00a0 Bruk av informasjonskapsler og sporingsteknologi<\/h3>\r\n<p>Nettstedet (e) og appene v\u00e5re kan bruke \u201cinformasjonskapsler\u201d eller lignende teknologier (analyseprogrammer og sosiale medietjenester). Informasjonskapsler er tekstfiler som sendes av et nettsted (e) til brukerens nettleser for \u00e5 lagre informasjon p\u00e5 brukerens enheter. N\u00e5r det er tilgang til nettstedet (e) leses informasjonen i informasjonskapselen av nettstedet (e).<\/p>\r\n<h4>3.1.1.\u00a0\u00a0\u00a0\u00a0\u00a0\u00a0\u00a0\u00a0 Ditt samtykke til bruk av informasjonskapsler<\/h4>\r\n<p>Vi skiller mellom strengt n\u00f8dvendige informasjonskapsler, som kreves for at nettstedet (e) v\u00e5re skal fungere riktig, og andre informasjonskapsler. Strengt n\u00f8dvendige informasjonskapsler krever ikke ditt samtykke. For andre informasjonskapsler ber vi om ditt samtykke f\u00f8r du plasserer dem p\u00e5 enheten din. Du kan bare bruke nettstedet v\u00e5rt etter at du har bekreftet innstillingene for informasjonskapsler.<\/p>\r\n<p>N\u00e5r du f\u00f8rst bes\u00f8ker nettstedet (e) v\u00e5re, vises et popup-vindu med v\u00e5r Cookie Consent Manager. Hvis du klikker p\u00e5 knappen \u00abInnstillinger for informasjonskapsler\u00bb, blir du sendt til Privacy Preferences Center. Privacy Preferences Center viser ogs\u00e5 en informasjonskapselsliste der du kan finne detaljer om informasjonskapslene og form\u00e5lene de brukes til. I Privacy Preferences Center kan du aktivere eller deaktivere bruk av informasjonskapsler med vippebryteren. V\u00e6r oppmerksom p\u00e5 at hvis du ikke godtar informasjonskapsler, kan det hende at du ikke kan bruke visse funksjoner p\u00e5 nettstedet v\u00e5rt som beregnet.<\/p>\r\n<h4>3.1.2.\u00a0\u00a0\u00a0\u00a0\u00a0\u00a0\u00a0\u00a0 Endring av preferansene for informasjonskapsler \/ tilbaketrekking av samtykke<\/h4>\r\n<p>Du kan n\u00e5r som helst endre innstillingene for informasjonskapsler i Innstillingene for informasjonskapsler.<\/p>\r\n<!-- OneTrust Cookies Settings button start -->\r\n<button id=\"ot-sdk-btn\" class=\"ot-sdk-show-settings\">Cookie Settings<\/button>\r\n<!-- OneTrust Cookies Settings button end -->\r\n\r\n<p>Du kan ogs\u00e5 n\u00e5r som helst deaktivere bruken av \/ slette informasjonskapsler via nettleserinnstillingene. V\u00e6r oppmerksom p\u00e5 at i dette tilfellet vil du kanskje ikke kunne gj\u00f8re full bruk av det komplette spekteret av funksjoner som tilbys av nettstedet (e).<\/p>\r\n<h4>3.1.3.\u00a0\u00a0\u00a0\u00a0\u00a0\u00a0\u00a0 Informasjonskapsler<\/h4>\r\n<!-- OneTrust Cookies List start -->\r\n<div id=\"ot-sdk-cookie-policy\"><\/div>\r\n<!-- OneTrust Cookies List end -->\r\n\r\n<h3>3.2.\u00a0\u00a0\u00a0\u00a0\u00a0 Sosiale nettverkstillegg<\/h3>\r\n<p>Nettstedet (e) og appene v\u00e5re kan tilby plugin-moduler for sosiale nettverk (\u201cnettverk\u201d). Sosiale nettverkstillegg er enkle m\u00e5ter \u00e5 dele innhold med andre mennesker via nettverk. N\u00e5r du g\u00e5r inn p\u00e5 nettstedet (e), kan disse plugin-modulene potensielt opprette en direkte forbindelse mellom nettleseren din og de respektive nettverkene. Hvis du samhandler med plugin-modulene, for eksempel i tilfelle av Twitter, ved \u00e5 klikke p\u00e5 \u00abTweet dette\u00bb eller med Facebook ved \u00e5 klikke \u00abJeg liker\u00bb -knappen eller komme med en kommentar, vil den tilsvarende informasjonen overf\u00f8res direkte fra nettleseren din til nettverket. I noen tilfeller utveksles informasjon allerede med et nettverk n\u00e5r du bes\u00f8ker nettstedet (e), uansett om du kommuniserer med programtilleggene eller ikke.<\/p>\r\n<p>Du kan forhindre at informasjon blir delt med et nettverk ved ikke \u00e5 tillate de tilsvarende informasjonskapslene og \/ eller logge av fra nettverket f\u00f8r du bruker nettstedet (e).<\/p>\r\n<h2>4.\u00a0\u00a0 Datalagring<\/h2>\r\n<p>Vi vil oppbevare din personlige informasjon s\u00e5 lenge kontoen din er aktiv eller etter behov for \u00e5 gi deg tjenester. Vi vil oppbevare og bruke din personlige informasjon etter behov for \u00e5 overholde v\u00e5re juridiske forpliktelser, l\u00f8se tvister og h\u00e5ndheve v\u00e5re avtaler.<\/p>\r\n<h2>5.\u00a0\u00a0 Dine rettigheter knyttet til din personlige informasjon i henhold til GDPR<\/h2>\r\n<p>Du har rett til \u00e5 be oss om tilgang til og rette eller slette personopplysninger, begrense behandlingen av dine personlige data, motsette deg slik behandling og \u00e5 ut\u00f8ve din rett til dataportabilitet i samsvar med GDPR og gjeldende lover.<\/p>\r\n<p>Du har rett til \u00e5 sende inn en klage til en kompetent tilsynsmyndighet i samsvar med GDPR og gjeldende lover hvis du mener at behandlingen av personopplysninger knyttet til deg bryter med GDPR. For dette form\u00e5let kan du kontakte Datatilsynet p\u00e5 https:\/\/www.datatilsynet.no.<\/p>\r\n<h2>6.\u00a0\u00a0 Endringer i personvernreglene<\/h2>\r\n<p>FUJIFILM forbeholder seg retten til \u00e5 endre, endre eller oppdatere denne personvernpolicyen. Hvis vi bestemmer oss for \u00e5 endre v\u00e5r personvernpolicy, vil vi legge ut den reviderte personvernpolicyen og oppgi datoen for publiseringen. Husk \u00e5 g\u00e5 gjennom personvernreglene for eventuelle endringer ved returbes\u00f8k, siden fortsatt bruk av nettstedet (e) eller appene (e) etter en publisert revisjon indikerer ditt samtykke til at vi bruker informasjonen din i samsvar med endrede, endrede , eller oppdatert personvernpolicy.<\/p>\r\n<p>&nbsp;<\/p>\r\n<p>&nbsp;<\/p>\r\n","protected":false},"excerpt":{"rendered":"<p>Regler for personvern 1.\u00a0\u00a0 Anvendelse av regler for personvern 1.1.\u00a0\u00a0\u00a0\u00a0 Anvendelsesomr\u00e5de Denne personvernerkl\u00e6ringen beskriver v\u00e5rt engasjement for \u00e5 beskytte personvernet og hvordan vi behandler den personlige informasjonen vi mottar fra bes\u00f8kende p\u00e5 dette nettstedet (\u201cNettsted (er)\u201d) og brukere av programvare (\u201cApp (er)\u201d) som ( i) administreres og drives av FUJIFILM Europe eller et av dets [&hellip;]<\/p>\n","protected":false},"author":1,"featured_media":0,"parent":0,"menu_order":0,"comment_status":"closed","ping_status":"closed","template":"tmpl_privacy.php","meta":[],"acf":[],"_links":{"self":[{"href":"https:\/\/fujifilmxmount.com\/comparison\/nb\/wp-json\/wp\/v2\/pages\/1769"}],"collection":[{"href":"https:\/\/fujifilmxmount.com\/comparison\/nb\/wp-json\/wp\/v2\/pages"}],"about":[{"href":"https:\/\/fujifilmxmount.com\/comparison\/nb\/wp-json\/wp\/v2\/types\/page"}],"author":[{"embeddable":true,"href":"https:\/\/fujifilmxmount.com\/comparison\/nb\/wp-json\/wp\/v2\/users\/1"}],"replies":[{"embeddable":true,"href":"https:\/\/fujifilmxmount.com\/comparison\/nb\/wp-json\/wp\/v2\/comments?post=1769"}],"version-history":[{"count":0,"href":"https:\/\/fujifilmxmount.com\/comparison\/nb\/wp-json\/wp\/v2\/pages\/1769\/revisions"}],"wp:attachment":[{"href":"https:\/\/fujifilmxmount.com\/comparison\/nb\/wp-json\/wp\/v2\/media?parent=1769"}],"curies":[{"name":"wp","href":"https:\/\/api.w.org\/{rel}","templated":true}]}}