{"id":2575,"date":"2021-08-25T15:37:06","date_gmt":"2021-08-25T13:37:06","guid":{"rendered":"https:\/\/fujifilmxmount.com\/comparison\/?page_id=2575"},"modified":"2021-08-25T15:37:06","modified_gmt":"2021-08-25T13:37:06","slug":"vilkar-og-betingelser-for-bruk","status":"publish","type":"page","link":"https:\/\/fujifilmxmount.com\/comparison\/nb\/vilkar-og-betingelser-for-bruk\/","title":{"rendered":"Vilk\u00e5r og betingelser for bruk"},"content":{"rendered":"<p>Takk for at du bes\u00f8ker dette nettstedet. Dette nettstedet, inkludert alle sider med landsspesifikke lokale spr\u00e5k og alle andre sider tilh\u00f8rer FUJIFILM Europe og vedlikeholdes og gj\u00f8res tilgjengelig for publikum utelukkende av FUJIFILM for \u00e5 tilby de som er interessert i FUJIFILM Corporation i Europa og FUJIFILMs produkter en praktisk m\u00e5te \u00e5 finne relevant informasjon, for eksempel de siste nyhetsutgivelsene, finansiell informasjon, produktserier, lokal kontaktinformasjon og nettsteder som eies av FUJIFILMs datterselskaper eller dets distribut\u00f8rer.<\/p>\n<p>Din tilgang til, surfing og bruk av dette nettstedet styres av f\u00f8lgende vilk\u00e5r og betingelser og andre vilk\u00e5r, betingelser eller retningslinjer angitt andre steder p\u00e5 dette nettstedet, samt alle gjeldende lover, regler og forskrifter, inkludert men ikke begrenset til lover ang\u00e5ende varemerker, opphavsrett, personvernrett og \u00e6rekrenkelse.<\/p>\n<p>Derfor ber FUJIFILM deg lese vilk\u00e5rene n\u00f8ye.<\/p>\n<h2>1.\u00a0\u00a0 Bruk av dette nettstedet<\/h2>\n<p>Disse vilk\u00e5rene gjelder for dette nettstedet og andre nettsteder som lenker til nevnte vilk\u00e5r. Du kan finne ytterligere vilk\u00e5r og betingelser som gjelder spesifikke sider p\u00e5 dette nettstedet. Din bruk av slike sider p\u00e5 dette nettstedet er underlagt vilk\u00e5rene og betingelsene for slike sider. Hvis det er noen konflikt mellom vilk\u00e5rene og betingelsene gitt her og tilleggsvilk\u00e5rene gitt andre steder p\u00e5 dette nettstedet, vil tilleggsvilk\u00e5rene gjelde.<\/p>\n<p>Med forbehold for disse vilk\u00e5rene, gir FUJIFILM deg herved, under FUJIFILMs immaterielle rettigheter, en ikke-eksklusiv, verdensomspennende, ikke-overf\u00f8rbar rett til \u00e5 bruke dette nettstedet og innholdet som er inkludert der kun for personlig, ikke-kommersiell bruk, underlagt begrensningene og forpliktelser angitt i disse vilk\u00e5rene. Ytterligere rettigheter gis ikke.<\/p>\n<h2>2.\u00a0\u00a0 Immaterielle rettigheter<\/h2>\n<p>Med mindre annet er oppgitt eller angitt, all tekst, programvare tilgjengelig p\u00e5 eller gjennom dette nettstedet, og annet innhold som er inkludert p\u00e5 dette nettstedet (\u201cinnhold\u201d), inkludert varemerker (registrerte og uregistrerte), grafikk, fotografier, bilder, logoer og tjenestemerker ( samlet, \u201cMerkene\u201d) og valget, arrangementet og \u201cdesignet \u201d av merkene og annet innhold tilh\u00f8rer FUJIFILM eller eiendommen til tredjeparter som har gitt FUJIFILM tillatelse til \u00e5 bruke slikt innhold p\u00e5 dette nettstedet. Alt innhold er beskyttet av internasjonale lover om opphavsrett og varemerke.<\/p>\n<h2>3.\u00a0\u00a0 Begrensninger for bruk av innhold p\u00e5 dette nettstedet<\/h2>\n<p>Med unntak av det som uttrykkelig er tillatt i henhold til gjeldende lov eller som tillatt her eller andre steder p\u00e5 dette nettstedet, eller ved \u00e5 innhente skriftlig forh\u00e5ndstillatelse fra FUJIFILM, eller en tredjepart som har slik makt, autoritet, titler eller interesse som er n\u00f8dvendig for \u00e5 gi slik lovlig tillatelse, er det forbudt \u00e5 endre, kopiere, laste ned, distribuere, overf\u00f8re, vise, publisere, selge, lisensiere, lage avledede verk eller p\u00e5 annen m\u00e5te bruke merker eller annet innhold tilgjengelig p\u00e5 eller gjennom dette nettstedet for kommersielle eller offentlige form\u00e5l, inkludert, men ikke begrenset til, brukes som metakoder p\u00e5 andre sider eller nettsteder p\u00e5 Internett. Ingenting i disse vilk\u00e5rene gir deg rettigheter i merkene eller annet innhold som ikke er spesifikt nevnt her.<\/p>\n<h2>4.\u00a0\u00a0 Tredjepartsinnhold<\/h2>\n<p>Dette nettstedet kan inneholde lenker til nettsteder og innholdet til tredjeparter (\u201cTredjepartsinnhold\u201d) som en tjeneste for deg. Alt tredjepartsinnhold eller tredjeparts nettsteder som er tilgjengelige via lenkene p\u00e5 nettstedet, er ekstern informasjon. FUJIFILM overv\u00e5ker ikke, gjennomg\u00e5r eller oppdaterer, og har ikke kontroll over noe tredjepartsinnhold eller tredjeparts nettsteder. Med mindre annet er uttrykkelig angitt, st\u00f8tter eller vedtar ikke FUJIFILM noe tredjepartsinnhold, og FUJIFILM gir ingen garantier for n\u00f8yaktighet, fullstendighet, aktualitet eller p\u00e5litelighet av noe tredjepartsinnhold. Hvis du bruker disse koblingene og tredjepartsinnholdet, gj\u00f8r du det helt p\u00e5 egen risiko. I tillegg utgj\u00f8r henvisning til noen produkter, tjenester, prosesser eller annen informasjon med handelsnavn, varemerke, produsent, leverand\u00f8r eller p\u00e5 annen m\u00e5te noen p\u00e5tegning, sponsing eller anbefaling fra FUJIFILM.<\/p>\n<h2>5.\u00a0\u00a0 Oppdateringer og revisjoner<\/h2>\n<p>Innholdet p\u00e5 dette nettstedet leveres av FUJIFILM som en bekvemmelighet for deg og kan endres uten varsel. FUJIFILM kan n\u00e5r som helst og fra tid til annen revidere og oppdatere vilk\u00e5rene og innholdet. Vi anbefaler at du regelmessig bes\u00f8ker denne siden for \u00e5 gjennomg\u00e5 og gj\u00f8re deg kjent med alle gjeldende vilk\u00e5r og betingelser, og gjennomg\u00e5 dette nettstedet generelt for \u00e5 gj\u00f8re deg kjent med oppdateringer og revisjoner.<\/p>\n<h2>6.\u00a0\u00a0 Ingen garantier<\/h2>\n<p>Dette nettstedet, dets innhold og dets tjenester leveres \u00absom det er\u00bb uten noen form for garanti, hverken uttrykkelig eller underforst\u00e5tt. FUJIFILM fraskriver seg alle garantier, inkludert, men ikke begrenset til, de underforst\u00e5tte garantiene for salgbarhet og egnethet for et bestemt form\u00e5l, informasjonsinnhold, systemintegrasjon eller n\u00f8yaktighet.<\/p>\n<h2>7.\u00a0\u00a0 Kontakt<\/h2>\n<p>Vennligst finn kontaktinformasjonen v\u00e5r under \u00abkontakt\u00bb.<\/p>\n","protected":false},"excerpt":{"rendered":"<p>Takk for at du bes\u00f8ker dette nettstedet. Dette nettstedet, inkludert alle sider med landsspesifikke lokale spr\u00e5k og alle andre sider tilh\u00f8rer FUJIFILM Europe og vedlikeholdes og gj\u00f8res tilgjengelig for publikum utelukkende av FUJIFILM for \u00e5 tilby de som er interessert i FUJIFILM Corporation i Europa og FUJIFILMs produkter en praktisk m\u00e5te \u00e5 finne relevant informasjon, [&hellip;]<\/p>\n","protected":false},"author":1,"featured_media":0,"parent":0,"menu_order":0,"comment_status":"closed","ping_status":"closed","template":"tmpl_privacy.php","meta":[],"acf":[],"_links":{"self":[{"href":"https:\/\/fujifilmxmount.com\/comparison\/nb\/wp-json\/wp\/v2\/pages\/2575"}],"collection":[{"href":"https:\/\/fujifilmxmount.com\/comparison\/nb\/wp-json\/wp\/v2\/pages"}],"about":[{"href":"https:\/\/fujifilmxmount.com\/comparison\/nb\/wp-json\/wp\/v2\/types\/page"}],"author":[{"embeddable":true,"href":"https:\/\/fujifilmxmount.com\/comparison\/nb\/wp-json\/wp\/v2\/users\/1"}],"replies":[{"embeddable":true,"href":"https:\/\/fujifilmxmount.com\/comparison\/nb\/wp-json\/wp\/v2\/comments?post=2575"}],"version-history":[{"count":0,"href":"https:\/\/fujifilmxmount.com\/comparison\/nb\/wp-json\/wp\/v2\/pages\/2575\/revisions"}],"wp:attachment":[{"href":"https:\/\/fujifilmxmount.com\/comparison\/nb\/wp-json\/wp\/v2\/media?parent=2575"}],"curies":[{"name":"wp","href":"https:\/\/api.w.org\/{rel}","templated":true}]}}