{"id":2602,"date":"2021-08-31T09:42:09","date_gmt":"2021-08-31T07:42:09","guid":{"rendered":"https:\/\/fujifilmxmount.com\/comparison\/?page_id=2602"},"modified":"2021-09-13T09:55:39","modified_gmt":"2021-09-13T07:55:39","slug":"avtrykk","status":"publish","type":"page","link":"https:\/\/fujifilmxmount.com\/comparison\/nb\/avtrykk\/","title":{"rendered":"Avtrykk"},"content":{"rendered":"<table>\n<tbody>\n<tr>\n<td width=\"288\">selskapsnavn<\/td>\n<td width=\"317\">FUJIFILM Nordic AB<\/td>\n<\/tr>\n<tr>\n<td width=\"288\">Adresse<\/td>\n<td width=\"317\">Hantverkargatan 25, SE-112 21 Stockholm, Sverige<\/td>\n<\/tr>\n<tr>\n<td width=\"288\">telefonen<\/td>\n<td width=\"317\">+46 (0)8 525 237 00<\/td>\n<\/tr>\n<tr>\n<td width=\"288\">faks<\/td>\n<td width=\"317\">n\/a<\/td>\n<\/tr>\n<tr>\n<td width=\"288\">e-post<\/td>\n<td width=\"317\">info@fujifilmnordic.eu<\/td>\n<\/tr>\n<tr>\n<td width=\"288\">administrerende direkt\u00f8r<\/td>\n<td width=\"317\">Patrik Wigholm<\/td>\n<\/tr>\n<tr>\n<td width=\"288\">Registrer domstolen<\/td>\n<td width=\"317\">Stockholms Tingsr\u00e4tt<\/td>\n<\/tr>\n<tr>\n<td width=\"288\">Registreringsnummer<\/td>\n<td width=\"317\">556887-3011<\/td>\n<\/tr>\n<tr>\n<td width=\"288\">Moms identifikasjonsnummer<\/td>\n<td width=\"317\">SE556887301101<\/td>\n<\/tr>\n<tr>\n<td width=\"288\">WEEE-registreringsnummer<\/td>\n<td width=\"317\">556887-3011<\/td>\n<\/tr>\n<tr>\n<td width=\"288\">Informasjon om online tvistel\u00f8sning<\/p>\n<p>&nbsp;<\/td>\n<td width=\"317\">EU-kommisjonen gir en plattform for online tvistel\u00f8sning (OS). Du finner plattformen p\u00e5 https:\/\/ec.europa.eu\/consumers\/odr. Vi er verken villige eller forpliktet til \u00e5 delta i en tvistel\u00f8sningsprosedyre for et voldgiftsnemnd for forbrukere.<\/td>\n<\/tr>\n<\/tbody>\n<\/table>\n","protected":false},"excerpt":{"rendered":"<p>selskapsnavn FUJIFILM Nordic AB Adresse Hantverkargatan 25, SE-112 21 Stockholm, Sverige telefonen +46 (0)8 525 237 00 faks n\/a e-post info@fujifilmnordic.eu administrerende direkt\u00f8r Patrik Wigholm Registrer domstolen Stockholms Tingsr\u00e4tt Registreringsnummer 556887-3011 Moms identifikasjonsnummer SE556887301101 WEEE-registreringsnummer 556887-3011 Informasjon om online tvistel\u00f8sning &nbsp; EU-kommisjonen gir en plattform for online tvistel\u00f8sning (OS). Du finner plattformen p\u00e5 https:\/\/ec.europa.eu\/consumers\/odr. Vi [&hellip;]<\/p>\n","protected":false},"author":1,"featured_media":0,"parent":0,"menu_order":0,"comment_status":"closed","ping_status":"closed","template":"tmpl_privacy.php","meta":[],"acf":[],"_links":{"self":[{"href":"https:\/\/fujifilmxmount.com\/comparison\/nb\/wp-json\/wp\/v2\/pages\/2602"}],"collection":[{"href":"https:\/\/fujifilmxmount.com\/comparison\/nb\/wp-json\/wp\/v2\/pages"}],"about":[{"href":"https:\/\/fujifilmxmount.com\/comparison\/nb\/wp-json\/wp\/v2\/types\/page"}],"author":[{"embeddable":true,"href":"https:\/\/fujifilmxmount.com\/comparison\/nb\/wp-json\/wp\/v2\/users\/1"}],"replies":[{"embeddable":true,"href":"https:\/\/fujifilmxmount.com\/comparison\/nb\/wp-json\/wp\/v2\/comments?post=2602"}],"version-history":[{"count":0,"href":"https:\/\/fujifilmxmount.com\/comparison\/nb\/wp-json\/wp\/v2\/pages\/2602\/revisions"}],"wp:attachment":[{"href":"https:\/\/fujifilmxmount.com\/comparison\/nb\/wp-json\/wp\/v2\/media?parent=2602"}],"curies":[{"name":"wp","href":"https:\/\/api.w.org\/{rel}","templated":true}]}}