{"id":280,"date":"2014-10-30T17:23:19","date_gmt":"2014-10-30T16:23:19","guid":{"rendered":"https:\/\/fujifilmxmount.com\/comparison\/wp\/how-we-did-the-test-2\/"},"modified":"2016-02-15T17:36:59","modified_gmt":"2016-02-15T16:36:59","slug":"how-we-did-the-test","status":"publish","type":"page","link":"https:\/\/fujifilmxmount.com\/comparison\/nb\/how-we-did-the-test\/","title":{"rendered":"Slik gjorde vi testen"},"content":{"rendered":"<div class=\"xmount_movie\"><img decoding=\"async\" loading=\"lazy\" class=\"alignnone size-full wp-image-1729\" src=\"https:\/\/fujifilmxmount.com\/comparison\/wp\/wp-content\/uploads\/2016\/02\/hurvigjorde.png\" alt=\"hurvigjorde\" width=\"700\" height=\"525\" \/><\/div>\n<p>I testen har vi brukt et FUJIFILM X-T1 kamera og de objektivene i X-serien som var tilgjengelig da vi fotograferte (november 2015). Objektivene er fotografert p\u00e5 samtlige hele blendersteg (samt st\u00f8rste mulige blender i hver anledning). P\u00e5 zoom-objektivene har vi benyttet 3-4 ulike brennvidder.<\/p>\n<p>&nbsp;<\/p>\n<p>Kameraet var innstilt slik:<br \/>\nJPEG (Fine)<br \/>\nProvia\/Velvia\/Classic Chrome (Film Simulation Bracketing)<br \/>\nHvitbalanse: Manuell<br \/>\nLysm\u00e5ling:<br \/>\nISO 200<br \/>\nLukkertid: Auto<br \/>\nFokus: AF-S \/ MF<br \/>\nSt\u00f8yredusering ved lang eksponering: P\u00e5<br \/>\nLens modulation optimizer: P\u00e5<\/p>\n<p>&nbsp;<\/p>\n<p>Bildene er tatt p\u00e5 stativ med objektivenes bildestabilisator (om tilgjengelig) avsl\u00e5tt. Bildene er uredigerte JPEG-filer direkte fra kameraet, men har blitt forminsket i st\u00f8rrelse (2500\u00d71667) for \u00e5 fungere s\u00e5 bra som mulig i testen p\u00e5 siden.<\/p>\n","protected":false},"excerpt":{"rendered":"<p>I testen har vi brukt et FUJIFILM X-T1 kamera og de objektivene i X-serien som var tilgjengelig da vi fotograferte (november 2015). Objektivene er fotografert p\u00e5 samtlige hele blendersteg (samt st\u00f8rste mulige blender i hver anledning). P\u00e5 zoom-objektivene har vi benyttet 3-4 ulike brennvidder. &nbsp; Kameraet var innstilt slik: JPEG (Fine) Provia\/Velvia\/Classic Chrome (Film Simulation [&hellip;]<\/p>\n","protected":false},"author":1,"featured_media":328,"parent":0,"menu_order":0,"comment_status":"open","ping_status":"open","template":"","meta":[],"acf":[],"_links":{"self":[{"href":"https:\/\/fujifilmxmount.com\/comparison\/nb\/wp-json\/wp\/v2\/pages\/280"}],"collection":[{"href":"https:\/\/fujifilmxmount.com\/comparison\/nb\/wp-json\/wp\/v2\/pages"}],"about":[{"href":"https:\/\/fujifilmxmount.com\/comparison\/nb\/wp-json\/wp\/v2\/types\/page"}],"author":[{"embeddable":true,"href":"https:\/\/fujifilmxmount.com\/comparison\/nb\/wp-json\/wp\/v2\/users\/1"}],"replies":[{"embeddable":true,"href":"https:\/\/fujifilmxmount.com\/comparison\/nb\/wp-json\/wp\/v2\/comments?post=280"}],"version-history":[{"count":0,"href":"https:\/\/fujifilmxmount.com\/comparison\/nb\/wp-json\/wp\/v2\/pages\/280\/revisions"}],"wp:featuredmedia":[{"embeddable":true,"href":"https:\/\/fujifilmxmount.com\/comparison\/nb\/wp-json\/wp\/v2\/media\/328"}],"wp:attachment":[{"href":"https:\/\/fujifilmxmount.com\/comparison\/nb\/wp-json\/wp\/v2\/media?parent=280"}],"curies":[{"name":"wp","href":"https:\/\/api.w.org\/{rel}","templated":true}]}}