{"id":284,"date":"2014-10-30T17:23:30","date_gmt":"2014-10-30T16:23:30","guid":{"rendered":"https:\/\/fujifilmxmount.com\/comparison\/wp\/about-fujinon-x-mount-lenses-2\/"},"modified":"2016-02-09T13:25:55","modified_gmt":"2016-02-09T12:25:55","slug":"about-fujinon-x-mount-lenses","status":"publish","type":"page","link":"https:\/\/fujifilmxmount.com\/comparison\/nb\/about-fujinon-x-mount-lenses\/","title":{"rendered":"Om v\u00e5re objektiver"},"content":{"rendered":"<p><iframe loading=\"lazy\" class=\"xmount_movie\" src=\"\/\/www.youtube.com\/embed\/oY1PbQsh1zM\" width=\"470\" height=\"264\" frameborder=\"0\" allowfullscreen=\"allowfullscreen\"><\/iframe><\/p>\n<p>Med Fujinons objektiver for X Mount, f\u00e5r du h\u00f8yest mulig bildekvalitet for alle tenkelige motiver og situasjoner. Objektivene er\u00a0utformet spesielt for \u00e5 passe kamerahusene i X-serien og er konstruert ut fra kameraenes bildesensor for \u00e5 oppn\u00e5 beste mulige resultat.<\/p>\n<p>&nbsp;<\/p>\n<p>Tilbudet av objektiver til X-Serien har p\u00e5 kort tid vokst, og inneholder i dag alt fra objektiver med fast brennvidde for spesifikke motiv, til allsidige og lett-h\u00e5ndterlige zoomobjektiver. Fotomulighetene kommer \u00e5 bli enda flere takket v\u00e6re nye objektiver som <a href=\"http:\/\/www.fujifilm.com\/products\/digital_cameras\/xf_lens\/roadmap\/\" target=\"_blank\">etter skjema lanseres i l\u00f8pet av 2016<\/a>. Alle objektiver i X-serien tilbyr h\u00f8y oppl\u00f8sning og skarphet fra kant til kant, og de store blender\u00e5pningene gir fotografen mange muligheter til \u00e5 ta utrolige bilder i ett kompakt system med lav vekt.<\/p>\n","protected":false},"excerpt":{"rendered":"<p>Med Fujinons objektiver for X Mount, f\u00e5r du h\u00f8yest mulig bildekvalitet for alle tenkelige motiver og situasjoner. Objektivene er\u00a0utformet spesielt for \u00e5 passe kamerahusene i X-serien og er konstruert ut fra kameraenes bildesensor for \u00e5 oppn\u00e5 beste mulige resultat. &nbsp; Tilbudet av objektiver til X-Serien har p\u00e5 kort tid vokst, og inneholder i dag alt [&hellip;]<\/p>\n","protected":false},"author":1,"featured_media":0,"parent":0,"menu_order":0,"comment_status":"open","ping_status":"open","template":"tmpl-lenses.php","meta":[],"acf":[],"_links":{"self":[{"href":"https:\/\/fujifilmxmount.com\/comparison\/nb\/wp-json\/wp\/v2\/pages\/284"}],"collection":[{"href":"https:\/\/fujifilmxmount.com\/comparison\/nb\/wp-json\/wp\/v2\/pages"}],"about":[{"href":"https:\/\/fujifilmxmount.com\/comparison\/nb\/wp-json\/wp\/v2\/types\/page"}],"author":[{"embeddable":true,"href":"https:\/\/fujifilmxmount.com\/comparison\/nb\/wp-json\/wp\/v2\/users\/1"}],"replies":[{"embeddable":true,"href":"https:\/\/fujifilmxmount.com\/comparison\/nb\/wp-json\/wp\/v2\/comments?post=284"}],"version-history":[{"count":0,"href":"https:\/\/fujifilmxmount.com\/comparison\/nb\/wp-json\/wp\/v2\/pages\/284\/revisions"}],"wp:attachment":[{"href":"https:\/\/fujifilmxmount.com\/comparison\/nb\/wp-json\/wp\/v2\/media?parent=284"}],"curies":[{"name":"wp","href":"https:\/\/api.w.org\/{rel}","templated":true}]}}