{"id":2577,"date":"2021-08-25T15:37:25","date_gmt":"2021-08-25T13:37:25","guid":{"rendered":"https:\/\/fujifilmxmount.com\/comparison\/?page_id=2577"},"modified":"2021-08-25T15:37:25","modified_gmt":"2021-08-25T13:37:25","slug":"zasady-i-warunki-uzytkowania","status":"publish","type":"page","link":"https:\/\/fujifilmxmount.com\/comparison\/pl\/zasady-i-warunki-uzytkowania\/","title":{"rendered":"Zasady i warunki u\u017cytkowania"},"content":{"rendered":"<p>Dzi\u0119kuj\u0119 za odwiedzenie tej strony. Niniejsza Strona Internetowa, w tym wszystkie strony w j\u0119zykach lokalnych w\u0142a\u015bciwych dla danego kraju oraz wszystkie inne strony, jest w\u0142asno\u015bci\u0105 FUJIFILM Europe i jest utrzymywana i udost\u0119pniana publicznie wy\u0142\u0105cznie przez FUJIFILM w celu zaoferowania osobom zainteresowanym Korporacj\u0105 FUJIFILM w Europie oraz produktami i us\u0142ugami FUJIFILM poprzez zapewnienie wygodnego sposobu na znalezienie odpowiednich informacji, takich jak najnowsze wiadomo\u015bci, informacje finansowe, asortyment produkt\u00f3w, lokalne informacje kontaktowe oraz strony internetowe nale\u017c\u0105ce do filii FUJIFILM lub jej dystrybutor\u00f3w.<\/p>\n<p>Dost\u0119p, przegl\u0105danie i korzystanie z tej strony internetowej podlega warunkom i zasadom oraz wszelkim innym warunkom i wytycznym wskazanym w innym miejscu tej strony, a tak\u017ce wszelkim obowi\u0105zuj\u0105cym prawom, zasadom i przepisom, w tym mi\u0119dzy innymi przepisom dotycz\u0105cym znak\u00f3w towarowych, praw autorskich, prawa do prywatno\u015bci lub ochrony przed znies\u0142awieniem.<\/p>\n<p>Z tych powod\u00f3w FUJIFILM uprzejmie prosi o uwa\u017cne przeczytanie Warunk\u00f3w Umowy.<\/p>\n<h2>1.\u00a0\u00a0 Korzystanie z tej strony internetowej<\/h2>\n<p>Niniejsze Warunki maj\u0105 zastosowanie do tej strony internetowej oraz do wszelkich innych stron internetowych, kt\u00f3re zawieraj\u0105 odno\u015bniki do Warunk\u00f3w Umowy. W niniejszej Witrynie internetowej mo\u017cna znale\u017a\u0107 dodatkowe warunki odnosz\u0105ce si\u0119 do poszczeg\u00f3lnych stron. Korzystanie z takich stron w ramach tej Witryny podlega zasadom i warunkom tych stron. W przypadku jakichkolwiek sprzeczno\u015bci pomi\u0119dzy Warunkami U\u017cytkowania zamieszczonymi w niniejszym dokumencie, a dodatkowymi warunkami zamieszczonymi w innym miejscu niniejszej Witryny, dodatkowe warunki maj\u0105 pierwsze\u0144stwo.<\/p>\n<p>Z zastrze\u017ceniem niniejszych Warunk\u00f3w, FUJIFILM niniejszym udziela Pa\u0144stwu, na mocy praw w\u0142asno\u015bci intelektualnej FUJIFILM, niewy\u0142\u0105cznego, og\u00f3lno\u015bwiatowego, niezbywalnego prawa do korzystania z tej strony internetowej i zawartych na niej Tre\u015bci jedynie do u\u017cytku osobistego, niekomercyjnego, z zastrze\u017ceniem ogranicze\u0144 i obowi\u0105zk\u00f3w okre\u015blonych w niniejszych Warunkach. Dalej id\u0105ce prawa nie s\u0105 przyznawane.<\/p>\n<h2>2.\u00a0\u00a0 Prawa w\u0142asno\u015bci intelektualnej<\/h2>\n<p>O ile nie stwierdzono lub nie wskazano inaczej, wszystkie teksty, programy komputerowe dost\u0119pne na lub za po\u015brednictwem tej strony internetowej oraz inne tre\u015bci zawarte na tej stronie internetowej (&#8222;Tre\u015b\u0107&#8221;), w tym znaki towarowe (zarejestrowane i niezarejestrowane), grafiki, fotografie, obrazy, logotypy i znaki us\u0142ugowe (zwane \u0142\u0105cznie &#8222;Znakami&#8221;) oraz wyb\u00f3r, uk\u0142ad i &#8222;wygl\u0105d i odczucia&#8221; Znak\u00f3w i innych Tre\u015bci s\u0105 w\u0142asno\u015bci\u0105 FUJIFILM lub os\u00f3b trzecich, kt\u00f3re udzieli\u0142y FUJIFILM zezwolenia na wykorzystanie takich Tre\u015bci na tej stronie internetowej. Wszystkie Tre\u015bci s\u0105 chronione mi\u0119dzynarodowymi prawami autorskimi i prawami dotycz\u0105cymi znak\u00f3w towarowych.<\/p>\n<h2>3.\u00a0\u00a0 Ograniczenia w korzystaniu z tre\u015bci zawartych na tej stronie internetowej<\/h2>\n<p>Za wyj\u0105tkiem przypadk\u00f3w wyra\u017anie dozwolonych przez obowi\u0105zuj\u0105ce prawo lub w spos\u00f3b dozwolony w niniejszym dokumencie lub w innym miejscu na tej stronie internetowej, lub poprzez uzyskanie uprzedniej pisemnej zgody FUJIFILM lub jakiejkolwiek strony trzeciej, kt\u00f3ra ma takie uprawnienia, autorytet, tytu\u0142y lub interes, jakie s\u0105 niezb\u0119dne do udzielenia takiej zgody prawnej, zabrania si\u0119 modyfikowania, kopiowania, pobierania, rozpowszechniania, transmitowania, wy\u015bwietlania, publikowania, sprzedawania, licencjonowania, tworzenia dzie\u0142 pochodnych lub w inny spos\u00f3b wykorzystywania jakichkolwiek Znak\u00f3w lub innych zawarto\u015bci dost\u0119pnych na lub za po\u015brednictwem tej strony internetowej dla cel\u00f3w komercyjnych lub publicznych, w tym, ale niewy\u0142\u0105cznie, wykorzystywania jako meta-tagi na innych stronach lub witrynach w sieci World Wide Web. \u017badne z postanowie\u0144 niniejszego Regulaminu nie przyznaje \u017cadnych praw do Znak\u00f3w lub innej zawarto\u015bci, kt\u00f3ra nie jest wyra\u017anie wymieniona w tym dokumencie.<\/p>\n<h2>4.\u00a0\u00a0 Tre\u015b\u0107 stron trzecich<\/h2>\n<p>Niniejsza Witryna Internetowa mo\u017ce zawiera\u0107 linki do stron internetowych i tre\u015bci os\u00f3b trzecich (&#8222;Tre\u015bci os\u00f3b trzecich&#8221;) jako us\u0142ugi dla u\u017cytkownika. Wszelkie Tre\u015bci Os\u00f3b Trzecich lub strony internetowe os\u00f3b trzecich dost\u0119pne za po\u015brednictwem link\u00f3w zawartych na Witrynie s\u0105 informacjami zewn\u0119trznymi. FUJIFILM nie monitoruje, nie przegl\u0105da i nie aktualizuje, ani nie ma \u017cadnej kontroli nad Tre\u015bci\u0105 Os\u00f3b Trzecich lub witrynami os\u00f3b trzecich. O ile wyra\u017anie nie stwierdzono inaczej, FUJIFILM nie popiera ani nie przyjmuje \u017cadnych Tre\u015bci Os\u00f3b Trzecich, jak r\u00f3wnie\u017c FUJIFILM nie sk\u0142ada \u017cadnych o\u015bwiadcze\u0144, gwarancji ani zapewnie\u0144 co do rzetelno\u015bci, kompletno\u015bci, aktualno\u015bci lub wiarygodno\u015bci jakichkolwiek Tre\u015bci Os\u00f3b Trzecich. Je\u015bli korzystasz z tych link\u00f3w i Tre\u015bci Os\u00f3b Trzecich, robisz to na w\u0142asn\u0105 odpowiedzialno\u015b\u0107. Ponadto odwo\u0142ywanie si\u0119 do jakichkolwiek produkt\u00f3w, us\u0142ug, proces\u00f3w lub innych informacji za pomoc\u0105 nazwy handlowej, znaku towarowego, producenta, dostawcy lub w inny spos\u00f3b nie stanowi ani nie tworzy \u017cadnego poparcia, sponsorowania lub rekomendacji FUJIFILM.<\/p>\n<h2>5.\u00a0\u00a0 Aktualizacje i przegl\u0105dy<\/h2>\n<p>Tre\u015bci zawarte na tej Witrynie s\u0105 dostarczane przez FUJIFILM jako udogodnienie dla Pa\u0144stwa i mog\u0105 ulec zmianie bez powiadomienia. FUJIFILM mo\u017ce w ka\u017cdej chwili i od czasu do czasu dokonywa\u0107 zmian i aktualizacji Warunk\u00f3w Umowy oraz Tre\u015bci. Zalecamy okresowe odwiedzanie tej strony w celu przejrzenia i zapoznania si\u0119 ze wszystkimi aktualnymi Warunkami i Og\u00f3lnymi Warunkami oraz przegl\u0105danie tej Strony w celu zapoznania si\u0119 z wszelkimi aktualizacjami i poprawkami.<\/p>\n<h2>6.\u00a0\u00a0 Brak gwarancji<\/h2>\n<p>Ta strona internetowa, jej zawarto\u015b\u0107 i us\u0142ugi s\u0105 dostarczane &#8222;takie, jakie s\u0105&#8221;, bez jakichkolwiek gwarancji, wyra\u017anych lub dorozumianych. FUJIFILM zrzeka si\u0119 wszelkich gwarancji, w tym, ale niewy\u0142\u0105cznie, dorozumianych gwarancji przydatno\u015bci handlowej i przydatno\u015bci do okre\u015blonego celu, tre\u015bci informacyjnych, integracji systemu lub dok\u0142adno\u015bci.<\/p>\n<h2>7.\u00a0\u00a0 Kontakt<\/h2>\n<p>Nasze dane kontaktowe znajduj\u0105 si\u0119 pod nadrukiem strony internetowej.<\/p>\n","protected":false},"excerpt":{"rendered":"<p>Dzi\u0119kuj\u0119 za odwiedzenie tej strony. Niniejsza Strona Internetowa, w tym wszystkie strony w j\u0119zykach lokalnych w\u0142a\u015bciwych dla danego kraju oraz wszystkie inne strony, jest w\u0142asno\u015bci\u0105 FUJIFILM Europe i jest utrzymywana i udost\u0119pniana publicznie wy\u0142\u0105cznie przez FUJIFILM w celu zaoferowania osobom zainteresowanym Korporacj\u0105 FUJIFILM w Europie oraz produktami i us\u0142ugami FUJIFILM poprzez zapewnienie wygodnego sposobu na [&hellip;]<\/p>\n","protected":false},"author":1,"featured_media":0,"parent":0,"menu_order":0,"comment_status":"closed","ping_status":"closed","template":"tmpl_privacy.php","meta":[],"acf":[],"_links":{"self":[{"href":"https:\/\/fujifilmxmount.com\/comparison\/pl\/wp-json\/wp\/v2\/pages\/2577"}],"collection":[{"href":"https:\/\/fujifilmxmount.com\/comparison\/pl\/wp-json\/wp\/v2\/pages"}],"about":[{"href":"https:\/\/fujifilmxmount.com\/comparison\/pl\/wp-json\/wp\/v2\/types\/page"}],"author":[{"embeddable":true,"href":"https:\/\/fujifilmxmount.com\/comparison\/pl\/wp-json\/wp\/v2\/users\/1"}],"replies":[{"embeddable":true,"href":"https:\/\/fujifilmxmount.com\/comparison\/pl\/wp-json\/wp\/v2\/comments?post=2577"}],"version-history":[{"count":0,"href":"https:\/\/fujifilmxmount.com\/comparison\/pl\/wp-json\/wp\/v2\/pages\/2577\/revisions"}],"wp:attachment":[{"href":"https:\/\/fujifilmxmount.com\/comparison\/pl\/wp-json\/wp\/v2\/media?parent=2577"}],"curies":[{"name":"wp","href":"https:\/\/api.w.org\/{rel}","templated":true}]}}