{"id":2604,"date":"2021-08-31T09:42:24","date_gmt":"2021-08-31T07:42:24","guid":{"rendered":"https:\/\/fujifilmxmount.com\/comparison\/?page_id=2604"},"modified":"2021-09-13T09:55:42","modified_gmt":"2021-09-13T07:55:42","slug":"nadruk","status":"publish","type":"page","link":"https:\/\/fujifilmxmount.com\/comparison\/pl\/nadruk\/","title":{"rendered":"Nadruk"},"content":{"rendered":"<table>\n<tbody>\n<tr>\n<td width=\"288\">Nazwa firmy<\/td>\n<td width=\"317\">FUJIFILM Nordic AB<\/td>\n<\/tr>\n<tr>\n<td width=\"288\">Adres<\/td>\n<td width=\"317\">Hantverkargatan 25, SE-112 21 Stockholm, Szwecja<\/td>\n<\/tr>\n<tr>\n<td width=\"288\">Telefon<\/td>\n<td width=\"317\">+46 (0)8 525 237 00<\/td>\n<\/tr>\n<tr>\n<td width=\"288\">Faks<\/td>\n<td width=\"317\">n\/a<\/td>\n<\/tr>\n<tr>\n<td width=\"288\">E-Mail<\/td>\n<td width=\"317\">info@fujifilmnordic.eu<\/td>\n<\/tr>\n<tr>\n<td width=\"288\">Dyrektor Zarz\u0105dzaj\u0105cy<\/td>\n<td width=\"317\">Patrik Wigholm<\/td>\n<\/tr>\n<tr>\n<td width=\"288\">S\u0105d rejestrowy<\/td>\n<td width=\"317\">Stockholms Tingsr\u00e4tt<\/td>\n<\/tr>\n<tr>\n<td width=\"288\">Numer rejestracyjny<\/td>\n<td width=\"317\">556887-3011<\/td>\n<\/tr>\n<tr>\n<td width=\"288\">Numer identyfikacyjny podatku od sprzeda\u017cy<\/td>\n<td width=\"317\">SE556887301101<\/td>\n<\/tr>\n<tr>\n<td width=\"288\">Numer rejestracyjny WEEE<\/td>\n<td width=\"317\">556887-3011<\/td>\n<\/tr>\n<tr>\n<td width=\"288\">Informacje na temat rozwi\u0105zywania spor\u00f3w on-line<\/p>\n<p>&nbsp;<\/td>\n<td width=\"317\">Komisja Europejska udost\u0119pnia platform\u0119 do rozwi\u0105zywania spor\u00f3w online (OS). Platform\u0119 mo\u017cna znale\u017a\u0107 pod adresem https:\/\/ec.europa.eu\/consumers\/odr. Nie jeste\u015bmy ani sk\u0142onni, ani zobowi\u0105zani do udzia\u0142u w procedurze rozstrzygania spor\u00f3w przed komisj\u0105 arbitra\u017cow\u0105 dla konsument\u00f3w.<\/td>\n<\/tr>\n<\/tbody>\n<\/table>\n","protected":false},"excerpt":{"rendered":"<p>Nazwa firmy FUJIFILM Nordic AB Adres Hantverkargatan 25, SE-112 21 Stockholm, Szwecja Telefon +46 (0)8 525 237 00 Faks n\/a E-Mail info@fujifilmnordic.eu Dyrektor Zarz\u0105dzaj\u0105cy Patrik Wigholm S\u0105d rejestrowy Stockholms Tingsr\u00e4tt Numer rejestracyjny 556887-3011 Numer identyfikacyjny podatku od sprzeda\u017cy SE556887301101 Numer rejestracyjny WEEE 556887-3011 Informacje na temat rozwi\u0105zywania spor\u00f3w on-line &nbsp; Komisja Europejska udost\u0119pnia platform\u0119 do [&hellip;]<\/p>\n","protected":false},"author":1,"featured_media":0,"parent":0,"menu_order":0,"comment_status":"closed","ping_status":"closed","template":"tmpl_privacy.php","meta":[],"acf":[],"_links":{"self":[{"href":"https:\/\/fujifilmxmount.com\/comparison\/pl\/wp-json\/wp\/v2\/pages\/2604"}],"collection":[{"href":"https:\/\/fujifilmxmount.com\/comparison\/pl\/wp-json\/wp\/v2\/pages"}],"about":[{"href":"https:\/\/fujifilmxmount.com\/comparison\/pl\/wp-json\/wp\/v2\/types\/page"}],"author":[{"embeddable":true,"href":"https:\/\/fujifilmxmount.com\/comparison\/pl\/wp-json\/wp\/v2\/users\/1"}],"replies":[{"embeddable":true,"href":"https:\/\/fujifilmxmount.com\/comparison\/pl\/wp-json\/wp\/v2\/comments?post=2604"}],"version-history":[{"count":0,"href":"https:\/\/fujifilmxmount.com\/comparison\/pl\/wp-json\/wp\/v2\/pages\/2604\/revisions"}],"wp:attachment":[{"href":"https:\/\/fujifilmxmount.com\/comparison\/pl\/wp-json\/wp\/v2\/media?parent=2604"}],"curies":[{"name":"wp","href":"https:\/\/api.w.org\/{rel}","templated":true}]}}