{"id":744,"date":"2014-10-30T17:24:10","date_gmt":"2014-10-30T16:24:10","guid":{"rendered":"https:\/\/fujifilmxmount.com\/comparison\/test-our-lenses-2\/"},"modified":"2015-02-13T15:39:18","modified_gmt":"2015-02-13T14:39:18","slug":"test-our-lenses","status":"publish","type":"page","link":"https:\/\/fujifilmxmount.com\/comparison\/pl\/test-our-lenses\/","title":{"rendered":"Przetestuj nasze obiektywy"},"content":{"rendered":"<p>Przetestuj nasze obiektywy i zobacz jak r\u00f3\u017cne obiektywy i warto\u015bci przys\u0142ony wp\u0142ywaj\u0105 na obraz.<\/p>\n<p>&nbsp;<\/p>\n<p>1. Wybierz obiektyw<br \/>\n2. Wybierz warto\u015b\u0107 przys\u0142ony (i ogniskow\u0105, je\u015bli jest to zoom)<br \/>\n3. Naci\u015bnij przycisk \u201eZr\u00f3b zdj\u0119cie\u201d<\/p>\n<p>&nbsp;<\/p>\n<p>By obejrze\u0107 i por\u00f3wna\u0107 zdj\u0119cia, kliknij przycisk \u201ePodgl\u0105d zdj\u0119\u0107\u201d<\/p>\n","protected":false},"excerpt":{"rendered":"<p>Przetestuj nasze obiektywy i zobacz jak r\u00f3\u017cne obiektywy i warto\u015bci przys\u0142ony wp\u0142ywaj\u0105 na obraz. &nbsp; 1. Wybierz obiektyw 2. Wybierz warto\u015b\u0107 przys\u0142ony (i ogniskow\u0105, je\u015bli jest to zoom) 3. Naci\u015bnij przycisk \u201eZr\u00f3b zdj\u0119cie\u201d &nbsp; By obejrze\u0107 i por\u00f3wna\u0107 zdj\u0119cia, kliknij przycisk \u201ePodgl\u0105d zdj\u0119\u0107\u201d<\/p>\n","protected":false},"author":1,"featured_media":0,"parent":0,"menu_order":0,"comment_status":"open","ping_status":"open","template":"tmpl-choose-lens.php","meta":[],"acf":[],"_links":{"self":[{"href":"https:\/\/fujifilmxmount.com\/comparison\/pl\/wp-json\/wp\/v2\/pages\/744"}],"collection":[{"href":"https:\/\/fujifilmxmount.com\/comparison\/pl\/wp-json\/wp\/v2\/pages"}],"about":[{"href":"https:\/\/fujifilmxmount.com\/comparison\/pl\/wp-json\/wp\/v2\/types\/page"}],"author":[{"embeddable":true,"href":"https:\/\/fujifilmxmount.com\/comparison\/pl\/wp-json\/wp\/v2\/users\/1"}],"replies":[{"embeddable":true,"href":"https:\/\/fujifilmxmount.com\/comparison\/pl\/wp-json\/wp\/v2\/comments?post=744"}],"version-history":[{"count":0,"href":"https:\/\/fujifilmxmount.com\/comparison\/pl\/wp-json\/wp\/v2\/pages\/744\/revisions"}],"wp:attachment":[{"href":"https:\/\/fujifilmxmount.com\/comparison\/pl\/wp-json\/wp\/v2\/media?parent=744"}],"curies":[{"name":"wp","href":"https:\/\/api.w.org\/{rel}","templated":true}]}}