{"id":746,"date":"2014-10-30T17:23:19","date_gmt":"2014-10-30T16:23:19","guid":{"rendered":"https:\/\/fujifilmxmount.com\/comparison\/how-we-did-the-test-2\/"},"modified":"2016-02-15T17:37:06","modified_gmt":"2016-02-15T16:37:06","slug":"how-we-did-the-test","status":"publish","type":"page","link":"https:\/\/fujifilmxmount.com\/comparison\/pl\/how-we-did-the-test\/","title":{"rendered":"Jak stworzyli\u015bmy ten test"},"content":{"rendered":"<div class=\"xmount_movie\"><img decoding=\"async\" loading=\"lazy\" class=\"alignnone size-full wp-image-1729\" src=\"https:\/\/fujifilmxmount.com\/comparison\/wp\/wp-content\/uploads\/2016\/02\/hurvigjorde.png\" alt=\"hurvigjorde\" width=\"700\" height=\"525\" \/><\/div>\n<p>Wszystkie zdj\u0119cia zosta\u0142y wykonane aparatem Fujifilm X-T1 i wszystkimi dost\u0119pnymi obiektywami z mocowaniem X podczas sesji zdj\u0119ciowej w listopadzie 2015 roku. Obiektywy by\u0142y ustawione na pe\u0142nych warto\u015bciach przys\u0142ony oraz maksymalnym otworem przys\u0142ony dla danej ogniskowej. W przypadku obiektyw\u00f3w typu zoom, testowali\u015bmy 3-4 r\u00f3\u017cne ogniskowe dla danego zooma.<\/p>\n<p>&nbsp;<\/p>\n<p>Aparat mia\u0142 nast\u0119puj\u0105ce ustawienia:<br \/>\nFormat JPEG (Fine)<br \/>\nProvia\/Velvia\/Classic Chrome (Film Simulation Bracketing)<br \/>\nBalans bieli: manualny<br \/>\nISO: 200<br \/>\nMigawka: Auto<br \/>\nTryb AF: AF-S \/ MF<br \/>\nRedukcja szumu dla d\u0142ugich ekspozycji: w\u0142\u0105czona<br \/>\nLens Modulation Optimizer: w\u0142\u0105czony<\/p>\n<p>&nbsp;<\/p>\n<p>Zdj\u0119cia zosta\u0142y wykonane przy u\u017cyciu statywu, z wy\u0142\u0105czon\u0105 stabilizacj\u0105 optyczn\u0105 obrazu (je\u015bli by\u0142a dost\u0119pna). Zdj\u0119cia wykonane w formacie JPEG nie by\u0142y edytowane, a jedynie ujednolicono ich rozmiar do wymiar\u00f3w 2500x1667px.<\/p>\n","protected":false},"excerpt":{"rendered":"<p>Wszystkie zdj\u0119cia zosta\u0142y wykonane aparatem Fujifilm X-T1 i wszystkimi dost\u0119pnymi obiektywami z mocowaniem X podczas sesji zdj\u0119ciowej w listopadzie 2015 roku. Obiektywy by\u0142y ustawione na pe\u0142nych warto\u015bciach przys\u0142ony oraz maksymalnym otworem przys\u0142ony dla danej ogniskowej. W przypadku obiektyw\u00f3w typu zoom, testowali\u015bmy 3-4 r\u00f3\u017cne ogniskowe dla danego zooma. &nbsp; Aparat mia\u0142 nast\u0119puj\u0105ce ustawienia: Format JPEG (Fine) [&hellip;]<\/p>\n","protected":false},"author":1,"featured_media":328,"parent":0,"menu_order":0,"comment_status":"open","ping_status":"open","template":"","meta":[],"acf":[],"_links":{"self":[{"href":"https:\/\/fujifilmxmount.com\/comparison\/pl\/wp-json\/wp\/v2\/pages\/746"}],"collection":[{"href":"https:\/\/fujifilmxmount.com\/comparison\/pl\/wp-json\/wp\/v2\/pages"}],"about":[{"href":"https:\/\/fujifilmxmount.com\/comparison\/pl\/wp-json\/wp\/v2\/types\/page"}],"author":[{"embeddable":true,"href":"https:\/\/fujifilmxmount.com\/comparison\/pl\/wp-json\/wp\/v2\/users\/1"}],"replies":[{"embeddable":true,"href":"https:\/\/fujifilmxmount.com\/comparison\/pl\/wp-json\/wp\/v2\/comments?post=746"}],"version-history":[{"count":0,"href":"https:\/\/fujifilmxmount.com\/comparison\/pl\/wp-json\/wp\/v2\/pages\/746\/revisions"}],"wp:featuredmedia":[{"embeddable":true,"href":"https:\/\/fujifilmxmount.com\/comparison\/pl\/wp-json\/wp\/v2\/media\/328"}],"wp:attachment":[{"href":"https:\/\/fujifilmxmount.com\/comparison\/pl\/wp-json\/wp\/v2\/media?parent=746"}],"curies":[{"name":"wp","href":"https:\/\/api.w.org\/{rel}","templated":true}]}}