{"id":748,"date":"2014-10-30T17:23:30","date_gmt":"2014-10-30T16:23:30","guid":{"rendered":"https:\/\/fujifilmxmount.com\/comparison\/about-fujinon-x-mount-lenses-2\/"},"modified":"2016-02-09T13:28:01","modified_gmt":"2016-02-09T12:28:01","slug":"about-fujinon-x-mount-lenses","status":"publish","type":"page","link":"https:\/\/fujifilmxmount.com\/comparison\/pl\/about-fujinon-x-mount-lenses\/","title":{"rendered":"O obiektywach Fujinon X"},"content":{"rendered":"<p><iframe loading=\"lazy\" class=\"xmount_movie\" src=\"\/\/www.youtube.com\/embed\/oY1PbQsh1zM\" width=\"470\" height=\"264\" frameborder=\"0\" allowfullscreen=\"allowfullscreen\"><\/iframe><\/p>\n<p>Rodzina obiektyw\u00f3w z mocowaniem Fujifilm X pozwala na uzyskanie najwy\u017cszej jako\u015bci obrazu w mo\u017cliwie najszerszym zakresie r\u00f3\u017cnorodno\u015bci warunk\u00f3w fotograficznych. Tworzone wsp\u00f3lnie z aparatami z serii X, obiektywy Fujifilm XF i XC oferuj\u0105 perfekcyjne po\u0142\u0105czenie wysokiej jako\u015bci i wygody obs\u0142ugi.<\/p>\n<p>&nbsp;<\/p>\n<p>Obecnie rodzina Fujinon sk\u0142ada si\u0119 z 19 obiektyw\u00f3w, od dedykowanych dla okre\u015blonego zastosowania sta\u0142ogoniskowych, do wszechstronnych i mobilnych zoom\u00f3w. Kolejne modele obiektyw\u00f3w maj\u0105 si\u0119 pojawi\u0107 w nadchodz\u0105cym roku, by jeszcze bardziej poszerzy\u0107 mo\u017cliwo\u015bci fotografowania. Wszystkie obiektywy z serii X oferuj\u0105 wysok\u0105 rozdzielczo\u015b\u0107 i ostro\u015b\u0107 od centrum do kraw\u0119dzi kadru, a ich niskie warto\u015bci przys\u0142ony umo\u017cliwiaj\u0105 robienie wyrazistych zdj\u0119\u0107 przy zachowaniu kompaktowych rozmiar\u00f3w.<\/p>\n","protected":false},"excerpt":{"rendered":"<p>Rodzina obiektyw\u00f3w z mocowaniem Fujifilm X pozwala na uzyskanie najwy\u017cszej jako\u015bci obrazu w mo\u017cliwie najszerszym zakresie r\u00f3\u017cnorodno\u015bci warunk\u00f3w fotograficznych. Tworzone wsp\u00f3lnie z aparatami z serii X, obiektywy Fujifilm XF i XC oferuj\u0105 perfekcyjne po\u0142\u0105czenie wysokiej jako\u015bci i wygody obs\u0142ugi. &nbsp; Obecnie rodzina Fujinon sk\u0142ada si\u0119 z 19 obiektyw\u00f3w, od dedykowanych dla okre\u015blonego zastosowania sta\u0142ogoniskowych, do [&hellip;]<\/p>\n","protected":false},"author":1,"featured_media":0,"parent":0,"menu_order":0,"comment_status":"open","ping_status":"open","template":"tmpl-lenses.php","meta":[],"acf":[],"_links":{"self":[{"href":"https:\/\/fujifilmxmount.com\/comparison\/pl\/wp-json\/wp\/v2\/pages\/748"}],"collection":[{"href":"https:\/\/fujifilmxmount.com\/comparison\/pl\/wp-json\/wp\/v2\/pages"}],"about":[{"href":"https:\/\/fujifilmxmount.com\/comparison\/pl\/wp-json\/wp\/v2\/types\/page"}],"author":[{"embeddable":true,"href":"https:\/\/fujifilmxmount.com\/comparison\/pl\/wp-json\/wp\/v2\/users\/1"}],"replies":[{"embeddable":true,"href":"https:\/\/fujifilmxmount.com\/comparison\/pl\/wp-json\/wp\/v2\/comments?post=748"}],"version-history":[{"count":0,"href":"https:\/\/fujifilmxmount.com\/comparison\/pl\/wp-json\/wp\/v2\/pages\/748\/revisions"}],"wp:attachment":[{"href":"https:\/\/fujifilmxmount.com\/comparison\/pl\/wp-json\/wp\/v2\/media?parent=748"}],"curies":[{"name":"wp","href":"https:\/\/api.w.org\/{rel}","templated":true}]}}