{"id":1156,"date":"2014-10-30T17:23:30","date_gmt":"2014-10-30T16:23:30","guid":{"rendered":"https:\/\/fujifilmxmount.com\/comparison\/about-fujinon-x-mount-lenses-2\/"},"modified":"2016-02-09T13:28:37","modified_gmt":"2016-02-09T12:28:37","slug":"about-fujinon-x-mount-lenses","status":"publish","type":"page","link":"https:\/\/fujifilmxmount.com\/comparison\/pt-pt\/about-fujinon-x-mount-lenses\/","title":{"rendered":"Sobre as nossas objectivas"},"content":{"rendered":"<p><iframe loading=\"lazy\" class=\"xmount_movie\" src=\"\/\/www.youtube.com\/embed\/oY1PbQsh1zM\" width=\"470\" height=\"264\" frameborder=\"0\" allowfullscreen=\"allowfullscreen\"><\/iframe><\/p>\n<p>A gama X Mount da Fujifilm oferece a maior qualidade de imagem nas mais variadas cenas. Desenvolvidas em alinhamento com as c\u00e2maras da S\u00e9rie X, o desenvolvimento paralelo do sensor e das lentes permite que os modelos Fujifilm XF e XC ofere\u00e7am a combina\u00e7\u00e3o perfeita entre qualidade e manuseamento.<\/p>\n<p>&nbsp;<\/p>\n<p>A gama actual consiste em 19 objectivas; de vers\u00f5es de focal fixa para temas espec\u00edficos a zooms vers\u00e1teis e m\u00f3veis. Durante este ano, prevemos a entrada de novas objectivas com uma maior variedade de op\u00e7\u00f5es fotogr\u00e1ficas. Todas as objectivas da s\u00e9rie X oferecem uma elevada resolu\u00e7\u00e3o e nitidez. As aberturas amplas oferecem-lhe fotografias expressivas, mantendo o tamanho compacto.<\/p>\n","protected":false},"excerpt":{"rendered":"<p>A gama X Mount da Fujifilm oferece a maior qualidade de imagem nas mais variadas cenas. Desenvolvidas em alinhamento com as c\u00e2maras da S\u00e9rie X, o desenvolvimento paralelo do sensor e das lentes permite que os modelos Fujifilm XF e XC ofere\u00e7am a combina\u00e7\u00e3o perfeita entre qualidade e manuseamento. &nbsp; A gama actual consiste em [&hellip;]<\/p>\n","protected":false},"author":1,"featured_media":0,"parent":0,"menu_order":0,"comment_status":"open","ping_status":"open","template":"tmpl-lenses.php","meta":[],"acf":[],"_links":{"self":[{"href":"https:\/\/fujifilmxmount.com\/comparison\/pt-pt\/wp-json\/wp\/v2\/pages\/1156"}],"collection":[{"href":"https:\/\/fujifilmxmount.com\/comparison\/pt-pt\/wp-json\/wp\/v2\/pages"}],"about":[{"href":"https:\/\/fujifilmxmount.com\/comparison\/pt-pt\/wp-json\/wp\/v2\/types\/page"}],"author":[{"embeddable":true,"href":"https:\/\/fujifilmxmount.com\/comparison\/pt-pt\/wp-json\/wp\/v2\/users\/1"}],"replies":[{"embeddable":true,"href":"https:\/\/fujifilmxmount.com\/comparison\/pt-pt\/wp-json\/wp\/v2\/comments?post=1156"}],"version-history":[{"count":0,"href":"https:\/\/fujifilmxmount.com\/comparison\/pt-pt\/wp-json\/wp\/v2\/pages\/1156\/revisions"}],"wp:attachment":[{"href":"https:\/\/fujifilmxmount.com\/comparison\/pt-pt\/wp-json\/wp\/v2\/media?parent=1156"}],"curies":[{"name":"wp","href":"https:\/\/api.w.org\/{rel}","templated":true}]}}