{"id":1164,"date":"2014-10-30T17:23:19","date_gmt":"2014-10-30T16:23:19","guid":{"rendered":"https:\/\/fujifilmxmount.com\/comparison\/how-we-did-the-test-2\/"},"modified":"2016-02-15T17:37:11","modified_gmt":"2016-02-15T16:37:11","slug":"how-we-did-the-test","status":"publish","type":"page","link":"https:\/\/fujifilmxmount.com\/comparison\/pt-pt\/how-we-did-the-test\/","title":{"rendered":"Como realizamos o teste"},"content":{"rendered":"<div class=\"xmount_movie\"><img decoding=\"async\" loading=\"lazy\" class=\"alignnone size-full wp-image-1729\" src=\"https:\/\/fujifilmxmount.com\/comparison\/wp\/wp-content\/uploads\/2016\/02\/hurvigjorde.png\" alt=\"hurvigjorde\" width=\"700\" height=\"525\" \/><\/div>\n<p>Todas as fotografias no teste foram captadas com a FUJIFILM X-T1 e todas as objectivas X mount dispon\u00edveis na altura da sess\u00e3o fotogr\u00e1fica (Novembro 2015). As objectivas foram utilizadas em F stops e uma abertura m\u00e1xima em cada dist\u00e2ncia focal. Nas objectivas zoom, utilizamos 3-4 dist\u00e2ncias focais distintas.<\/p>\n<p>&nbsp;<\/p>\n<p>A c\u00e2mara foi configurada da seguinte forma:<\/p>\n<p>&nbsp;<\/p>\n<p>JPEG (Fine) Provia\/Velvia\/Classic Chrome (Film Simulation Bracketing)<\/p>\n<p>Equilibrio de Brancos: Manual<\/p>\n<p>Medi\u00e7\u00e3o: Multi<\/p>\n<p>ISO: 200<\/p>\n<p>Velocidade de obtura\u00e7\u00e3o: Auto<\/p>\n<p>Focagem: AF-S \/ MF<\/p>\n<p>Redu\u00e7\u00e3o de ru\u00eddo para exposi\u00e7\u00f5es longas: On<\/p>\n<p>Lens Modualtion Optimizer: On<\/p>\n<p>&nbsp;<\/p>\n<p>As fotografias foram captadas com trip\u00e9 com estabiliza\u00e7\u00e3o de imagem \u00f3ptica (quando dispon\u00edvel) desactivadas. As fotos s\u00e3o ficheiros JPEG sem edi\u00e7\u00e3o directos da c\u00e2mara, reduzidos no tamanho para: 2500&#215;1667.<\/p>\n","protected":false},"excerpt":{"rendered":"<p>Todas as fotografias no teste foram captadas com a FUJIFILM X-T1 e todas as objectivas X mount dispon\u00edveis na altura da sess\u00e3o fotogr\u00e1fica (Novembro 2015). As objectivas foram utilizadas em F stops e uma abertura m\u00e1xima em cada dist\u00e2ncia focal. Nas objectivas zoom, utilizamos 3-4 dist\u00e2ncias focais distintas. &nbsp; A c\u00e2mara foi configurada da seguinte [&hellip;]<\/p>\n","protected":false},"author":1,"featured_media":328,"parent":0,"menu_order":0,"comment_status":"open","ping_status":"open","template":"","meta":[],"acf":[],"_links":{"self":[{"href":"https:\/\/fujifilmxmount.com\/comparison\/pt-pt\/wp-json\/wp\/v2\/pages\/1164"}],"collection":[{"href":"https:\/\/fujifilmxmount.com\/comparison\/pt-pt\/wp-json\/wp\/v2\/pages"}],"about":[{"href":"https:\/\/fujifilmxmount.com\/comparison\/pt-pt\/wp-json\/wp\/v2\/types\/page"}],"author":[{"embeddable":true,"href":"https:\/\/fujifilmxmount.com\/comparison\/pt-pt\/wp-json\/wp\/v2\/users\/1"}],"replies":[{"embeddable":true,"href":"https:\/\/fujifilmxmount.com\/comparison\/pt-pt\/wp-json\/wp\/v2\/comments?post=1164"}],"version-history":[{"count":0,"href":"https:\/\/fujifilmxmount.com\/comparison\/pt-pt\/wp-json\/wp\/v2\/pages\/1164\/revisions"}],"wp:featuredmedia":[{"embeddable":true,"href":"https:\/\/fujifilmxmount.com\/comparison\/pt-pt\/wp-json\/wp\/v2\/media\/328"}],"wp:attachment":[{"href":"https:\/\/fujifilmxmount.com\/comparison\/pt-pt\/wp-json\/wp\/v2\/media?parent=1164"}],"curies":[{"name":"wp","href":"https:\/\/api.w.org\/{rel}","templated":true}]}}