{"id":1168,"date":"2014-10-30T17:24:10","date_gmt":"2014-10-30T16:24:10","guid":{"rendered":"https:\/\/fujifilmxmount.com\/comparison\/test-our-lenses-2\/"},"modified":"2016-02-11T15:57:20","modified_gmt":"2016-02-11T14:57:20","slug":"test-our-lenses","status":"publish","type":"page","link":"https:\/\/fujifilmxmount.com\/comparison\/pt-pt\/test-our-lenses\/","title":{"rendered":"Teste as nossas objectivas"},"content":{"rendered":"<p>Teste a nossa gama de objectivas e verifique como objectivas diferentes, com diferentes valores de abertura, afectam a imagem.<\/p>\n<p>&nbsp;<\/p>\n<p>1. Escolha uma objectiva<br \/>\n2. Seleccione o valor de abertura (e o zoom quando dispon\u00edvel)<br \/>\n3. Clique no bot\u00e3o &#8220;Tirar Foto&#8221;<\/p>\n<p>&nbsp;<\/p>\n<p>Para visualizar e comparar as imagens, clique no bot\u00e3o &#8220;Visualizar Lightbox&#8221;.<\/p>\n","protected":false},"excerpt":{"rendered":"<p>Teste a nossa gama de objectivas e verifique como objectivas diferentes, com diferentes valores de abertura, afectam a imagem. &nbsp; 1. Escolha uma objectiva 2. Seleccione o valor de abertura (e o zoom quando dispon\u00edvel) 3. Clique no bot\u00e3o &#8220;Tirar Foto&#8221; &nbsp; Para visualizar e comparar as imagens, clique no bot\u00e3o &#8220;Visualizar Lightbox&#8221;.<\/p>\n","protected":false},"author":1,"featured_media":0,"parent":0,"menu_order":0,"comment_status":"open","ping_status":"open","template":"tmpl-choose-lens.php","meta":[],"acf":[],"_links":{"self":[{"href":"https:\/\/fujifilmxmount.com\/comparison\/pt-pt\/wp-json\/wp\/v2\/pages\/1168"}],"collection":[{"href":"https:\/\/fujifilmxmount.com\/comparison\/pt-pt\/wp-json\/wp\/v2\/pages"}],"about":[{"href":"https:\/\/fujifilmxmount.com\/comparison\/pt-pt\/wp-json\/wp\/v2\/types\/page"}],"author":[{"embeddable":true,"href":"https:\/\/fujifilmxmount.com\/comparison\/pt-pt\/wp-json\/wp\/v2\/users\/1"}],"replies":[{"embeddable":true,"href":"https:\/\/fujifilmxmount.com\/comparison\/pt-pt\/wp-json\/wp\/v2\/comments?post=1168"}],"version-history":[{"count":0,"href":"https:\/\/fujifilmxmount.com\/comparison\/pt-pt\/wp-json\/wp\/v2\/pages\/1168\/revisions"}],"wp:attachment":[{"href":"https:\/\/fujifilmxmount.com\/comparison\/pt-pt\/wp-json\/wp\/v2\/media?parent=1168"}],"curies":[{"name":"wp","href":"https:\/\/api.w.org\/{rel}","templated":true}]}}