{"id":1771,"date":"2018-05-24T10:29:35","date_gmt":"2018-05-24T08:29:35","guid":{"rendered":"https:\/\/fujifilmxmount.com\/comparison\/privacy-policy\/"},"modified":"2021-08-31T10:42:03","modified_gmt":"2021-08-31T08:42:03","slug":"privacy-policy-2021","status":"publish","type":"page","link":"https:\/\/fujifilmxmount.com\/comparison\/pt-pt\/privacy-policy-2021\/","title":{"rendered":"Privacy policy &#8211; 2021"},"content":{"rendered":"\r\n<h1>Pol\u00edtica de Privacidade<\/h1>\r\n<h2>1.\u00a0\u00a0 \u00c2mbito da presente Pol\u00edtica de Privacidade<\/h2>\r\n<h3>1.1.\u00a0\u00a0\u00a0\u00a0 \u00c2mbito de aplica\u00e7\u00e3o<\/h3>\r\n<p>Esta Pol\u00edtica de Privacidade descreve o nosso compromisso com a protec\u00e7\u00e3o da privacidade de dados e como tratamos os Dados Pessoais que recebemos dos visitantes deste website (&#8220;Website(s)&#8221;) e utilizadores de aplica\u00e7\u00f5es de software (&#8220;App(s)&#8221;) que (i) s\u00e3o geridos e operados pela FUJIFILM Europe ou uma das suas filiais, conforme indicado na Sec\u00e7\u00e3o &#8220;Respons\u00e1vel pelo Tratamento de Dados&#8221; (&#8220;FUJIFILM&#8221; ou &#8220;n\u00f3s&#8221;) e (ii) t\u00eam um link para esta Pol\u00edtica de Privacidade.<\/p>\r\n<p>Esta Pol\u00edtica de Privacidade pode tamb\u00e9m aplicar-se quando referida num contexto offline, por exemplo, para workshops e outros eventos e actividades de marketing.<\/p>\r\n<p>No caso de estipula\u00e7\u00f5es que diferem desta Pol\u00edtica de Privacidade serem claramente indicadas, prevalecer\u00e3o as estipula\u00e7\u00f5es diferentes relevantes.<\/p>\r\n<h3>1.2.\u00a0\u00a0\u00a0\u00a0 Respons\u00e1vel pelo Tratamento e Encarregado da Protec\u00e7\u00e3o de Dados<\/h3>\r\n<p>O Respons\u00e1vel pelo Tratamento de Dados em rela\u00e7\u00e3o a quaisquer informa\u00e7\u00f5es pessoais que sejam recolhidos no \u00e2mbito desta Pol\u00edtica de Privacidade \u00e9 FUJIFILM Nordic AB, Hantverkargatan 25, SE-112 21 Stockholm, Su\u00e9cia. Para mais informa\u00e7\u00f5es, consulte o \u201cimprint\u201d do Website.<\/p>\r\n<p>O nosso Respons\u00e1vel pela Protec\u00e7\u00e3o de Dados \/ Equipa de Protec\u00e7\u00e3o de Dados pode ser contactado por correio ou via e-mail para privacyoffice_eu@fujifilm.com.<\/p>\r\n<h3>1.3.\u00a0\u00a0\u00a0\u00a0 Links externos<\/h3>\r\n<p>Esta Pol\u00edtica de Privacidade n\u00e3o se aplica aos websites que tenham publicado a sua pr\u00f3pria declara\u00e7\u00e3o de privacidade e aos websites de terceiros, mesmo que os links para os seus websites estejam no(s) nosso(s) Website(s) e App(s). Por favor, esteja ciente de que n\u00e3o somos respons\u00e1veis pelas pr\u00e1ticas de privacidade de tais outros s\u00edtios. Encorajamos os nossos utilizadores a estarem cientes quando abandonarem um dos nossos s\u00edtios Web e a lerem as declara\u00e7\u00f5es de privacidade de todos e cada um dos s\u00edtios Web que recolhem informa\u00e7\u00f5es pessoais.<\/p>\r\n<h2>2.\u00a0\u00a0 Gest\u00e3o de Dados Pessoais<\/h2>\r\n<h3>2.1.\u00a0\u00a0\u00a0\u00a0 Recolha de Dados Pessoais<\/h3>\r\n<p>Em princ\u00edpio, pode visualizar o(s) s\u00edtio(s) web sem revelar Dados Pessoais. O(s) Website(s) e App(s) podem recolher certas informa\u00e7\u00f5es t\u00e9cnicas, por exemplo, que conte\u00fado viu no(s) Website(s), ou que Website referiu para aceder ao(s) Website(s). No processo de recolha de tais informa\u00e7\u00f5es, cujo objectivo \u00e9 melhorar a usabilidade do(s) Website(s) ou App(s), as informa\u00e7\u00f5es n\u00e3o ser\u00e3o recolhidas de forma a que o utilizador possa ser identificado, nem ser\u00e1 identificado durante o processo de an\u00e1lise das informa\u00e7\u00f5es.<\/p>\r\n<p>Poder\u00e1 ser-lhe solicitado ou solicitado que forne\u00e7a informa\u00e7\u00f5es pessoalmente identific\u00e1veis (&#8220;Dados Pessoais&#8221;) para aceder a certas \u00e1reas do Website. Al\u00e9m disso, podemos solicitar determinados Dados Pessoais quando encomendar um produto, solicitar servi\u00e7os, participar em actividades promocionais ou estudos de pesquisa ou corresponder-se connosco. Os Dados Pessoais que recolhemos podem incluir nome, endere\u00e7o postal, n\u00famero de telefone, endere\u00e7o electr\u00f3nico, detalhes de pagamento e outros detalhes que nos forne\u00e7a, por exemplo, num formul\u00e1rio de contacto, registo para uma conta ou subscri\u00e7\u00e3o de newsletter ou outra comunica\u00e7\u00e3o de marketing.<\/p>\r\n<p>Processamos os seus Dados Pessoais com base no seu consentimento, para a execu\u00e7\u00e3o de um contrato ou conforme necess\u00e1rio para os nossos leg\u00edtimos interesses, incluindo para responder \u00e0s suas perguntas e para personalizar e melhorar as nossas ofertas, produtos e servi\u00e7os na Internet de acordo com as suas prefer\u00eancias (Art. 6 (1) (a), (b) e (f) RGPD).<\/p>\r\n<h3>2.2.\u00a0\u00a0\u00a0\u00a0 Finalidade da utiliza\u00e7\u00e3o de Dados Pessoais<\/h3>\r\n<p>A finalidade da utiliza\u00e7\u00e3o dos seus Dados Pessoais deve ser claramente indicada na presente Pol\u00edtica de Privacidade ou de outra forma quando da recolha das informa\u00e7\u00f5es, excepto nos casos em que a finalidade da utiliza\u00e7\u00e3o seja \u00f3bvia para si. A utiliza\u00e7\u00e3o dos Dados Pessoais fornecidas pelo utilizador ser\u00e1 limitada \u00e0 finalidade de utiliza\u00e7\u00e3o que lhe for previamente indicada. Contudo, reservamo-nos o direito de proceder a um processamento adicional na medida em que tal seja permitido ou exigido pelas leis e regulamentos pertinentes.<\/p>\r\n<p>Al\u00e9m disso, podemos ser obrigados a utilizar e conservar informa\u00e7\u00f5es pessoais por raz\u00f5es legais e de conformidade, tais como a preven\u00e7\u00e3o, detec\u00e7\u00e3o ou investiga\u00e7\u00e3o de um crime; preven\u00e7\u00e3o de perdas; ou para combater a fraude. Poderemos tamb\u00e9m utilizar informa\u00e7\u00f5es pessoais para cumprir os nossos requisitos de auditoria interna e externa, para fins de seguran\u00e7a da informa\u00e7\u00e3o, e como acreditamos ser necess\u00e1rio ou apropriado: (a) sob a legisla\u00e7\u00e3o aplic\u00e1vel, que pode incluir leis fora do seu pa\u00eds de resid\u00eancia; (b) para responder a pedidos dos tribunais, ag\u00eancias de aplica\u00e7\u00e3o da lei, ag\u00eancias reguladoras, e outras autoridades p\u00fablicas e governamentais, que podem incluir tais autoridades fora do seu pa\u00eds de resid\u00eancia; (c) para aplicar termos e condi\u00e7\u00f5es; e (d) para proteger os nossos direitos, privacidade, seguran\u00e7a, ou propriedade, ou os de outras pessoas.<\/p>\r\n<p>Os exemplos seguintes ilustram cen\u00e1rios poss\u00edveis em que recolhemos e utilizamos os seus Dados Pessoais:<\/p>\r\n<h4>2.2.1.\u00a0\u00a0\u00a0\u00a0\u00a0\u00a0\u00a0 Conta de utilizador<\/h4>\r\n<p>Quando se regista para uma conta de cliente, normalmente recolhemos nome, endere\u00e7o de e-mail e palavra-passe. Al\u00e9m disso, pode fornecer o seu endere\u00e7o, incluindo endere\u00e7o de factura\u00e7\u00e3o e de entrega na sua conta de cliente. Ao fazer uma encomenda, recolhemos dados sobre os bens que seleccionou, informa\u00e7\u00f5es sobre pre\u00e7os correspondentes, quaisquer vouchers que possa utilizar, o seu endere\u00e7o de factura\u00e7\u00e3o e entrega, e o m\u00e9todo de pagamento e envio seleccionado. Em rela\u00e7\u00e3o ao cumprimento das encomendas, recolhemos em particular informa\u00e7\u00f5es relativas ao pagamento, entrega e devolu\u00e7\u00f5es.<\/p>\r\n<p>Podemos utilizar os seus Dados Pessoais para manter a sua conta de utilizador, para verificar se \u00e9 um utilizador leg\u00edtimo, para lhe fornecer as informa\u00e7\u00f5es solicitadas sobre os produtos e servi\u00e7os FUJIFILM, incluindo quaisquer newsletter que possa subscrever e para responder a apoio e outros pedidos de informa\u00e7\u00e3o que possa ter. Em rela\u00e7\u00e3o \u00e0 sua conta de utilizador, poderemos analisar a sua utiliza\u00e7\u00e3o do nosso website e da nossa newsletter para melhor compreender as suas prefer\u00eancias e para melhorar os nossos servi\u00e7os web. Armazenamos essas informa\u00e7\u00f5es em liga\u00e7\u00e3o com a sua conta de utilizador. Se tiver dado o seu consentimento de marketing, poderemos tamb\u00e9m contact\u00e1-lo sob os seus dados de contacto comercial para fins de marketing em rela\u00e7\u00e3o aos nossos produtos e servi\u00e7os que possam ser do seu interesse.<\/p>\r\n<p>Se criou uma conta de utilizador, armazenamos os seus dados enquanto mantiver a sua conta de utilizador. Em caso de elimina\u00e7\u00e3o da sua conta de utilizador, armazenamos os dados relevantes apenas na medida do permitido ou exigido por lei.<\/p>\r\n<p>Atrav\u00e9s da sua conta de utilizador, pode administrar e actualizar os seus dados de contacto e as suas prefer\u00eancias. Por favor, trate os seus dados de acesso como confidenciais e n\u00e3o partilhe a sua palavra-passe com terceiros. Se tiver conhecimento, ou se suspeitar que um terceiro obteve acesso n\u00e3o autorizado aos seus dados de acesso ou utiliza a sua conta, por favor altere a sua palavra-passe sem atrasos indevidos.<\/p>\r\n<h4>2.2.2.\u00a0\u00a0\u00a0\u00a0\u00a0\u00a0\u00a0 Servi\u00e7os Personalizados<\/h4>\r\n<p>Em rela\u00e7\u00e3o aos servi\u00e7os personalizados, podemos processar e utilizar as suas informa\u00e7\u00f5es para fins publicit\u00e1rios e de pesquisa de mercado ou para a presta\u00e7\u00e3o de servi\u00e7os personalizados, se nos tiver dado o seu consentimento. Se der o seu consentimento, as informa\u00e7\u00f5es acedidas pelo utilizador durante a visita ao(s) Website(s) e Apps(s) poder\u00e3o ser armazenadas num perfil de utilizador, de modo a poder oferecer-lhe informa\u00e7\u00f5es especificamente personalizadas para si (por exemplo, sob a forma de uma newsletter). O utilizador pode retirar o seu consentimento em qualquer altura, com efeitos para o futuro.<\/p>\r\n<p>Se utilizar servi\u00e7os personalizados, utilizaremos os seus Dados Pessoais necess\u00e1rios para a presta\u00e7\u00e3o dos servi\u00e7os durante a dura\u00e7\u00e3o do seu registo e, posteriormente, durante o tempo exigido ou permitido pela legisla\u00e7\u00e3o aplic\u00e1vel. Poderemos partilhar as suas informa\u00e7\u00f5es com empresas afiliadas da FUJIFILM se tal for necess\u00e1rio para responder \u00e0s suas perguntas ou se for necess\u00e1rio para a presta\u00e7\u00e3o dos servi\u00e7os. Podemos encaminhar pedidos de informa\u00e7\u00e3o relativos aos nossos produtos e servi\u00e7os tamb\u00e9m a um distribuidor respons\u00e1vel pelo produto ou categoria de servi\u00e7o relevante e pela regi\u00e3o.<\/p>\r\n<h4>2.2.3.\u00a0\u00a0\u00a0\u00a0\u00a0\u00a0\u00a0 Blog \/ F\u00f3runs<\/h4>\r\n<p>Alguns dos nossos s\u00edtios Web oferecem blogs ou f\u00f3runs comunit\u00e1rios acess\u00edveis ao p\u00fablico. Deve estar ciente de que qualquer informa\u00e7\u00e3o fornecida nestas \u00e1reas pode ser lida, recolhida e utilizada por outras pessoas que a elas acedam. Para solicitar a remo\u00e7\u00e3o dos seus Dados Pessoais do nosso blog ou f\u00f3rum comunit\u00e1rio, contacte-nos com os dados de contacto fornecidos na sec\u00e7\u00e3o &#8220;Contacte-nos&#8221;. Em alguns casos, poderemos n\u00e3o ser capazes de remover os seus Dados Pessoais, caso em que lhe informaremos se n\u00e3o formos capazes de o fazer e porqu\u00ea.<\/p>\r\n<h4>2.2.4.\u00a0\u00a0\u00a0\u00a0\u00a0\u00a0\u00a0 Email newsletters<\/h4>\r\n<p>Se subscrever a(s) nossa(s) newsletter, utilizaremos os Dados Pessoais necess\u00e1rios ou fornecidos separadamente por si para lhe enviar a(s) nossa(s) newsletter por correio electr\u00f3nico, conforme acordado. As mensagens de correio electr\u00f3nico para newsletter podem conter web beacons, pix\u00e9is de rastreio ou liga\u00e7\u00f5es que nos permitam analisar a sua utiliza\u00e7\u00e3o da newsletter, incluindo informa\u00e7\u00f5es sobre se recebeu e abriu a nossa newsletter. Pode retirar o seu consentimento e anular a subscri\u00e7\u00e3o da newsletter em qualquer altura, quer enviando-nos uma mensagem ou atrav\u00e9s de um link dedicado para anular a subscri\u00e7\u00e3o da newsletter.<\/p>\r\n<h4>2.2.5.\u00a0\u00a0\u00a0\u00a0\u00a0\u00a0\u00a0 Publicidade por e-mail sem assinatura<\/h4>\r\n<p>Se recebermos o seu endere\u00e7o de correio electr\u00f3nico relacionado com a venda de bens ou servi\u00e7os e n\u00e3o se tiver oposto a isso, temos o direito de lhe oferecer regularmente bens e servi\u00e7os semelhantes, tais como aquele que adquiriu utilizando o seu correio electr\u00f3nico. Poder\u00e1 retirar o seu consentimento para tal utiliza\u00e7\u00e3o do seu endere\u00e7o de e-mail em qualquer altura no futuro, enviando-nos uma mensagem ou atrav\u00e9s da liga\u00e7\u00e3o de cancelamento de subscri\u00e7\u00e3o fornecida nas nossas mensagens de e-mail.<\/p>\r\n<h4>2.2.6.\u00a0\u00a0\u00a0\u00a0\u00a0\u00a0\u00a0 Publicidade postal<\/h4>\r\n<p>Podemos ter direito, pela legisla\u00e7\u00e3o aplic\u00e1vel, a armazenar o seu nome e apelido, endere\u00e7o postal e, se aplic\u00e1vel, o seu t\u00edtulo e grau acad\u00e9mico e utiliz\u00e1-lo para os nossos pr\u00f3prios fins publicit\u00e1rios, em particular para o envio de ofertas e informa\u00e7\u00f5es sobre os nossos bens e servi\u00e7os pelos servi\u00e7os postais. Pode opor-se a esta utiliza\u00e7\u00e3o das suas informa\u00e7\u00f5es em qualquer altura para o futuro, enviando-nos uma mensagem.<\/p>\r\n<h3>2.3.\u00a0\u00a0\u00a0\u00a0 Partilha e Divulga\u00e7\u00e3o de Dados<\/h3>\r\n<p>N\u00e3o divulgaremos, forneceremos, partilharemos ou de outra forma distribuiremos os seus Dados Pessoais a terceiros, excepto conforme descrito na presente Pol\u00edtica de Privacidade. Partilhamos Dados Pessoais quando:<\/p>\r\n<ol>\r\n<li>a) o seu consentimento \u00e9 dado com anteced\u00eancia;<\/li>\r\n<li>b) \u00e9 necess\u00e1rio fornecer-lhe os nossos servi\u00e7os, incluindo, em particular, o envio de comunica\u00e7\u00f5es de marketing, a presta\u00e7\u00e3o de servi\u00e7o ao cliente, o apoio ao nosso marketing e distribui\u00e7\u00e3o de produtos, ou a opera\u00e7\u00e3o dos nossos sistemas ou aplica\u00e7\u00f5es. Estas empresas est\u00e3o autorizadas a utilizar os seus Dados Pessoais apenas na medida do necess\u00e1rio para fornecer estes servi\u00e7os.<\/li>\r\n<\/ol>\r\n<p>(c) os Dados Pessoais podem ser partilhados com o grupo FUJIFILM se necess\u00e1rio para prestar servi\u00e7os ou cumprir encomendas de produtos, para a administra\u00e7\u00e3o de contas, para facilitar as vendas e o marketing, para apoio ao cliente e t\u00e9cnico, e para promover o desenvolvimento de neg\u00f3cios e produtos. Clique aqui http:\/\/www.fujifilm.com\/about\/office\/ para ver uma lista das localidades do Grupo FUJIFILM com os quais podemos partilhar Dados Pessoais. Podemos tamb\u00e9m enviar pedidos de informa\u00e7\u00e3o relativos aos nossos produtos e servi\u00e7os a um terceiro distribuidor que seja respons\u00e1vel pelo produto ou categoria de servi\u00e7o relevante e pela regi\u00e3o;<\/p>\r\n<ol>\r\n<li>d) encomendar produtos ou utilizar outros servi\u00e7os que exijam uma taxa, o seu nome, morada, n\u00famero de cart\u00e3o de cr\u00e9dito e outras informa\u00e7\u00f5es s\u00e3o divulgadas a institui\u00e7\u00f5es financeiras ou outras partes para liquida\u00e7\u00e3o de pagamentos;<\/li>\r\n<li>e) os nossos neg\u00f3cios s\u00e3o cedidos ou transferidos quer por opera\u00e7\u00e3o legal quer por qualquer outra forma, incluindo fus\u00f5es, consolida\u00e7\u00f5es e dissolu\u00e7\u00e3o ou transfer\u00eancia de opera\u00e7\u00f5es;<\/li>\r\n<li>f) a divulga\u00e7\u00e3o dos seus Dados Pessoais seja exigida pelas leis e regulamentos aplic\u00e1veis ou essa divulga\u00e7\u00e3o seja necess\u00e1ria para apoiar qualquer investiga\u00e7\u00e3o criminal ou outra investiga\u00e7\u00e3o ou procedimento legal conduzido pelas autoridades competentes; ou<\/li>\r\n<li>g) existe uma necessidade imediata de divulga\u00e7\u00e3o para proteger a vida humana ou os direitos humanos.<\/li>\r\n<\/ol>\r\n<h3>2.4.\u00a0\u00a0\u00a0\u00a0 Transfer\u00eancias internacionais de dados<\/h3>\r\n<p>Podemos transferir os Dados Pessoais que recolhemos e armazenar tais informa\u00e7\u00f5es noutros pa\u00edses que possam ter leis de privacidade ou protec\u00e7\u00e3o de dados diferentes do pa\u00eds em que as informa\u00e7\u00f5es foram fornecidas.<\/p>\r\n<p>Isto significa que os seus Dados Pessoais tamb\u00e9m podem ser transferidos para e\/ou processados por entidades da FUJIFILM ou (em seu nome) por terceiros prestadores de servi\u00e7os fora da Uni\u00e3o Europeia (&#8220;UE&#8221;) ou do Espa\u00e7o Econ\u00f3mico Europeu (&#8220;EEE&#8221;). O regulamento de protec\u00e7\u00e3o de dados nos pa\u00edses relevantes onde os seus Dados Pessoais s\u00e3o recolhidos ou processados poder\u00e1 divergir do n\u00edvel de protec\u00e7\u00e3o concedido pela legisla\u00e7\u00e3o da UE\/EEE. No entanto, a FUJIFILM assegurar\u00e1 a protec\u00e7\u00e3o adequada dos seus Dados Pessoais de acordo com as leis aplic\u00e1veis e os princ\u00edpios aqui estabelecidos. Ao utilizar o(s) nosso(s) Website(s) e App(s), concorda com a recolha e transfer\u00eancia dos seus Dados Pessoais fora da UE\/EEE, tal como aqui descrito.<\/p>\r\n<h3>2.5.\u00a0\u00a0\u00a0\u00a0 Seguran\u00e7a de dados<\/h3>\r\n<p>A FUJIFILM toma as medidas de seguran\u00e7a t\u00e9cnicas e organizacionais adequadas a fim de proteger os seus Dados Pessoais de serem utilizados indevidamente e para evitar a perda das suas informa\u00e7\u00f5es. Os seus Dados Pessoais s\u00e3o guardados num ambiente operacional seguro que n\u00e3o \u00e9 acess\u00edvel ao p\u00fablico. Todos os Dados Pessoais fornecidos por si durante o registo ou utiliza\u00e7\u00e3o de servi\u00e7os personalizados ser\u00e3o transferidos de forma codificada, a fim de evitar a utiliza\u00e7\u00e3o indevida das informa\u00e7\u00f5es por terceiros.<\/p>\r\n<h2>3.\u00a0\u00a0 Utiliza\u00e7\u00e3o de Cookies, Tecnologia de Rastreio e Plug-ins de Social Media<\/h2>\r\n<h3>3.1.\u00a0\u00a0\u00a0\u00a0 Utiliza\u00e7\u00e3o de Cookies e Tecnologia de Rastreio<\/h3>\r\n<p>O(s) nosso(s) Website(s) e App(s) podem utilizar &#8220;Cookies&#8221; ou tecnologias semelhantes (programas de an\u00e1lise e servi\u00e7os de comunica\u00e7\u00e3o social). Os cookies s\u00e3o ficheiros de texto que s\u00e3o enviados por um Website(s) para o(s) browser do utilizador a fim de armazenar informa\u00e7\u00f5es nos dispositivos do utilizador. Sempre que se acede ao(s) s\u00edtio(s) web, a informa\u00e7\u00e3o contida no Cookie \u00e9 lida pelo(s) s\u00edtio(s) web.<\/p>\r\n<h4>3.1.1.\u00a0\u00a0\u00a0\u00a0\u00a0\u00a0\u00a0 O seu consentimento para a utiliza\u00e7\u00e3o de cookies<\/h4>\r\n<p>Fazemos a distin\u00e7\u00e3o entre os cookies estritamente necess\u00e1rios, que s\u00e3o necess\u00e1rios para o bom funcionamento do(s) nosso(s) Website(s), e outros cookies. Os cookies estritamente necess\u00e1rios n\u00e3o requerem o seu consentimento. Para outros cookies, solicitamos o seu consentimento antes de os colocar no seu dispositivo. S\u00f3 poder\u00e1 utilizar o nosso s\u00edtio web ap\u00f3s confirmar as suas defini\u00e7\u00f5es de cookies.<\/p>\r\n<p>Quando visita pela primeira vez o(s) nosso(s) Website(s), \u00e9 mostrada uma janela pop-up com o nosso Gestor de Consentimento de Cookies. Se clicar no bot\u00e3o &#8220;Cookie Settings&#8221; ser\u00e1 direccionado para o Centro de Prefer\u00eancias de Privacidade. O Centro de Prefer\u00eancias de Privacidade tamb\u00e9m exibe uma lista de cookies onde poder\u00e1 encontrar detalhes sobre os cookies e as finalidades para as quais s\u00e3o utilizados. No Centro de Prefer\u00eancias de Privacidade pode activar ou desactivar a utiliza\u00e7\u00e3o de cookies com o bot\u00e3o de comuta\u00e7\u00e3o. Note que se n\u00e3o aceitar cookies, poder\u00e1 n\u00e3o ser poss\u00edvel utilizar certas caracter\u00edsticas do nosso website como pretendido.<\/p>\r\n<h4>3.1.2.\u00a0\u00a0\u00a0\u00a0\u00a0\u00a0\u00a0 Alterar as suas prefer\u00eancias de cookies \/ retirar o seu consentimento<\/h4>\r\n<p>Pode alterar as suas prefer\u00eancias de cookies em qualquer altura nas Defini\u00e7\u00f5es de Cookie.<\/p>\r\n<!-- OneTrust Cookies Settings button start -->\r\n<button id=\"ot-sdk-btn\" class=\"ot-sdk-show-settings\">Cookie Settings<\/button>\r\n<!-- OneTrust Cookies Settings button end -->\r\n\r\n<p>Tamb\u00e9m pode desactivar a utiliza\u00e7\u00e3o de \/ eliminar cookies atrav\u00e9s das defini\u00e7\u00f5es do seu navegador em qualquer altura. Note que, neste caso, poder\u00e1 n\u00e3o ser poss\u00edvel fazer pleno uso de toda a gama de fun\u00e7\u00f5es oferecidas pelo(s) s\u00edtio(s) web.<\/p>\r\n<h4>3.1.3.\u00a0\u00a0\u00a0\u00a0\u00a0\u00a0\u00a0 Lista de Cookie<\/h4>\r\n<!-- OneTrust Cookies List start -->\r\n<div id=\"ot-sdk-cookie-policy\"><\/div>\r\n<!-- OneTrust Cookies List end -->\r\n\r\n<h3>3.2.\u00a0\u00a0\u00a0\u00a0 Plug-ins de redes sociais<\/h3>\r\n<p>O(s) nosso(s) Website(s) e App(s) podem oferecer plug-ins para redes sociais (&#8220;Redes&#8221;). Os plug-ins para redes sociais s\u00e3o formas f\u00e1ceis de partilhar conte\u00fados com outras pessoas atrav\u00e9s de Redes. Quando acede ao(s) Website(s), estes plug-ins podem potencialmente criar uma liga\u00e7\u00e3o directa entre o seu browser e as respectivas Redes. Se interagir com os plug-ins, por exemplo no caso do Twitter clicando em &#8220;Tweet This&#8221; ou com o Facebook clicando no bot\u00e3o &#8220;I like&#8221; ou fazendo um coment\u00e1rio, a informa\u00e7\u00e3o correspondente ser\u00e1 transmitida directamente do seu browser para a Rede. Em alguns casos, a informa\u00e7\u00e3o j\u00e1 \u00e9 trocada com uma Rede quando se visita o(s) s\u00edtio(s) web, independentemente de interagir ou n\u00e3o com os plug-ins.<\/p>\r\n<p>Pode impedir que a informa\u00e7\u00e3o seja partilhada com uma Rede, n\u00e3o permitindo os Cookies correspondentes e\/ou o log off da Rede antes de utilizar o(s) Website(s).<\/p>\r\n<h2>4.\u00a0\u00a0 Reten\u00e7\u00e3o de dados<\/h2>\r\n<p>Conservaremos os seus Dados Pessoais enquanto a sua conta estiver activa ou enquanto for necess\u00e1rio para lhe prestarmos servi\u00e7os. Conservaremos e utilizaremos os seus Dados Pessoais na medida do necess\u00e1rio para cumprir as nossas obriga\u00e7\u00f5es legais, resolver disputas, e fazer cumprir os nossos acordos.<\/p>\r\n<h2>5.\u00a0\u00a0 Os seus direitos relacionados com os seus Dados Pessoais no \u00e2mbito da RGPD<\/h2>\r\n<p>Tem o direito de nos solicitar acesso e rectifica\u00e7\u00e3o ou apagamento de informa\u00e7\u00f5es pessoais, de restringir o processamento das suas informa\u00e7\u00f5es pessoais, de se opor a esse tratamento e de exercer o seu direito \u00e0 portabilidade dos dados em conformidade com a RGPD e as leis aplic\u00e1veis.<\/p>\r\n<p>Tem o direito de apresentar uma queixa a uma autoridade de controlo competente em conformidade com a RGPD e as leis aplic\u00e1veis se considerar que o processamento de informa\u00e7\u00f5es pessoais que lhe dizem respeito infringe a RGPD. Para este efeito, pode contactar em particular a autoridade de controlo no Estado Membro da UE da sua resid\u00eancia habitual ou o local da alegada infrac\u00e7\u00e3o. Uma lista das autoridades nacionais de protec\u00e7\u00e3o de dados pode ser encontrada aqui https:\/\/edpb.europa.eu\/about-edpb\/about-edpb\/members_pt.<\/p>\r\n<h2>6.\u00a0\u00a0 Altera\u00e7\u00f5es \u00e0 Pol\u00edtica de Privacidade<\/h2>\r\n<p>A FUJIFILM reserva-se o direito de alterar, emendar, ou actualizar esta Pol\u00edtica de Privacidade. Se decidirmos alterar a nossa Pol\u00edtica de Privacidade, publicaremos a Pol\u00edtica de Privacidade revista e indicaremos a data de publica\u00e7\u00e3o. Nas visitas de retorno ao nosso s\u00edtio, lembre-se de rever a Pol\u00edtica de Privacidade para quaisquer altera\u00e7\u00f5es, uma vez que a utiliza\u00e7\u00e3o continuada do(s) s\u00edtio(s) web ou do(s) App(s) ap\u00f3s qualquer revis\u00e3o publicada indica o seu consentimento para a nossa utiliza\u00e7\u00e3o das suas informa\u00e7\u00f5es de acordo com a Pol\u00edtica de Privacidade alterada, emendada, ou actualizada.<\/p>\r\n<p>&nbsp;<\/p>\r\n<p>&nbsp;<\/p>\r\n","protected":false},"excerpt":{"rendered":"<p>Pol\u00edtica de Privacidade 1.\u00a0\u00a0 \u00c2mbito da presente Pol\u00edtica de Privacidade 1.1.\u00a0\u00a0\u00a0\u00a0 \u00c2mbito de aplica\u00e7\u00e3o Esta Pol\u00edtica de Privacidade descreve o nosso compromisso com a protec\u00e7\u00e3o da privacidade de dados e como tratamos os Dados Pessoais que recebemos dos visitantes deste website (&#8220;Website(s)&#8221;) e utilizadores de aplica\u00e7\u00f5es de software (&#8220;App(s)&#8221;) que (i) s\u00e3o geridos e operados [&hellip;]<\/p>\n","protected":false},"author":1,"featured_media":0,"parent":0,"menu_order":0,"comment_status":"closed","ping_status":"closed","template":"tmpl_privacy.php","meta":[],"acf":[],"_links":{"self":[{"href":"https:\/\/fujifilmxmount.com\/comparison\/pt-pt\/wp-json\/wp\/v2\/pages\/1771"}],"collection":[{"href":"https:\/\/fujifilmxmount.com\/comparison\/pt-pt\/wp-json\/wp\/v2\/pages"}],"about":[{"href":"https:\/\/fujifilmxmount.com\/comparison\/pt-pt\/wp-json\/wp\/v2\/types\/page"}],"author":[{"embeddable":true,"href":"https:\/\/fujifilmxmount.com\/comparison\/pt-pt\/wp-json\/wp\/v2\/users\/1"}],"replies":[{"embeddable":true,"href":"https:\/\/fujifilmxmount.com\/comparison\/pt-pt\/wp-json\/wp\/v2\/comments?post=1771"}],"version-history":[{"count":0,"href":"https:\/\/fujifilmxmount.com\/comparison\/pt-pt\/wp-json\/wp\/v2\/pages\/1771\/revisions"}],"wp:attachment":[{"href":"https:\/\/fujifilmxmount.com\/comparison\/pt-pt\/wp-json\/wp\/v2\/media?parent=1771"}],"curies":[{"name":"wp","href":"https:\/\/api.w.org\/{rel}","templated":true}]}}