{"id":2579,"date":"2021-08-25T15:37:42","date_gmt":"2021-08-25T13:37:42","guid":{"rendered":"https:\/\/fujifilmxmount.com\/comparison\/?page_id=2579"},"modified":"2021-08-25T15:37:42","modified_gmt":"2021-08-25T13:37:42","slug":"termos-e-condicoes-de-utilizacao","status":"publish","type":"page","link":"https:\/\/fujifilmxmount.com\/comparison\/pt-pt\/termos-e-condicoes-de-utilizacao\/","title":{"rendered":"Termos e Condi\u00e7\u00f5es de Utiliza\u00e7\u00e3o"},"content":{"rendered":"<p>Obrigado pela sua visita a este Website. Este Website, incluindo todas as p\u00e1ginas na l\u00edngua local espec\u00edfica do pa\u00eds e todas as outras p\u00e1ginas, \u00e9 propriedade da FUJIFILM Europe e \u00e9 mantido e disponibilizado ao p\u00fablico unicamente pela FUJIFILM com o objectivo de oferecer \u00e0queles que est\u00e3o interessados na FUJIFILM Corporation na Europa e nos produtos e servi\u00e7os da FUJIFILM uma forma conveniente de encontrar informa\u00e7\u00f5es relevantes, tais como as \u00faltimas not\u00edcias, informa\u00e7\u00f5es financeiras, linha de produtos, informa\u00e7\u00f5es de contacto local e websites pertencentes \u00e0s subsidi\u00e1rias da FUJIFILM ou aos seus distribuidores.<\/p>\n<p>O seu acesso, navega\u00e7\u00e3o e utiliza\u00e7\u00e3o deste Website \u00e9 regido pelos seguintes Termos e Condi\u00e7\u00f5es e por quaisquer outros termos, condi\u00e7\u00f5es ou directrizes estabelecidos em qualquer outra parte deste Website, bem como por todas as leis, regras e regulamentos aplic\u00e1veis, incluindo mas n\u00e3o se limitando a leis relativas a marcas registadas, direitos de autor, direitos de privacidade e difama\u00e7\u00e3o.<\/p>\n<p>Por conseguinte, a FUJIFILM pede-lhe gentilmente que leia atentamente os Termos e Condi\u00e7\u00f5es.<\/p>\n<h2>1.\u00a0\u00a0 Utiliza\u00e7\u00e3o deste Website<\/h2>\n<p>Estes Termos e Condi\u00e7\u00f5es aplicam-se a este Website e a quaisquer outros websites que se liguem aos Termos e Condi\u00e7\u00f5es. Poder\u00e1 encontrar termos e condi\u00e7\u00f5es adicionais relativos a p\u00e1ginas espec\u00edficas neste Website. A sua utiliza\u00e7\u00e3o de tais p\u00e1ginas dentro deste Website \u00e9 regida pelos termos e condi\u00e7\u00f5es de tais p\u00e1ginas. Se houver quaisquer conflitos entre os Termos e Condi\u00e7\u00f5es aqui fornecidos e os termos e condi\u00e7\u00f5es adicionais fornecidos em qualquer outra parte deste Website, os termos e condi\u00e7\u00f5es adicionais prevalecer\u00e3o.<\/p>\n<p>Sujeito a estes Termos e Condi\u00e7\u00f5es, a FUJIFILM concede-lhe, sob os direitos de propriedade intelectual da FUJIFILM, um direito n\u00e3o exclusivo, mundial e intransmiss\u00edvel de utilizar este Website e o Conte\u00fado nele inclu\u00eddo apenas para uso pessoal, n\u00e3o comercial, sujeito \u00e0s restri\u00e7\u00f5es e obriga\u00e7\u00f5es estabelecidas nos presentes Termos e Condi\u00e7\u00f5es. N\u00e3o s\u00e3o concedidos direitos mais abrangentes.<\/p>\n<h2>2.\u00a0\u00a0 Direitos de Propriedade Intelectual<\/h2>\n<p>Salvo afirma\u00e7\u00e3o ou indica\u00e7\u00e3o em contr\u00e1rio, todos os textos, programas de software dispon\u00edveis neste Website ou atrav\u00e9s dele, e outros conte\u00fados inclu\u00eddos neste Website (&#8220;Conte\u00fado&#8221;), incluindo marcas registadas e n\u00e3o registradas, gr\u00e1ficos, fotografias, imagens, log\u00f3tipos e marcas de servi\u00e7o (colectivamente, as &#8220;Marcas&#8221;) e a selec\u00e7\u00e3o, disposi\u00e7\u00e3o e aspecto (\u201clook and feel\u201d) das Marcas e outros Conte\u00fados s\u00e3o propriedade da FUJIFILM ou de terceiros que concederam \u00e0 FUJIFILM autoriza\u00e7\u00e3o para utilizar tal Conte\u00fado neste Website. Todo o Conte\u00fado \u00e9 protegido pelas leis internacionais de direitos autorais e marcas registadas.<\/p>\n<h2>3.\u00a0\u00a0 Restri\u00e7\u00f5es ao uso do conte\u00fado deste Website<\/h2>\n<p>Excepto conforme expressamente permitido pela lei aplic\u00e1vel ou conforme permitido aqui ou em qualquer outro lugar neste Website, ou obtendo autoriza\u00e7\u00e3o pr\u00e9via por escrito da FUJIFILM, ou de qualquer terceiro que tenha poderes, autoridade, t\u00edtulos ou interesses necess\u00e1rios para conceder tal permiss\u00e3o legal, est\u00e1 proibido de modificar, copiar, descarregar, distribuir, transmitir, exibir, publicar, vender, licenciar, criar obras derivadas ou utilizar quaisquer Marcas ou outros Conte\u00fados dispon\u00edveis neste Website ou atrav\u00e9s dele para fins comerciais ou p\u00fablicos, incluindo, mas n\u00e3o se limitando a, utilizar como meta tags noutras p\u00e1ginas ou websites na World Wide Web. Nada nestes Termos e Condi\u00e7\u00f5es lhe confere quaisquer direitos sobre as Marcas ou outros Conte\u00fados que n\u00e3o sejam especificamente mencionados aqui.<\/p>\n<h2>4.\u00a0\u00a0 Conte\u00fado de terceiros<\/h2>\n<p>Este Website pode conter links para websites e o conte\u00fado de terceiros (&#8220;Conte\u00fado de Terceiros&#8221;) como um servi\u00e7o para si. Qualquer Conte\u00fado de Terceiros ou websites de terceiros acess\u00edveis atrav\u00e9s das liga\u00e7\u00f5es contidas no Website s\u00e3o informa\u00e7\u00f5es externas. A FUJIFILM n\u00e3o monitoriza, rev\u00ea ou actualiza, e n\u00e3o tem qualquer controlo sobre, qualquer Conte\u00fado de Terceiros ou websites de terceiros. Salvo indica\u00e7\u00e3o expressa em contr\u00e1rio, a FUJIFILM n\u00e3o endossa nem adopta qualquer Conte\u00fado de Terceiros, e a FUJIFILM n\u00e3o faz qualquer representa\u00e7\u00e3o, aval ou garantia quanto \u00e0 exactid\u00e3o, integralidade, actualidade ou fiabilidade de qualquer Conte\u00fado de Terceiros. Se utilizar estas liga\u00e7\u00f5es e o Conte\u00fado de Terceiros, f\u00e1-lo inteiramente por sua conta e risco. Al\u00e9m disso, a refer\u00eancia a quaisquer produtos, servi\u00e7os, processos ou outras informa\u00e7\u00f5es por nome comercial, marca registada, fabricante, fornecedor ou outro n\u00e3o constitui nem implica qualquer endosso, patroc\u00ednio ou recomenda\u00e7\u00e3o por parte da FUJIFILM.<\/p>\n<h2>5.\u00a0\u00a0 Actualiza\u00e7\u00f5es e Revis\u00f5es<\/h2>\n<p>O Conte\u00fado deste Website \u00e9 fornecido pela FUJIFILM como uma conveni\u00eancia para si e est\u00e1 sujeito a altera\u00e7\u00f5es sem aviso pr\u00e9vio. A FUJIFILM pode, a qualquer momento e de tempos a tempos, rever e actualizar os Termos e Condi\u00e7\u00f5es e o Conte\u00fado. Recomendamos que visite periodicamente esta p\u00e1gina para rever e se familiarizar com todos os termos e condi\u00e7\u00f5es actuais e rever este Website em geral para se familiarizar com quaisquer actualiza\u00e7\u00f5es e revis\u00f5es.<\/p>\n<h2>6.\u00a0\u00a0 Sem Garantias<\/h2>\n<p>Este website, o seu conte\u00fado, e os seus servi\u00e7os s\u00e3o fornecidos &#8220;tal como est\u00e3o&#8221;, sem qualquer tipo de garantia, expressa ou impl\u00edcita. A FUJIFILM exime-se de todas as garantias, incluindo, mas n\u00e3o se limitando \u00e0s garantias impl\u00edcitas de comerciabilidade e adequa\u00e7\u00e3o a um determinado fim, conte\u00fado informativo, integra\u00e7\u00e3o do sistema ou precis\u00e3o.<\/p>\n<h2>7.\u00a0\u00a0 Contacto<\/h2>\n<p>Por favor, encontre os nossos dados de contacto sob o \u201cimprint\u201d do Website.<\/p>\n","protected":false},"excerpt":{"rendered":"<p>Obrigado pela sua visita a este Website. Este Website, incluindo todas as p\u00e1ginas na l\u00edngua local espec\u00edfica do pa\u00eds e todas as outras p\u00e1ginas, \u00e9 propriedade da FUJIFILM Europe e \u00e9 mantido e disponibilizado ao p\u00fablico unicamente pela FUJIFILM com o objectivo de oferecer \u00e0queles que est\u00e3o interessados na FUJIFILM Corporation na Europa e nos [&hellip;]<\/p>\n","protected":false},"author":1,"featured_media":0,"parent":0,"menu_order":0,"comment_status":"closed","ping_status":"closed","template":"tmpl_privacy.php","meta":[],"acf":[],"_links":{"self":[{"href":"https:\/\/fujifilmxmount.com\/comparison\/pt-pt\/wp-json\/wp\/v2\/pages\/2579"}],"collection":[{"href":"https:\/\/fujifilmxmount.com\/comparison\/pt-pt\/wp-json\/wp\/v2\/pages"}],"about":[{"href":"https:\/\/fujifilmxmount.com\/comparison\/pt-pt\/wp-json\/wp\/v2\/types\/page"}],"author":[{"embeddable":true,"href":"https:\/\/fujifilmxmount.com\/comparison\/pt-pt\/wp-json\/wp\/v2\/users\/1"}],"replies":[{"embeddable":true,"href":"https:\/\/fujifilmxmount.com\/comparison\/pt-pt\/wp-json\/wp\/v2\/comments?post=2579"}],"version-history":[{"count":0,"href":"https:\/\/fujifilmxmount.com\/comparison\/pt-pt\/wp-json\/wp\/v2\/pages\/2579\/revisions"}],"wp:attachment":[{"href":"https:\/\/fujifilmxmount.com\/comparison\/pt-pt\/wp-json\/wp\/v2\/media?parent=2579"}],"curies":[{"name":"wp","href":"https:\/\/api.w.org\/{rel}","templated":true}]}}