{"id":2606,"date":"2021-08-31T09:42:43","date_gmt":"2021-08-31T07:42:43","guid":{"rendered":"https:\/\/fujifilmxmount.com\/comparison\/?page_id=2606"},"modified":"2021-09-13T09:55:45","modified_gmt":"2021-09-13T07:55:45","slug":"impressao","status":"publish","type":"page","link":"https:\/\/fujifilmxmount.com\/comparison\/pt-pt\/impressao\/","title":{"rendered":"Impress\u00e3o"},"content":{"rendered":"<table>\n<tbody>\n<tr>\n<td width=\"288\">Nome da empresa<\/td>\n<td width=\"317\">FUJIFILM Nordic AB<\/td>\n<\/tr>\n<tr>\n<td width=\"288\">Endere\u00e7o<\/td>\n<td width=\"317\">Hantverkargatan 25, SE-112 21 Stockholm, Su\u00e9cia<\/td>\n<\/tr>\n<tr>\n<td width=\"288\">Telefone<\/td>\n<td width=\"317\">+46 (0)8 525 237 00<\/td>\n<\/tr>\n<tr>\n<td width=\"288\">Fax<\/td>\n<td width=\"317\">n\/a<\/td>\n<\/tr>\n<tr>\n<td width=\"288\">E-Mail<\/td>\n<td width=\"317\">info@fujifilmnordic.eu<\/td>\n<\/tr>\n<tr>\n<td width=\"288\">Director Executivo<\/td>\n<td width=\"317\">Patrik Wigholm<\/td>\n<\/tr>\n<tr>\n<td width=\"288\">Tribunal de registo<\/td>\n<td width=\"317\">Stockholms Tingsr\u00e4tt<\/td>\n<\/tr>\n<tr>\n<td width=\"288\">N\u00famero de registo<\/td>\n<td width=\"317\">556887-3011<\/td>\n<\/tr>\n<tr>\n<td width=\"288\">N\u00famero de identifica\u00e7\u00e3o fiscal de vendas<\/td>\n<td width=\"317\">SE556887301101<\/td>\n<\/tr>\n<tr>\n<td width=\"288\">N\u00famero de registo REEE<\/td>\n<td width=\"317\">556887-3011<\/td>\n<\/tr>\n<tr>\n<td width=\"288\">Informa\u00e7\u00e3o sobre a resolu\u00e7\u00e3o de lit\u00edgios em linha<\/p>\n<p>&nbsp;<\/td>\n<td width=\"317\">A Comiss\u00e3o Europeia fornece uma plataforma para a resolu\u00e7\u00e3o de lit\u00edgios em linha (OS). Pode encontrar a plataforma em https:\/\/ec.europa.eu\/consumers\/odr. N\u00e3o estamos dispostos nem obrigados a participar num procedimento de resolu\u00e7\u00e3o de lit\u00edgios perante uma comiss\u00e3o de arbitragem de consumidores.<\/td>\n<\/tr>\n<\/tbody>\n<\/table>\n","protected":false},"excerpt":{"rendered":"<p>Nome da empresa FUJIFILM Nordic AB Endere\u00e7o Hantverkargatan 25, SE-112 21 Stockholm, Su\u00e9cia Telefone +46 (0)8 525 237 00 Fax n\/a E-Mail info@fujifilmnordic.eu Director Executivo Patrik Wigholm Tribunal de registo Stockholms Tingsr\u00e4tt N\u00famero de registo 556887-3011 N\u00famero de identifica\u00e7\u00e3o fiscal de vendas SE556887301101 N\u00famero de registo REEE 556887-3011 Informa\u00e7\u00e3o sobre a resolu\u00e7\u00e3o de lit\u00edgios em [&hellip;]<\/p>\n","protected":false},"author":1,"featured_media":0,"parent":0,"menu_order":0,"comment_status":"closed","ping_status":"closed","template":"tmpl_privacy.php","meta":[],"acf":[],"_links":{"self":[{"href":"https:\/\/fujifilmxmount.com\/comparison\/pt-pt\/wp-json\/wp\/v2\/pages\/2606"}],"collection":[{"href":"https:\/\/fujifilmxmount.com\/comparison\/pt-pt\/wp-json\/wp\/v2\/pages"}],"about":[{"href":"https:\/\/fujifilmxmount.com\/comparison\/pt-pt\/wp-json\/wp\/v2\/types\/page"}],"author":[{"embeddable":true,"href":"https:\/\/fujifilmxmount.com\/comparison\/pt-pt\/wp-json\/wp\/v2\/users\/1"}],"replies":[{"embeddable":true,"href":"https:\/\/fujifilmxmount.com\/comparison\/pt-pt\/wp-json\/wp\/v2\/comments?post=2606"}],"version-history":[{"count":0,"href":"https:\/\/fujifilmxmount.com\/comparison\/pt-pt\/wp-json\/wp\/v2\/pages\/2606\/revisions"}],"wp:attachment":[{"href":"https:\/\/fujifilmxmount.com\/comparison\/pt-pt\/wp-json\/wp\/v2\/media?parent=2606"}],"curies":[{"name":"wp","href":"https:\/\/api.w.org\/{rel}","templated":true}]}}